{"id":94967,"date":"2018-04-23T10:04:13","date_gmt":"2018-04-23T10:04:13","guid":{"rendered":"https:\/\/norsan.lt\/product\/omega-3-kids-jelly-zelatinines-pastiles-45-arba-120-vnt\/"},"modified":"2026-03-25T13:15:33","modified_gmt":"2026-03-25T11:15:33","slug":"omega-3-fisk-jelly-zelatinines-pastiles-45-arba-120-vnt","status":"publish","type":"product","link":"https:\/\/norsan.lt\/ru\/produkto\/omega-3-fisk-jelly-zelatinines-pastiles-45-arba-120-vnt\/","title":{"rendered":"Omega-3 FISK Jelly, \u017eelatinin\u0117s pastil\u0117s, 45 arba 120 vnt."},"content":{"rendered":"<h1><span style=\"color: #47c0bb;\"><b>Omega-3 FISK Jelly &#8211; vaik\u0173 numyl\u0117tin\u0117s<\/b><\/span><\/h1>\n<h3>Tarsi saldainiai, ta\u010diau sveiki!<\/h3>\n<p>\u201eOmega-3 FISK Jelly\u201c yra \u017eelatinin\u0117s pastil\u0117s. Tai vaisi\u0173 &#8211; bra\u0161ki\u0173 ir citrin\u0173 skonio guminukai. Visa pastil\u0117 yra \u017eelatinin\u0117s konsistencijos (prakandus n\u0117ra aliejaus) ir, \u017einoma, be cukraus!<\/p>\n<p>Omega-3 riebal\u0173 r\u016bg\u0161tys yra b\u016btinos vaikams, ta\u010diau \u012fkalb\u0117ti juos valgyti \u017euv\u012f ir dar kelis kartus per savait\u0119, paprastai n\u0117ra lengva. Ne visi vaikai m\u0117gsta ir aliejin\u0119 \u017euv\u0173 tauk\u0173 form\u0105. Tod\u0117l gard\u016bs guminukai yra puiki alternatyva.\u00a0 Ne tik d\u0117l guminuk\u0173 konsistencijos, ta\u010diau ir d\u0117l puikaus skonio (kur\u012f galime pasi\u016blyti d\u0117l itin auk\u0161tos \u017ealiav\u0173 kokyb\u0117s) jie tapo tikrais vaik\u0173 numyl\u0117tiniais!<\/p>\n<h1><span style=\"color: #47c0bb;\"><b>Omega-3 FISK Jelly: informacija apie produkt\u0105<\/b><\/span><\/h1>\n<h3>Nat\u016bral\u016bs laukin\u0117s smulkios \u017euvies taukai<\/h3>\n<p>Dvi j\u016brin\u0117s Omega-3 riebal\u0173 r\u016bg\u0161tys EPR ir DHR yra svarbios geram vaiko protiniam ir fiziniam vystymuisi. &#8220;Omega-3 FISK Jelly&#8221; yra nat\u016bral\u016bs smulkios laukin\u0117s \u017euvies, sugautos tvarios \u017evejybos b\u016bdu, taukai. \u017duvis gaudoma prie Norvegijos krant\u0173, produktas gaminamas \u010dia pat &#8211; Norvegijoje.<\/p>\n<p>\u017dvejyba vykdoma pagal grie\u017e\u010diausias Norvegijos direktyvas ir pripa\u017eint\u0105 sertifikavim\u0105 \u00ab\u00a0<a href=\"https:\/\/norsan.lt\/ru\/friend-of-the-sea\/\">Friend of the Sea<\/a> \u00bb. \u017duv\u012f, kuri\u0105 NORSAN naudoja kaip \u017ealiav\u0105, sugauna modernus \u017evejybos laivynas.\u00a0 Laivai kiekvien\u0105 dien\u0105 sustoja uoste, kad pristatyt\u0173 \u0161vie\u017ei\u0105 laimik\u012f.<\/p>\n<p>\u017delatinin\u0117se pastil\u0117se nat\u016bral\u016bs nekoncentruoti smulkios j\u016brin\u0117s \u017euvies taukai. Tod\u0117l produkte yra daugiau nei 50 riebal\u0173 r\u016bg\u0161\u010di\u0173, nat\u016braliai randam\u0173 \u017euvyse. Vaikai vartodami \u0161ias pastiles, gauna \u012fvairi\u0173 riebal\u0173 r\u016bg\u0161\u010di\u0173, toki\u0173 pat, kaip ir valgydami \u017euv\u012f.<\/p>\n<p>Mes labai daug d\u0117mesio skiriame m\u016bs\u0173 \u017euv\u0173 tauk\u0173 \u0161vie\u017eumui: nuo \u017euvies pagavimo iki \u017euvies perdirbimo paprastai praeina tik 2\u20134 valandos. Kruop\u0161tus, \u0161velnus perdirbimas ir valymas be deguonies, garantuoja auk\u0161t\u0105 m\u016bs\u0173 \u017euv\u0173 tauk\u0173 kokyb\u0119 ir \u0161vie\u017eum\u0105.<\/p>\n<p>Su\u017einokite daugiau apie m\u016bs\u0173 <a href=\"https:\/\/www.norsan.de\/produkte\/rohstoffe\/fischoel\/\" target=\"_blank\" rel=\"noopener noreferrer\">\u017euvies taukus<\/a>.<\/p>\n<h3>Gausu EPR &amp; DHR<\/h3>\n<p>Omega-3 riebal\u0173 r\u016bg\u0161tys yra polineso\u010diosios riebal\u0173 r\u016bg\u0161tys. Jos yra b\u016btinos, ta\u010diau \u017emogaus organizmas pats j\u0173 pasigaminti negali, tod\u0117l jas galime gauti tik su maistu. <a href=\"https:\/\/norsan.lt\/ru\/omega-3-riebalu-rugstys\/\" target=\"_blank\" rel=\"noopener noreferrer\">Su\u017einoti daugiau<\/a>.<\/p>\n<p>J\u016brin\u0117s riebal\u0173 r\u016bg\u0161tys EPR (eikozapentaeno r\u016bg\u0161tis) ir DHR (dokozaheksaeno r\u016bg\u0161tis) yra svarbios geram protiniam ir fiziniam vaiko vystymuisi. Jos ypa\u010d reikalingos smegen\u0173 veiklai, aki\u0173 vystymuisi bei geram \u0161irdies darbui. Be to, \u012frodyta, kad hiperaktyvum\u0105 ir koncentracijos problemas galima ma\u017einti skiriant Omega-3 riebi\u0173j\u0173 r\u016bg\u0161\u010di\u0173. Ir tai tik dalis naud\u0173, kurias duoda \u0161i\u0173 riebal\u0173 r\u016bg\u0161\u010di\u0173 vartojimas, tod\u0117l pasir\u016bpinkite, kad vaiko organizme j\u0173 netr\u016bkt\u0173. Mes gana ilgai tobulinome pastili\u0173 vaikams skon\u012f. Tikslas buvo sukurti tok\u012f produkt\u0105, kuris b\u016bt\u0173 ir veiksmingas ir skanus. \u0160ios \u017eelatinin\u0117s pastil\u0117s &#8220;Omega-3 FISK Jelly&#8221; patiko visiems visiems vaikams, kurie jas i\u0161band\u0117. Visi jie pasak\u0117 &#8211; &#8220;dar&#8221;:)\u00a0 Mes tuo labai d\u017eiaugem\u0117s, nes mums tikrai svarbu, kad vaikai gal\u0117t\u0173 suvartoti pakankam\u0105 kiek\u012f Omega-3 j\u016brini\u0173 riebal\u0173 r\u016bg\u0161\u010di\u0173.<\/p>\n<p><strong>Didesn\u0117 pakuot\u0117 &#8211; 120 pastili\u0173<\/strong><\/p>\n<p>Kelion\u0117ms, ilgesniam laikotarpiui ar visai \u0161eimai rinkit\u0117s didesn\u0119 pakuot\u0119, kurioje yra 120 \u017eelatinini\u0173 pastili\u0173.<\/p>\n<h3 style=\"text-align: center;\">Teigiamas Omega-3 riebal\u0173 r\u016bg\u0161\u010di\u0173 EPR ir DHR poveikis<\/h3>\n<p><i>* EFSA teigimu dienos doz\u0117 yra 250 mg DHR.<br \/>\n** EFSA teigimu paros doz\u0117s yra 250 mg EPR ir DHR.<br \/>\nSpustel\u0117kite<a href=\"https:\/\/norsan.lt\/ru\/omega-3-efsa\/\" target=\"_blank\" rel=\"noopener noreferrer\"> \u0437\u0434\u0435\u0441\u044c<\/a>, jei norite su\u017einoti daugiau<\/i><\/p>\n<h2><span style=\"color: #47c0bb;\"><b>\u0421\u043e\u0441\u0442\u0430\u0432 \u0438 \u043f\u0438\u0449\u0435\u0432\u0430\u044f \u0446\u0435\u043d\u043d\u043e\u0441\u0442\u044c<\/b><\/span><\/h2>\n<h3>\u0418\u043d\u0433\u0440\u0435\u0434\u0438\u0435\u043d\u0442\u044b<\/h3>\n<p><strong>Nat\u016bral\u016bs \u017euv\u0173 taukai, <\/strong>saldikliai (ksilitolis ir sorbitolis), vanduo, \u017eelatina, nat\u016bral\u016bs kvapikliai (citrina ir bra\u0161k\u0117s), r\u016bg\u0161tingum\u0105 reguliuojanti med\u017eiaga (natrio citratas), antioksidantai (obuoli\u0173 r\u016bg\u0161tis), da\u017eiklis (paprikos ekstraktas), cholekalciferolis (vitaminas D3).<\/p>\n<h3>\u041a\u0430\u043a \u0438\u0441\u043f\u043e\u043b\u044c\u0437\u043e\u0432\u0430\u0442\u044c?<\/h3>\n<p>Paros doz\u0117 skiriasi priklausomai nuo vaiko am\u017eiaus. Mes rekomenduojame:<\/p>\n<ul>\n<li>Nuo 3 iki 6 met\u0173: 2 pastil\u0117s per dien\u0105 (500 mg Omega-3)<\/li>\n<li>Nuo 6 iki 12 met\u0173: 4 pastil\u0117s per dien\u0105 (1 000 mg Omega-3)<\/li>\n<\/ul>\n<p>Vaikams iki 3 met\u0173 rekomenduojame vartoti tik t\u0117vams ar kitiems suaugusiems pri\u017ei\u016brint (d\u0117l u\u017espringimo pavojaus) arba kitus m\u016bs\u0173 produktus skystu pavidalu. Visi m\u016bs\u0173 aliejai tinka bet kokio am\u017eiaus vaikams. Tik b\u016btina pakoreguoti doz\u0119.<\/p>\n<h3>\u0423\u0441\u043b\u043e\u0432\u0438\u044f \u0445\u0440\u0430\u043d\u0435\u043d\u0438\u044f<\/h3>\n<p>Laikykite v\u0117sioje, sausoje vietoje, atokiau nuo tiesiogini\u0173 saul\u0117s spinduli\u0173. Nevir\u0161ykite rekomenduojamos paros doz\u0117s. Maisto papildai nepakei\u010dia \u012fvairios ir subalansuotos mitybos ar sveikos gyvensenos. Saugoti nuo ma\u017e\u0173 vaik\u0173. Per didelis jo vartojimas gali sukelti viduriavim\u0105.<\/p>","protected":false},"excerpt":{"rendered":"<p>&nbsp;<\/p>\n<p><strong><span style=\"color: #47c0bb;\">Geram J\u016bs\u0173 vaiko fiziniam ir protiniam vystymuisi <\/span><\/strong><\/p>\n<p><strong><span style=\"color: #47c0bb;\">Vaik\u0173 numyl\u0117tin\u0117s!<\/span><\/strong><\/p>\n<p><span style=\"color: #47c0bb;\">\u2713 <\/span>Nat\u016bral\u016bs smulkios laukin\u0117s \u017euvies taukai, gaunami tvarios \u017evejybos b\u016bdu<br \/>\n<span style=\"color: #47c0bb;\">\u2713 <\/span>250 mg Omega-3 vienoje \u017eelatinin\u0117je pastil\u0117je<br \/>\n<span style=\"color: #47c0bb;\">\u2713<\/span> Be cukraus!<br \/>\n<span style=\"color: #47c0bb;\">\u2713<\/span> Puikaus vaisi\u0173 &#8211; bra\u0161ki\u0173 ir citrin\u0173 skonio<br \/>\n<span style=\"color: #47c0bb;\">\u2713<\/span> Smagu vartoti &#8211; tiesiog kramtykite!<br \/>\n<span style=\"color: #47c0bb;\">\u2713<\/span> \u041e\u0447\u0438\u0449\u0435\u043d \u043e\u0442 \u0437\u0430\u0433\u0440\u044f\u0437\u043d\u044f\u044e\u0449\u0438\u0445 \u0432\u0435\u0449\u0435\u0441\u0442\u0432, \u041f\u0425\u0411 \u0438 \u0442\u044f\u0436\u0435\u043b\u044b\u0445 \u043c\u0435\u0442\u0430\u043b\u043b\u043e\u0432<br \/>\n<span style=\"color: #47c0bb;\">\u2713<\/span> Su vitaminu D<\/p>\n<p><strong>\u0421\u043a\u0438\u0434\u043a\u0430:\u00a0<\/strong><strong>Perkant 3 ir daugiau, taikoma 2,5\u20ac nuolaida kiekvienam vienetui!<i>*<\/i><\/strong><br \/>\n<i>*<\/i><i>Nuolaida bus rodoma J\u016bs\u0173 krep\u0161elyje.<\/i> <a href=\"https:\/\/norsan.lt\/ru\/produkto\/omega-3-fisk-jelly-zelatinines-pastiles-45-arba-120-vnt\/\">&#8230;Skaityti daugiau<\/a><\/p>","protected":false},"featured_media":569427,"comment_status":"open","ping_status":"closed","template":"","meta":{"_wpo_ez_expert_only":false},"product_brand":[],"product_cat":[102],"product_tag":[130,121,127,120,123],"class_list":{"0":"post-94967","1":"product","2":"type-product","3":"status-publish","4":"has-post-thumbnail","6":"product_cat-vaikams","7":"product_tag-zuvu-tauku-guminukai","8":"product_tag-papildai-smegenims","9":"product_tag-omega-3-su-polifenoliais","10":"product_tag-anciuviu-zuvu-taukai","11":"product_tag-zuvu-taukai-vaikams-nuo-2-metu","12":"sales-flash-overlay","13":"woocommerce-text-align-center","14":"woocommerce-image-align-center","15":"do-quantity-buttons","17":"first","18":"instock","19":"shipping-taxable","20":"purchasable","21":"product-type-variable"},"_links":{"self":[{"href":"https:\/\/norsan.lt\/ru\/wp-json\/wp\/v2\/product\/94967","targetHints":{"allow":["GET"]}}],"collection":[{"href":"https:\/\/norsan.lt\/ru\/wp-json\/wp\/v2\/product"}],"about":[{"href":"https:\/\/norsan.lt\/ru\/wp-json\/wp\/v2\/types\/product"}],"replies":[{"embeddable":true,"href":"https:\/\/norsan.lt\/ru\/wp-json\/wp\/v2\/comments?post=94967"}],"wp:featuredmedia":[{"embeddable":true,"href":"https:\/\/norsan.lt\/ru\/wp-json\/wp\/v2\/media\/569427"}],"wp:attachment":[{"href":"https:\/\/norsan.lt\/ru\/wp-json\/wp\/v2\/media?parent=94967"}],"wp:term":[{"taxonomy":"product_brand","embeddable":true,"href":"https:\/\/norsan.lt\/ru\/wp-json\/wp\/v2\/product_brand?post=94967"},{"taxonomy":"product_cat","embeddable":true,"href":"https:\/\/norsan.lt\/ru\/wp-json\/wp\/v2\/product_cat?post=94967"},{"taxonomy":"product_tag","embeddable":true,"href":"https:\/\/norsan.lt\/ru\/wp-json\/wp\/v2\/product_tag?post=94967"}],"curies":[{"name":"wp","href":"https:\/\/api.w.org\/{rel}","templated":true}]}}