{"id":566021,"date":"2025-03-31T11:38:30","date_gmt":"2025-03-31T11:38:30","guid":{"rendered":"https:\/\/norsan.lt\/?post_type=product&#038;p=566021"},"modified":"2026-03-23T16:08:50","modified_gmt":"2026-03-23T14:08:50","slug":"omega-3-vegan-kapsuliu-komplektas","status":"publish","type":"product","link":"https:\/\/norsan.lt\/ru\/produkto\/omega-3-vegan-kapsuliu-komplektas\/","title":{"rendered":"Omega-3 Vegan kapsuli\u0173 komplektas"},"content":{"rendered":"<h2><span style=\"color: #62bb46;\"><b>\u041e\u043c\u0435\u0433\u0430-3 \u0412\u0435\u0433\u0430\u043d, \u043a\u0430\u043f\u0441\u0443\u043b\u044b, 80 \u0448\u0442.<\/b><\/span><\/h2>\n<h3>Omega-3 augalinis dumbli\u0173 aliejus<\/h3>\n<p>\u201eOmega-3 Vegan\u201c kapsuli\u0173 sud\u0117tyje yra 100% augalinis j\u016bros dumbli\u0173 aliejus. \u0160is aliejus i\u0161gaunamas tausojant aplink\u0105. Tai tas pats aliejus, kur\u012f mes naudojame savo <a href=\"https:\/\/norsan.lt\/ru\/shop\/omega-3-aliejus-is-juros-dumbliu\/\">&#8220;Omega-3 Vegan&#8221;<\/a> aliejui, J\u016bs\u0173 mylimam ir patikrintam produktui. Vien\u0105 kart\u0105 per dien\u0105 vartojant 4 kapsules, gaunama 1700 mg j\u016brini\u0173 Omega-3 riebal\u0173 r\u016bg\u0161\u010di\u0173. Taigi, \u0161is produktas yra optimalus j\u016brini\u0173 \u0161i\u0173 riebal\u0173 r\u016bg\u0161\u010di\u0173 \u0161altinis visiems, nenorintiems ar negalintiems vartoti gyv\u016bnin\u0117s kilm\u0117s produkt\u0173. Kapsuli\u0173 vartojim\u0105 galima derinti ir keisti su vegani\u0161ko aliejaus vartojimu, nes jos yra patogios ne\u0161iotis ir vartoti keliaujant.<\/p>\n<h2><span style=\"color: #62bb46;\"><b>Omega-3 Vegan kapsul\u0117s &#8211; informacija apie produkt\u0105<\/b><\/span><\/h2>\n<h3>J\u016bros dumbli\u0173 augalinis aliejus<\/h3>\n<p>Dumbli\u0173 aliejus, esantis &#8220;Omega-3 Vegan&#8221;kapsul\u0117se, yra i\u0161gaunamas i\u0161 j\u016brini\u0173 mikrodumbli\u0173 Schizochytrium sp. \u0160ios r\u016b\u0161ies dumbliuose ypa\u010d gausu EPR ir DHR j\u016brini\u0173 Omega-3 riebal\u0173 r\u016bg\u0161\u010di\u0173, kuri\u0173 yra tik \u017euvyse ar kriliuose. \u0160ie j\u016briniai mikrodumbliai n\u0117ra i\u0161gaunami i\u0161 j\u016bros, jie auginami dideliuose rezervuaruose su dirbtiniu j\u016bros vandeniu. Tokiu b\u016bdu mes u\u017etikriname nat\u016brali\u0173 j\u016bros i\u0161tekli\u0173 ir \u017euv\u0173 maistin\u0117s baz\u0117s i\u0161saugojim\u0105.<\/p>\n<p>Daugiau apie <a href=\"https:\/\/www.norsan.de\/produkte\/omega-3-vegan-produkte\/\">j\u016bros dumbli\u0173 augalin\u012f aliej\u0173&#8230;<\/a><\/p>\n<h3>100 % vegani\u0161kas<\/h3>\n<p>&#8220;Omega-3 Vegan&#8221; kapsul\u0117s yra 100% vegani\u0161kas produktas, be \u017euvies ar kit\u0173 gyv\u016bnin\u0117s kilm\u0117s ingredient\u0173. Jis idealiai tinka vegetarams ir veganams.\u00a0 J\u016brin\u0117s Omega-3 riebal\u0173 r\u016bg\u0161tys yra i\u0161 j\u016brini\u0173 mikrodumbli\u0173 Schizochytrium sp.<\/p>\n<p>M\u016bs\u0173 dumbli\u0173 aliejaus ir kapsuli\u0173 gamyba yra atskirta nuo kit\u0173 m\u016bs\u0173 produkt\u0173 gamybos, tod\u0117l n\u0117ra jokios tikimyb\u0117s, kad \u012f \u0161iuos produktus paklius gyv\u016bnin\u0117s kilm\u0117s produkt\u0173\u00a0 p\u0117dsakai.<\/p>\n<h2><span style=\"color: #62bb46;\"><strong>Turtingos j\u016brin\u0117mis Omega-3 riebal\u0173 r\u016bg\u0161timis (EPR &amp; DHR)<\/strong><\/span><\/h2>\n<h3>J\u016brini\u0173 Omega-3 riebal\u0173 r\u016bg\u0161\u010di\u0173 svarba<\/h3>\n<p>Omega-3 riebal\u0173 r\u016bg\u0161tys yra nepakei\u010diamosios polineso\u010diosios riebal\u0173 r\u016bg\u0161tys, kuri\u0173 \u017einduoli\u0173 organizmas pats negamina, tod\u0117l jas b\u016btina gaut su maistu. Ta\u010diau reikia skirti augalin\u0119 Omega-3 riebal\u0173 r\u016bg\u0161t\u012f ALA nuo dviej\u0173 j\u016brini\u0173 Omega-3 riebal\u0173 r\u016bg\u0161\u010di\u0173 EPR ir DHR.<\/p>\n<p>Riebal\u0173 r\u016bg\u0161tis ALA (alfa-linoleno r\u016bg\u0161tis) randama lin\u0173 ir chia s\u0117klose, lin\u0173 s\u0117men\u0173 aliejuje ar rie\u0161utuose. Ta\u010diau jos organizmas nepasisavina, o ver\u010dia j\u0105 \u012f kitas dvi riebal\u0173 r\u016bg\u0161tis EPR ir DHR. Ta\u010diau \u0161is pavertimo koeficientas yra labai ma\u017eas, tik 05-10%.<\/p>\n<p>EPR ir DHR riebal\u0173 r\u016bg\u0161tys randamos tik dumbliuose, \u017euvyse ar kriliuose. \u0160ios dvi riebal\u0173 r\u016bg\u0161tys EPR ir DHR yra \u017emogaus organizmui ypa\u010d svarbios, nes jos \u012feina \u012f kiekvienos m\u016bs\u0173 l\u0105stel\u0117s membranos sud\u0117t\u012f. Jos ypa\u010d reikalingos m\u016bs\u0173 \u0161ird\u017eiai, smegenims ir akims. Tai \u012frod\u0117 daugyb\u0117 <a href=\"https:\/\/norsan.lt\/ru\/biblioteka\/\">mokslini\u0173 tyrim\u0173.\u00a0<\/a><\/p>\n<h3 style=\"text-align: center;\">Teigiamas EPR ir DHR riebal\u0173 r\u016bg\u0161\u010di\u0173 poveikis<\/h3>\n<p>* EFSA teigimu dienos doz\u0117 250 mg DHR.<br \/>\n** EFSA teigimu dienos doz\u0117 250 mg EPR ir DHR.<br \/>\n<i>Nor\u0117dami su\u017einoti daugiau spustel\u0117kite <a href=\"https:\/\/norsan.lt\/ru\/omega-3-efsa\/\" target=\"_blank\" rel=\"noopener noreferrer\">\u0437\u0434\u0435\u0441\u044c<\/a>\u00a0<\/i><\/p>\n<h3 style=\"text-align: left;\">Ne visi Omega-3 produktai yra vienodi<\/h3>\n<p>Tur\u0117tum\u0117te \u017einoti, kad tik labai nedidel\u0119 dal\u012f augalin\u0117s Omega-3 riebal\u0173 r\u016bg\u0161ties ALA organizmas gali paversti j\u016brin\u0117mis riebal\u0173 r\u016bg\u0161timis EPR ir DHR, kurios yra tokios svarbios m\u016bs\u0173 sveikatai. Konversijos koeficientas yra tik 0,5-10% (priklausomai nuo svorio, metabolizmo ir kt.).<\/p>\n<p>&#8220;Omega-3 Vegan&#8221; kapsuli\u0173 sud\u0117tyje yra 1700 mg j\u016brini\u0173 Omega-3 riebal\u0173 r\u016bg\u0161\u010di\u0173 dienos doz\u0117je (4 kapsul\u0117se). Tai puikus kiekis siekiant palaikyti organizm\u0105 sveik\u0105 ir apsisaugoti nuo daugelio m\u016bs\u0173 am\u017eiaus lig\u0173.<\/p>\n<p><a href=\"https:\/\/norsan.lt\/ru\/infografiken\/leinoel\/\" target=\"_blank\" rel=\"noopener noreferrer\">\u0160i schema paai\u0161kina, kod\u0117l nepakanka vien lin\u0173 s\u0117men\u0173<\/a><a href=\"https:\/\/norsan.lt\/ru\/infografiken\/leinoel\/\" target=\"_blank\" rel=\"noopener noreferrer\">.<\/a><\/p>\n<h3><span style=\"color: #62bb46;\"><strong>&#8220;Omega-3 Vegan&#8221; kapsuli\u0173 vartojimas<\/strong><\/span><\/h3>\n<h3>\u041a\u0430\u043a \u0438\u0441\u043f\u043e\u043b\u044c\u0437\u043e\u0432\u0430\u0442\u044c?<\/h3>\n<p>Rekomenduojama paros doz\u0117 yra 4 kapsul\u0117s. \u0160ios kapsul\u0117s turi b\u016bti vartojamos u\u017egeriant pakankamu kiekiu vandens valgio metu arba po jo. Taip organizmas gali optimaliai \u012fsisavinti riebal\u0173 r\u016bg\u0161tis.<\/p>\n<p>D\u0117\u017eut\u0117je yra 80 kapsuli\u0173. Vartojant normaliai, vienos d\u0117\u017eut\u0117s pakanka 20 dien\u0173.<\/p>\n<p>Nevir\u0161ykite rekomenduojamos paros normos, nebent gydytojas, terapeutas ar vaistininkas nurod\u0117 kitaip.<\/p>\n<h3>\u041d\u0438\u043a\u0430\u043a\u0438\u0445 \u043d\u0435\u043f\u0440\u0438\u044f\u0442\u043d\u044b\u0445 \u043e\u0449\u0443\u0449\u0435\u043d\u0438\u0439 \u043f\u043e\u0441\u043b\u0435 \u0438\u0441\u043f\u043e\u043b\u044c\u0437\u043e\u0432\u0430\u043d\u0438\u044f<\/h3>\n<p>Auk\u0161ta \u017ealiav\u0173 kokyb\u0117 yra b\u016btina norint gauti paveikius ir kokybi\u0161kus produktus.<\/p>\n<p>I\u0161skirtin\u0117 m\u016bs\u0173 dumbli\u0173 aliejaus kokyb\u0117 ir \u0161vie\u017eumas yra prie\u017eastis, kod\u0117l vartojant &#8220;Omega-3 Vegan&#8221; kapsules neatsiranda nemalonus refliuksas ar atsir\u016bgimas.<\/p>\n<p>\u0160vie\u017eias ir kokybi\u0161kas aliejus turi neutral\u0173 skon\u012f ir kvap\u0105. Koks aliejus yra kapsul\u0117se taip pat galima patikrinti. Tiesiog perpjaukite vien\u0105 kapsul\u0119, pauostykite ir paragaukite joje esant\u012f aliej\u0173. Jei jis turi nemalon\u0173 \u017euvies kvap\u0105 ir skon\u012f, rei\u0161kia produktas yra nekokybi\u0161kas<\/p>\n<h3><span style=\"color: #62bb46;\"><strong>\u0421\u043e\u0441\u0442\u0430\u0432 \u0438 \u043f\u0438\u0449\u0435\u0432\u0430\u044f \u0446\u0435\u043d\u043d\u043e\u0441\u0442\u044c<\/strong><\/span><\/h3>\n<h3>Sud\u0117tis:<\/h3>\n<p>Sudedamosios dalys: mikrodumbli\u0173 Schizochytrium sp. aliejus, kuriame gausu DHR ir EPR (72,6 %), maniok\u0173 krakmolas, dr\u0117gm\u0119 i\u0161laikanti med\u017eiaga: glicerolis, saul\u0117gr\u0105\u017e\u0173 aliejus, rozmarin\u0173 ekstraktai, tokoferoli\u0173 koncentruotas ekstraktas ir L-askorbilpalmitatas (antioksidantai).<\/p>\n<h3>\u012esp\u0117jimai:<\/h3>\n<p>Neatidaryti produktai tur\u0117t\u0173 b\u016bti laikomi atokiau nuo tiesiogini\u0173 saul\u0117s spinduli\u0173 kambario temperat\u016broje. Saugoti nuo ma\u017e\u0173 vaik\u0173. Nevir\u0161ykite rekomenduojamos paros doz\u0117s.<\/p>\n<p>Maisto papildai nepakei\u010dia \u012fvairios ir subalansuotos mitybos ar sveikos gyvensenos.<\/p>","protected":false},"excerpt":{"rendered":"<p><strong><span style=\"color: #62bb46;\">100% augalinis! <\/span><\/strong><\/p>\n<p><strong><span style=\"color: #62bb46;\">J\u016bs\u0173 \u0161ird\u017eiai, akims ir smegenims! <\/span><\/strong><\/p>\n<p><strong><span style=\"color: #62bb46;\">Tinka besilaukian\u010dioms ir maitinan\u010dioms!<\/span><\/strong><\/p>\n<p><span style=\"color: #62bb46;\">\u2713<\/span> Su augalini\u0173 dumbli\u0173 aliejumi<br \/>\n<span style=\"color: #62bb46;\">\u2713<\/span> 1 700 mg Omega-3 (EPR ir DHR) per par\u0105<br \/>\n<span style=\"color: #62bb46;\">\u2713<\/span> \u041d\u0435 \u0432\u044b\u0437\u044b\u0432\u0430\u0435\u0442 \u0440\u0435\u0444\u043b\u044e\u043a\u0441\u0430<br \/>\n<span style=\"color: #62bb46;\">\u2713<\/span> Tvari ir ekologi\u0161ka kult\u016bra<br \/>\n<span style=\"color: #62bb46;\">\u2713<\/span> \u042d\u043a\u0441\u0442\u0440\u0430\u043a\u0442 \u0440\u043e\u0437\u043c\u0430\u0440\u0438\u043d\u0430 \u043a\u0430\u043a \u0430\u043d\u0442\u0438\u043e\u043a\u0441\u0438\u0434\u0430\u043d\u0442<br \/>\n<span style=\"color: #62bb46;\">\u2713<\/span> Puikus pasirinkimas keliaujant <a href=\"https:\/\/norsan.lt\/ru\/produkto\/omega-3-vegan-kapsuliu-komplektas\/\">&#8230;Skaityti daugiau<\/a><\/p>","protected":false},"featured_media":569369,"comment_status":"open","ping_status":"closed","template":"","meta":{"_wpo_ez_expert_only":false},"product_brand":[],"product_cat":[115,101],"product_tag":[128,126,127,131],"class_list":{"0":"post-566021","1":"product","2":"type-product","3":"status-publish","4":"has-post-thumbnail","6":"product_cat-omega-3-suaugusiems","7":"product_cat-omega-3-is-juros-dumbliu","8":"product_tag-kapsules","9":"product_tag-omega-3-2000mg","10":"product_tag-omega-3-su-polifenoliais","11":"product_tag-omega-3-veganams","12":"sales-flash-overlay","13":"woocommerce-text-align-center","14":"woocommerce-image-align-center","15":"do-quantity-buttons","17":"first","18":"instock","19":"sale","20":"shipping-taxable","21":"purchasable","22":"product-type-simple"},"_links":{"self":[{"href":"https:\/\/norsan.lt\/ru\/wp-json\/wp\/v2\/product\/566021","targetHints":{"allow":["GET"]}}],"collection":[{"href":"https:\/\/norsan.lt\/ru\/wp-json\/wp\/v2\/product"}],"about":[{"href":"https:\/\/norsan.lt\/ru\/wp-json\/wp\/v2\/types\/product"}],"replies":[{"embeddable":true,"href":"https:\/\/norsan.lt\/ru\/wp-json\/wp\/v2\/comments?post=566021"}],"wp:featuredmedia":[{"embeddable":true,"href":"https:\/\/norsan.lt\/ru\/wp-json\/wp\/v2\/media\/569369"}],"wp:attachment":[{"href":"https:\/\/norsan.lt\/ru\/wp-json\/wp\/v2\/media?parent=566021"}],"wp:term":[{"taxonomy":"product_brand","embeddable":true,"href":"https:\/\/norsan.lt\/ru\/wp-json\/wp\/v2\/product_brand?post=566021"},{"taxonomy":"product_cat","embeddable":true,"href":"https:\/\/norsan.lt\/ru\/wp-json\/wp\/v2\/product_cat?post=566021"},{"taxonomy":"product_tag","embeddable":true,"href":"https:\/\/norsan.lt\/ru\/wp-json\/wp\/v2\/product_tag?post=566021"}],"curies":[{"name":"wp","href":"https:\/\/api.w.org\/{rel}","templated":true}]}}