{"id":566002,"date":"2025-03-31T08:31:47","date_gmt":"2025-03-31T08:31:47","guid":{"rendered":"https:\/\/norsan.lt\/?post_type=product&#038;p=566002"},"modified":"2026-03-28T09:50:34","modified_gmt":"2026-03-28T07:50:34","slug":"omega-3-total-komplektas","status":"publish","type":"product","link":"https:\/\/norsan.lt\/ru\/produkto\/omega-3-total-komplektas\/","title":{"rendered":"Omega-3 Total komplektas"},"content":{"rendered":"<h2 style=\"color: #145da1;\"><b>Omega-3 Total, aliejus<\/b><\/h2>\n<h3>Nat\u016bral\u016bs \u017euvies taukai, kuriuose gausu Omega-3 riebal\u0173 r\u016bg\u0161\u010di\u0173<\/h3>\n<div id=\"ts_product_sticker\"><\/div>\n<p>\u041e\u043c\u0435\u0433\u0430-3 <a href=\"https:\/\/norsan.lt\/ru\/shop\/omega-3-total\/\">Total<\/a>\u201d (200 ml) nat\u016bralaus arba citrinos skonio \u017euvies taukai pagaminti i\u0161 smulkios laukin\u0117s \u017euvies. \u0160ie \u017euvies taukai turtingi riebal\u0173 r\u016bg\u0161timis, ta\u010diau nekoncentruoti. \u012e sud\u0117t\u012f \u012feinantis ekologi\u0161kas \u0161alto spaudimo alyvuogi\u0173 aliejus yra reikalingas kaip antioksidanto. Paros doz\u0117je yra net 2000 mg Omega-3. D\u0117l skystos formos ir malonaus skonio taukai yra lengvai vartojami vieni arba mai\u0161ant \u012f g\u0117rimus ar maist\u0105.<br \/>\n\u017duv\u0173 taukai gaunami tvarios \u017evejybos b\u016bdu bei yra i\u0161valyti nuo ter\u0161al\u0173, PCB ir sunki\u0173j\u0173 metal\u0173.<\/p>\n<h2 style=\"color: #145da1;\"><strong>Omega-3 Total \u2013 informacija apie produkt\u0105<\/strong><\/h2>\n<h3>Smulki\u0173, laukini\u0173 \u017euv\u0173 taukai i\u0161 tvarios \u017evejybos<\/h3>\n<p>Omega-3 aliejus gaunamas i\u0161 smulkios, laukin\u0117s \u017euvies, sugautos tvarios \u017evejybos b\u016bdu. \u017duv\u0173 taukai gaunami ne kaip \u0161alutinis \u017euv\u0173 kepen\u0173 produktas, o i\u0161 visos \u017euvies. Tam naudojamos tokios \u017euvys, kaip sardin\u0117s, skumbr\u0117s ir an\u010diuviai. \u017dvejyba vykdoma pagal grie\u017e\u010diausias Norvegijos direktyvas ir pripa\u017eint\u0105 sertifikavim\u0105 \u00ab <a href=\"https:\/\/norsan.lt\/ru\/friend-of-the-sea\/\">Friend of the Sea<\/a> \u00bb.<\/p>\n<p>\u017duvis, kurias NORSAN naudoja kaip \u017ealiav\u0105, sugauna modernus \u017evejybos laivynas. Laivai kiekvien\u0105 dien\u0105 sustoja uoste, kad pristatyt\u0173 \u0161vie\u017ei\u0105 laimik\u012f. Tarp sugavimo ir \u017euvies pristatymo \u012f gamyb\u0105 da\u017eniausiai praeina ne daugiau kaip 4 valandos.<\/p>\n<p>\u017duv\u0173 tauk\u0173 kokyb\u0119 nusako j\u0173 skonis ir kvapas. Pasitik\u0117kite savo uosle! NORSAN Omega-3 aliejus yra ypa\u010d \u0161vie\u017eias, tod\u0117l gerai toleruojamas. Jis apdorojamas aplinkoje, kurioje n\u0117ra deguonies, i\u0161valomas nuo kenksming\u0173 med\u017eiag\u0173 ir PCB bei tikrinamas laikantis grie\u017e\u010diausi\u0173 Norvegijos standart\u0173. Vartodami skyst\u0105 aliej\u0173 i\u0161 karto \u012fsitikinsite jo kokybe \u2013 jis neturi nemalonaus \u017euvies skonio ir kvapo.<\/p>\n<p>M\u016bs\u0173 po\u017ei\u016briu, NORSAN \u017euv\u0173 taukai yra geriausias Omega-3 aliejus d\u0117l i\u0161skirtin\u0117s Omega-3 kokyb\u0117s ir didelio Omega-3 kiekio nat\u016braliuose \u017euv\u0173 taukuose (iki 35%). \u0160iame produkte ypa\u010d didelis Omega-3 EPR kiekis, palyginti su Omega-3 DHR (ma\u017eiausias santykis 2:1).<\/p>\n<h3>Omega-3 aliejus visi\u0161kai nat\u016bralus ir nekoncentruotas<\/h3>\n<p>Nat\u016bralius \u017euv\u0173 taukus sudaro daugiau nei 50 riebal\u0173 r\u016bg\u0161\u010di\u0173 kompleksas. Ekstraguojant ir gryninant \u201cOmega-3 <a href=\"https:\/\/norsan.lt\/ru\/shop\/omega-3-total\/\">Total\u201d<\/a> taukus, i\u0161saugoma nat\u016brali \u017euv\u0173 riebal\u0173 r\u016bg\u0161\u010di\u0173 strukt\u016bra. D\u0117l j\u016br\u0173 u\u017eter\u0161tumo sunkiaisiais metalais ir chemin\u0117mis med\u017eiagomis \u017euvys absorbuoja \u0161iuos ter\u0161alus. D\u0117l \u0161ios prie\u017easties NORSAN \u017euv\u0173 taukai kruop\u0161\u010diai i\u0161valomi nuo ter\u0161al\u0173, PCB ir sunki\u0173j\u0173 metal\u0173.<\/p>\n<h3>Ekologi\u0161kas alyvuogi\u0173 aliejus kaip antioksidantas<\/h3>\n<p>Yra daugyb\u0117 tyrim\u0173 ir mokslini\u0173 straipsni\u0173 apie Omega-3 riebal\u0173 r\u016bg\u0161tis ir j\u0173 teigiam\u0105 poveik\u012f \u017emoni\u0173 sveikatai. Ta\u010diau ma\u017eai yra kalbame apie ypating\u0105 neso\u010di\u0173j\u0173 riebal\u0173 r\u016bg\u0161\u010di\u0173 trapum\u0105 ir jautrum\u0105 oksidacijai, lyginat su so\u010diosiomis riebal\u0173 r\u016bg\u0161timis.\u00a0 Tod\u0117l, siekiant apsaugoti Omega-3 nuo oksidacijos prie\u0161 vartojim\u0105 ir jo metu, NORSAN aliejuje yra ypa\u010d tyras ekologi\u0161kas alyvuogi\u0173 aliejus, kuris yra nat\u016bralus ir galingas antioksidantas.<\/p>\n<p>M\u016bs\u0173 naudojamas alyvuogi\u0173 aliejus buvo parinktas d\u0117l jame esan\u010di\u0173 galing\u0173 antioksidant\u0173. \u201cOmega-3 <a href=\"https:\/\/norsan.lt\/ru\/shop\/omega-3-total\/\">Total\u201d<\/a> tauk\u0173 sud\u0117tyje yra nat\u016bralaus auk\u0161\u010diausios kokyb\u0117s pirmojo spaudimo alyvuogi\u0173 aliejaus, turtingo polifenoliais. Kai kuriuose kituose m\u016bs\u0173 Omega-3 aliejuose taip pat yra alyvuogi\u0173 aliejaus kaip antioksidanto. Polifenoliai alyvuogi\u0173 aliejuje apsaugo Omega-3 riebal\u0173 r\u016bg\u0161tis nuo oksidacijos. D\u0117l polifenoli\u0173 gausos alyvuogi\u0173 aliejuje, nuryjant galima jausti silpn\u0105 dilg\u010diojim\u0105 gerkl\u0117je ar karstel\u0117jus\u012f skon\u012f.<\/p>\n<p>Alyvuoges tiekia m\u016bs\u0173 alyvuogi\u0173 augintojas Rafaelis, dirbantis pagal ekologi\u0161ko \u016bkio reikalavimus. Nor\u0117dami u\u017etikrinti auk\u0161tos kokyb\u0117s alyvuogi\u0173 aliejaus tiekim\u0105 mes reguliariai lankome Rafael\u012f jo alyvuogi\u0173 girait\u0117je Ispanijoje.<\/p>\n<h2 style=\"color: #145da1;\"><strong>\u017duv\u0173 taukai turtingi Omega-3 riebal\u0173 r\u016bg\u0161timis<\/strong><\/h2>\n<h3>Didelis Omega-3 kiekis<\/h3>\n<p><em>\u201cOmega-3 Total\u201d<\/em> paros doz\u0117je yra 2000 mg Omega-3 riebal\u0173 r\u016bg\u0161\u010di\u0173 (8 ml, apie 1 valgomasis \u0161auk\u0161tas). Tokia doz\u0117 \u2013 2000 mg- rekomenduojama Omega-6 ir Omega-3 santykiui subalansuoti. \u0160i rekomendacija pagr\u012fsta daugiau kaip 3000 riebal\u0173 r\u016bg\u0161\u010di\u0173 lygio kraujyje tyrim\u0173 rezultatais ir daugybe mokslini\u0173 straipsni\u0173, kurie \u012frod\u0117, kad per dien\u0105 reikia suvartoti ne ma\u017eiau kaip 2000 mg Omega-3 riebal\u0173 r\u016bg\u0161\u010di\u0173 Omega-3 tr\u016bkumui kompensuoti.<\/p>\n<p>Riebal\u0173 r\u016bg\u0161\u010di\u0173 matavimo, analiz\u0117s ir reguliavimo eksperimentai yra labai gerai pateikti dr. Jocheno Henno darbe. Riebal\u0173 r\u016bg\u0161\u010di\u0173 matavimas ir analiz\u0117 taip pat leid\u017eia patikrinti \u012fvairi\u0173 Omega-3 \u0161altini\u0173 efektyvum\u0105. <a href=\"https:\/\/norsan.lt\/ru\/wissen\/\">Naujausi Omega-3 tyrimai ir straipsniai<\/a><\/p>\n<h3>Teigiamas Omega-3 riebal\u0173 r\u016bg\u0161\u010di\u0173 EPR ir DHR poveikis<\/h3>\n<p>* EFSA duomenimis, dienos doz\u0117 \u2013 250 mg DHR.<br \/>\n** EFSA duomenimis, dienos doz\u0117 \u2013 250 mg EPR ir DHR.<br \/>\n<i>\u0427\u0442\u043e\u0431\u044b \u0443\u0437\u043d\u0430\u0442\u044c \u0431\u043e\u043b\u044c\u0448\u0435, \u043d\u0430\u0436\u043c\u0438\u0442\u0435 <a href=\"https:\/\/norsan.lt\/ru\/omega-3-efsa\/\" target=\"_blank\" rel=\"noopener noreferrer\">\u0437\u0434\u0435\u0441\u044c<\/a>\u00a0<\/i><\/p>\n<h3 style=\"color: #145da1;\">&gt;<strong>\u201cOmega-3 Total\u201d \u017euv\u0173 tauk\u0173 vartojimas<\/strong><\/h3>\n<h3>Svarbiausia yra kokyb\u0117 ir \u0161vie\u017eumas<\/h3>\n<p>\u017daliav\u0173 kokyb\u0117 ir \u017euv\u0173 tauk\u0173 atrinkimas suteikia \u201cOmega-3 <a href=\"https:\/\/norsan.lt\/ru\/shop\/omega-3-total\/\">Total<\/a>\u201d produktui malon\u0173 ir nat\u016bral\u0173 skon\u012f. Keli la\u0161ai nat\u016bralaus citrin\u0173 aliejaus suteikia ypating\u0105, ta\u010diau \u0161veln\u0173 poskon\u012f (taip pat galima \u012fsigyti be citrin\u0173 aliejaus \u2013 nat\u016bralaus skonio). Taukai yra ypatingai \u0161vie\u017ei, tod\u0117l labai gerai toleruojami. Kokybi\u0161ki ir \u0161vie\u017ei taukai nesukels nemalonaus refliukso ar atsir\u016bgimo. Malonus m\u016bs\u0173 \u017euv\u0173 tauk\u0173 skonis leid\u017eia j\u012f lengvai vartoti skystu pavidalu.<\/p>\n<h3>\u041a\u0430\u043a \u0438\u0441\u043f\u043e\u043b\u044c\u0437\u043e\u0432\u0430\u0442\u044c?<\/h3>\n<p>Rekomenduojama paros doz\u0117 yra 8 ml, tai atitinka desertin\u012f \u0161auk\u0161t\u0105.<\/p>\n<p>Viename buteliuke yra 200 ml. Normaliam vartojimui vieno buteliuko pakanka ma\u017edaug 25 dienoms. Nevir\u0161ykite rekomenduojamos paros normos, jei gydytojas nenurod\u0117 kitaip.<\/p>\n<h3>Grynas arba sumai\u0161ytas su g\u0117rimu ar maistu<\/h3>\n<p>D\u0117l malonaus skonio ir skystos formos \u201eOmega-3 Total\u201c lengva vartoti. Jis gali b\u016bti geriamas grynas arba sumai\u0161omas su g\u0117rimu, pada\u017eu ar maistu.<\/p>\n<h3 style=\"color: #145da1;\"><strong>Omega-3 preparatas, kur\u012f m\u0117gsta geriausi sportininkai<\/strong><\/h3>\n<h3>Daugelis olimpini\u0173 atlet\u0173 ir geriausi sportininkai naudoja \u201cOmega-3 Total\u201d!<\/h3>\n<p><b>Omega-3 nauda sporte, kuriame siekiama tikslo<br \/>\n<\/b>Moksliniai tyrimai \u012frodo, kad Omega-3 riebal\u0173 r\u016bg\u0161tys, be kita ko, leid\u017eia geriau toleruoti treniruot\u0117s kr\u016bv\u012f, gelbsti regeneracijos procese ir gerina kraujo apytak\u0105 bei \u0161irdies ritm\u0105.<br \/>\n<strong>Kelno s\u0105ra\u0161as: informacija apie maisto papildus<br \/>\n<\/strong> Kelno s\u0105ra\u0161e pateikiama informacija apie maisto papildus nurodant j\u0173 dopingo rizik\u0105. \u0160is s\u0105ra\u0161as buvo sudarytas siekiant pad\u0117ti sportininkams, sporto gydytojams ir treneriams saugiai pasirinkti maisto papildus. M\u016bs\u0173 \u201cOmega-3 <a href=\"https:\/\/norsan.lt\/ru\/shop\/omega-3-total\/\">Total<\/a>\u201d taukai buvo i\u0161tirti ir patvirtinti Kelno s\u0105ra\u0161o laboratorijoje, tod\u0117l jie dabar pla\u010diai naudojamas sporte, kuriame pasiekiami auk\u0161ti rezultatai.<br \/>\n<b>\u201eOmega-3 Total\u201c yra Kelno s\u0105ra\u0161e<br \/>\n<\/b>\u201cOmega-3 <a href=\"https:\/\/norsan.lt\/ru\/shop\/omega-3-total\/\">Total<\/a>\u201d \u017euv\u0173 taukai yra vienas i\u0161 trij\u0173 Omega-3 produkt\u0173, i\u0161testuot\u0173 ir patvirtint\u0173 Kelno s\u0105ra\u0161e (nuo 2017 m. ir analizuot\u0173 per pastaruosius 12 m\u0117nesi\u0173), tod\u0117l olimpiniai ir geriausi sportininkai gali naudoti \u201cOmega-3 Total\u201d be jokios rizikos.<\/p>\n<h3 style=\"color: #145da1;\"><strong>\u201cOmega-3 Total\u201d sud\u0117tis ir maistin\u0117 vert\u0117<\/strong><\/h3>\n<h4>\u0418\u043d\u0433\u0440\u0435\u0434\u0438\u0435\u043d\u0442\u044b<\/h4>\n<p>Nat\u016bralaus skonio:Sudedamosios dalys: laukini\u0173 \u017euv\u0173 taukai (80 %), ypa\u010d grynas alyvuogi\u0173 aliejus (19 %), tokoferoli\u0173 mi\u0161inys ir D-alfa-tokoferolis (vitaminas E), cholekalciferolis (vitaminas D).<\/p>\n<p>Sudedamosios dalys: laukini\u0173 \u017euv\u0173 taukai (80 %), ypa\u010d grynas alyvuogi\u0173 aliejus (19 %), citrin\u0173 aliejus, tokoferoli\u0173 mi\u0161inys ir D-alfa-tokoferolis (vitaminas E), cholekalciferolis (vitaminas D).<\/p>\n<h4>Vitaminas D<\/h4>\n<p>Paros doz\u0117je (1 desertinis \u0161auk\u0161tas \/ 8 ml) yra 20 \u00b5g vitamino D3 \/ 800 TV. Vitaminas D3, gaunamas i\u0161 avi\u0173 vilnos, \u012fdedamas \u012f \u201cOmega-3 <a href=\"https:\/\/norsan.lt\/ru\/shop\/omega-3-total\/\">Total<\/a>\u201d \u017euv\u0173 taukus, nes gryninat \u017euv\u0173 taukus pa\u0161alinamas ir nat\u016braliai juose esantis vitaminas D.<\/p>\n<h4>\u0423\u0441\u043b\u043e\u0432\u0438\u044f \u0445\u0440\u0430\u043d\u0435\u043d\u0438\u044f<\/h4>\n<p>Neatidarytas produktas tur\u0117t\u0173 b\u016bti laikomas v\u0117sioje ir sausoje vietoje, apsaugotas nuo tiesiogini\u0173 saul\u0117s spinduli\u0173. \u017demesn\u0117je nei 4 \u00b0C temperat\u016broje gali susidaryti nuos\u0117dos. \u0160ios nuos\u0117dos kambario temperat\u016broje i\u0161tirpsta po keli\u0173 minu\u010di\u0173. Prie\u0161 vartojim\u0105 buteliuk\u0105 rekomenduojama trumpai pakratyti. Saugoti nuo ma\u017e\u0173 vaik\u0173. Atidarius buteliuk\u0105 reikia laikyti \u0161aldytuve ir suvartoti per 45 dienas. Maisto papildai nepakei\u010dia visavert\u0117s ir subalansuotos mitybos bei sveikos gyvensenos.<\/p>","protected":false},"excerpt":{"rendered":"<div class=\"priceExtra\"><\/div>\n<p><strong>\u0414\u043b\u044f \u0432\u0430\u0448\u0435\u0433\u043e \u0441\u0435\u0440\u0434\u0446\u0430, \u0437\u0440\u0435\u043d\u0438\u044f \u0438 \u043c\u043e\u0437\u0433\u0430<\/strong><\/p>\n<p>\u2713 Nat\u016bral\u016bs laukini\u0173 \u017euv\u0173, sugaut\u0173 tvarios \u017evejybos b\u016bdu, taukai<br \/>\n\u2713 2000 mg Omega-3 per par\u0105 (1 desertinis \u0161auk\u0161tas\/8 ml)<br \/>\n\u2713 I\u0161valyta nuo ter\u0161al\u0173, PCB ir sunki\u0173j\u0173 metal\u0173<br \/>\n\u2713 Nat\u016bralus alyvuogi\u0173 aliejus kaip antioksidantas<br \/>\n\u2713 Vitaminas D3 (800 IU)<br \/>\n\u2713 Malonaus skonio: citrinos arba nat\u016bralaus<br \/>\n\u2713 100% nat\u016bralus &#8211; nekoncentruotas <a href=\"https:\/\/norsan.lt\/ru\/produkto\/omega-3-total-komplektas\/\">&#8230;Skaityti daugiau<\/a><\/p>","protected":false},"featured_media":569386,"comment_status":"open","ping_status":"closed","template":"","meta":{"_wpo_ez_expert_only":false},"product_brand":[],"product_cat":[115,64],"product_tag":[129],"class_list":{"0":"post-566002","1":"product","2":"type-product","3":"status-publish","4":"has-post-thumbnail","6":"product_cat-omega-3-suaugusiems","7":"product_cat-zuvu-taukai","8":"product_tag-skysti-zuvu-taukai","9":"sales-flash-overlay","10":"woocommerce-text-align-center","11":"woocommerce-image-align-center","12":"do-quantity-buttons","14":"first","15":"instock","16":"shipping-taxable","17":"purchasable","18":"product-type-variable"},"_links":{"self":[{"href":"https:\/\/norsan.lt\/ru\/wp-json\/wp\/v2\/product\/566002","targetHints":{"allow":["GET"]}}],"collection":[{"href":"https:\/\/norsan.lt\/ru\/wp-json\/wp\/v2\/product"}],"about":[{"href":"https:\/\/norsan.lt\/ru\/wp-json\/wp\/v2\/types\/product"}],"replies":[{"embeddable":true,"href":"https:\/\/norsan.lt\/ru\/wp-json\/wp\/v2\/comments?post=566002"}],"wp:featuredmedia":[{"embeddable":true,"href":"https:\/\/norsan.lt\/ru\/wp-json\/wp\/v2\/media\/569386"}],"wp:attachment":[{"href":"https:\/\/norsan.lt\/ru\/wp-json\/wp\/v2\/media?parent=566002"}],"wp:term":[{"taxonomy":"product_brand","embeddable":true,"href":"https:\/\/norsan.lt\/ru\/wp-json\/wp\/v2\/product_brand?post=566002"},{"taxonomy":"product_cat","embeddable":true,"href":"https:\/\/norsan.lt\/ru\/wp-json\/wp\/v2\/product_cat?post=566002"},{"taxonomy":"product_tag","embeddable":true,"href":"https:\/\/norsan.lt\/ru\/wp-json\/wp\/v2\/product_tag?post=566002"}],"curies":[{"name":"wp","href":"https:\/\/api.w.org\/{rel}","templated":true}]}}