{"id":552420,"date":"2023-01-20T08:52:49","date_gmt":"2023-01-20T08:52:49","guid":{"rendered":"https:\/\/norsan.lt\/product\/omega-3-kids-vegan-aliejus\/"},"modified":"2026-04-24T15:39:34","modified_gmt":"2026-04-24T13:39:34","slug":"omega-3-kids-vegan-aliejus","status":"publish","type":"product","link":"https:\/\/norsan.lt\/ru\/produkto\/omega-3-kids-vegan-aliejus\/","title":{"rendered":"Omega-3 Alga, aliejus, 50 ml"},"content":{"rendered":"<h2><span style=\"color: #62bb46;\"><b>Omega-3 Kids Vegan, aliejus<\/b><\/span><\/h2>\n<h3>100% augalin\u0117s kilm\u0117s, lengvas dozavimas<\/h3>\n<p>NORSAN &#8220;Omega-3 KIDS Vegan&#8221; aliejus pagamintas i\u0161 j\u016brini\u0173 mikrodumbli\u0173 Schizochytrium sp, kuriuose gausu j\u016brin\u0117s DHR riebal\u0173 r\u016bg\u0161ties. \u0160is produktas sukurtas specialiai vaikams, atsi\u017evelgiant \u012f j\u0173 organizmo poreikius. DHR riebal\u0173 r\u016bg\u0161tys ypa\u010d reikalinga b\u016btent ankstyvame am\u017eiuje, jos b\u016btinos vaik\u0173 smegen\u0173 vystymuisi.<\/p>\n<p>Siekiant u\u017etikrinti kokyb\u0119 yra matavimo \u0161auk\u0161telis.<\/p>\n<h3>Smegen\u0173 maistas ma\u017eiesiems<\/h3>\n<p>Nustatyta, kad Omega-3 turi teigiam\u0105 poveik\u012f smegenims, akims ir \u0161ird\u017eiai. Vien m\u016bs\u0173 smegenys susideda i\u0161 60% riebal\u0173, i\u0161 kuri\u0173 Omega-3 riebal\u0173 r\u016bg\u0161tis DHR sudaro beveik 20% . Vaikams \u0161i riebal\u0173 r\u016bg\u0161tis ypatingai reikalinga. Pakankamas jos kiekis vaiko organizme yra pagrindas geram vaiko protiniam vystymui. Tai smegen\u0173 maistas ma\u017eiesiems.<\/p>\n<p>Skirtingai nuo m\u016bs\u0173 klasikinio vegani\u0161ko dumbli\u0173 aliejaus, kuriant \u201eOmega-3 Kids Vegan\u201c aliej\u0173, buvo siekiama neapdorojant chemi\u0161kai, nekoncentruojant, i\u0161gauti kuo didesn\u012f DHR kiek\u012f. Ir mums pavyko!<\/p>\n<h3>Kod\u0117l jame yra tik DHR ir n\u0117ra EPR?<\/h3>\n<p>Omega-3 riebal\u0173 r\u016bg\u0161tis DHR pirmiausia yra atsakinga u\u017e pa\u017einimo procesus, normal\u0173 smegen\u0173 vystym\u0105si ir reg\u0117jim\u0105.<\/p>\n<p>Protiniai, motoriniai ir reg\u0117jimo geb\u0117jimai k\u016bdikyst\u0117je ir vaikyst\u0117je vystosi labai greitai ir intensyviai. Tod\u0117l ypatingai svarbu \u0161iuo periodu suteikti vaikams geriausi\u0105 \u012fmanom\u0105 pagalb\u0105 ir apr\u016bpinti juos svarbiomis maistin\u0117mis med\u017eiagomis.<\/p>\n<p>B\u016btent tod\u0117l m\u016bs\u0173 vegani\u0161kame vaiki\u0161kame gaminyje \u201eOmega-3 Kids Vegan\u201c aliejuje yra tik DHR riebal\u0173 r\u016bg\u0161ties.<\/p>\n<h3><span style=\"color: #62bb46;\"><strong>&#8220;Omega-3 Kids Vegan&#8221;: informacija apie produkt\u0105<\/strong><\/span><\/h3>\n<h3>\u041c\u0430\u0441\u043b\u043e \u043c\u043e\u0440\u0441\u043a\u0438\u0445 \u0432\u043e\u0434\u043e\u0440\u043e\u0441\u043b\u0435\u0439<\/h3>\n<p>\u201cOmega-3\u00a0 Kids Vegan\u201d sud\u0117tyje yra grynas j\u016bros dumbli\u0173 aliejus. Aliejus i\u0161gaunamas i\u0161 mikrodumbli\u0173 Schizochytrium sp. Tai mikroskopinis dumblis, besimaitinantis tik organin\u0117mis ir augalin\u0117mis med\u017eiagomis, pavyzd\u017eiui, negyvais lapais. Mikrodumbliuose Schizochytrium sp. ypa\u010d gausu Omega-3 DHR j\u016brin\u0117s riebal\u0173 r\u016bg\u0161ties.<\/p>\n<p>Gamybos procesas yra tvarus ir ekologi\u0161kas. J\u016br\u0173 mikrodumbliai, kuriuos naudojame\u00a0vegani\u0161k\u0173 produkt\u0173 gamybai, n\u0117ra i\u0161 j\u016bros, jie auginami dideliuose rezervuaruose, kuriose yra dirbtinis j\u016bros vanduo. Tai saugo vandenyn\u0173 i\u0161teklius ir i\u0161saugo \u017euvies maistin\u0119 baz\u0119. Tokiu b\u016bdu mes nesiki\u0161ame \u012f nat\u016brali\u0105 j\u016bros ekosistem\u0105, o \u017euv\u0173 ir krili\u0173 maisto atsargos lieka nepaliestos.<\/p>\n<p><a href=\"https:\/\/www.norsan.de\/produkte\/rohstoffe\/algenoel\/\" target=\"_blank\" rel=\"noopener noreferrer\">\u010cia rasite daugiau informacijos apie j\u016bros dumblius ir j\u0173 gamyb\u0105.<\/a><\/p>\n<h3>Vegani\u0161kas vitaminas D<\/h3>\n<p>M\u016bs\u0173 &#8220;Omega-3 KIDS Vegan&#8221; aliejuje taip pat yra ir vegani\u0161ko vitamino D.<\/p>\n<p>Jis taip pat labai reikalingas m\u016bs\u0173 vaiku\u010diams, nes palaiko normali\u0105 kaul\u0173, raumen\u0173, dant\u0173 ir imunin\u0117s sistemos veikl\u0105. Jo atsargas b\u016btina papildyti d\u0117l Lietuvoje vyraujan\u010dio klimato, kuris neu\u017etikrina pakankamo vitamino D kiekio organizme.<\/p>\n<h3 style=\"text-align: center;\">Teigiamas Omega-3 riebal\u0173 r\u016bg\u0161\u010di\u0173 DHR poveikis<\/h3>\n<p><i>* EFSA duomenimis dienos doz\u0117 yra 250 mg DHR.<br \/>\n** EFSA duomenimis, paros doz\u0117 yra 250 mg DHR ir EPR<br \/>\n\u0427\u0442\u043e\u0431\u044b \u0443\u0437\u043d\u0430\u0442\u044c \u0431\u043e\u043b\u044c\u0448\u0435, \u043d\u0430\u0436\u043c\u0438\u0442\u0435 <a href=\"https:\/\/norsan.lt\/ru\/omega-3-efsa\/\" target=\"_blank\" rel=\"noopener noreferrer\">\u0437\u0434\u0435\u0441\u044c<\/a>.<\/i><\/p>\n<h3><span style=\"color: #62bb46;\"><strong>&#8220;Omega-3 Kids Vegan&#8221; aliejaus vartojimas<\/strong><\/span><\/h3>\n<h3>Skanus ir paprasta dozuoti<\/h3>\n<p>Nepriekai\u0161tinga <a href=\"https:\/\/www.norsan.de\/wp-content\/uploads\/2021\/10\/DE_20221208_A4_Zertifikate-Schwermetalluntersuchung_KIDS_Vegan_web-1.pdf\">\u017ealiav\u0173 kokyb\u0117<\/a> ir <a href=\"https:\/\/www.norsan.de\/wp-content\/uploads\/2021\/10\/20221116_Rohwarenanalyse_KIDS-Vegan_extern.pdf\">\u0161vie\u017eumas<\/a> garantuoja ger\u0105 m\u016bs\u0173 aliej\u0173 skon\u012f. Be to, \u201eOmega-3 Kids Vegan\u201c yra labai \u0161velnaus citrin\u0173 skonio, kur\u012f suteikia keli la\u0161ai nat\u016bralaus citrin\u0173 aliejaus.<\/p>\n<p>Siekiant u\u017etikrinti kokyb\u0119 yra matavimo \u0161auk\u0161telis.<\/p>\n<h3>\u041a\u0430\u043a \u0438\u0441\u043f\u043e\u043b\u044c\u0437\u043e\u0432\u0430\u0442\u044c?<\/h3>\n<p>Paros doz\u0117 skiriasi priklausomai nuo vaiko am\u017eiaus.\u00a0 Mes rekomenduojame:<\/p>\n<ul>\n<li><strong><em>17-25kg<\/em><\/strong><\/li>\n<\/ul>\n<p>1,0 ml per dien\u0105; yra 285 mg Omega-3 riebal\u0173 r\u016bg\u0161\u010di\u0173<\/p>\n<ul>\n<li>26 \u2013 34 kg<\/li>\n<\/ul>\n<p>1,5 ml per dien\u0105; yra 500 mg Omega-3 riebal\u0173 r\u016bg\u0161\u010di\u0173<\/p>\n<ul>\n<li><em><strong>&gt;35 kg<\/strong><\/em><\/li>\n<\/ul>\n<p>2,0 ml per dien\u0105; yra 1000 mg Omega-3 riebal\u0173 r\u016bg\u0161\u010di\u0173<\/p>\n<p><strong>\u012esp\u0117jimai:<\/strong> prie\u0161 vartojim\u0105 suplakti. Laikyti vaikams nepasiekiamoje vietoje. Nevir\u0161yti nustatytos rekomenduojamos doz\u0117s. Nekaitinti. Prie\u0161 pildami NORSAN Omega-3 ALGA ant maisto, leiskite kar\u0161tiems maisto produktams atv\u0117sti. Maisto papildas neturi b\u016bti vartojamas kaip maisto pakaitalas. Netur\u0117t\u0173 vartoti k\u016bdikiai ir vaikai iki 3 met\u0173.<\/p>\n<h3><span style=\"color: #808080;\">Grynas arba sumai\u0161ytas su g\u0117rimu ar maistu<\/span><\/h3>\n<p><span style=\"color: #808080;\">D\u0117l skystos maisto papildo formos, pipet\u0117s-dozatoriaus ir gero skonio \u0161is produktas yra lengvai vartojamas.<\/span><\/p>\n<p><span style=\"color: #808080;\">Juos galima i\u0161gerti su \u0161auk\u0161teliu, \u012fla\u0161inti pipete tiesiai vaiku\u010diui \u012f burn\u0105 arba sumai\u0161yti su g\u0117rimu ar maistu.<\/span><\/p>\n<h3><span style=\"color: #808080;\">Kod\u0117l vaikams yra svarbi omega-3?<\/span><\/h3>\n<p>Omega-3, ypa\u010d DHR, kuri\u0173 yra m\u016bs\u0173 dumbli\u0173 aliejuose, yra b\u016btinos sveikam k\u016bdikio vystymuisi \u012fs\u010diose ir vaikyst\u0117je. Ta\u010diau skirtingai nei \u017euvies produktams, dumbli\u0173 aliejams taikomas ES nauj\u0173 maisto produkt\u0173 reglamentas. Tai rei\u0161kia, kad \u0161iems produktams taikomos atskiros naudojimo instrukcijos, nes dumbli\u0173 aliejus vis dar yra vienas i\u0161 vadinam\u0173j\u0173 \u201esuper maisto produkt\u0173\u201c.\u00a0 Pasitarkite su gydytoju d\u0117l dozavimo ma\u017eesnio svorio vaikams kaip 17 kg.<\/p>\n<h3><span style=\"color: #62bb46;\"><strong>Sud\u0117tis ir laikymo s\u0105lygos<\/strong><\/span><\/h3>\n<h3>\u0418\u043d\u0433\u0440\u0435\u0434\u0438\u0435\u043d\u0442\u044b<\/h3>\n<p>Mikrodumbli\u0173 <em>Schizochytrium <\/em>sp. aliejus, saul\u0117gr\u0105\u017e\u0173 aliejus, tokoferoli\u0173 koncentruotas ekstraktas, L-askorbilpalmitatas (antioksidantai), D-alfa-tokoferolis (vitaminas E), citrin\u0173 aliejus, cholekalciferolis (vitaminas D).<\/p>\n<h3>\u0423\u0441\u043b\u043e\u0432\u0438\u044f \u0445\u0440\u0430\u043d\u0435\u043d\u0438\u044f<\/h3>\n<p>Laikyti apsaugotoje nuo tiesiogini\u0173 saul\u0117s spinduli\u0173 vietoje, ne auk\u0161tesn\u0117je nei 25 \u00b0C temperat\u016broje arba \u0161aldytuve.<\/p>\n<p>Po atidarymo buteliuk\u0105 sunaudoti per 40 dien\u0173. Nevir\u0161ykite rekomenduojamos paros doz\u0117s.<\/p>\n<p>Atidarius laikyti \u0161aldytuve.<\/p>\n<p>Prie\u0161 naudojim\u0105 suplakti.<\/p>\n<p>Vartoti valgio metu arba po jo.<\/p>\n<p><strong>Sud\u0117ties lentel\u0117:<\/strong><\/p>\n<table width=\"110%\">\n<tbody>\n<tr>\n<td width=\"66%\"><strong>Dienos dozavimas<\/strong><\/td>\n<td width=\"5%\"><strong>1,0<\/strong><\/td>\n<td width=\"6%\"><strong>1,5<\/strong><\/td>\n<td width=\"7%\"><strong>2,0<\/strong><\/td>\n<td width=\"14%\"><strong>ml<\/strong><\/td>\n<\/tr>\n<tr>\n<td width=\"66%\">Dumbli\u0173 aliejus<\/td>\n<td width=\"5%\"><strong>0,9<\/strong><\/td>\n<td width=\"6%\"><strong>1,35<\/strong><\/td>\n<td width=\"7%\"><strong>1,8<\/strong><\/td>\n<td width=\"14%\">g<\/td>\n<\/tr>\n<tr>\n<td width=\"66%\">Vitaminas D3<\/td>\n<td width=\"5%\"><strong>5<\/strong><\/td>\n<td width=\"6%\"><strong>7,5<\/strong><\/td>\n<td width=\"7%\"><strong>10<\/strong><\/td>\n<td width=\"14%\">\u00b5g <sup>*<\/sup><\/td>\n<\/tr>\n<tr>\n<td width=\"66%\">Vitaminas E<\/td>\n<td width=\"5%\"><strong>3,9<\/strong><\/td>\n<td width=\"6%\"><strong>5,8<\/strong><\/td>\n<td width=\"7%\"><strong>7,7<\/strong><\/td>\n<td width=\"14%\">mg a-TE <sup>**<\/sup><\/td>\n<\/tr>\n<tr>\n<td width=\"66%\"><strong>Riebal\u0173 r\u016bg\u0161\u010di\u0173 sud\u0117tis<\/strong><\/td>\n<td width=\"5%\"><strong>\u00a0<\/strong><\/td>\n<td width=\"6%\"><strong>\u00a0<\/strong><\/td>\n<td width=\"7%\"><strong>\u00a0<\/strong><\/td>\n<td width=\"14%\"><\/td>\n<\/tr>\n<tr>\n<td width=\"66%\">&#8211; Omega-3 riebal\u0173 r\u016bg\u0161tys<\/p>\n<p>i\u0161 kuri\u0173:<\/td>\n<td width=\"5%\"><strong>500<\/strong><\/td>\n<td width=\"6%\"><strong>750<\/strong><\/td>\n<td width=\"7%\"><strong>1000<\/strong><\/td>\n<td width=\"14%\">mg<\/td>\n<\/tr>\n<tr>\n<td width=\"66%\"><strong>DHR\/<\/strong><strong>DHS\/<\/strong><strong>DHA<\/strong><\/p>\n<p>(Dokozaheksaeno r\u016bg\u0161tis)<\/td>\n<td width=\"5%\"><strong>486<\/strong><\/td>\n<td width=\"6%\"><strong>730<\/strong><\/td>\n<td width=\"7%\"><strong>973<\/strong><\/td>\n<td width=\"14%\">mg<\/td>\n<\/tr>\n<\/tbody>\n<\/table>\n<p>* <strong>100 % \/ 150 %<\/strong> <strong>\/ 200 % <\/strong>referencin\u0117s maistin\u0117s vert\u0117s (RMV)<\/p>\n<p>** <strong>33 %<\/strong> \/ <strong>48 %<\/strong> \/ <strong>64 % <\/strong>referencin\u0117s maistin\u0117s vert\u0117s (RMV)<\/p>\n<h6><\/h6>\n<p>4260698151286<\/p>","protected":false},"excerpt":{"rendered":"<div><\/div>\n<p><strong><span style=\"color: #47c0bb;\">Geram J\u016bs\u0173 vaiko fiziniam ir protiniam vystymuisi <\/span><\/strong><\/p>\n<p>Siekiant u\u017etikrinti kokyb\u0119 yra matavimo \u0161auk\u0161telis.<\/p>\n<p><span style=\"color: #47c0bb;\">\u2713<\/span> 100% augalinis dumbli\u0173 aliejus \u2013 ypa\u010d daug DHR<br \/>\n<span style=\"color: #47c0bb;\">\u2713<\/span> 1000 mg Omega-3 per dien\u0105 (2,5 ml)<br \/>\n<span style=\"color: #47c0bb;\">\u2713<\/span> Lengvas dozavimas \u2013 kam\u0161telis su pipete &#8211; dozatoriumi<br \/>\n<span style=\"color: #47c0bb;\">\u2713<\/span> 400 TV vitamino D (vegani\u0161kas)<br \/>\n<span style=\"color: #47c0bb;\">\u2713<\/span> Be prid\u0117tinio cukraus<br \/>\n<span style=\"color: #47c0bb;\">\u2713<\/span> \u0160velnaus citrin\u0173 skonio<\/p>\n<p><strong><span style=\"color: #ce6632;\">\u0421\u043a\u0438\u0434\u043a\u0430:<\/span>\u00a0<\/strong><strong>Perkant 3 ir daugiau, taikoma 2,5\u20ac nuolaida kiekvienam vienetui!<i>*<\/i><\/strong><br \/>\n<i>*<\/i><i>Nuolaida bus rodoma J\u016bs\u0173 krep\u0161elyje.<\/i> <a href=\"https:\/\/norsan.lt\/ru\/produkto\/omega-3-kids-vegan-aliejus\/\">&#8230;Skaityti daugiau<\/a><\/p>","protected":false},"featured_media":569433,"comment_status":"open","ping_status":"closed","template":"","meta":{"_wpo_ez_expert_only":false},"product_brand":[],"product_cat":[102,101],"product_tag":[126,127,131,129,122,123],"class_list":{"0":"post-552420","1":"product","2":"type-product","3":"status-publish","4":"has-post-thumbnail","6":"product_cat-vaikams","7":"product_cat-omega-3-is-juros-dumbliu","8":"product_tag-omega-3-2000mg","9":"product_tag-omega-3-su-polifenoliais","10":"product_tag-omega-3-veganams","11":"product_tag-skysti-zuvu-taukai","12":"product_tag-zuvu-taukai-vaikams-nuo-1-metu","13":"product_tag-zuvu-taukai-vaikams-nuo-2-metu","14":"sales-flash-overlay","15":"woocommerce-text-align-center","16":"woocommerce-image-align-center","17":"do-quantity-buttons","19":"first","20":"instock","21":"shipping-taxable","22":"purchasable","23":"product-type-simple"},"_links":{"self":[{"href":"https:\/\/norsan.lt\/ru\/wp-json\/wp\/v2\/product\/552420","targetHints":{"allow":["GET"]}}],"collection":[{"href":"https:\/\/norsan.lt\/ru\/wp-json\/wp\/v2\/product"}],"about":[{"href":"https:\/\/norsan.lt\/ru\/wp-json\/wp\/v2\/types\/product"}],"replies":[{"embeddable":true,"href":"https:\/\/norsan.lt\/ru\/wp-json\/wp\/v2\/comments?post=552420"}],"wp:featuredmedia":[{"embeddable":true,"href":"https:\/\/norsan.lt\/ru\/wp-json\/wp\/v2\/media\/569433"}],"wp:attachment":[{"href":"https:\/\/norsan.lt\/ru\/wp-json\/wp\/v2\/media?parent=552420"}],"wp:term":[{"taxonomy":"product_brand","embeddable":true,"href":"https:\/\/norsan.lt\/ru\/wp-json\/wp\/v2\/product_brand?post=552420"},{"taxonomy":"product_cat","embeddable":true,"href":"https:\/\/norsan.lt\/ru\/wp-json\/wp\/v2\/product_cat?post=552420"},{"taxonomy":"product_tag","embeddable":true,"href":"https:\/\/norsan.lt\/ru\/wp-json\/wp\/v2\/product_tag?post=552420"}],"curies":[{"name":"wp","href":"https:\/\/api.w.org\/{rel}","templated":true}]}}