{"id":552213,"date":"2023-01-12T12:21:51","date_gmt":"2023-01-12T12:21:51","guid":{"rendered":"https:\/\/norsan.lt\/product\/omega-3-vegan-rinkinys-kapsulesaliejus\/"},"modified":"2026-03-04T09:06:34","modified_gmt":"2026-03-04T07:06:34","slug":"omega-3-vegan-rinkinys-kapsulesaliejus","status":"publish","type":"product","link":"https:\/\/norsan.lt\/ru\/produkto\/omega-3-vegan-rinkinys-kapsulesaliejus\/","title":{"rendered":"Omega-3 Vegan rinkinys (kapsul\u0117s+aliejus)"},"content":{"rendered":"<h2><span style=\"color: #62bb46;\"><b>Omega-3 Vegan rinkinys (kapsul\u0117s+aliejus)<\/b><\/span><\/h2>\n<h3>&#8220;Omega-3 Vegan&#8221; augalinis j\u016bros dumbli\u0173 aliejus<\/h3>\n<div class=\"marginTop marginTopNoneOnMobile marginBottom\">\n<p>&#8220;Omega-3 <a href=\"https:\/\/norsan.lt\/ru\/product\/omega-3-vegan-aliejus\/\">Vegan<\/a>&#8221; (100 ml) yra unikalus j\u016bros dumbli\u0173 ir \u0161alto spaudimo alyvuogi\u0173 aliejaus (antioksidanto), gauto i\u0161 kontroliuojamo ekologinio \u016bkio, derinys. Paros doz\u0117je (5 ml \/1 arbatinis \u0161auk\u0161telis) yra 2000 mg Omega-3 riebal\u0173 r\u016bg\u0161\u010di\u0173. Dumbli\u0173 aliejuje yra gausu DHR (DHA) ir EPR (EPA) riebal\u0173 r\u016bg\u0161\u010di\u0173, tod\u0117l jis yra optimalus Omega-3 \u0161altinis tiems, kurie nori i\u0161 savo raciono pa\u0161alinti bet kok\u012f gyv\u016bnin\u0117s kilm\u0117s produkt\u0105.<\/p>\n<\/div>\n<h2><span style=\"color: #62bb46;\"><b>Informacija apie produkt\u0105<\/b><\/span><\/h2>\n<h3>\u041c\u0430\u0441\u043b\u043e \u043c\u043e\u0440\u0441\u043a\u0438\u0445 \u0432\u043e\u0434\u043e\u0440\u043e\u0441\u043b\u0435\u0439<\/h3>\n<p><a href=\"https:\/\/norsan.lt\/ru\/product\/omega-3-vegan-aliejus\/\">&#8220;Omega-3 Vegan&#8221;<\/a> sud\u0117tyje yra grynas j\u016bros dumbli\u0173 aliejus. Aliejus i\u0161gaunamas i\u0161 mikrodumbli\u0173 Schizochytrium sp. Tai mikroskopinis dumblis, besimaitinantis tik organin\u0117mis ir augalin\u0117mis med\u017eiagomis, pavyzd\u017eiui, negyvais lapais. Mikrodumbliuose Schizochytrium sp. ypa\u010d gausu Omega-3 DHR (DHA) ir EPR (EPA) j\u016brini\u0173 riebal\u0173 r\u016bg\u0161\u010di\u0173. Taigi, jis puikiai tinka &#8220;Omega-3 Vegan&#8221; aliejui gaminti.<\/p>\n<p>Gamybos procesas yra tvarus ir ekologi\u0161kas. J\u016br\u0173 mikrodumbliai, kuriuos naudojame <a href=\"https:\/\/norsan.lt\/ru\/product\/omega-3-vegan-aliejus\/\">&#8220;Omega-3 Vegan&#8221;<\/a> produktui gaminti, n\u0117ra i\u0161 j\u016bros, jie auginami dideliuose rezervuaruose, kuriose yra dirbtinis j\u016bros vanduo. Tai taupo i\u0161teklius ir i\u0161saugo \u017euvies maistin\u0119 baz\u0119. Tokiu b\u016bdu mes nesiki\u0161ame \u012f nat\u016brali\u0105 j\u016bros ekosistem\u0105, o \u017euv\u0173 ir krili\u0173 maisto atsargos lieka nepaliestos.<\/p>\n<p>Ar nor\u0117tum\u0117te daugiau su\u017einoti apie m\u016bs\u0173 augalini\u0173 dumbli\u0173 aliej\u0173? <a href=\"https:\/\/norsan.lt\/ru\/algenoel\/\" target=\"_blank\" rel=\"noopener noreferrer\">\u010cia rasite daugiau informacijos apie j\u016bros dumblius ir j\u0173 gamyb\u0105.<\/a><\/p>\n<h3>100% vegani\u0161kas Omega-3 aliejus<\/h3>\n<p><a href=\"https:\/\/norsan.lt\/ru\/shop\/omega-3-vegan\/\">&#8220;Omega-3 Vegan&#8221;<\/a> yra 100% vegani\u0161kas, be \u017euv\u0173 ir kit\u0173 gyv\u016bnin\u0117s kilm\u0117s med\u017eiag\u0173. Jis gaminamas atskirai nuo kit\u0173 NORSAN Omega-3 produkt\u0173. Naudojamo vitaminas D kilm\u0117 taip pat yra vegani\u0161ka. Tod\u0117l \u201eOmega-3 Vegan\u201c yra idealus tiems, kurie nenori ar negali vartoti gyv\u016bnin\u0117s kilm\u0117s produkt\u0173, ta\u010diau siekia gauti pakankam\u0105 j\u016brini\u0173 Omega-3 DHR (DHA) ir EPR (EPA) riebal\u0173 r\u016bg\u0161\u010di\u0173 kiek\u012f.<\/p>\n<h3>Nat\u016bralus alyvuogi\u0173 aliejus kaip antioksidantas<\/h3>\n<div class=\"marginBottom\">\n<p>Omega-3 polineso\u010diosios riebal\u0173 r\u016bg\u0161tys yra ypa\u010d \u201ejautrios\u201c ir lengvai suyran\u010dios, tod\u0117l jos turi b\u016bti \u201eapsaugotos\u201c ne tik prie\u0161 vartojim\u0105, bet ir organizme, kai jas suvartojame. \u0160tai kod\u0117l m\u016bs\u0173 <a href=\"https:\/\/norsan.lt\/ru\/product\/omega-3-vegan-aliejus\/\">&#8220;Omega-3 Vegan&#8221;<\/a> aliejuje yra 25% \u0161alto spaudimo ekologi\u0161ko alyvuogi\u0173 aliejaus, kuris veikia kaip nat\u016bralus ir galingas antioksidantas. M\u016bs\u0173 alyvuogi\u0173 aliejus buvo specialiai parinktas d\u0117l jame esan\u010di\u0173 galing\u0173 antioksidant\u0173. &#8220;Omega-3 Vegan&#8221; produkte, kaip ir kituose m\u016bs\u0173 Omega-3 produktuose, mes naudojame ekologi\u0161k\u0105 \u0161alto spaudimo alyvuogi\u0173 aliej\u0173, kuriame yra daug polifenoli\u0173, \u017einom\u0173 d\u0117l savo antioksidacini\u0173 savybi\u0173. B\u016btent polifenoli\u0173 kiekis alyvuogi\u0173 aliejuje apsaugo Omega-3 riebal\u0173 r\u016bg\u0161tis nuo oksidacijos. Alyvuogi\u0173 aliejui, kuriame gausu polifenoli\u0173, b\u016bdinga tai, kad j\u012f nurijus, gerkl\u0117je jau\u010diamas dilg\u010diojimas ir turi \u0161iek tiek kartok\u0105 skon\u012f. Alyvuoges tiekia m\u016bs\u0173 alyvuogi\u0173 augintojas Rafaelis, dirbantis pagal ekologinio \u016bkio reikalavimus. Mes reguliariai aplankome Rafael\u012f ir jo alyvmed\u017ei\u0173 giraites Ispanijoje.<\/p>\n<\/div>\n<h2>J\u016bros dumbli\u0173 aliejus turtingas Omega-3 (EPR ir DHR) riebal\u0173 r\u016bg\u0161timis<\/h2>\n<h3>J\u016brini\u0173 Omega-3 riebal\u0173 r\u016bg\u0161\u010di\u0173 svarba<\/h3>\n<p>Omega-3 riebal\u0173 r\u016bg\u0161tys yra b\u016btinos \u017emogaus organizmui polineso\u010diosios riebal\u0173 r\u016bg\u0161tys, kurias pasisavinti galime tik per maist\u0105. Reik\u0117t\u0173 atskirti augalines Omega-3 riebal\u0173 r\u016bg\u0161tis ALA nuo dviej\u0173 j\u016brini\u0173 Omega-3 riebal\u0173 r\u016bg\u0161\u010di\u0173 EPR ir DHR.<\/p>\n<p>I\u0161 tikr\u0173j\u0173 j\u016brin\u0117s Omega-3 riebal\u0173 r\u016bg\u0161tys EPR (eikozapentaeno r\u016bg\u0161tis) ir DHR (dokozaheksaeno r\u016bg\u0161tis) yra svarbios m\u016bs\u0173 sveikatai ir Omega-6\/Omega-3 santykio balansui, nes jos, be kita ko, reguliuoja l\u0117tinius u\u017edegiminius procesus organizme. Bet k\u0105 tiksliai tai rei\u0161kia? EPR padeda palaikyti normal\u0173 triglicerid\u0173 kiek\u012f, o taip \u0161i j\u016brin\u0117 riebal\u0173 r\u016bg\u0161tis palaiko ger\u0105 \u0161irdies darb\u0105. DHR palaiko smegen\u0173 funkcionavim\u0105 ir vystym\u0105si bei normalaus reg\u0117jimo funkcij\u0105.<\/p>\n<h3 style=\"text-align: center;\">Teigiamas Omega-3 riebal\u0173 r\u016bg\u0161\u010di\u0173 EPR ir DHR poveikis<\/h3>\n<p>* EFSA duomenimis dienos doz\u0117 &#8211; 250 mg DHR<br \/>\n** EFSA duomenimis dienos doz\u0117 &#8211; 250 mg EPR ir DHR.<br \/>\n<i>Nor\u0117dami suzimoti daugiau spustel\u0117kite <a href=\"https:\/\/norsan.lt\/ru\/omega-3-efsa\/\" target=\"_blank\" rel=\"noopener noreferrer\">\u0437\u0434\u0435\u0441\u044c<\/a>\u00a0<\/i><\/p>\n<h3 style=\"text-align: left;\">Ne visos Omega-3 r\u016bg\u0161tys vienodos<\/h3>\n<p>EPR ir DHR randamos tik \u017euvyse, dumbliuose ar kriliuose. Daugelio Omega-3 augalini\u0173 aliej\u0173 ir kapsuli\u0173 sud\u0117tyje n\u0117ra \u0161i\u0173 j\u016brini\u0173 Omega-3 riebal\u0173 r\u016bg\u0161\u010di\u0173, o tik augalin\u0117s Omega-3 riebal\u0173 r\u016bg\u0161ties ALA (alfa linoleno r\u016bg\u0161ties). Augaliniuose aliejuose, pavyzd\u017eiui, lin\u0173 s\u0117men\u0173 aliejuje yra ypa\u010d didelis ALA kiekis. Chia rie\u0161utuose ir s\u0117klose taip pat yra ALA. Ta\u010diau \u0161i\u0105 \u201eaugalin\u0119\u201c Omega-3 riebal\u0173 r\u016bg\u0161t\u012f ribotai galima paversti svarbiomis j\u016brin\u0117mis Omega-3 riebal\u0173 r\u016bg\u0161timis EPR ir DHR. Konversijos koeficientas yra tik 0,5\u201310% ir labai priklauso nuo svorio, metabolizmo ir kit\u0173 veiksni\u0173.<\/p>\n<p><a href=\"https:\/\/norsan.lt\/ru\/infografiken\/leinoel\/\" target=\"_blank\" rel=\"noopener noreferrer\">\u0160i schema paai\u0161kina, kod\u0117l vien s\u0117men\u0173 aliejaus nepakanka.<\/a><\/p>\n<h3 style=\"text-align: left;\">2 gramai Omega-3 (EPR ir DHR) per dien\u0105<\/h3>\n<p>M\u016bs\u0173 &#8220;Omega-3 Vegan&#8221; aliejaus paros doz\u0117 yra 2 g j\u016brini\u0173 Omega-3 riebal\u0173 r\u016bg\u0161\u010di\u0173 (1 arbatinis \u0161auk\u0161telis), i\u0161 j\u0173 609 mg EPR, 1,158 mg DHR ir 157 mg DPR. Toks j\u016brini\u0173 Omega-3 riebal\u0173 r\u016bg\u0161\u010di\u0173 kiekis rekomenduojamas norint subalansuoti Omega-6 ir Omega-3 santyk\u012f bei kompensuoti Omega-3 deficit\u0105. \u0160i rekomendacija pagr\u012fsta riebal\u0173 r\u016bg\u0161\u010di\u0173 lygio analiz\u0117s rezultatais, taip pat daugybe mokslini\u0173 tyrim\u0173 bei straipsni\u0173. Be \u0161iuolaikini\u0173 tyrim\u0173 santrauk\u0173 ir specializuot\u0173 straipsni\u0173, m\u016bs\u0173 bibliotekoje galite rasti daugiau informacijos apie Omega-3 indikacijas ir veikimo b\u016bd\u0105.<\/p>\n<p><a title=\"Aktuelle Studien und Fachartikel zu Omega-3\" href=\"https:\/\/norsan.lt\/ru\/la-science-autour-des-omega-3\/\" target=\"_blank\" rel=\"noopener noreferrer\">Naujausi tyrimai ir straipsniai apie omega-3<\/a><\/p>\n<h3><span style=\"color: #62bb46;\"><strong>&#8220;Omega-3 Vegan&#8221; aliejaus vartojimas<\/strong><\/span><\/h3>\n<h3>Svarbiausia yra kokyb\u0117 ir \u0161vie\u017eumas<\/h3>\n<p>I\u0161skirtinis ir kruop\u0161tus gamybos procesas garantuoja i\u0161skirtin\u0119 m\u016bs\u0173 dumbli\u0173 aliejaus kokyb\u0119 ir \u0161vie\u017eum\u0105. Aliejaus \u0161vie\u017eumas yra b\u016btinas norint garantuoti malon\u0173 skon\u012f ir kvap\u0105. Keli la\u0161ai nat\u016bralaus citrin\u0173 aliejaus papildo malon\u0173 j\u016bros dumbli\u0173 aliejaus skon\u012f. &#8220;Omega-3 Vegan&#8221; aliejus gerai toleruojamas d\u0117l savo \u0161vie\u017eumo: jo vartojimas nesukelia refliukso ir nemalonaus kvapo. Galite patikrinti patys! \u0160vie\u017ei\u0173 dumbli\u0173 aliejus yra malonaus kvapo ir skonio. <a href=\"https:\/\/norsan.lt\/ru\/product\/omega-3-vegan-aliejus\/\">&#8220;Omega-3 Vegan&#8221;<\/a> yra ypa\u010d \u0161vie\u017eias, tod\u0117l lengvai vir\u0161kinamas. \u0160is produktas, kaip ir visi kiti, yra analizuojamas ir <a href=\"https:\/\/www.norsan.de\/produkte\/rohstoffe\/\">sertifikuojamas<\/a> nepriklausomose laboratorijose.<\/p>\n<h3>\u041a\u0430\u043a \u0438\u0441\u043f\u043e\u043b\u044c\u0437\u043e\u0432\u0430\u0442\u044c?<\/h3>\n<p><em>Aliejus.<\/em> Rekomenduojama paros doz\u0117 yra 5 ml, tai atitinka vien\u0105 arbatin\u012f \u0161auk\u0161tel\u012f.<\/p>\n<p>Viename buteliuke yra 100 ml. Normaliam vartojimui pakanka vieno butelio ma\u017edaug 20 dien\u0173. Nevir\u0161ykite rekomenduojamos paros normos, nebent gydytojas ar vaistininkas nurod\u0117 kitaip.<\/p>\n<p><em>Kapsul\u0117s:<\/em> Rekomenduojama paros doz\u0117 yra 4 kapsul\u0117s. \u0160ios kapsul\u0117s turi b\u016bti vartojamos u\u017egeriant pakankamu kiekiu vandens valgio metu arba po jo. Taip organizmas gali optimaliai \u012fsisavinti riebal\u0173 r\u016bg\u0161tis.<\/p>\n<h3><span style=\"color: #808080;\">Grynas arba sumai\u0161ytas su g\u0117rimu ar maistu<\/span><\/h3>\n<p><span style=\"color: #808080;\">D\u0117l malonaus skonio aliejus \u201eOmega-3 Vegan\u201c lengva vartoti. Jis gali b\u016bti vartojamas grynas arba sumai\u0161ytas su g\u0117rimu ar maistu.<\/span><\/p>\n<h3><span style=\"color: #62bb46;\"><strong>\u0421\u043e\u0441\u0442\u0430\u0432 \u0438 \u043f\u0438\u0449\u0435\u0432\u0430\u044f \u0446\u0435\u043d\u043d\u043e\u0441\u0442\u044c<\/strong><\/span><\/h3>\n<h4>\u0418\u043d\u0433\u0440\u0435\u0434\u0438\u0435\u043d\u0442\u044b<\/h4>\n<p><em>Aliejus.<\/em> Dumbli\u0173 aliejus (aliejus, kuriame gausu DHR ir EPR i\u0161 Schizochytrium sp. Mikrodumbli\u0173) (74%), alyvuogi\u0173 aliejus (23%), saul\u0117gr\u0105\u017e\u0173 aliejus (2%), rozmarin\u0173 ekstraktas, antioksidantai (tokoferoliai, askorbio palmitatas), cholekalciferolis (vitaminas D3), nat\u016bralus citrin\u0173 aliejus.<\/p>\n<p><em>Kapsul\u0117s.<\/em> Dumbli\u0173 aliejus turtingas DHR ir EPR i\u0161 mikrodumbli\u0173 Schizochytrium sp. (61,1% dumbli\u0173 aliejaus); saul\u0117gr\u0105\u017e\u0173 aliejus (1,6%); rozmarino ekstraktas; antioksidantai: sumai\u0161yti tokoferoliai ir askorbilo palmitatas; modifikuotas bulvi\u0173 krakmolas; dr\u0117kinamosios med\u017eiagos: glicerinas ir sorbitolis; bulvi\u0173 krakmolas; emulsikliai: riebal\u0173 r\u016bg\u0161\u010di\u0173 mono- ir digliceridai; apvalkalas: karnaubos va\u0161kas; da\u017eikliai: gele\u017eis ir gele\u017eies hidroksidas.<\/p>\n<h4>Vegani\u0161kas Vitaminas D<\/h4>\n<p>Omega-3 Vegan sud\u0117tyje esantis vitaminas D yra vegani\u0161kas. Vegani\u0161kas vitaminas D gaunamas i\u0161 dumbli\u0173.<\/p>\n<h4>\u0423\u0441\u043b\u043e\u0432\u0438\u044f \u0445\u0440\u0430\u043d\u0435\u043d\u0438\u044f<\/h4>\n<p><em>Aliejus.<\/em> Neatidaryti produktai tur\u0117t\u0173 b\u016bti laikomi ne tiesioginiuose saul\u0117s spinduliuose ir v\u0117sioje, sausoje vietoje. \u017demesn\u0117je nei 4 \u00b0 C temperat\u016broje gali susidaryti nuos\u0117dos. \u0160ios nuos\u0117dos i\u0161tirpsta kambario temperat\u016broje po keli\u0173 minu\u010di\u0173. Prie\u0161 vartojim\u0105 buteliuk\u0105 rekomenduojama trumpai pakratyti. Saugoti nuo ma\u017e\u0173 vaik\u0173. Atidarius buteliuk\u0105 reikia laikyti \u0161aldytuve ir suvartoti per 30 dien\u0173. Maisto papildai nepakei\u010dia \u012fvairios ir subalansuotos mitybos ar sveikos gyvensenos.<\/p>\n<p><em>Kapsul\u0117s.<\/em> Neatidaryti produktai tur\u0117t\u0173 b\u016bti laikomi atokiau nuo tiesiogini\u0173 saul\u0117s spinduli\u0173 ir stabilioje kambario temperat\u016broje. Saugoti nuo ma\u017e\u0173 vaik\u0173. Nevir\u0161ykite rekomenduojamos paros doz\u0117s.<\/p>\n<p>Maisto papildai nepakei\u010dia \u012fvairios ir subalansuotos mitybos ar sveikos gyvensenos.<\/p>\n<h6>\u041a\u043e\u0434 ACL13 \u0438\u043b\u0438 GTIN<\/h6>\n<p>\u041e\u043c\u0435\u0433\u0430-3 \u0412\u0435\u0433\u0430\u043d<br \/>\n0781490329917<\/p>","protected":false},"excerpt":{"rendered":"<div class=\"priceExtra\">\n<p>&nbsp;<\/p>\n<h4><\/h4>\n<\/div>\n<p><strong><span style=\"color: #62bb46;\">100% vegani\u0161kas ir be \u017euvies!<\/span><\/strong><\/p>\n<p><span style=\"color: #62bb46;\">\u2713<\/span> 100% augalin\u0117s kilm\u0117s &#8211; j\u016bros dumbli\u0173 augalinis aliejus: turtingas EPR &amp; DHR<br \/>\n<span style=\"color: #62bb46;\">\u2713<\/span> 2000 mg Omega-3 per par\u0105 (1 arbatinis \u0161auk\u0161telis aliejaus) arba 1700 mg &#8211; 4 kapsul\u0117s<\/p>\n<p><span style=\"color: #62bb46;\">\u2713<\/span> Neter\u0161ianti ir aplinkai nekenksminga kult\u016bra<br \/>\n<span style=\"color: #62bb46;\">\u2713<\/span> Nat\u016bralus alyvuogi\u0173 aliejus kaip antioksidantas<br \/>\n<span style=\"color: #62bb46;\">\u2713<\/span> 800 TV vitaminas D3 (vegani\u0161kas)<br \/>\n<span style=\"color: #62bb46;\">\u2713<\/span> Malonus citrinos skonis<\/p>\n<p><strong>\u0421\u043a\u0438\u0434\u043a\u0430:\u00a0<\/strong><strong>Perkant 3 ir daugiau, taikoma 3\u20ac nuolaida kiekvienam vienetui!<i>*<\/i><\/strong><br \/>\n<i>*<\/i><i>Nuolaida bus rodoma J\u016bs\u0173 krep\u0161elyje.<\/i><\/p>\n<p>&nbsp; <a href=\"https:\/\/norsan.lt\/ru\/produkto\/omega-3-vegan-rinkinys-kapsulesaliejus\/\">&#8230;Skaityti daugiau<\/a><\/p>","protected":false},"featured_media":569377,"comment_status":"open","ping_status":"closed","template":"","meta":{"_wpo_ez_expert_only":false},"product_brand":[],"product_cat":[115,101,137],"product_tag":[128,121,126,127,131,129],"class_list":{"0":"post-552213","1":"product","2":"type-product","3":"status-publish","4":"has-post-thumbnail","6":"product_cat-omega-3-suaugusiems","7":"product_cat-omega-3-is-juros-dumbliu","8":"product_cat-vegan-150-ml","9":"product_tag-kapsules","10":"product_tag-papildai-smegenims","11":"product_tag-omega-3-2000mg","12":"product_tag-omega-3-su-polifenoliais","13":"product_tag-omega-3-veganams","14":"product_tag-skysti-zuvu-taukai","15":"sales-flash-overlay","16":"woocommerce-text-align-center","17":"woocommerce-image-align-center","18":"do-quantity-buttons","20":"first","21":"instock","22":"sale","23":"shipping-taxable","24":"purchasable","25":"product-type-simple"},"_links":{"self":[{"href":"https:\/\/norsan.lt\/ru\/wp-json\/wp\/v2\/product\/552213","targetHints":{"allow":["GET"]}}],"collection":[{"href":"https:\/\/norsan.lt\/ru\/wp-json\/wp\/v2\/product"}],"about":[{"href":"https:\/\/norsan.lt\/ru\/wp-json\/wp\/v2\/types\/product"}],"replies":[{"embeddable":true,"href":"https:\/\/norsan.lt\/ru\/wp-json\/wp\/v2\/comments?post=552213"}],"wp:featuredmedia":[{"embeddable":true,"href":"https:\/\/norsan.lt\/ru\/wp-json\/wp\/v2\/media\/569377"}],"wp:attachment":[{"href":"https:\/\/norsan.lt\/ru\/wp-json\/wp\/v2\/media?parent=552213"}],"wp:term":[{"taxonomy":"product_brand","embeddable":true,"href":"https:\/\/norsan.lt\/ru\/wp-json\/wp\/v2\/product_brand?post=552213"},{"taxonomy":"product_cat","embeddable":true,"href":"https:\/\/norsan.lt\/ru\/wp-json\/wp\/v2\/product_cat?post=552213"},{"taxonomy":"product_tag","embeddable":true,"href":"https:\/\/norsan.lt\/ru\/wp-json\/wp\/v2\/product_tag?post=552213"}],"curies":[{"name":"wp","href":"https:\/\/api.w.org\/{rel}","templated":true}]}}