{"id":22050,"date":"2017-01-11T15:57:26","date_gmt":"2017-01-11T15:57:26","guid":{"rendered":"https:\/\/norsan.lt\/product\/omega-3-vegan-aliejus\/"},"modified":"2026-04-22T08:40:12","modified_gmt":"2026-04-22T06:40:12","slug":"omega-3-vegan-aliejus-100-ml","status":"publish","type":"product","link":"https:\/\/norsan.lt\/ru\/produkto\/omega-3-vegan-aliejus-100-ml\/","title":{"rendered":"Omega-3 Vegan aliejus, 100 ml"},"content":{"rendered":"<h2><span style=\"color: #62bb46;\"><b>\u041e\u043c\u0435\u0433\u0430-3 \u0412\u0435\u0433\u0430\u043d<\/b><\/span><\/h2>\n<h3>Augalinis j\u016bros dumbli\u0173 aliejus<\/h3>\n<div class=\"marginTop marginTopNoneOnMobile marginBottom\">\n<p>&#8220;Omega-3 <a href=\"https:\/\/norsan.lt\/ru\/shop\/omega-3-vegan\/\">Vegan<\/a>&#8221; (100 ml) yra unikalus j\u016bros dumbli\u0173 ir \u0161alto spaudimo alyvuogi\u0173 aliejaus (antioksidanto), gauto i\u0161 kontroliuojamo ekologinio \u016bkio, derinys. Paros doz\u0117je (5 ml \/1 arbatinis \u0161auk\u0161telis) yra 2000 mg Omega-3 riebal\u0173 r\u016bg\u0161\u010di\u0173. Dumbli\u0173 aliejuje yra gausu DHR (DHA) ir EPR (EPA) riebal\u0173 r\u016bg\u0161\u010di\u0173, tod\u0117l jis yra optimalus Omega-3 \u0161altinis tiems, kurie nori i\u0161 savo raciono pa\u0161alinti bet kok\u012f gyv\u016bnin\u0117s kilm\u0117s produkt\u0105.<\/p>\n<\/div>\n<h2><span style=\"color: #62bb46;\"><b>Informacija apie produkt\u0105<\/b><\/span><\/h2>\n<h3>\u041c\u0430\u0441\u043b\u043e \u043c\u043e\u0440\u0441\u043a\u0438\u0445 \u0432\u043e\u0434\u043e\u0440\u043e\u0441\u043b\u0435\u0439<\/h3>\n<p><a href=\"https:\/\/norsan.lt\/ru\/shop\/omega-3-vegan\/\">&#8220;Omega-3 Vegan&#8221;<\/a> sud\u0117tyje yra grynas j\u016bros dumbli\u0173 aliejus. Aliejus i\u0161gaunamas i\u0161 mikrodumbli\u0173 Schizochytrium sp. Tai mikroskopinis dumblis, besimaitinantis tik organin\u0117mis ir augalin\u0117mis med\u017eiagomis, pavyzd\u017eiui, negyvais lapais. Mikrodumbliuose Schizochytrium sp. ypa\u010d gausu Omega-3 DHR (DHA) ir EPR (EPA) j\u016brini\u0173 riebal\u0173 r\u016bg\u0161\u010di\u0173. Taigi, jis puikiai tinka &#8220;Omega-3 Vegan&#8221; aliejui gaminti.<\/p>\n<p>Gamybos procesas yra tvarus ir ekologi\u0161kas. J\u016br\u0173 mikrodumbliai, kuriuos naudojame <a href=\"https:\/\/norsan.lt\/ru\/shop\/omega-3-vegan\/\">&#8220;Omega-3 Vegan&#8221;<\/a> produktui gaminti, n\u0117ra i\u0161 j\u016bros, jie auginami dideliuose rezervuaruose, kuriose yra dirbtinis j\u016bros vanduo. Tai taupo i\u0161teklius ir i\u0161saugo \u017euvies maistin\u0119 baz\u0119. Tokiu b\u016bdu mes nesiki\u0161ame \u012f nat\u016brali\u0105 j\u016bros ekosistem\u0105, o \u017euv\u0173 ir krili\u0173 maisto atsargos lieka nepaliestos.<\/p>\n<p>Daugiau informacijos rasite <a href=\"https:\/\/www.norsan.de\/produkte\/rohstoffe\/algenoel\/\">\u0437\u0434\u0435\u0441\u044c<\/a>.<\/p>\n<h3>100% \u041e\u0432\u043e\u0449\u043d\u043e\u0439<\/h3>\n<p>\u201cOmega-3 Vegan\u201d yra 100% augalinis produktas, be \u017euvies ar kit\u0173 gyv\u016bnin\u0117s kilm\u0117s ingredient\u0173. Jis idealiai tinka vegetarams ir veganams.\u00a0 J\u016brin\u0117s Omega-3 riebal\u0173 r\u016bg\u0161tys yra i\u0161 j\u016brini\u0173 mikrodumbli\u0173 Schizochytrium sp.<\/p>\n<p>M\u016bs\u0173 dumbli\u0173 aliejaus ir kapsuli\u0173 gamyba yra atskirta nuo kit\u0173 m\u016bs\u0173 produkt\u0173 gamybos, tod\u0117l n\u0117ra jokios tikimyb\u0117s, kad \u012f \u0161iuos produktus paklius gyv\u016bnin\u0117s kilm\u0117s produkt\u0173\u00a0 p\u0117dsakai.<\/p>\n<h3>Nat\u016bralus alyvuogi\u0173 aliejus kaip antioksidantas<\/h3>\n<div class=\"marginBottom\">\n<p>Omega-3 polineso\u010diosios riebal\u0173 r\u016bg\u0161tys yra ypa\u010d \u201ejautrios\u201c ir lengvai suyran\u010dios, tod\u0117l jos turi b\u016bti \u201eapsaugotos\u201c ne tik prie\u0161 vartojim\u0105, bet ir organizme, kai jas suvartojame. \u0160tai kod\u0117l \u0161iame aliejuje yra 25% \u0161alto spaudimo ekologi\u0161ko alyvuogi\u0173 aliejaus, kuris veikia kaip nat\u016bralus ir galingas antioksidantas. \u0160\u012f alyvuogi\u0173 aliej\u0173 pasirinkome d\u0117l to, kad jame yra daug polifenoli\u0173, \u017einom\u0173 d\u0117l savo antioksidacini\u0173 savybi\u0173. B\u016btent polifenoli\u0173 kiekis alyvuogi\u0173 aliejuje apsaugo Omega-3 riebal\u0173 r\u016bg\u0161tis nuo oksidacijos.<\/p>\n<p>Alyvuogi\u0173 aliejui, kuriame gausu polifenoli\u0173, b\u016bdinga tai, kad j\u012f nurijus, gerkl\u0117je jau\u010diamas dilg\u010diojimas ir turi \u0161iek tiek kartok\u0105 skon\u012f. M\u016bs\u0173 naudojamas aliejus gimsta\u00a0<a href=\"https:\/\/orodeldesierto.com\/en\/empresa\/\">\u0161eimos \u016bkyje Ispanijoje<\/a>. \u010cia Rafaelis ir jo \u0161eima ypating\u0105 d\u0117mes\u012f skiria ekologi\u0161kam \u016bkiui ir tvarumui, o mes j\u012f reguliariai aplankome.<\/p>\n<\/div>\n<h2>J\u016bros dumbli\u0173 aliejus turtingas EPR ir DHR riebal\u0173 r\u016bg\u0161timis<\/h2>\n<h3>J\u016brini\u0173 Omega-3 riebal\u0173 r\u016bg\u0161\u010di\u0173 svarba<\/h3>\n<p>Omega-3 riebal\u0173 r\u016bg\u0161tys yra nepakei\u010diamosios polineso\u010diosios riebal\u0173 r\u016bg\u0161tys, kuri\u0173 \u017einduoli\u0173 organizmas pats negamina, tod\u0117l jas b\u016btina gaut su maistu. Ta\u010diau reikia skirti augalin\u0119 Omega-3 riebal\u0173 r\u016bg\u0161t\u012f ALA nuo dviej\u0173 j\u016brini\u0173 Omega-3 riebal\u0173 r\u016bg\u0161\u010di\u0173 EPR ir DHR.<\/p>\n<p>Riebal\u0173 r\u016bg\u0161tis ALA (alfa-linoleno r\u016bg\u0161tis) randama lin\u0173 ir chia s\u0117klose, lin\u0173 s\u0117men\u0173 aliejuje ar rie\u0161utuose. Ta\u010diau jos organizmas nepasisavina, o ver\u010dia j\u0105 \u012f kitas dvi riebal\u0173 r\u016bg\u0161tis EPR ir DHR. Ta\u010diau \u0161is pavertimo koeficientas yra labai ma\u017eas, tik 05-10%.<\/p>\n<p>EPR ir DHR riebal\u0173 r\u016bg\u0161tys randamos tik dumbliuose, \u017euvyse ar kriliuose. \u0160ios dvi riebal\u0173 r\u016bg\u0161tys EPR ir DHR yra \u017emogaus organizmui ypa\u010d svarbios, nes jos \u012feina \u012f kiekvienos m\u016bs\u0173 l\u0105stel\u0117s membranos sud\u0117t\u012f. Jos ypa\u010d reikalingos m\u016bs\u0173 \u0161ird\u017eiai, smegenims ir akims. Tai \u012frod\u0117 daugyb\u0117\u00a0<a href=\"https:\/\/norsan.lt\/ru\/biblioteka\/\">mokslini\u0173 tyrim\u0173.\u00a0<\/a><\/p>\n<h3 style=\"text-align: center;\">\u041f\u043e\u043b\u043e\u0436\u0438\u0442\u0435\u043b\u044c\u043d\u044b\u0435 \u044d\u0444\u0444\u0435\u043a\u0442\u044b \u042d\u041f\u0420 \u0438 \u0436\u0438\u0440\u043d\u044b\u0445 \u043a\u0438\u0441\u043b\u043e\u0442 \u0414\u0413\u041a<\/h3>\n<p>* EFSA duomenimis dienos doz\u0117 &#8211; 250 mg DHR<br \/>\n** EFSA duomenimis dienos doz\u0117 &#8211; 250 mg EPR ir DHR.<br \/>\n<i>\u0427\u0442\u043e\u0431\u044b \u0443\u0437\u043d\u0430\u0442\u044c \u0431\u043e\u043b\u044c\u0448\u0435, \u043d\u0430\u0436\u043c\u0438\u0442\u0435 <a href=\"https:\/\/norsan.lt\/ru\/omega-3-efsa\/\" target=\"_blank\" rel=\"noopener noreferrer\">\u0437\u0434\u0435\u0441\u044c<\/a><\/i><\/p>\n<h3 style=\"text-align: left;\">Ne visos Omega-3 r\u016bg\u0161tys vienodos<\/h3>\n<p>Tur\u0117tum\u0117te \u017einoti, kad organizmas gali pasisavinti tik EPR ir DHR riebal\u0173 r\u016bg\u0161tis, kurios randamos tik \u017euvyse, dumbliuose ar kriliuose. Daugelio Omega-3 augalini\u0173 aliej\u0173 ir kapsuli\u0173 sud\u0117tyje n\u0117ra \u0161i\u0173 j\u016brini\u0173 riebal\u0173 r\u016bg\u0161\u010di\u0173, o tik augalin\u0117s Omega-3 riebal\u0173 r\u016bg\u0161ties ALA (alfa linoleno r\u016bg\u0161ties).<\/p>\n<p>Augaliniuose aliejuose, pavyzd\u017eiui, lin\u0173 s\u0117men\u0173 aliejuje yra ypa\u010d didelis ALA kiekis. Chia rie\u0161utuose ir s\u0117klose taip pat yra ALA. Ta\u010diau \u0161i\u0105 \u201eaugalin\u0119\u201c Omega-3 riebal\u0173 r\u016bg\u0161t\u012f organizmas nors ir gali paversti svarbiomis EPR ir DHR riebal\u0173 r\u016bg\u0161timis, ta\u010diau \u0161is pavertimo (konversijos) koeficientas yra tik 0,5-10% (priklausomai nuo svorio, metabolizmo ir kt.)<\/p>\n<p><a href=\"https:\/\/norsan.lt\/ru\/infografiken\/leinoel\/\" target=\"_blank\" rel=\"noopener noreferrer\">\u0160i schema paai\u0161kina, kod\u0117l vien s\u0117men\u0173 aliejaus nepakanka.<\/a><\/p>\n<h3 style=\"text-align: left;\">2 gramai Omega-3 per par\u0105<\/h3>\n<p>M\u016bs\u0173 &#8220;Omega-3 Vegan&#8221; aliejaus paros doz\u0117je yra 2 g j\u016brini\u0173 Omega-3 riebal\u0173 r\u016bg\u0161\u010di\u0173 (1 arbatinis \u0161auk\u0161telis). Toks j\u016brini\u0173 riebal\u0173 r\u016bg\u0161\u010di\u0173 kiekis rekomenduojamas norint subalansuoti Omega-6\/3 santyk\u012f bei kompensuoti Omega-3 deficit\u0105. \u0160i rekomendacija pagr\u012fsta riebal\u0173 r\u016bg\u0161\u010di\u0173 lygio analiz\u0117s rezultatais, taip pat daugybe mokslini\u0173 tyrim\u0173 bei straipsni\u0173. Daugiau \u0161iuolaikini\u0173 tyrim\u0173 santrauk\u0173 ir specializuot\u0173 straipsni\u0173 galite rasti m\u016bs\u0173 <a href=\"https:\/\/norsan.lt\/ru\/biblioteka\/\">bibliotekoje.<\/a><\/p>\n<h3><span style=\"color: #62bb46;\"><strong>\u041f\u043e\u0442\u0440\u0435\u0431\u043b\u0435\u043d\u0438\u0435<\/strong><\/span><\/h3>\n<h3>Svarbiausia yra kokyb\u0117 ir \u0161vie\u017eumas<\/h3>\n<p>I\u0161skirtinis ir kruop\u0161tus gamybos procesas garantuoja i\u0161skirtin\u0119 m\u016bs\u0173 dumbli\u0173 aliejaus kokyb\u0119 ir \u0161vie\u017eum\u0105. Aliejaus \u0161vie\u017eumas yra b\u016btinas norint garantuoti malon\u0173 skon\u012f ir kvap\u0105. Keli la\u0161ai nat\u016bralaus citrin\u0173 aliejaus papildo malon\u0173 j\u016bros dumbli\u0173 aliejaus skon\u012f.<\/p>\n<p>&#8220;Omega-3 Vegan&#8221; aliejus gerai toleruojamas d\u0117l savo \u0161vie\u017eumo: jo vartojimas nesukelia refliukso ir neturi nemalonaus kvapo. Galite patikrinti patys!<\/p>\n<h3>\u041a\u0430\u043a \u0438\u0441\u043f\u043e\u043b\u044c\u0437\u043e\u0432\u0430\u0442\u044c?<\/h3>\n<p>Rekomenduojama paros doz\u0117 yra 5 ml, tai atitinka vien\u0105 arbatin\u012f \u0161auk\u0161tel\u012f.<\/p>\n<p>Viename buteliuke yra 100 ml.<\/p>\n<p>Nerekomenduojama vir\u0161yti rekomenduojamos paros normos, nebent gydytojas ar vaistininkas nurod\u0117 kitaip.<\/p>\n<h3><span style=\"color: #808080;\">Grynas arba sumai\u0161ytas su g\u0117rimu ar maistu<\/span><\/h3>\n<p><span style=\"color: #808080;\">D\u0117l malonaus skonio ir skystos formos \u201eOmega-3 Vegan\u201c lengva vartoti. Jis gali b\u016bti vartojamas grynas arba sumai\u0161ytas su g\u0117rimu ar maistu.<\/span><\/p>\n<h3><span style=\"color: #62bb46;\"><strong>\u0421\u043e\u0441\u0442\u0430\u0432 \u0438 \u043f\u0438\u0449\u0435\u0432\u0430\u044f \u0446\u0435\u043d\u043d\u043e\u0441\u0442\u044c<\/strong><\/span><\/h3>\n<h4>\u0418\u043d\u0433\u0440\u0435\u0434\u0438\u0435\u043d\u0442\u044b<\/h4>\n<p>Sudedamosios dalys: mikrodumbli\u0173 Schizochytrium sp. aliejus, kuriame gausu DHR ir EPR (74 %), ypa\u010d grynas alyvuogi\u0173 aliejus (23 %), saul\u0117gr\u0105\u017e\u0173 aliejus, citrin\u0173 aliejus, rozmarin\u0173 ekstraktai, tokoferoli\u0173 koncentruotas ekstraktas ir L-askorbilpalmitatas (antioksidantai), D-alfa-tokoferolis (vitaminas E), cholekalciferolis (vitaminas D).<\/p>\n<h4>Augalinis Vitaminas D<\/h4>\n<p>\u0160io produkto sud\u0117tyje esantis vitaminas D yra augalin\u0117s kilm\u0117s. Jis gaunamas i\u0161 dumbli\u0173.<\/p>\n<h4>\u0423\u0441\u043b\u043e\u0432\u0438\u044f \u0445\u0440\u0430\u043d\u0435\u043d\u0438\u044f<\/h4>\n<p>Neatidaryti produktai tur\u0117t\u0173 b\u016bti laikomi ne tiesioginiuose saul\u0117s spinduliuose ir v\u0117sioje, sausoje vietoje. \u017demesn\u0117je nei 4 \u00b0 C temperat\u016broje gali susidaryti nuos\u0117dos. \u0160ios nuos\u0117dos i\u0161tirpsta kambario temperat\u016broje po keli\u0173 minu\u010di\u0173. Prie\u0161 vartojim\u0105 buteliuk\u0105 rekomenduojama trumpai pakratyti. Saugoti nuo ma\u017e\u0173 vaik\u0173.<\/p>\n<p>Atidarius buteliuk\u0105 <em>reikia laikyti \u0161aldytuve<\/em> ir suvartoti per 30 dien\u0173.<\/p>\n<p>Maisto papildai nepakei\u010dia \u012fvairios ir subalansuotos mitybos ar sveikos gyvensenos.<\/p>","protected":false},"excerpt":{"rendered":"<div class=\"priceExtra\"><\/div>\n<div><\/div>\n<p><strong><span style=\"color: #62bb46;\">100% augalinis! <\/span><\/strong><\/p>\n<p><strong><span style=\"color: #62bb46;\">J\u016bs\u0173 \u0161ird\u017eiai, akims ir smegenims! <\/span><\/strong><\/p>\n<p><strong><span style=\"color: #62bb46;\">Tinka besilaukian\u010dioms ir maitinan\u010dioms!<\/span><\/strong><\/p>\n<p><span style=\"color: #62bb46;\">\u2713<\/span> J\u016bros dumbli\u0173 augalinis aliejus: turtingas EPR &amp; DHR<br \/>\n<span style=\"color: #62bb46;\">\u2713<\/span> 2000 mg Omega-3 per par\u0105 (1 arbatinis \u0161auk\u0161telis)<br \/>\n<span style=\"color: #62bb46;\">\u2713<\/span> Tvarus ir tausojantis aplink\u0105 (dumbliai auginami specialiuose rezervuaruose)<br \/>\n<span style=\"color: #62bb46;\">\u2713<\/span> Nat\u016bralus alyvuogi\u0173 aliejus kaip antioksidantas<br \/>\n<span style=\"color: #62bb46;\">\u2713<\/span> 800 TV vitaminas D3 (vegani\u0161kas)<br \/>\n<span style=\"color: #62bb46;\">\u2713<\/span> Malonaus, \u0161velnaus citrin\u0173 skonio<\/p>\n<p><strong>\u0421\u043a\u0438\u0434\u043a\u0430:\u00a0<\/strong><strong>Perkant 3 ir daugiau, taikoma 3\u20ac nuolaida kiekvienam vienetui!<i>*<\/i><\/strong><br \/>\n<i>*<\/i><i>Nuolaida bus rodoma J\u016bs\u0173 krep\u0161elyje.<\/i> <a href=\"https:\/\/norsan.lt\/ru\/produkto\/omega-3-vegan-aliejus-100-ml\/\">&#8230;Skaityti daugiau<\/a><\/p>","protected":false},"featured_media":569378,"comment_status":"open","ping_status":"closed","template":"","meta":{"_wpo_ez_expert_only":false},"product_brand":[],"product_cat":[101,137],"product_tag":[121,126,127,131,129],"class_list":{"0":"post-22050","1":"product","2":"type-product","3":"status-publish","4":"has-post-thumbnail","6":"product_cat-omega-3-is-juros-dumbliu","7":"product_cat-vegan-150-ml","8":"product_tag-papildai-smegenims","9":"product_tag-omega-3-2000mg","10":"product_tag-omega-3-su-polifenoliais","11":"product_tag-omega-3-veganams","12":"product_tag-skysti-zuvu-taukai","13":"sales-flash-overlay","14":"woocommerce-text-align-center","15":"woocommerce-image-align-center","16":"do-quantity-buttons","18":"first","19":"instock","20":"shipping-taxable","21":"purchasable","22":"product-type-simple"},"_links":{"self":[{"href":"https:\/\/norsan.lt\/ru\/wp-json\/wp\/v2\/product\/22050","targetHints":{"allow":["GET"]}}],"collection":[{"href":"https:\/\/norsan.lt\/ru\/wp-json\/wp\/v2\/product"}],"about":[{"href":"https:\/\/norsan.lt\/ru\/wp-json\/wp\/v2\/types\/product"}],"replies":[{"embeddable":true,"href":"https:\/\/norsan.lt\/ru\/wp-json\/wp\/v2\/comments?post=22050"}],"wp:featuredmedia":[{"embeddable":true,"href":"https:\/\/norsan.lt\/ru\/wp-json\/wp\/v2\/media\/569378"}],"wp:attachment":[{"href":"https:\/\/norsan.lt\/ru\/wp-json\/wp\/v2\/media?parent=22050"}],"wp:term":[{"taxonomy":"product_brand","embeddable":true,"href":"https:\/\/norsan.lt\/ru\/wp-json\/wp\/v2\/product_brand?post=22050"},{"taxonomy":"product_cat","embeddable":true,"href":"https:\/\/norsan.lt\/ru\/wp-json\/wp\/v2\/product_cat?post=22050"},{"taxonomy":"product_tag","embeddable":true,"href":"https:\/\/norsan.lt\/ru\/wp-json\/wp\/v2\/product_tag?post=22050"}],"curies":[{"name":"wp","href":"https:\/\/api.w.org\/{rel}","templated":true}]}}