{"id":15800,"date":"2016-07-07T10:07:59","date_gmt":"2016-07-07T10:07:59","guid":{"rendered":"https:\/\/norsan.lt\/product\/omega-3-arktis-su-vitaminu-d\/"},"modified":"2026-03-04T08:55:19","modified_gmt":"2026-03-04T06:55:19","slug":"omega-3-arktis-su-vitaminu-d-aliejus","status":"publish","type":"product","link":"https:\/\/norsan.lt\/ru\/produkto\/omega-3-arktis-su-vitaminu-d-aliejus\/","title":{"rendered":"Omega-3 Arktis su vitaminu D, aliejus, 200ml"},"content":{"rendered":"<h1><span style=\"color: #5994b9;\"><b>Omega-3 Arktis su vitaminu D<\/b><\/span><\/h1>\n<h3>Nat\u016bral\u016bs laukini\u0173 menki\u0173 kepen\u0173 \u017euv\u0173 taukai<\/h3>\n<p>M\u016bs\u0173 nat\u016bralus menki\u0173 kepen\u0173 aliejus i\u0161 Arkties vandenyno yra sudarytas i\u0161 daugiau nei 50 riebal\u0173 r\u016bg\u0161\u010di\u0173 komplekso. \u0160i nat\u016brali riebal\u0173 r\u016bg\u0161\u010di\u0173 strukt\u016bra yra i\u0161saugoma ekstrahuojant ir gryninant menki\u0173 kepen\u0173 taukus. Nat\u016bralaus nekoncentruoto Omega-3 aliejaus vartojimas turi tok\u012f pat\u012f teigiam\u0105 poveik\u012f kaip ir \u017euvies vartojimas. &#8220;Omega-3 Arktis&#8221; aliejus, kaip ir visi m\u016bs\u0173 Omega-3 aliejai, yra apdorojamas \u0161velniai, kad b\u016bt\u0173 i\u0161saugotas visas jo \u0161vie\u017eumas ir b\u016bt\u0173 gerai pasisavinamas. Nor\u0117dami \u012fsitikinti aliejaus \u0161vie\u017eumu ir kokybe pauostykite ir paragaukite! Kvapas ir skonis yra labai geri rodikliai vertinant Omega-3 aliejaus \u0161vie\u017eum\u0105 ir kokyb\u0119, kaip ir bet kokio kito maisto.<\/p>\n<h2><span style=\"color: #5994b9;\"><b>&#8220;Omega-3 Arktis su vitaminu D&#8221;: informacija apie produkt\u0105<\/b><\/span><\/h2>\n<h3>Nat\u016bralus laukini\u0173 menki\u0173 kepen\u0173 aliejus<\/h3>\n<p>\u0160alti, turtingi maistini\u0173 med\u017eiag\u0173 Arkties vandenyno vandenys, kuriuose auga ir gyvena menk\u0117s, suteikia joms i\u0161skirtines savybes. Nat\u016bralus &#8220;Omega-3 Arktis&#8221; menki\u0173 kepen\u0173 aliejus gaunamas i\u0161 laukini\u0173 menki\u0173 kepen\u0173. \u017dvejybos zona yra prie Norvegijos krant\u0173. \u017duvis apdorojama per 2 valandas nuo jos pagavimo, kad b\u016bt\u0173 u\u017etikrintas maksimalus sugaut\u0173 \u017euv\u0173 \u0161vie\u017eumas. \u017dvejybos laivyno laivai kiekvien\u0105 dien\u0105 gr\u012f\u017eta \u012f uost\u0105.<\/p>\n<p>Su\u017einokite daugiau apie <a href=\"https:\/\/norsan.lt\/ru\/dorschoel\/\">\u017ealiavas ir gamybos proces\u0105<\/a><\/p>\n<h2><span style=\"color: #5994b9;\"><b>Menki\u0173 kepen\u0173 aliejus: turtingas Omega-3 riebal\u0173 r\u016bg\u0161timis<\/b><\/span><\/h2>\n<h3>Labai gausu Omega-3<\/h3>\n<p>Omega-3 riebal\u0173 r\u016bg\u0161tys (EPR ir DHR) yra polineso\u010diosios riebal\u0173 r\u016bg\u0161tys. Sakoma, kad jos yra nepakei\u010diamos, nes juos galima gauti tik su maistu. Nor\u0117dami su\u017einoti daugiau, spustel\u0117kite <a href=\"https:\/\/norsan.lt\/ru\/omega-3-fettsaeuren\/\">\u0437\u0434\u0435\u0441\u044c.<\/a><\/p>\n<p>Ta\u010diau kuo EPR ir DHR yra tokios ypatingos?<\/p>\n<p><strong>EPR<\/strong>\u00a0prisideda prie normalaus triglicerid\u0173 lygio palaikymo, taip pat prie sveikos \u0161irdies funkcijos.<\/p>\n<p><strong>DHR<\/strong>\u00a0prisideda prie tinkamo smegen\u0173 vystymosi ir funkcionavimo, taip pat prie normalaus reg\u0117jimo palaikymo.<\/p>\n<p>&#8220;Omega-3 Arktis&#8221; sud\u0117tyje yra dvi nepakei\u010diamos Omega-3 riebal\u0173 r\u016bg\u0161tys. Ta\u010diau DHR dalis yra didesn\u0117 nei EPR. Tai, be kita ko, lemia \u0161altas Arkties vandenyno vanduo, kuriame gausu maistini\u0173 med\u017eiag\u0173, kuriomis maitinasi \u017euvys (menk\u0117s). D\u0117l to DHR kiekis yra ma\u017edaug 1 060 mg viename valgomajame \u0161auk\u0161te.<\/p>\n<p>Taigi \u201eOmega-3 Arktis\u201c yra idealus aliejus vartoti profilakti\u0161kai ir puikiai tinka visiems norintiems sveikai maitintis bei palaikyti ger\u0105 smegen\u0173 funkcij\u0105 bei reg\u0117jim\u0105.<\/p>\n<h3 style=\"text-align: left;\">Teigiamas Omega-3 riebal\u0173 r\u016bg\u0161\u010di\u0173 EPR ir DHR poveikis<\/h3>\n<p>* EFSA teigimu, dienos doz\u0117 &#8211; 250 mg DHR<br \/>\n** EFSA teigimu, dienos doz\u0117 &#8211; 250 mg EPR ir DHR<br \/>\n<i>\u0427\u0442\u043e\u0431\u044b \u0443\u0437\u043d\u0430\u0442\u044c \u0431\u043e\u043b\u044c\u0448\u0435, \u043d\u0430\u0436\u043c\u0438\u0442\u0435 <a href=\"https:\/\/norsan.lt\/ru\/omega-3-efsa\/\" target=\"_blank\" rel=\"noopener noreferrer\">\u0437\u0434\u0435\u0441\u044c<\/a>\u00a0<\/i><\/p>\n<h2><span style=\"color: #5994b9;\"><b>Omega-3 Arktis su vitaminu D vartojimas<\/b><\/span><\/h2>\n<h3>Malonus skonis, nesukelia refliukso<\/h3>\n<p>Nat\u016bral\u0173 ir malon\u0173 &#8220;Omega-3 Arktis su vitaminu D&#8221; skon\u012f lemia nepriekai\u0161tinga \u017ealiav\u0173 kokyb\u0117 ir \u017euvies kilm\u0117s vieta. Keli la\u0161ai nat\u016bralaus citrin\u0173 aliejaus subtiliai sustiprina \u0161\u012f skon\u012f.<\/p>\n<p><span style=\"color: #808080;\">&#8220;Omega-3 Arktis su vitaminu D&#8221; aliej\u0173 lengva vartoti. Galite vartoti gryn\u0105 arba sumai\u0161yti su g\u0117rimu, pada\u017eu ar maistu.<\/span><\/p>\n<h2><span style=\"color: #5994b9;\"><b>\u0421\u043e\u0441\u0442\u0430\u0432 \u0438 \u043f\u0438\u0449\u0435\u0432\u0430\u044f \u0446\u0435\u043d\u043d\u043e\u0441\u0442\u044c<\/b><\/span><\/h2>\n<div class=\"marginBottom\">\n<h4>\u0418\u043d\u0433\u0440\u0435\u0434\u0438\u0435\u043d\u0442\u044b<\/h4>\n<p>Nat\u016bralus menki\u0173 kepen\u0173 aliejus (i\u0161 \u0160iaur\u0117s Atlanto vandenyno), tokoferoliai (vitaminas E), vitaminas D, nat\u016bralus citrin\u0173 aliejus.<\/p>\n<h4>Rekomenduojama paros doz\u0117<\/h4>\n<p>Rekomenduojama paros doz\u0117 yra 10 ml, tai atitinka ma\u017edaug vien\u0105 valgom\u0105j\u012f \u0161auk\u0161t\u0105. Nevir\u0161ykite rekomenduojamos paros doz\u0117s, nebent gydytojas pataria kitaip.<\/p>\n<h4>\u0423\u0441\u043b\u043e\u0432\u0438\u044f \u0445\u0440\u0430\u043d\u0435\u043d\u0438\u044f<\/h4>\n<p>Neatidaryti produktai tur\u0117t\u0173 b\u016bti laikomi v\u0117sioje, sausoje vietoje ir atokiau nuo tiesiogini\u0173 saul\u0117s spinduli\u0173. \u017demesn\u0117je nei 4 \u00b0 C temperat\u016broje gali susidaryti nuos\u0117dos. \u0160ios nuos\u0117dos i\u0161tirpsta kambario temperat\u016broje po keli\u0173 minu\u010di\u0173. Prie\u0161 vartojim\u0105 rekomenduojama buteliuk\u0105 trumpai pakratyti. Saugoti nuo ma\u017e\u0173 vaik\u0173. Atidarius buteliuk\u0105 reikia laikyti \u0161aldytuve ir suvartoti per 45 dienas. Maisto papildai nepakei\u010dia \u012fvairios ir subalansuotos mitybos ar sveikos gyvensenos.<\/p>\n<\/div>\n<h6>Kodas ACL13 ir GTIN<\/h6>\n<p>\u041e\u043c\u0435\u0433\u0430-3 \u0410\u0440\u043a\u0442\u0438\u0441<br \/>\n7071963000089<\/p>","protected":false},"excerpt":{"rendered":"<div class=\"priceExtra\"><\/div>\n<p><strong><span style=\"color: #5994b9;\">\u0414\u043b\u044f \u0432\u0430\u0448\u0435\u0433\u043e \u0441\u0435\u0440\u0434\u0446\u0430, \u0437\u0440\u0435\u043d\u0438\u044f \u0438 \u043c\u043e\u0437\u0433\u0430<\/span><\/strong><\/p>\n<p><span style=\"color: #5994b9;\">\u2713<\/span> 100% nat\u016bralus laukini\u0173 menki\u0173, sugaut\u0173 tvarios \u017evejybos b\u016bdu Arkties vandenyne,\u00a0 kepen\u0173 aliejus<br \/>\n<span style=\"color: #5994b9;\">\u2713<\/span> 2000 mg Omega-3 paros doz\u0117 (1 valgomasis \u0161auk\u0161tas)<br \/>\n<span style=\"color: #5994b9;\">\u2713<\/span> Malonus skonis<br \/>\n<span style=\"color: #5994b9;\">\u2713<\/span> Be ter\u0161al\u0173, PCB ir sunki\u0173j\u0173 metal\u0173<\/p>\n<p><strong>\u0421\u043a\u0438\u0434\u043a\u0430:\u00a0<\/strong><strong>Perkant 3 ir daugiau, taikoma 2\u20ac nuolaida kiekvienam vienetui!<i>*<\/i><\/strong><br \/>\n<i>*<\/i><i>Nuolaida bus rodoma J\u016bs\u0173 krep\u0161elyje.<\/i> <a href=\"https:\/\/norsan.lt\/ru\/produkto\/omega-3-arktis-su-vitaminu-d-aliejus\/\">&#8230;Skaityti daugiau<\/a><\/p>","protected":false},"featured_media":569402,"comment_status":"open","ping_status":"closed","template":"","meta":{"_wpo_ez_expert_only":false},"product_brand":[],"product_cat":[115,104],"product_tag":[121,132,126,129],"class_list":{"0":"post-15800","1":"product","2":"type-product","3":"status-publish","4":"has-post-thumbnail","6":"product_cat-omega-3-suaugusiems","7":"product_cat-omega-3-is-menkiu-kepenu","8":"product_tag-papildai-smegenims","9":"product_tag-omega-3-zuvu-taukai-su-vitaminu-d","10":"product_tag-omega-3-2000mg","11":"product_tag-skysti-zuvu-taukai","12":"sales-flash-overlay","13":"woocommerce-text-align-center","14":"woocommerce-image-align-center","15":"do-quantity-buttons","17":"first","18":"instock","19":"downloadable","20":"shipping-taxable","21":"purchasable","22":"product-type-simple"},"_links":{"self":[{"href":"https:\/\/norsan.lt\/ru\/wp-json\/wp\/v2\/product\/15800","targetHints":{"allow":["GET"]}}],"collection":[{"href":"https:\/\/norsan.lt\/ru\/wp-json\/wp\/v2\/product"}],"about":[{"href":"https:\/\/norsan.lt\/ru\/wp-json\/wp\/v2\/types\/product"}],"replies":[{"embeddable":true,"href":"https:\/\/norsan.lt\/ru\/wp-json\/wp\/v2\/comments?post=15800"}],"wp:featuredmedia":[{"embeddable":true,"href":"https:\/\/norsan.lt\/ru\/wp-json\/wp\/v2\/media\/569402"}],"wp:attachment":[{"href":"https:\/\/norsan.lt\/ru\/wp-json\/wp\/v2\/media?parent=15800"}],"wp:term":[{"taxonomy":"product_brand","embeddable":true,"href":"https:\/\/norsan.lt\/ru\/wp-json\/wp\/v2\/product_brand?post=15800"},{"taxonomy":"product_cat","embeddable":true,"href":"https:\/\/norsan.lt\/ru\/wp-json\/wp\/v2\/product_cat?post=15800"},{"taxonomy":"product_tag","embeddable":true,"href":"https:\/\/norsan.lt\/ru\/wp-json\/wp\/v2\/product_tag?post=15800"}],"curies":[{"name":"wp","href":"https:\/\/api.w.org\/{rel}","templated":true}]}}