{"id":14636,"date":"2016-07-06T18:48:42","date_gmt":"2016-07-06T18:48:42","guid":{"rendered":"https:\/\/norsan.lt\/product\/omega-3-kids-aliejus-150-ml\/"},"modified":"2026-03-23T16:03:58","modified_gmt":"2026-03-23T14:03:58","slug":"omega-3-vaikams","status":"publish","type":"product","link":"https:\/\/norsan.lt\/ru\/produkto\/omega-3-vaikams\/","title":{"rendered":"Omega-3 FISK, aliejus, 150 ml"},"content":{"rendered":"<h1><span style=\"color: #47c0bb;\"><b>Omega-3 FISK<\/b><\/span><\/h1>\n<h3>Riebal\u0173 r\u016bg\u0161tys b\u016btinos vaik\u0173 vystymuisi<\/h3>\n<p><img decoding=\"async\" style=\"float: left; margin-right: 30px; margin-bottom: 30px;\" src=\"https:\/\/norsan.lt\/wp-content\/uploads\/2018\/05\/Banner-Mobil-300x200px-KIDS-Oel.jpg\" \/><\/p>\n<p>Omega-3 riebal\u0173 r\u016bg\u0161tys yra polineso\u010diosios riebal\u0173 r\u016bg\u0161tys. Jos yra b\u016btinos, ta\u010diau \u017emogaus organizmas pats j\u0173 pasigaminti negali, tod\u0117l jas galime gauti tik su maistu. <a href=\"https:\/\/norsan.lt\/ru\/omega-3-riebalu-rugstys\/\" target=\"_blank\" rel=\"noopener noreferrer\">Su\u017einoti daugiau<\/a>.<\/p>\n<p>J\u016brin\u0117s riebal\u0173 r\u016bg\u0161tys EPR (eikozapentaeno r\u016bg\u0161tis) ir DHR (dokozaheksaeno r\u016bg\u0161tis) yra svarbios geram protiniam ir fiziniam vaiko vystymuisi. Jos ypa\u010d reikalingos smegen\u0173 veiklai, aki\u0173 vystymuisi bei geram \u0161irdies darbui. Be to, \u012frodyta, kad hiperaktyvum\u0105 ir koncentracijos problemas galima ma\u017einti skiriant Omega-3 riebi\u0173j\u0173 r\u016bg\u0161\u010di\u0173. Ir tai tik dalis naud\u0173, kurias duoda \u0161i\u0173 riebal\u0173 r\u016bg\u0161\u010di\u0173 vartojimas, tod\u0117l pasir\u016bpinkite, kad vaiko organizme j\u0173 netr\u016bkt\u0173.<\/p>\n<p>\u201eOmega-3 FISK\u201c aliejuje atitinkamomis proporcijomis derinama NORSAN menki\u0173 aliejus (turtingas DHR) ir NORSAN smulkios \u017euvies taukai (turtingi EPR).<\/p>\n<h2><span style=\"color: #47c0bb;\"><b>Omega-3 FISK: informacija apie produkt\u0105<\/b><\/span><\/h2>\n<h3>Nat\u016bral\u016bs laukini\u0173 \u017euv\u0173 taukai<\/h3>\n<p>Dvi j\u016brin\u0117s riebal\u0173 r\u016bg\u0161tys EPR ir DHR yra svarbios geram vaiko vystymuisi. \u0160tai kod\u0117l \u201eOmega-3 FISK\u201c sud\u0117tyje yra optimali\u0173 proporcij\u0173 menki\u0173 aliejaus (turtingo DHR) ir smulkios laukin\u0117s \u017euvies tauk\u0173 (turting\u0173 EPR) derinys.<\/p>\n<p>\u017duv\u0173 taukai gaunami naudojant vis\u0105 smulki\u0105 \u017euv\u012f (toki\u0105 kaip sardin\u0117s, skumbr\u0117s ir an\u010diuviai), kuri sugaunama tvarios \u017evejybos b\u016bdu prie Norvegijos krant\u0173. Produktas gaminamas \u010dia pat \u2013 Norvegijoje. \u017dvejyba vykdoma pagal grie\u017e\u010diausias Norvegijos direktyvas ir pripa\u017eint\u0105 sertifikavim\u0105 \u00ab <a href=\"https:\/\/norsan.lt\/ru\/friend-of-the-sea\/\">Friend of the Sea<\/a>\u00a0\u00bb.<\/p>\n<p>\u017duv\u0173 taukai n\u0117ra koncentruojami, t.y. neapdirbami cheminiu b\u016bdu, siekiant gauti kuo didesn\u0119 EPR ir DHR koncentracij\u0105. Tod\u0117l produkte yra daugiau nei 50 riebal\u0173 r\u016bg\u0161\u010di\u0173, nat\u016braliai randam\u0173 \u017euvyse. Vaikai vartodami \u0161\u012f aliej\u0173, gauna visas riebal\u0173 r\u016bg\u0161tis, kaip ir valgydami \u017euv\u012f.<\/p>\n<p>Menki\u0173 aliejus gaunamas i\u0161 menki\u0173, sugaut\u0173 Arkties vandenyne, netoli Norvegijos krant\u0173, taip pat laikantis tvarios \u017evejybos princip\u0173 ir grie\u017et\u0173 Norvegijos direktyv\u0173.<\/p>\n<p>Menki\u0173 aliejaus ir \u017euv\u0173 tauk\u0173 \u0161vie\u017eumui mes teikiame didel\u0119 reik\u0161m\u0119: procesas nuo sugavimo iki perdirbimo paprastai trunka tik 2\u20134 valandas. \u0160tai kod\u0117l m\u016bs\u0173 produkt\u0173 skonis yra toks malonus. Spr\u0119skite patys apie aliejaus \u0161vie\u017eum\u0105 ir kokyb\u0119, tiesiog j\u012f pauostykite ir paragaukite. Kaip ir kit\u0173 maisto produkt\u0173, kvapas ir skonis yra patikimi kokyb\u0117s rodikliai.<\/p>\n<p>Su\u017einokite daugiau apie m\u016bs\u0173<a href=\"https:\/\/www.norsan.de\/produkte\/rohstoffe\/dorschoel\/\"> menki\u0173 aliej\u0173<\/a> ir m\u016bs\u0173 <a href=\"https:\/\/www.norsan.de\/produkte\/rohstoffe\/fischoel\/\">\u017euvies taukai<\/a>.<\/p>\n<h3>Ypa\u010d tyras ekologi\u0161kas alyvuogi\u0173 aliejus<\/h3>\n<p>\u0160io, vaikams skirto, produkto sud\u0117tyje yra 20% pirmojo spaudimo alyvuogi\u0173 aliejaus, pagaminto Rafaelio ekologi\u0161kame \u016bkyje Ispanijoje. Alyvuogi\u0173 aliejus naudojamas kaip antioksidantas, kuris apsaugo Omega-3 riebal\u0173 r\u016bg\u0161tis nuo oksidacijos organizme ir u\u017etikrina, kad jos nepa\u017eeistos patekt\u0173 ten, kur reikia.<\/p>\n<p>Su\u017einokite daugiau apie m\u016bs\u0173 <a href=\"https:\/\/orodeldesierto.com\/en\/empresa\/\">alyvuogi\u0173 aliej\u0173<\/a>.<\/p>\n<h3 style=\"text-align: center;\">\u041f\u043e\u043b\u043e\u0436\u0438\u0442\u0435\u043b\u044c\u043d\u044b\u0435 \u044d\u0444\u0444\u0435\u043a\u0442\u044b \u042d\u041f\u0420 \u0438 \u0436\u0438\u0440\u043d\u044b\u0445 \u043a\u0438\u0441\u043b\u043e\u0442 \u0414\u0413\u041a<\/h3>\n<p><i>* EFSA duomenimis dienos doz\u0117 yra 250 mg DHR.<br \/>\n** EFSA duomenimis, paros doz\u0117 yra 250 mg DHR ir EPR.<br \/>\nNoredami su\u017einoti daygiau, spustel\u0117kite <a href=\"https:\/\/norsan.lt\/ru\/omega-3-efsa\/\" target=\"_blank\" rel=\"noopener noreferrer\">\u0437\u0434\u0435\u0441\u044c<\/a>.<\/i><\/p>\n<h2><span style=\"color: #47c0bb;\"><b>Kaip vartoti<\/b><\/span><\/h2>\n<h3>Skanu ir lengva vartoti<\/h3>\n<p>Nepriekai\u0161tinga \u017ealiav\u0173 kokyb\u0117 ir \u0161vie\u017eumas garantuoja ger\u0105 m\u016bs\u0173 aliej\u0173 skon\u012f, o keli la\u0161ai apelsin\u0173 aliejaus dar labiau j\u012f pagerina.<\/p>\n<h3>\u041a\u0430\u043a \u0438\u0441\u043f\u043e\u043b\u044c\u0437\u043e\u0432\u0430\u0442\u044c?<\/h3>\n<p>Paros doz\u0117 skiriasi priklausomai nuo vaiko am\u017eiaus. Mes rekomenduojame:<\/p>\n<ul>\n<li>Iki 2 met\u0173: 2,5 ml kas antr\u0105 dien\u0105 (ma\u017edaug 1\/2 arbatinio \u0161auk\u0161telio); tai yra 560 mg Omega-3 riebal\u0173 r\u016bg\u0161\u010di\u0173. Jei motina maitina savo pienu: 1 valgomasis \u0161auk\u0161tas per dien\u0105 motinai; sud\u0117tyje yra 2000 mg Omega-3 riebal\u0173 r\u016bg\u0161\u010di\u0173.<\/li>\n<li>Nuo 2 iki 6 met\u0173: 2,5 ml per dien\u0105 (ma\u017edaug 1\/2 arbatinio \u0161auk\u0161telio); tai yra 560 mg Omega-3 riebal\u0173 r\u016bg\u0161\u010di\u0173.<\/li>\n<li>Nuo 6 iki 12 met\u0173: 5 ml per dien\u0105 (ma\u017edaug 1 arbatinis \u0161auk\u0161telis); tai yra 1,120 mg Omega-3 riebal\u0173 r\u016bg\u0161\u010di\u0173.<\/li>\n<li>Nuo 12 met\u0173: 9 ml per dien\u0105 (ma\u017edaug 1 valgomasis \u0161auk\u0161tas); tai yra 2000 mg Omega-3 riebal\u0173 r\u016bg\u0161\u010di\u0173.<\/li>\n<\/ul>\n<h3><span style=\"color: #808080;\">Grynas arba sumai\u0161ytas su g\u0117rimu ar maistu<\/span><\/h3>\n<p><span style=\"color: #808080;\">Vaikai tikrai nenori valgyti \u017euv\u012f kelis kartus per savait\u0119, ar net kiekvien\u0105 dien\u0105, tod\u0117l j\u0173 racion\u0105 rekomenduojama papildyti \u017euv\u0173 tauk\u0173 papildais. <\/span><\/p>\n<p><span style=\"color: #808080;\">D\u0117l skystos maisto papildo formos ir gero skonio \u201eOmega-3 FISK\u201c yra lengvai vartojamas &#8211; galima vartoti gryn\u0105 arba \u012fmai\u0161yti \u012f maist\u0105 ar g\u0117rimus (ko\u0161es, jogurtus, tyreles, sultis ir pan.)<\/span><\/p>\n<h2><strong><span style=\"color: #47c0bb;\">Sud\u0117tis ir laikymo s\u0105lygos<\/span><\/strong><\/h2>\n<h3>\u0418\u043d\u0433\u0440\u0435\u0434\u0438\u0435\u043d\u0442\u044b<\/h3>\n<p>Nat\u016bral\u016bs \u017euv\u0173 taukai, nat\u016bralus menki\u0173 aliejus (su vitaminu A), alyvuogi\u0173 aliejus, mai\u0161yti tokoferoliai (vitaminas E), apelsin\u0173 aliejus.<\/p>\n<h3>\u0423\u0441\u043b\u043e\u0432\u0438\u044f \u0445\u0440\u0430\u043d\u0435\u043d\u0438\u044f<\/h3>\n<p>Neatidaryti produktai tur\u0117t\u0173 b\u016bti laikomi netiesioginiuose saul\u0117s spinduliuose ir v\u0117sioje, sausoje vietoje.<\/p>\n<p>Atidarius buteliuk\u0105 <em>reikia laikyti \u0161aldytuve<\/em>. Saugoti nuo ma\u017e\u0173 vaik\u0173. Prie\u0161 naudojim\u0105 buteliuk\u0105 trumpai sukratykite. \u017demesn\u0117je nei 4 \u00b0 C temperat\u016broje gali susidaryti nuos\u0117dos. \u0160ios nuos\u0117dos i\u0161tirpsta kambario temperat\u016broje po keli\u0173 minu\u010di\u0173.<\/p>\n<p>Po atidarymo buteliuk\u0105 sunaudoti per 45 dienas. Nevir\u0161ykite rekomenduojamos paros doz\u0117s.<\/p>\n<h6>\u041a\u043e\u0434 ACL13 \u0438\u043b\u0438 GTIN<\/h6>\n<p>Omega-3 FISK<br \/>\n7071963000065<\/p>","protected":false},"excerpt":{"rendered":"<div><\/div>\n<p><strong><span style=\"color: #47c0bb;\">Geram J\u016bs\u0173 vaiko fiziniam ir protiniam vystymuisi<\/span><\/strong><\/p>\n<p><span style=\"color: #47c0bb;\">\u2713<\/span> 1,030 mg Omega-3 riebal\u0173 r\u016bg\u0161\u010di\u0173 per par\u0105 (1 arbatinis \u0161auk\u0161telis)<br \/>\n<span style=\"color: #47c0bb;\">\u2713<\/span> Optimalus smulkios laukin\u0117s \u017euvies ir menki\u0173 kepen\u0173 tauk\u0173 derinys<br \/>\n<span style=\"color: #47c0bb;\">\u2713<\/span> Malonaus vaisinio skonio (apelsin\u0173 skonis)<br \/>\n<span style=\"color: #47c0bb;\">\u2713<\/span> Be prid\u0117tinio cukraus<br \/>\n<span style=\"color: #47c0bb;\">\u2713<\/span> I\u0161valytas nuo ter\u0161al\u0173, PCB ir sunki\u0173j\u0173 metal\u0173<br \/>\n<span style=\"color: #47c0bb;\">\u2713<\/span> Ekologi\u0161kas alyvuogi\u0173 aliejus kaip antioksidantas<\/p>\n<p><strong>\u0421\u043a\u0438\u0434\u043a\u0430:\u00a0<\/strong><strong>Perkant 3 ir daugiau, taikoma 2,5\u20ac nuolaida kiekvienam vienetui!<i>*<\/i><\/strong><br \/>\n<i>*<\/i><i>Nuolaida bus rodoma J\u016bs\u0173 krep\u0161elyje.<\/i> <a href=\"https:\/\/norsan.lt\/ru\/produkto\/omega-3-vaikams\/\">&#8230;Skaityti daugiau<\/a><\/p>","protected":false},"featured_media":569418,"comment_status":"open","ping_status":"closed","template":"","meta":{"_wpo_ez_expert_only":false},"product_brand":[],"product_cat":[102],"product_tag":[121,127,129,120,124,122,123],"class_list":{"0":"post-14636","1":"product","2":"type-product","3":"status-publish","4":"has-post-thumbnail","6":"product_cat-vaikams","7":"product_tag-papildai-smegenims","8":"product_tag-omega-3-su-polifenoliais","9":"product_tag-skysti-zuvu-taukai","10":"product_tag-anciuviu-zuvu-taukai","11":"product_tag-zuvu-taukai-kudikiams","12":"product_tag-zuvu-taukai-vaikams-nuo-1-metu","13":"product_tag-zuvu-taukai-vaikams-nuo-2-metu","14":"sales-flash-overlay","15":"woocommerce-text-align-center","16":"woocommerce-image-align-center","17":"do-quantity-buttons","19":"first","20":"instock","21":"shipping-taxable","22":"purchasable","23":"product-type-simple"},"_links":{"self":[{"href":"https:\/\/norsan.lt\/ru\/wp-json\/wp\/v2\/product\/14636","targetHints":{"allow":["GET"]}}],"collection":[{"href":"https:\/\/norsan.lt\/ru\/wp-json\/wp\/v2\/product"}],"about":[{"href":"https:\/\/norsan.lt\/ru\/wp-json\/wp\/v2\/types\/product"}],"replies":[{"embeddable":true,"href":"https:\/\/norsan.lt\/ru\/wp-json\/wp\/v2\/comments?post=14636"}],"wp:featuredmedia":[{"embeddable":true,"href":"https:\/\/norsan.lt\/ru\/wp-json\/wp\/v2\/media\/569418"}],"wp:attachment":[{"href":"https:\/\/norsan.lt\/ru\/wp-json\/wp\/v2\/media?parent=14636"}],"wp:term":[{"taxonomy":"product_brand","embeddable":true,"href":"https:\/\/norsan.lt\/ru\/wp-json\/wp\/v2\/product_brand?post=14636"},{"taxonomy":"product_cat","embeddable":true,"href":"https:\/\/norsan.lt\/ru\/wp-json\/wp\/v2\/product_cat?post=14636"},{"taxonomy":"product_tag","embeddable":true,"href":"https:\/\/norsan.lt\/ru\/wp-json\/wp\/v2\/product_tag?post=14636"}],"curies":[{"name":"wp","href":"https:\/\/api.w.org\/{rel}","templated":true}]}}