{"id":142655,"date":"2019-08-19T09:45:40","date_gmt":"2019-08-19T09:45:40","guid":{"rendered":"https:\/\/norsan.lt\/product\/omega-3-arktis-kapsules-120-vnt\/"},"modified":"2026-03-04T08:54:08","modified_gmt":"2026-03-04T06:54:08","slug":"omega-3-arktis-kapsules-120-vnt","status":"publish","type":"product","link":"https:\/\/norsan.lt\/ru\/produkto\/omega-3-arktis-kapsules-120-vnt\/","title":{"rendered":"Omega-3 Arktis, kapsul\u0117s, 120 vnt."},"content":{"rendered":"<h1><span style=\"color: #5994b9;\"><b>&#8220;Omega-3 Arktis&#8221; kapsul\u0117s &#8211; sveikata i\u0161 Arkties vandenyno<\/b><\/span><\/h1>\n<h3>Nat\u016bralus laukini\u0173 menki\u0173 kepen\u0173 aliejus<\/h3>\n<p>Nat\u016bralus menki\u0173 kepen\u0173 aliejus, gaunamas i\u0161 laukin\u0117s tvarios \u017evejybos Arkties vandenyne, yra naudojamas NORSAN &#8220;Omega-3 Arktis&#8221; aliejuje bei kapsul\u0117se ir &#8220;Omega-3 FISK&#8221; aliejuje.<\/p>\n<p>\u017dvejybos zona yra prie Norvegijos krant\u0173. Arkties vandenynas yra nat\u016brali menki\u0173 buvein\u0117. Menk\u0117ms i\u0161skirtin\u0119 kokyb\u0119 suteikia \u0161alti, daug maistini\u0173 med\u017eiag\u0173 turintys Arkties vandenyno vandenys. Kad laimikis b\u016bt\u0173 kuo \u0161vie\u017eias, \u017evejybos laivyno laivai kasdien gr\u012f\u017eta \u012f uost\u0105, o sugauta \u017euvis pradedama apdoroti per 2 valandas nuo pagavimo, dar laivuose.<\/p>\n<h2><span style=\"color: #5994b9;\"><b>Omega-3 Arktis kapsul\u0117s &#8211; informacija apie produkt\u0105 <\/b><\/span><\/h2>\n<p>\u201eOmega-3 Arktis\u201c kapsul\u0117s pagamintos i\u0161 nat\u016bralaus nekoncentruoto menki\u0173 kepen\u0173 aliejaus. Tod\u0117l produkte yra daugiau nei 50 riebal\u0173 r\u016bg\u0161\u010di\u0173, nat\u016braliai randam\u0173 \u017euvyse. M\u016bs\u0173 menki\u0173 kepen\u0173 aliejus ekstrahuojamas ir valomas ne auk\u0161toje temperat\u016broje, siekiant i\u0161saugoti nat\u016brali\u0105 \u017euv\u0173 riebal\u0173 r\u016bg\u0161\u010di\u0173 strukt\u016br\u0105.<\/p>\n<p>Skirtumas tarp <em>nat\u016bralaus<\/em> menki\u0173 kepen\u0173 aliejaus ir <em>koncentruoto<\/em> yra tas, kad koncentruotame aliejuje nat\u016brali riebal\u0173 r\u016bg\u0161\u010di\u0173 strukt\u016bra yra pakei\u010diama \u012fvairiais cheminiais procesais, kuriais siekiama dirbtinai padidinti riebal\u0173 r\u016bg\u0161\u010di\u0173 koncentracij\u0105. Kiek ir kaip organizmas pasisavina \u0161i\u0173 perdirbt\u0173 riebal\u0173 r\u016bg\u0161\u010di\u0173, kol kas mokslininkai negali atsakyti. Ta\u010diau \u012fmon\u0117 NORSAN mano, kad gamta geriausiai \u017eino ko mums reikia, tod\u0117l m\u016bs\u0173 visuose produktuose tiek \u017euv\u0173 takai, tiek j\u016bros dumbli\u0173 aliejai yra nat\u016bral\u016bs ir nekoncentruoti, t.y. chemi\u0161kai neapdoroti.<\/p>\n<p>Produktams gaminti sugauta menk\u0117 pradedama apdoroti jau laive, ne daugiau nei per 2 val. nuo jos pagavimo. Tod\u0117l i\u0161 j\u0173 i\u0161gaunamas aliejus yra labai \u0161vie\u017eias ir ypa\u010d gerai\u00a0 gerai toleruojamas. \u201eOmega-3 Arktis\u201c kapsuli\u0173 kokyb\u0117 patikrinta nepriklausom\u0173 laboratorij\u0173, o geriausias \u0161vie\u017eumo \u012frodymas yra tai, kad po vartojimo neatsiranda nemalonus refliuksas (atsir\u016bgimas).<\/p>\n<p>Menki\u0173 kepen\u0173 aliejus \u201eOmega-3 Arktis\u201c kapsul\u0117se yra i\u0161 laukin\u0117s ir tvarios \u017evejybos. Tai yra tas pats aliejus, kuris yra <a href=\"https:\/\/norsan.lt\/ru\/shop\/omega-3-arktis-su-vitaminu-d\/\">to paties pavadinimo<\/a> aliejin\u0117s formos produkte. \u017dvejyba vykdoma pagal grie\u017etus Norvegijos reikalavimus ir yra sertifikuota \u201eFriend of the Sea\u201c ir \u201eIFOS\u201c. Menki\u0173 kepen\u0173 aliejus i\u0161gryninamas ir i\u0161valomas nuo ter\u0161al\u0173 ir PCB, o gamybos procesas kontroliuojamas pagal grie\u017etas Norvegijos taisykles.<\/p>\n<p>Su\u017einoti daugiau galima apie<a href=\"https:\/\/www.norsan.de\/produkte\/rohstoffe\/dorschoel\/\"> m\u016bs\u0173 \u017ealiavas ir gamybos procesus.<\/a><\/p>\n<h2><span style=\"color: #5994b9;\"><b>Menki\u0173 kepen\u0173 aliejus turtingas Omega-3 (EPR &amp; DHR)<\/b><\/span><\/h2>\n<h3>Ypa\u010d turtingas DHR riebal\u0173 r\u016bg\u0161timis<\/h3>\n<p>Omega-3 riebal\u0173 r\u016bg\u0161tys EPR ir DHR yra polineso\u010diosios riebal\u0173 r\u016bg\u0161tys ir vadinamos nepakei\u010diamomis, nes pats organizmas j\u0173 pasigaminti negali. Tod\u0117l jas turime gauti su maistu.<a href=\"https:\/\/norsan.lt\/ru\/les-omega-3\/\"> Su\u017einoti daugiau<\/a>.<\/p>\n<p>&#8220;Omega-3 Arktis&#8221; kapsul\u0117se yra dvi j\u016brin\u0117s Omega-3 riebal\u0173 r\u016bg\u0161tys EPR ir DHR. \u0160alti ir turtingi maistin\u0117mis med\u017eiagomis Arkties vandenyno vandenys suteikia ypating\u0105 m\u016bs\u0173 naudojam\u0173 menki\u0173 riebi\u0173j\u0173 r\u016bg\u0161\u010di\u0173 strukt\u016br\u0105 &#8211; ypa\u010d didel\u012f DHR riebal\u0173 r\u016bg\u0161\u010di\u0173 kiek\u012f.<\/p>\n<h3>Teigiamas Omega-3 riebal\u0173 r\u016bg\u0161\u010di\u0173 EPR ir DHR poveikis<\/h3>\n<p style=\"text-align: left;\"><i>* \u041f\u043e \u0434\u0430\u043d\u043d\u044b\u043c EFSA, \u0441\u0443\u0442\u043e\u0447\u043d\u0430\u044f \u043d\u043e\u0440\u043c\u0430 \u043f\u043e\u0442\u0440\u0435\u0431\u043b\u0435\u043d\u0438\u044f \u0441\u043e\u0441\u0442\u0430\u0432\u043b\u044f\u0435\u0442 250 \u043c\u0433 \u0414\u0413\u041a.<br \/>\n** \u041f\u043e \u0434\u0430\u043d\u043d\u044b\u043c EFSA, \u0441\u0443\u0442\u043e\u0447\u043d\u0430\u044f \u043d\u043e\u0440\u043c\u0430 \u043f\u043e\u0442\u0440\u0435\u0431\u043b\u0435\u043d\u0438\u044f \u0441\u043e\u0441\u0442\u0430\u0432\u043b\u044f\u0435\u0442 250 \u043c\u0433 \u042d\u041f\u0420 \u0438 \u0414\u0413\u041a.<br \/>\n\u0427\u0442\u043e\u0431\u044b \u0443\u0437\u043d\u0430\u0442\u044c \u0431\u043e\u043b\u044c\u0448\u0435, \u043d\u0430\u0436\u043c\u0438\u0442\u0435\u00a0<a href=\"https:\/\/norsan.lt\/ru\/omega-3-efsa\/\" target=\"_blank\" rel=\"noopener noreferrer\">\u0437\u0434\u0435\u0441\u044c.<\/a><\/i><\/p>\n<h2><span style=\"color: #5994b9;\"><b>Omega-3 Arktis kapsuli\u0173 vartojimas<\/b><\/span><\/h2>\n<h3>\u041a\u0430\u043a \u0438\u0441\u043f\u043e\u043b\u044c\u0437\u043e\u0432\u0430\u0442\u044c?<\/h3>\n<p>2 x 3 kapsules per dien\u0105 valgio metu arba po jo. Paros doz\u0117je yra 1500 mg Omega-3 riebal\u0173 r\u016bg\u0161\u010di\u0173, kuriose yra 480 mg EPR ir 720 mg DHR.<\/p>\n<h3>Nesukelia nemalonaus refliukso<\/h3>\n<p>Auk\u0161ta \u017ealiav\u0173 kokyb\u0117, \u0161vie\u017eumas ir menki\u0173 kilm\u0117 apsaugo nuo nemalonaus refliukso ir poskonio i\u0161g\u0117rus &#8220;Omega-3 Arktis&#8221; kapsules. Arkties vandenynas ypa\u010d turtingas maistin\u0117mis med\u017eiagomis ir ma\u017eai u\u017eter\u0161tas. Ta\u010diau nepaisant to, aliejus yra i\u0161valomas nuo vis\u0173 ter\u0161al\u0173, PCB ir sunki\u0173j\u0173 metal\u0173.<\/p>\n<p>Laikas tarp \u017euvies pagavimo ir perdirbimo ypa\u010d trumpas &#8211; tai trunka iki 2 valand\u0173. B\u016btent d\u0117l to NORSAN menki\u0173 kepen\u0173 aliejus turi \u017eem\u0105 ToTox indeks\u0105 (oksidacijos indeks\u0105, kuris nusako produkto \u0161vie\u017eum\u0105) ir suvartojus nesukelia nemalonaus refliukso (atsir\u016bgimo).<\/p>\n<h2><span style=\"color: #5994b9;\"><b>\u0421\u043e\u0441\u0442\u0430\u0432 \u0438 \u043f\u0438\u0449\u0435\u0432\u0430\u044f \u0446\u0435\u043d\u043d\u043e\u0441\u0442\u044c<\/b><\/span><\/h2>\n<div class=\"marginBottom\">\n<h4>\u0418\u043d\u0433\u0440\u0435\u0434\u0438\u0435\u043d\u0442\u044b<\/h4>\n<p>Nat\u016bralus menki\u0173 kepen\u0173 aliejus (70,8%); \u017eelatina; dr\u0117kiklis: glicerinas; antioksidantas: rozmarino ekstraktas; vitaminas E (mi\u0161r\u016bs tokoferoliai).<\/p>\n<h4>\u0423\u0441\u043b\u043e\u0432\u0438\u044f \u0445\u0440\u0430\u043d\u0435\u043d\u0438\u044f<\/h4>\n<p>Neatidaryti produktai tur\u0117t\u0173 b\u016bti laikomi atokiau nuo tiesiogini\u0173 saul\u0117s spinduli\u0173, kambario temperat\u016broje. Saugoti nuo ma\u017e\u0173 vaik\u0173. Nevir\u0161ykite rekomenduojamos paros doz\u0117s. Maisto papildai nepakei\u010dia \u012fvairios ir subalansuotos mitybos ar sveikos gyvensenos.<\/p>\n<\/div>\n<h6>\u041a\u043e\u0434 ACL13 \u0438\u043b\u0438 GTIN<\/h6>\n<p>Omega-3 Arktis Capsules<br \/>\n0781490329986<\/p>","protected":false},"excerpt":{"rendered":"<div class=\"priceExtra\"><\/div>\n<p><span style=\"color: #5994b9;\"><span style=\"color: #5994b9;\"><b>J\u016bs\u0173 \u0161ird\u017eiai, akims ir smegenims\u00a0 <\/b><\/span><\/span><\/p>\n<p><span style=\"color: #5994b9;\"><span style=\"color: #5994b9;\"><b>\u041f\u043e\u0434\u0445\u043e\u0434\u0438\u0442 \u0434\u043b\u044f \u0431\u0435\u0440\u0435\u043c\u0435\u043d\u043d\u044b\u0445 \u0438 \u043a\u043e\u0440\u043c\u044f\u0449\u0438\u0445 \u0436\u0435\u043d\u0449\u0438\u043d<\/b><\/span><\/span><\/p>\n<p><span style=\"color: #5994b9;\">\u2713<\/span> 1 500 mg Omega-3 per par\u0105 (2 x 3 kapsul\u0117s)<br \/>\n<span style=\"color: #5994b9;\">\u2713<\/span> \u041d\u0435 \u0432\u044b\u0437\u044b\u0432\u0430\u0435\u0442 \u0440\u0435\u0444\u043b\u044e\u043a\u0441\u0430<br \/>\n<span style=\"color: #5994b9;\">\u2713<\/span> 100% nat\u016bralus laukini\u0173 menki\u0173 kepen\u0173, sugaut\u0173 tvarios \u017evejybos b\u016bdu Arkties vandenyne, aliejus<br \/>\n<span style=\"color: #5994b9;\">\u2713<\/span> I\u0161valytas nuo ter\u0161al\u0173, sunki\u0173j\u0173 metal\u0173 ir PCB<br \/>\n<span style=\"color: #5994b9;\">\u2713<\/span> Nekoncentruotas &#8211; neapdirbtas cheminiu b\u016bdu<br \/>\n<span style=\"color: #5994b9;\">\u2713<\/span> Rozmarin\u0173 ekstraktas kaip antioksidantas<br \/>\n<strong><br \/>\n<\/strong><strong>\u0421\u043a\u0438\u0434\u043a\u0430:\u00a0<\/strong><strong>Perkant 3 ir daugiau, taikoma 2\u20ac nuolaida kiekvienam vienetui!<i>*<\/i><\/strong><br \/>\n<i>*<\/i><i>Nuolaida bus rodoma J\u016bs\u0173 krep\u0161elyje.<\/i> <a href=\"https:\/\/norsan.lt\/ru\/produkto\/omega-3-arktis-kapsules-120-vnt\/\">&#8230;Skaityti daugiau<\/a><\/p>","protected":false},"featured_media":569412,"comment_status":"open","ping_status":"closed","template":"","meta":{"_wpo_ez_expert_only":false},"product_brand":[],"product_cat":[115,104],"product_tag":[128,121,126,127],"class_list":{"0":"post-142655","1":"product","2":"type-product","3":"status-publish","4":"has-post-thumbnail","6":"product_cat-omega-3-suaugusiems","7":"product_cat-omega-3-is-menkiu-kepenu","8":"product_tag-kapsules","9":"product_tag-papildai-smegenims","10":"product_tag-omega-3-2000mg","11":"product_tag-omega-3-su-polifenoliais","12":"sales-flash-overlay","13":"woocommerce-text-align-center","14":"woocommerce-image-align-center","15":"do-quantity-buttons","17":"first","18":"instock","19":"shipping-taxable","20":"purchasable","21":"product-type-simple"},"_links":{"self":[{"href":"https:\/\/norsan.lt\/ru\/wp-json\/wp\/v2\/product\/142655","targetHints":{"allow":["GET"]}}],"collection":[{"href":"https:\/\/norsan.lt\/ru\/wp-json\/wp\/v2\/product"}],"about":[{"href":"https:\/\/norsan.lt\/ru\/wp-json\/wp\/v2\/types\/product"}],"replies":[{"embeddable":true,"href":"https:\/\/norsan.lt\/ru\/wp-json\/wp\/v2\/comments?post=142655"}],"wp:featuredmedia":[{"embeddable":true,"href":"https:\/\/norsan.lt\/ru\/wp-json\/wp\/v2\/media\/569412"}],"wp:attachment":[{"href":"https:\/\/norsan.lt\/ru\/wp-json\/wp\/v2\/media?parent=142655"}],"wp:term":[{"taxonomy":"product_brand","embeddable":true,"href":"https:\/\/norsan.lt\/ru\/wp-json\/wp\/v2\/product_brand?post=142655"},{"taxonomy":"product_cat","embeddable":true,"href":"https:\/\/norsan.lt\/ru\/wp-json\/wp\/v2\/product_cat?post=142655"},{"taxonomy":"product_tag","embeddable":true,"href":"https:\/\/norsan.lt\/ru\/wp-json\/wp\/v2\/product_tag?post=142655"}],"curies":[{"name":"wp","href":"https:\/\/api.w.org\/{rel}","templated":true}]}}