{"id":7,"date":"2023-11-30T13:15:50","date_gmt":"2023-11-30T13:15:50","guid":{"rendered":"http:\/\/norsan-int-temp.local\/cart\/"},"modified":"2023-11-30T13:15:50","modified_gmt":"2023-11-30T13:15:50","slug":"cart","status":"publish","type":"page","link":"https:\/\/norsan.lt\/ru\/cart\/","title":{"rendered":"Cart"},"content":{"rendered":"<div data-block-name=\"woocommerce\/cart\" class=\"wp-block-woocommerce-cart alignwide is-loading\">\n<div data-block-name=\"woocommerce\/filled-cart-block\" class=\"wp-block-woocommerce-filled-cart-block\">\n<div data-block-name=\"woocommerce\/cart-items-block\" class=\"wp-block-woocommerce-cart-items-block\">\n<div data-block-name=\"woocommerce\/cart-line-items-block\" class=\"wp-block-woocommerce-cart-line-items-block\"><\/div>\n\n\n\n<div data-block-name=\"woocommerce\/cart-cross-sells-block\" class=\"wp-block-woocommerce-cart-cross-sells-block\">\n<h2 class=\"wp-block-heading has-large-font-size\">You may be interested in\u2026<\/h2>\n\n\n\n<div data-block-name=\"woocommerce\/cart-cross-sells-products-block\" class=\"wp-block-woocommerce-cart-cross-sells-products-block\"><\/div>\n<\/div>\n<\/div>\n\n\n\n<div data-block-name=\"woocommerce\/cart-totals-block\" class=\"wp-block-woocommerce-cart-totals-block\">\n<div data-block-name=\"woocommerce\/cart-order-summary-block\" class=\"wp-block-woocommerce-cart-order-summary-block\">\n<div data-block-name=\"woocommerce\/cart-order-summary-heading-block\" class=\"wp-block-woocommerce-cart-order-summary-heading-block\"><\/div><div data-block-name=\"woocommerce\/cart-order-summary-coupon-form-block\" class=\"wp-block-woocommerce-cart-order-summary-coupon-form-block\"><\/div><div data-block-name=\"woocommerce\/cart-order-summary-totals-block\" class=\"wp-block-woocommerce-cart-order-summary-totals-block\">\n<div data-block-name=\"woocommerce\/cart-order-summary-subtotal-block\" class=\"wp-block-woocommerce-cart-order-summary-subtotal-block\"><\/div>\n<div data-block-name=\"woocommerce\/cart-order-summary-discount-block\" class=\"wp-block-woocommerce-cart-order-summary-discount-block\"><\/div>\n<div data-block-name=\"woocommerce\/cart-order-summary-fee-block\" class=\"wp-block-woocommerce-cart-order-summary-fee-block\"><\/div>\n<div data-block-name=\"woocommerce\/cart-order-summary-shipping-block\" class=\"wp-block-woocommerce-cart-order-summary-shipping-block\"><\/div>\n<div data-block-name=\"woocommerce\/cart-order-summary-taxes-block\" class=\"wp-block-woocommerce-cart-order-summary-taxes-block\"><\/div><\/div>\n<\/div>\n\n\n\n<div data-block-name=\"woocommerce\/cart-express-payment-block\" class=\"wp-block-woocommerce-cart-express-payment-block\"><\/div>\n\n\n\n<div data-block-name=\"woocommerce\/proceed-to-checkout-block\" class=\"wp-block-woocommerce-proceed-to-checkout-block\"><\/div>\n\n\n\n<div data-block-name=\"woocommerce\/cart-accepted-payment-methods-block\" class=\"wp-block-woocommerce-cart-accepted-payment-methods-block\"><\/div>\n<\/div>\n<\/div>\n\n\n\n<div data-block-name=\"woocommerce\/empty-cart-block\" class=\"wp-block-woocommerce-empty-cart-block\">\n<h2 class=\"wp-block-heading has-text-align-center with-empty-cart-icon wc-block-cart__empty-cart__title\">Your cart is currently empty!<\/h2>\n\n\n\n<hr class=\"wp-block-separator has-alpha-channel-opacity is-style-dots\"\/>\n\n\n\n<h2 class=\"wp-block-heading has-text-align-center\">New in store<\/h2>\n\n\n<div data-block-name=\"woocommerce\/product-new\" data-columns=\"4\" data-rows=\"1\" class=\"wc-block-grid wp-block-product-new wp-block-woocommerce-product-new wc-block-product-new has-4-columns\"><ul class=\"wc-block-grid__products\"><li class=\"wc-block-grid__product\"><span class=\"gtm4wp_productdata\" style=\"display:none; visibility:hidden;\" data-gtm4wp_product_data=\"{&quot;internal_id&quot;:569999,&quot;item_id&quot;:569999,&quot;item_name&quot;:&quot;Omega-3 Alga Jelly, \\u017eelatinin\\u0117s pastil\\u0117s, 120 vnt.&quot;,&quot;sku&quot;:&quot;8000-8&quot;,&quot;price&quot;:59,&quot;stocklevel&quot;:null,&quot;stockstatus&quot;:&quot;instock&quot;,&quot;google_business_vertical&quot;:&quot;retail&quot;,&quot;item_category&quot;:&quot;Omega-3 (\\u017euv\\u0173 taukai) vaikams&quot;,&quot;id&quot;:569999,&quot;productlink&quot;:&quot;https:\\\/\\\/norsan.lt\\\/ru\\\/produkto\\\/omega-3-alga-jelly-zelatinines-pastiles-120-vnt\\\/&quot;,&quot;item_list_name&quot;:&quot;General Product List&quot;,&quot;index&quot;:0,&quot;product_type&quot;:&quot;simple&quot;,&quot;item_brand&quot;:&quot;&quot;}\"><\/span> \n\t\t\t\t<a href=\"https:\/\/norsan.lt\/ru\/produkto\/omega-3-alga-jelly-zelatinines-pastiles-120-vnt\/\" class=\"wc-block-grid__product-link\">\n                    \n\t\t\t\t\t<div class=\"wc-block-grid__product-image\"><img loading=\"lazy\" decoding=\"async\" width=\"333\" height=\"333\" src=\"https:\/\/norsan.lt\/wp-content\/uploads\/2026\/03\/products-4-333x333.png\" class=\"attachment-woocommerce_thumbnail size-woocommerce_thumbnail\" alt=\"Omega-3 Alga Jelly, \u017eelatinin\u0117s pastil\u0117s, 120 vnt.\" srcset=\"https:\/\/norsan.lt\/wp-content\/uploads\/2026\/03\/products-4-333x333.png 333w, https:\/\/norsan.lt\/wp-content\/uploads\/2026\/03\/products-4-300x300.png 300w, https:\/\/norsan.lt\/wp-content\/uploads\/2026\/03\/products-4-150x150.png 150w, https:\/\/norsan.lt\/wp-content\/uploads\/2026\/03\/products-4-768x768.png 768w, https:\/\/norsan.lt\/wp-content\/uploads\/2026\/03\/products-4-12x12.png 12w, https:\/\/norsan.lt\/wp-content\/uploads\/2026\/03\/products-4-500x500.png 500w, https:\/\/norsan.lt\/wp-content\/uploads\/2026\/03\/products-4-100x100.png 100w, https:\/\/norsan.lt\/wp-content\/uploads\/2026\/03\/products-4.png 1000w\" sizes=\"auto, (max-width: 333px) 100vw, 333px\" \/><\/div>\n\t\t\t\t\t<div class=\"wc-block-grid__product-title\">Omega-3 Alga Jelly, \u017eelatinin\u0117s pastil\u0117s, 120 vnt.<\/div>\n\t\t\t\t<\/a>\n\t\t\t\t\n\t\t\t\t<div class=\"wc-block-grid__product-price price\"><span class=\"woocommerce-Price-amount amount\"><bdi>59,00&nbsp;<span class=\"woocommerce-Price-currencySymbol\">\u20ac<\/span><\/bdi><\/span><\/div>\n\t\t\t\t\n\t\t\t\t<div class=\"wp-block-button wc-block-grid__product-add-to-cart\"><a href=\"\/ru\/wp-json\/wp\/v2\/pages\/7?add-to-cart=569999\" aria-label=\"\u0414\u043e\u0431\u0430\u0432\u0438\u0442\u044c \u0432 \u043a\u043e\u0440\u0437\u0438\u043d\u0443 &laquo;Omega-3 Alga Jelly, \u017eelatinin\u0117s pastil\u0117s, 120 vnt.&raquo;\" data-quantity=\"1\" data-product_id=\"569999\" data-product_sku=\"8000-8\" data-price=\"59\" rel=\"nofollow\" class=\"wp-block-button__link  add_to_cart_button ajax_add_to_cart\">\u0412 \u043a\u043e\u0440\u0437\u0438\u043d\u0443<\/a><\/div>\n\t\t\t<\/li><li class=\"wc-block-grid__product\"><span class=\"gtm4wp_productdata\" style=\"display:none; visibility:hidden;\" data-gtm4wp_product_data=\"{&quot;internal_id&quot;:569834,&quot;item_id&quot;:569834,&quot;item_name&quot;:&quot;Omega-3 Vegan EPA aliejus, 100 ml&quot;,&quot;sku&quot;:&quot;7035&quot;,&quot;price&quot;:34,&quot;stocklevel&quot;:null,&quot;stockstatus&quot;:&quot;instock&quot;,&quot;google_business_vertical&quot;:&quot;retail&quot;,&quot;item_category&quot;:&quot;Omega-3 aliejus i\\u0161 j\\u016bros dumbli\\u0173&quot;,&quot;id&quot;:569834,&quot;productlink&quot;:&quot;https:\\\/\\\/norsan.lt\\\/ru\\\/produkto\\\/omega-3-vegan-epa-aliejus-100-ml\\\/&quot;,&quot;item_list_name&quot;:&quot;General Product List&quot;,&quot;index&quot;:0,&quot;product_type&quot;:&quot;simple&quot;,&quot;item_brand&quot;:&quot;&quot;}\"><\/span> \n\t\t\t\t<a href=\"https:\/\/norsan.lt\/ru\/produkto\/omega-3-vegan-epa-aliejus-100-ml\/\" class=\"wc-block-grid__product-link\">\n                    <span class=\"acoplw-badge acoplw-textBlock\"><span class=\"acoplw-badge-icon acoplw-bsone acoplwLeftAlign acoplwPosTop acoplw-custom-badge-569841\" style=\"opacity:1;width:100px;font-size:12px;line-height:px;font-weight: 600;height:30px;transform:rotateX(0deg) rotateY(0deg) rotateZ(0deg);border-radius: 3px 3px 3px 3px;top:0px;bottom:auto;background:rgba(50, 105, 33, 1);\"><span class=\"acoplw-blockText\" style=\"color:rgba(255, 255, 255, 1);\">NAUJIENA<\/span><\/span><\/span>\n\t\t\t\t\t<div class=\"wc-block-grid__product-image\"><img loading=\"lazy\" decoding=\"async\" width=\"333\" height=\"333\" src=\"https:\/\/norsan.lt\/wp-content\/uploads\/2026\/02\/products-8-333x333.png\" class=\"attachment-woocommerce_thumbnail size-woocommerce_thumbnail\" alt=\"Omega-3 Vegan EPA aliejus, 100 ml\" srcset=\"https:\/\/norsan.lt\/wp-content\/uploads\/2026\/02\/products-8-333x333.png 333w, https:\/\/norsan.lt\/wp-content\/uploads\/2026\/02\/products-8-300x300.png 300w, https:\/\/norsan.lt\/wp-content\/uploads\/2026\/02\/products-8-150x150.png 150w, https:\/\/norsan.lt\/wp-content\/uploads\/2026\/02\/products-8-768x768.png 768w, https:\/\/norsan.lt\/wp-content\/uploads\/2026\/02\/products-8-12x12.png 12w, https:\/\/norsan.lt\/wp-content\/uploads\/2026\/02\/products-8-500x500.png 500w, https:\/\/norsan.lt\/wp-content\/uploads\/2026\/02\/products-8-100x100.png 100w, https:\/\/norsan.lt\/wp-content\/uploads\/2026\/02\/products-8.png 1000w\" sizes=\"auto, (max-width: 333px) 100vw, 333px\" \/><\/div>\n\t\t\t\t\t<div class=\"wc-block-grid__product-title\">Omega-3 Vegan EPA aliejus, 100 ml<\/div>\n\t\t\t\t<\/a>\n\t\t\t\t\n\t\t\t\t<div class=\"wc-block-grid__product-price price\"><span class=\"woocommerce-Price-amount amount\"><bdi>34,00&nbsp;<span class=\"woocommerce-Price-currencySymbol\">\u20ac<\/span><\/bdi><\/span><\/div>\n\t\t\t\t\n\t\t\t\t<div class=\"wp-block-button wc-block-grid__product-add-to-cart\"><a href=\"\/ru\/wp-json\/wp\/v2\/pages\/7?add-to-cart=569834\" aria-label=\"\u0414\u043e\u0431\u0430\u0432\u0438\u0442\u044c \u0432 \u043a\u043e\u0440\u0437\u0438\u043d\u0443 &laquo;Omega-3 Vegan EPA aliejus, 100 ml&raquo;\" data-quantity=\"1\" data-product_id=\"569834\" data-product_sku=\"7035\" data-price=\"34\" rel=\"nofollow\" class=\"wp-block-button__link  add_to_cart_button ajax_add_to_cart\">\u0412 \u043a\u043e\u0440\u0437\u0438\u043d\u0443<\/a><\/div>\n\t\t\t<\/li><li class=\"wc-block-grid__product\"><span class=\"gtm4wp_productdata\" style=\"display:none; visibility:hidden;\" data-gtm4wp_product_data=\"{&quot;internal_id&quot;:566029,&quot;item_id&quot;:566029,&quot;item_name&quot;:&quot;Omega-3 Arktis kapsuli\\u0173 komplektas&quot;,&quot;sku&quot;:&quot;2011-11&quot;,&quot;price&quot;:42,&quot;stocklevel&quot;:null,&quot;stockstatus&quot;:&quot;instock&quot;,&quot;google_business_vertical&quot;:&quot;retail&quot;,&quot;item_category&quot;:&quot;Omega-3 (\\u017euv\\u0173 taukai) suaugusiems&quot;,&quot;id&quot;:566029,&quot;productlink&quot;:&quot;https:\\\/\\\/norsan.lt\\\/ru\\\/produkto\\\/omega-3-arktis-kapsuliu-komplektas\\\/&quot;,&quot;item_list_name&quot;:&quot;General Product List&quot;,&quot;index&quot;:0,&quot;product_type&quot;:&quot;simple&quot;,&quot;item_brand&quot;:&quot;&quot;}\"><\/span> \n\t\t\t\t<a href=\"https:\/\/norsan.lt\/ru\/produkto\/omega-3-arktis-kapsuliu-komplektas\/\" class=\"wc-block-grid__product-link\">\n                    \n\t\t\t\t\t<div class=\"wc-block-grid__product-image\"><img loading=\"lazy\" decoding=\"async\" width=\"333\" height=\"333\" src=\"https:\/\/norsan.lt\/wp-content\/uploads\/2019\/08\/28-333x333.png\" class=\"attachment-woocommerce_thumbnail size-woocommerce_thumbnail\" alt=\"Omega-3 Arktis kapsuli\u0173 komplektas\" srcset=\"https:\/\/norsan.lt\/wp-content\/uploads\/2019\/08\/28-333x333.png 333w, https:\/\/norsan.lt\/wp-content\/uploads\/2019\/08\/28-300x300.png 300w, https:\/\/norsan.lt\/wp-content\/uploads\/2019\/08\/28-150x150.png 150w, https:\/\/norsan.lt\/wp-content\/uploads\/2019\/08\/28-768x768.png 768w, https:\/\/norsan.lt\/wp-content\/uploads\/2019\/08\/28-12x12.png 12w, https:\/\/norsan.lt\/wp-content\/uploads\/2019\/08\/28-500x500.png 500w, https:\/\/norsan.lt\/wp-content\/uploads\/2019\/08\/28-100x100.png 100w, https:\/\/norsan.lt\/wp-content\/uploads\/2019\/08\/28.png 1000w\" sizes=\"auto, (max-width: 333px) 100vw, 333px\" \/><\/div>\n\t\t\t\t\t<div class=\"wc-block-grid__product-title\">Omega-3 Arktis kapsuli\u0173 komplektas<\/div>\n\t\t\t\t<\/a>\n\t\t\t\t<div class=\"wc-block-grid__product-onsale\">\n\t\t\t<span aria-hidden=\"true\">\u0420\u0430\u0441\u043f\u0440\u043e\u0434\u0430\u0436\u0430<\/span>\n\t\t\t<span class=\"screen-reader-text\">\u041f\u0440\u043e\u0434\u0430\u0432\u0430\u0435\u043c\u044b\u0439 \u0442\u043e\u0432\u0430\u0440<\/span>\n\t\t<\/div>\n\t\t\t\t<div class=\"wc-block-grid__product-price price\"><del aria-hidden=\"true\"><span class=\"woocommerce-Price-amount amount\"><bdi>48,00&nbsp;<span class=\"woocommerce-Price-currencySymbol\">\u20ac<\/span><\/bdi><\/span><\/del> <span class=\"screen-reader-text\">\u041f\u0435\u0440\u0432\u043e\u043d\u0430\u0447\u0430\u043b\u044c\u043d\u0430\u044f \u0446\u0435\u043d\u0430 \u0441\u043e\u0441\u0442\u0430\u0432\u043b\u044f\u043b\u0430 48,00&nbsp;&euro;.<\/span><ins aria-hidden=\"true\"><span class=\"woocommerce-Price-amount amount\"><bdi>42,00&nbsp;<span class=\"woocommerce-Price-currencySymbol\">\u20ac<\/span><\/bdi><\/span><\/ins><span class=\"screen-reader-text\">\u0422\u0435\u043a\u0443\u0449\u0430\u044f \u0446\u0435\u043d\u0430: 42,00&nbsp;&euro;.<\/span><\/div>\n\t\t\t\t\n\t\t\t\t<div class=\"wp-block-button wc-block-grid__product-add-to-cart\"><a href=\"\/ru\/wp-json\/wp\/v2\/pages\/7?add-to-cart=566029\" aria-label=\"\u0414\u043e\u0431\u0430\u0432\u0438\u0442\u044c \u0432 \u043a\u043e\u0440\u0437\u0438\u043d\u0443 &laquo;Omega-3 Arktis kapsuli\u0173 komplektas&raquo;\" data-quantity=\"1\" data-product_id=\"566029\" data-product_sku=\"2011-11\" data-price=\"42\" rel=\"nofollow\" class=\"wp-block-button__link  add_to_cart_button ajax_add_to_cart\">\u0412 \u043a\u043e\u0440\u0437\u0438\u043d\u0443<\/a><\/div>\n\t\t\t<\/li><li class=\"wc-block-grid__product\"><span class=\"gtm4wp_productdata\" style=\"display:none; visibility:hidden;\" data-gtm4wp_product_data=\"{&quot;internal_id&quot;:566027,&quot;item_id&quot;:566027,&quot;item_name&quot;:&quot;Omega-3 Arktis komplektas&quot;,&quot;sku&quot;:&quot;2011-10&quot;,&quot;price&quot;:42,&quot;stocklevel&quot;:null,&quot;stockstatus&quot;:&quot;instock&quot;,&quot;google_business_vertical&quot;:&quot;retail&quot;,&quot;item_category&quot;:&quot;Omega-3 (\\u017euv\\u0173 taukai) suaugusiems&quot;,&quot;id&quot;:566027,&quot;productlink&quot;:&quot;https:\\\/\\\/norsan.lt\\\/ru\\\/produkto\\\/omega-3-arktis-komplektas-2\\\/&quot;,&quot;item_list_name&quot;:&quot;General Product List&quot;,&quot;index&quot;:0,&quot;product_type&quot;:&quot;simple&quot;,&quot;item_brand&quot;:&quot;&quot;}\"><\/span> \n\t\t\t\t<a href=\"https:\/\/norsan.lt\/ru\/produkto\/omega-3-arktis-komplektas-2\/\" class=\"wc-block-grid__product-link\">\n                    \n\t\t\t\t\t<div class=\"wc-block-grid__product-image\"><img loading=\"lazy\" decoding=\"async\" width=\"333\" height=\"333\" src=\"https:\/\/norsan.lt\/wp-content\/uploads\/2025\/03\/22-333x333.png\" class=\"attachment-woocommerce_thumbnail size-woocommerce_thumbnail\" alt=\"Omega-3 Arktis komplektas\" srcset=\"https:\/\/norsan.lt\/wp-content\/uploads\/2025\/03\/22-333x333.png 333w, https:\/\/norsan.lt\/wp-content\/uploads\/2025\/03\/22-300x300.png 300w, https:\/\/norsan.lt\/wp-content\/uploads\/2025\/03\/22-150x150.png 150w, https:\/\/norsan.lt\/wp-content\/uploads\/2025\/03\/22-768x768.png 768w, https:\/\/norsan.lt\/wp-content\/uploads\/2025\/03\/22-12x12.png 12w, https:\/\/norsan.lt\/wp-content\/uploads\/2025\/03\/22-500x500.png 500w, https:\/\/norsan.lt\/wp-content\/uploads\/2025\/03\/22-100x100.png 100w, https:\/\/norsan.lt\/wp-content\/uploads\/2025\/03\/22.png 1000w\" sizes=\"auto, (max-width: 333px) 100vw, 333px\" \/><\/div>\n\t\t\t\t\t<div class=\"wc-block-grid__product-title\">Omega-3 Arktis komplektas<\/div>\n\t\t\t\t<\/a>\n\t\t\t\t<div class=\"wc-block-grid__product-onsale\">\n\t\t\t<span aria-hidden=\"true\">\u0420\u0430\u0441\u043f\u0440\u043e\u0434\u0430\u0436\u0430<\/span>\n\t\t\t<span class=\"screen-reader-text\">\u041f\u0440\u043e\u0434\u0430\u0432\u0430\u0435\u043c\u044b\u0439 \u0442\u043e\u0432\u0430\u0440<\/span>\n\t\t<\/div>\n\t\t\t\t<div class=\"wc-block-grid__product-price price\"><del aria-hidden=\"true\"><span class=\"woocommerce-Price-amount amount\"><bdi>48,00&nbsp;<span class=\"woocommerce-Price-currencySymbol\">\u20ac<\/span><\/bdi><\/span><\/del> <span class=\"screen-reader-text\">\u041f\u0435\u0440\u0432\u043e\u043d\u0430\u0447\u0430\u043b\u044c\u043d\u0430\u044f \u0446\u0435\u043d\u0430 \u0441\u043e\u0441\u0442\u0430\u0432\u043b\u044f\u043b\u0430 48,00&nbsp;&euro;.<\/span><ins aria-hidden=\"true\"><span class=\"woocommerce-Price-amount amount\"><bdi>42,00&nbsp;<span class=\"woocommerce-Price-currencySymbol\">\u20ac<\/span><\/bdi><\/span><\/ins><span class=\"screen-reader-text\">\u0422\u0435\u043a\u0443\u0449\u0430\u044f \u0446\u0435\u043d\u0430: 42,00&nbsp;&euro;.<\/span><\/div>\n\t\t\t\t\n\t\t\t\t<div class=\"wp-block-button wc-block-grid__product-add-to-cart\"><a href=\"\/ru\/wp-json\/wp\/v2\/pages\/7?add-to-cart=566027\" aria-label=\"\u0414\u043e\u0431\u0430\u0432\u0438\u0442\u044c \u0432 \u043a\u043e\u0440\u0437\u0438\u043d\u0443 &laquo;Omega-3 Arktis komplektas&raquo;\" data-quantity=\"1\" data-product_id=\"566027\" data-product_sku=\"2011-10\" data-price=\"42\" rel=\"nofollow\" class=\"wp-block-button__link  add_to_cart_button ajax_add_to_cart\">\u0412 \u043a\u043e\u0440\u0437\u0438\u043d\u0443<\/a><\/div>\n\t\t\t<\/li><\/ul><\/div><\/div>\n<\/div>","protected":false},"excerpt":{"rendered":"","protected":false},"author":2,"featured_media":0,"parent":0,"menu_order":0,"comment_status":"closed","ping_status":"closed","template":"","meta":{"_wpo_ez_expert_only":false,"footnotes":""},"class_list":["post-7","page","type-page","status-publish"],"_links":{"self":[{"href":"https:\/\/norsan.lt\/ru\/wp-json\/wp\/v2\/pages\/7","targetHints":{"allow":["GET"]}}],"collection":[{"href":"https:\/\/norsan.lt\/ru\/wp-json\/wp\/v2\/pages"}],"about":[{"href":"https:\/\/norsan.lt\/ru\/wp-json\/wp\/v2\/types\/page"}],"author":[{"embeddable":true,"href":"https:\/\/norsan.lt\/ru\/wp-json\/wp\/v2\/users\/2"}],"replies":[{"embeddable":true,"href":"https:\/\/norsan.lt\/ru\/wp-json\/wp\/v2\/comments?post=7"}],"version-history":[{"count":0,"href":"https:\/\/norsan.lt\/ru\/wp-json\/wp\/v2\/pages\/7\/revisions"}],"wp:attachment":[{"href":"https:\/\/norsan.lt\/ru\/wp-json\/wp\/v2\/media?parent=7"}],"curies":[{"name":"wp","href":"https:\/\/api.w.org\/{rel}","templated":true}]}}