{"id":570619,"date":"2026-04-22T11:43:24","date_gmt":"2026-04-22T09:43:24","guid":{"rendered":"https:\/\/norsan.lt\/?page_id=570619"},"modified":"2026-04-22T11:43:24","modified_gmt":"2026-04-22T09:43:24","slug":"atsiliepimai","status":"publish","type":"page","link":"https:\/\/norsan.lt\/ru\/atsiliepimai\/","title":{"rendered":"\u041e\u0442\u0437\u044b\u0432\u044b"},"content":{"rendered":"<p>D\u0117kojame u\u017e visus teigiamus atsiliepimus ir komentarus apie NORSAN produktus. Jei nor\u0117tum\u0117te pasidalyti savo patirtimi, pavyzd\u017eiui, apie skon\u012f, poveik\u012f ar Omega-3 aliejaus naudojim\u0105 maiste ar gydymo tikslais, b\u016btume labai d\u0117kingi, jei para\u0161ytum\u0117te mums el. pa\u0161tu info@norsan.lt<\/p>","protected":false},"excerpt":{"rendered":"<p>D\u0117kojame u\u017e visus teigiamus atsiliepimus ir komentarus apie NORSAN produktus. Jei nor\u0117tum\u0117te pasidalyti savo patirtimi, pavyzd\u017eiui, apie skon\u012f, poveik\u012f ar Omega-3 aliejaus &#8230; <a title=\"\u041e\u0442\u0437\u044b\u0432\u044b\" class=\"read-more\" href=\"https:\/\/norsan.lt\/ru\/atsiliepimai\/\" aria-label=\"\u041f\u0440\u043e\u0447\u0438\u0442\u0430\u0442\u044c \u0431\u043e\u043b\u044c\u0448\u0435 \u043e Atsiliepimai\">\u0427\u0438\u0442\u0430\u0442\u044c \u0434\u0430\u043b\u0435\u0435<\/a><\/p>","protected":false},"author":1493,"featured_media":0,"parent":0,"menu_order":0,"comment_status":"closed","ping_status":"closed","template":"","meta":{"_wpo_ez_expert_only":false,"footnotes":""},"class_list":["post-570619","page","type-page","status-publish"],"_links":{"self":[{"href":"https:\/\/norsan.lt\/ru\/wp-json\/wp\/v2\/pages\/570619","targetHints":{"allow":["GET"]}}],"collection":[{"href":"https:\/\/norsan.lt\/ru\/wp-json\/wp\/v2\/pages"}],"about":[{"href":"https:\/\/norsan.lt\/ru\/wp-json\/wp\/v2\/types\/page"}],"author":[{"embeddable":true,"href":"https:\/\/norsan.lt\/ru\/wp-json\/wp\/v2\/users\/1493"}],"replies":[{"embeddable":true,"href":"https:\/\/norsan.lt\/ru\/wp-json\/wp\/v2\/comments?post=570619"}],"version-history":[{"count":2,"href":"https:\/\/norsan.lt\/ru\/wp-json\/wp\/v2\/pages\/570619\/revisions"}],"predecessor-version":[{"id":570622,"href":"https:\/\/norsan.lt\/ru\/wp-json\/wp\/v2\/pages\/570619\/revisions\/570622"}],"wp:attachment":[{"href":"https:\/\/norsan.lt\/ru\/wp-json\/wp\/v2\/media?parent=570619"}],"curies":[{"name":"wp","href":"https:\/\/api.w.org\/{rel}","templated":true}]}}