{"id":563459,"date":"2024-08-01T10:22:05","date_gmt":"2024-08-01T10:22:05","guid":{"rendered":"https:\/\/norsan.lt\/?page_id=563459"},"modified":"2026-04-15T11:07:04","modified_gmt":"2026-04-15T09:07:04","slug":"ekspertu-padekos-puslapis","status":"publish","type":"page","link":"https:\/\/norsan.lt\/ru\/ekspertu-padekos-puslapis\/","title":{"rendered":"Ekspert\u0173 pad\u0117kos puslapis"},"content":{"rendered":"<p>D\u0117kojame u\u017e \u017einut\u0119. Susisieksime su Jumis kaip galima grei\u010diau.<\/p>\n\n\n\n<p>Nuo\u0161ird\u017eiai J\u016bs\u0173,<\/p>\n\n\n\n<p>NORSAN Lietuva komanda&nbsp;<br><br><\/p>","protected":false},"excerpt":{"rendered":"<p>D\u0117kojame u\u017e \u017einut\u0119. Susisieksime su Jumis kaip galima grei\u010diau. Nuo\u0161ird\u017eiai J\u016bs\u0173, NORSAN Lietuva komanda&nbsp;<\/p>","protected":false},"author":2,"featured_media":0,"parent":0,"menu_order":0,"comment_status":"closed","ping_status":"closed","template":"","meta":{"_wpo_ez_expert_only":false,"footnotes":""},"class_list":["post-563459","page","type-page","status-publish"],"_links":{"self":[{"href":"https:\/\/norsan.lt\/ru\/wp-json\/wp\/v2\/pages\/563459","targetHints":{"allow":["GET"]}}],"collection":[{"href":"https:\/\/norsan.lt\/ru\/wp-json\/wp\/v2\/pages"}],"about":[{"href":"https:\/\/norsan.lt\/ru\/wp-json\/wp\/v2\/types\/page"}],"author":[{"embeddable":true,"href":"https:\/\/norsan.lt\/ru\/wp-json\/wp\/v2\/users\/2"}],"replies":[{"embeddable":true,"href":"https:\/\/norsan.lt\/ru\/wp-json\/wp\/v2\/comments?post=563459"}],"version-history":[{"count":5,"href":"https:\/\/norsan.lt\/ru\/wp-json\/wp\/v2\/pages\/563459\/revisions"}],"predecessor-version":[{"id":570533,"href":"https:\/\/norsan.lt\/ru\/wp-json\/wp\/v2\/pages\/563459\/revisions\/570533"}],"wp:attachment":[{"href":"https:\/\/norsan.lt\/ru\/wp-json\/wp\/v2\/media?parent=563459"}],"curies":[{"name":"wp","href":"https:\/\/api.w.org\/{rel}","templated":true}]}}