{"id":563337,"date":"2024-07-29T13:20:05","date_gmt":"2024-07-29T13:20:05","guid":{"rendered":"https:\/\/norsan.lt\/?page_id=563337"},"modified":"2024-07-30T07:26:26","modified_gmt":"2024-07-30T07:26:26","slug":"expertai","status":"publish","type":"page","link":"https:\/\/norsan.lt\/ru\/expertai\/","title":{"rendered":"Kaip tapti m\u016bs\u0173 ekspertu?"},"content":{"rendered":"<div class=\"gb-container gb-container-67b4f5f9\">\n\n<p class=\"has-text-align-left\"><strong>Esate gydytojas, treneris, sveikos mitybos specialistas, dirbantis sveikatos srityje ir noretum\u0117te tapti m\u016bs\u0173 kolektyvo dalimi?<\/strong> <strong>Norite gilinti savo \u017einias ir dedate visas pastangas nor\u0117dami j\u016bs\u0173 pacientus\/klientus padaryti sveikesniais ir laimingesniais?<\/strong><\/p>\n\n\n\n<p class=\"has-text-align-left\"><strong>U\u017epildykite form\u0105 \u017eemiau! Ir mes su Jumis susisieksime!<\/strong><\/p>\n\n<\/div>\n\n<div class='fluentform ff-default fluentform_wrapper_6 ffs_default_wrap'><form data-form_id=\"6\" id=\"fluentform_6\" class=\"frm-fluent-form fluent_form_6 ff-el-form-top ff_form_instance_6_1 ff-form-loading ffs_default\" data-form_instance=\"ff_form_instance_6_1\" method=\"POST\" ><fieldset  style=\"border: none!important;margin: 0!important;padding: 0!important;background-color: transparent!important;box-shadow: none!important;outline: none!important; min-inline-size: 100%;\">\n                    <legend class=\"ff_screen_reader_title\" style=\"display: block; margin: 0!important;padding: 0!important;height: 0!important;text-indent: -999999px;width: 0!important;overflow:hidden;\">Tapkite m\u016bs\u0173 ekspertu<\/legend><input type='hidden' name='__fluent_form_embded_post_id' value='563337' \/><input type=\"hidden\" id=\"_fluentform_6_fluentformnonce\" name=\"_fluentform_6_fluentformnonce\" value=\"d29ca57fb4\" \/><input type=\"hidden\" name=\"_wp_http_referer\" value=\"\/ru\/wp-json\/wp\/v2\/pages\/563337\" \/><div data-type=\"name-element\" data-name=\"names\" class=\" ff-field_container ff-name-field-wrapper\" ><div class='ff-t-container'><div class='ff-t-cell '><div class='ff-el-group'><div class=\"ff-el-input--label asterisk-right\"><label for='ff_6_names_first_name_' id='label_ff_6_names_first_name_' >Vardas<\/label><\/div><div class='ff-el-input--content'><input type=\"text\" name=\"names[first_name]\" id=\"ff_6_names_first_name_\" class=\"ff-el-form-control\" placeholder=\"Vardas\" aria-invalid=\"false\" aria-required=false><\/div><\/div><\/div><div class='ff-t-cell '><div class='ff-el-group'><div class=\"ff-el-input--label asterisk-right\"><label for='ff_6_names_last_name_' id='label_ff_6_names_last_name_' >Pavard\u0117<\/label><\/div><div class='ff-el-input--content'><input type=\"text\" name=\"names[last_name]\" id=\"ff_6_names_last_name_\" class=\"ff-el-form-control\" placeholder=\"Pavard\u0117\" aria-invalid=\"false\" aria-required=false><\/div><\/div><\/div><\/div><\/div><div class='ff-el-group'><div class=\"ff-el-input--label ff-el-is-required asterisk-right\"><label for='ff_6_email' id='label_ff_6_email' aria-label=\"El. pa\u0161tas\">El. pa\u0161tas<\/label><\/div><div class='ff-el-input--content'><input type=\"email\" name=\"email\" id=\"ff_6_email\" class=\"ff-el-form-control\" placeholder=\"el.pa\u0161tas\" data-name=\"email\"  aria-invalid=\"false\" aria-required=true><\/div><\/div><div class='ff-el-group'><div class=\"ff-el-input--label ff-el-is-required asterisk-right\"><label for='ff_6_input_text' id='label_ff_6_input_text' aria-label=\"specializacija (pvz., terapeutas, gydytojas, mitybos specialistas, treneris ir t. t.)\">specializacija (pvz., terapeutas, gydytojas, mitybos specialistas, treneris ir t. t.)<\/label><\/div><div class='ff-el-input--content'><input type=\"text\" name=\"input_text\" class=\"ff-el-form-control\" data-name=\"input_text\" id=\"ff_6_input_text\"  aria-invalid=\"false\" aria-required=true><\/div><\/div><div class='ff-el-group'><div class=\"ff-el-input--label asterisk-right\"><label for='ff_6_subject' id='label_ff_6_subject' aria-label=\"Tema\">Tema<\/label><\/div><div class='ff-el-input--content'><input type=\"text\" name=\"subject\" class=\"ff-el-form-control\" placeholder=\"\u017dinut\u0117s tema\" data-name=\"subject\" id=\"ff_6_subject\"  aria-invalid=\"false\" aria-required=false><\/div><\/div><div class='ff-el-group'><div class=\"ff-el-input--label ff-el-is-required asterisk-right\"><label for='ff_6_message' id='label_ff_6_message' aria-label=\"Prane\u0161imas\">Prane\u0161imas<\/label><\/div><div class='ff-el-input--content'><textarea aria-required=\"true\" aria-labelledby=\"label_ff_6_message\" name=\"message\" id=\"ff_6_message\" class=\"ff-el-form-control\" placeholder=\"J\u016bs\u0173 prane\u0161imas\" rows=\"4\" cols=\"2\" data-name=\"message\" ><\/textarea><\/div><\/div><div class='ff-el-group    ff-el-input--content'><div class='ff-el-form-check ff-el-tc'><label aria-label='J\u016bs\u0173 duomenys bus saugomi j\u016bs\u0173 u\u017eklausos nagrin\u0117jimo tikslais ir tuo atveju, jei i\u0161kilt\u0173 papildom\u0173 klausim\u0173. Pateikdami \u0161i\u0105 form\u0105 sutinkate su m\u016bs\u0173 privatumo politika. Bet kuriuo metu galite nesutikti, kad j\u016bs\u0173 duomenys b\u016bt\u0173 naudojami, nepatirdami joki\u0173 i\u0161laid\u0173, i\u0161skyrus informacijos perdavimo i\u0161laidas. Tiesiog susisiekite su mumis el. pa\u0161tu: info@norsan.lt' class='ff-el-form-check-label ff_tc_label' for=terms-n-condition_13e859ce82ac63be16903ef994442979><span class='ff_tc_checkbox'><input type=\"checkbox\" name=\"terms-n-condition\" class=\"ff-el-form-check-input\" data-name=\"terms-n-condition\" id=\"terms-n-condition_13e859ce82ac63be16903ef994442979\"  value='on' aria-invalid='false' aria-required=true><\/span> <div class='ff_t_c'><p>J\u016bs\u0173 duomenys bus saugomi j\u016bs\u0173 u\u017eklausos nagrin\u0117jimo tikslais ir tuo atveju, jei i\u0161kilt\u0173 papildom\u0173 klausim\u0173. Pateikdami \u0161i\u0105 form\u0105 sutinkate su m\u016bs\u0173 privatumo politika. Bet kuriuo metu galite nesutikti, kad j\u016bs\u0173 duomenys b\u016bt\u0173 naudojami, nepatirdami joki\u0173 i\u0161laid\u0173, i\u0161skyrus informacijos perdavimo i\u0161laidas. Tiesiog susisiekite su mumis el. pa\u0161tu: info@norsan.lt<\/p><\/div><\/label><\/div><\/div><div class='ff-el-group ff-text-left ff_submit_btn_wrapper'><button type=\"submit\" class=\"ff-btn ff-btn-submit ff-btn-md ff_btn_style\"  aria-label=\"Si\u0173sti prane\u0161im\u0105\">Si\u0173sti prane\u0161im\u0105<\/button><\/div><\/fieldset><\/form><div id='fluentform_6_errors' class='ff-errors-in-stack ff_form_instance_6_1 ff-form-loading_errors ff_form_instance_6_1_errors'><\/div><\/div>            <script type=\"text\/javascript\">\n                window.fluent_form_ff_form_instance_6_1 = {\"id\":\"6\",\"ajaxUrl\":\"https:\\\/\\\/norsan.lt\\\/wp-admin\\\/admin-ajax.php\",\"settings\":{\"layout\":{\"labelPlacement\":\"top\",\"helpMessagePlacement\":\"with_label\",\"errorMessagePlacement\":\"inline\",\"asteriskPlacement\":\"asterisk-right\"},\"id\":\"39\",\"restrictions\":{\"denyEmptySubmission\":{\"enabled\":false}}},\"form_instance\":\"ff_form_instance_6_1\",\"form_id_selector\":\"fluentform_6\",\"rules\":{\"names[first_name]\":{\"required\":{\"value\":false,\"message\":\"This field is required\",\"global\":false,\"global_message\":\"\\u0160is laukelis yra privalomas\"}},\"names[middle_name]\":{\"required\":{\"value\":false,\"message\":\"This field is required\",\"global\":false,\"global_message\":\"\\u0160is laukelis yra privalomas\"}},\"names[last_name]\":{\"required\":{\"value\":false,\"message\":\"This field is required\",\"global\":false,\"global_message\":\"\\u0160is laukelis yra privalomas\"}},\"email\":{\"required\":{\"value\":true,\"message\":\"\\u0160is laukelis yra privalomas\",\"global\":false,\"global_message\":\"\\u0160is laukelis yra privalomas\"},\"email\":{\"value\":true,\"message\":\"\\u0160iame lauke turi b\\u016bti nurodytas galiojantis el. pa\\u0161to adresas\",\"global\":false,\"global_message\":\"\\u0160iame lauke turi b\\u016bti nurodytas galiojantis el. pa\\u0161to adresas\"}},\"input_text\":{\"required\":{\"value\":true,\"message\":\"\\u0160is laukelis yra privalomas\",\"global_message\":\"\\u0160is laukelis yra privalomas\",\"global\":true}},\"subject\":{\"required\":{\"value\":false,\"message\":\"This field is required\",\"global\":false,\"global_message\":\"\\u0160is laukelis yra privalomas\"}},\"message\":{\"required\":{\"value\":true,\"message\":\"\\u0160is laukelis yra privalomas\",\"global\":false,\"global_message\":\"\\u0160is laukelis yra privalomas\"}},\"terms-n-condition\":{\"required\":{\"value\":true,\"message\":\"\\u0160is laukelis yra privalomas\",\"global\":false,\"global_message\":\"\\u0160is laukelis yra privalomas\"}}},\"debounce_time\":300};\n                            <\/script>\n            \n\n\n<div class=\"gb-container gb-container-2a51fe87\">\n\n<p><\/p>\n\n<\/div>","protected":false},"excerpt":{"rendered":"<p>Esate gydytojas, treneris, sveikos mitybos specialistas, dirbantis sveikatos srityje ir noretum\u0117te tapti m\u016bs\u0173 kolektyvo dalimi? Norite gilinti savo \u017einias ir dedate visas &#8230; <a title=\"Kaip tapti m\u016bs\u0173 ekspertu?\" class=\"read-more\" href=\"https:\/\/norsan.lt\/ru\/expertai\/\" aria-label=\"\u041f\u0440\u043e\u0447\u0438\u0442\u0430\u0442\u044c \u0431\u043e\u043b\u044c\u0448\u0435 \u043e Kaip tapti m\u016bs\u0173 ekspertu?\">\u0427\u0438\u0442\u0430\u0442\u044c \u0434\u0430\u043b\u0435\u0435<\/a><\/p>","protected":false},"author":2,"featured_media":0,"parent":0,"menu_order":0,"comment_status":"closed","ping_status":"closed","template":"","meta":{"_wpo_ez_expert_only":false,"footnotes":""},"class_list":["post-563337","page","type-page","status-publish"],"_links":{"self":[{"href":"https:\/\/norsan.lt\/ru\/wp-json\/wp\/v2\/pages\/563337","targetHints":{"allow":["GET"]}}],"collection":[{"href":"https:\/\/norsan.lt\/ru\/wp-json\/wp\/v2\/pages"}],"about":[{"href":"https:\/\/norsan.lt\/ru\/wp-json\/wp\/v2\/types\/page"}],"author":[{"embeddable":true,"href":"https:\/\/norsan.lt\/ru\/wp-json\/wp\/v2\/users\/2"}],"replies":[{"embeddable":true,"href":"https:\/\/norsan.lt\/ru\/wp-json\/wp\/v2\/comments?post=563337"}],"version-history":[{"count":7,"href":"https:\/\/norsan.lt\/ru\/wp-json\/wp\/v2\/pages\/563337\/revisions"}],"predecessor-version":[{"id":563361,"href":"https:\/\/norsan.lt\/ru\/wp-json\/wp\/v2\/pages\/563337\/revisions\/563361"}],"wp:attachment":[{"href":"https:\/\/norsan.lt\/ru\/wp-json\/wp\/v2\/media?parent=563337"}],"curies":[{"name":"wp","href":"https:\/\/api.w.org\/{rel}","templated":true}]}}