{"id":562645,"date":"2024-05-28T13:02:10","date_gmt":"2024-05-28T13:02:10","guid":{"rendered":"https:\/\/norsan.lt\/?page_id=562645"},"modified":"2025-02-11T09:02:50","modified_gmt":"2025-02-11T09:02:50","slug":"pardavimo-salygos","status":"publish","type":"page","link":"https:\/\/norsan.lt\/ru\/pardavimo-salygos\/","title":{"rendered":"\u041f\u0440\u0430\u0432\u0438\u043b\u0430 \u043f\u043e\u043a\u0443\u043f\u043a\u0438"},"content":{"rendered":"<div class=\"gb-container gb-container-0ab379d3\">\n\n<h1 class=\"gb-headline gb-headline-6ada5ff5 gb-headline-text\"><strong>\u041f\u0440\u0430\u0432\u0438\u043b\u0430 \u043f\u043e\u043a\u0443\u043f\u043a\u0438<\/strong><\/h1>\n\n\n\n<p><strong>PIRKIMO TAISYKL\u0116S<\/strong><br><strong>1. Bendrosios nuostatos<\/strong><br>1.1. \u0160ios pirkimo ir pardavimo taisykl\u0117s (toliau \u2013 Taisykl\u0117s) nustato asmens, \u012fsigyjan\u010dio prekes www.norsan.lt elektronin\u0117je parduotuv\u0117je (toliau \u2013 Pirk\u0117jas), ir UAB \u201eNorsan Baltic\u201d (toliau \u2013 Pardav\u0117jas) tarpusavio teises, pareigas ir atsakomyb\u0119, Pirk\u0117jui \u012fsigyjant prekes elektronin\u0117je parduotuv\u0117je. \u012esigydamas prekes elektronin\u0117je parduotuv\u0117je, Pirk\u0117jas sutinka su \u0161i\u0173<br>Taisykli\u0173 taikymu.<br>1.2. Pardav\u0117jas pasilieka teis\u0119 bet kuriuo metu pakeisti, taisyti ar papildyti Taisykles, atsi\u017evelgdamas \u012f teis\u0117s akt\u0173 nustatytus reikalavimus. Apie bet kokius pakeitimus, taisymus ar papildymus prisiregistrav\u0119s Pirk\u0117jas bus informuojamas prisijungimo norsan.lt puslapyje metu ir, nor\u0117damas apsipirkti \u0161ioje internetin\u0117je parduotuv\u0117je, prival\u0117s i\u0161 naujo sutikti su modifikuotomis Taisykl\u0117mis.<br>1.3. Pirkti m\u016bs\u0173 elektronin\u0117je parduotuv\u0117je turi teis\u0119:<br>1.3.1. veiksn\u016bs fiziniai asmenys, t.y. asmenys, sulauk\u0119 pilnametyst\u0117s, kuri\u0173 veiksnumas n\u0117ra apribotas teismo tvarka;<br>1.3.2. nepilname\u010diai nuo keturiolikos iki a\u0161tuoniolikos met\u0173 am\u017eiaus, tik tur\u0117dami t\u0117v\u0173 arba r\u016bpintoj\u0173 sutikim\u0105, i\u0161skyrus tuos atvejus, kai jie savaranki\u0161kai disponuoja savo pajamomis;<br>1.3.3. juridiniai asmenys;<br>1.3.4. vis\u0173 auk\u0161\u010diau nurodyt\u0173 asmen\u0173 \u012fgalioti atstovai.<br>1.4. Pirk\u0117jas, sutik\u0119s su Taisykl\u0117mis, patvirtina, kad, remiantis Taisykli\u0173 1.4. punktu, jis turi teis\u0119 pirkti prekes\u00a0 norsan.lt \u00a0 internetin\u0117je parduotuv\u0117je.<br>\u00a0<br><strong>2. Asmens duomen\u0173 apsauga<\/strong><br>2.1. U\u017esisakyti prekes internetin\u0117je parduotuv\u0117je norsan.lt Pirk\u0117jas gali nesiregistruodamas \u0161ioje internetin\u0117je svetain\u0117je.<br>2.2. Pirk\u0117jas u\u017esakydamas prekes atitinkamuose Pardav\u0117jo pateikiamuose informacijos laukuose turi nurodyti preki\u0173 u\u017esakymo tinkamam \u012fvykdymui b\u016btinus savo asmens duomenis: vard\u0105, pavard\u0119, preki\u0173 pristatymo adres\u0105, telefono numer\u012f ir elektroninio pa\u0161to adres\u0105.<br>2.3.Jeigu Pirk\u0117jas sutinka, 2.2. punkte nurodyti jo asmens duomenys gali b\u016bti tvarkomi elektronin\u0117je parduotuv\u0117je norsan.lt tiesiogin\u0117s rinkodaros tikslais. Pirk\u0117jas registracijos metu turi galimyb\u0119 pasirinkti\u00a0gauti ar negauti\u00a0naujienlai\u0161kius ir specialius pasi\u016blymus.\u00a0<br>2.4. Pirk\u0117jas, sutikdamas, kad jo asmens duomenys b\u016bt\u0173 tvarkomi preki\u0173 ir paslaug\u0173 pardavimo Pardav\u0117jo elektronin\u0117je parduotuv\u0117je tikslu, taip pat sutinka, kad jo nurodytais elektroninio pa\u0161to adresu ir telefono numeriu b\u016bt\u0173 siun\u010diami informaciniai prane\u0161imai, kurie b\u016btini preki\u0173 u\u017esakymui \u012fvykdyti.<br>2.5. Pardav\u0117jas \u012fsipareigoja neatskleisti Pirk\u0117jo asmens duomen\u0173 tretiesiems asmenims, i\u0161skyrus Pardav\u0117jo partnerius, teikian\u010dius preki\u0173 pristatymo ar kitas, su Pirk\u0117jo u\u017esakymo tinkamu \u012fvykdymu susijusias paslaugas. Visais kitais atvejais Pirk\u0117jo asmens duomenys tretiesiems asmenims gali b\u016bti atskleid\u017eiami tik LR teis\u0117s akt\u0173 numatyta tvarka.<br>2.6. Pardav\u0117jo ar Lietuvos pa\u0161to darbuotojui pateiktas Pirk\u0117jo asmens tapatyb\u0119 patvirtinantis dokumentas ir jame esantys Pirk\u0117jo duomenys naudojami tik tinkamam asmens tapatyb\u0117s identifikavimui.<br>\u00a0<br><strong>3. Pirkimo \u2013 pardavimo sutarties sudarymo momentas<\/strong><br>3.1. Sutartis tarp Pirk\u0117jo ir Pardav\u0117jo laikoma sudaryta nuo to momento, kai Pirk\u0117jas, i\u0161sirink\u0119s perkam\u0105 (as) prek\u0119(es) ir suformav\u0119s preki\u0173 krep\u0161el\u012f, paspaud\u017eia nuorod\u0105 \u201eApmok\u0117ti\u201c.<br>\u00a0<br><strong>4. Pirk\u0117jo teis\u0117s<\/strong><br>4.1. Pirk\u0117jas turi teis\u0119 pirkti prekes norsan.lt internetin\u0117je parduotuv\u0117je \u0161i\u0173 Taisykli\u0173 nustatyta tvarka.<br>4.2. Pirk\u0117jas turi teis\u0119 atsisakyti preki\u0173 pirkimo \u2013 pardavimo sutarties, sudarytos su norsan.lt internetine parduotuve, prane\u0161damas apie tai Pardav\u0117jui ra\u0161tu (elektroniniu pa\u0161tu, nurodant pageidaujam\u0105 gr\u0105\u017einti prek\u0119, jos u\u017esakymo numer\u012f bei gr\u0105\u017einimo prie\u017east\u012f) ne v\u0117liau kaip per 14 (keturiolika) darbo dien\u0173 nuo daikto pristatymo dienos.<br>4.3. Taisykli\u0173 4.2. punkte numatyta Pirk\u0117jo teis\u0117 \u012fgyvendinama vadovaujantis Civilinio kodekso nuostatomis bei LR Vyriausyb\u0117s nutarimu d\u0117l Ma\u017emenin\u0117s prekybos taisykli\u0173 patvirtinimo (2001 m. bir\u017eelio 11 d. Nr. 697, 2014 m. redakcija).<br>4.4. Taisykli\u0173 4.2. punkte numatyta teise Pirk\u0117jas gali pasinaudoti tik tuo atveju, jeigu prek\u0117 nebuvo sugadinta arba i\u0161 esm\u0117s nepasikeit\u0117 jos i\u0161vaizda, taip pat ji nebuvo naudojama.<br>\u00a0<br><strong>5. Pirk\u0117jo pareigos<\/strong><br>5.1. Pirk\u0117jas privalo sumok\u0117ti preki\u0173 bei j\u0173 pristatymo kain\u0105, taip pat kitus mok\u0117jimus (jei tokie nurodyti, sudarant sutart\u012f) ir priimti u\u017esakytas prekes. U\u017e prekes Pirk\u0117jas sumoka per PayPal arba Stripe sistem\u0105.<br>5.2. Jeigu pasikei\u010dia Pirk\u0117jo registracijos formoje pateikti duomenys, Pirk\u0117jas privalo nedelsdamas juos atnaujinti.<br>5.3. Pirk\u0117jas, naudodamasis norsan.lt internetine parduotuve, \u012fsipareigoja laikytis \u0161i\u0173 Taisykli\u0173, kit\u0173 s\u0105lyg\u0173, ai\u0161kiai nurodyt\u0173 internetin\u0117je parduotuv\u0117je, bei nepa\u017eeisti Lietuvos Respublikos teis\u0117s akt\u0173.<br>\u00a0<br><strong>6. Pardav\u0117jo teis\u0117s<\/strong><br>6.1. Jei Pirk\u0117jas bando pakenkti internetin\u0117s parduotuv\u0117s darbo stabilumui ir saugumui ar pa\u017eeid\u017eia savo \u012fsipareigojimus, Pardav\u0117jas turi teis\u0119 nedelsiant ir be persp\u0117jimo apriboti ar sustabdyti jam galimyb\u0119 naudotis internetine parduotuve arba i\u0161skirtiniais atvejais panaikinti Pirk\u0117jo registracij\u0105.<br>6.2. Susidarius svarbioms aplinkyb\u0117ms, Pardav\u0117jas gali laikinai arba i\u0161 viso nutraukti internetin\u0117s parduotuv\u0117s veikl\u0105, apie tai i\u0161 anksto neprane\u0161\u0119 Pirk\u0117jui.<br>6.4. Pardav\u0117jas turi teis\u0119 i\u0161 anksto neprane\u0161\u0119s Pirk\u0117jui anuliuoti jo u\u017esakym\u0105, jeigu Pirk\u0117jas, pasirink\u0119s Taisykli\u0173 8.2.1. punkte numatyt\u0105 apmok\u0117jimo b\u016bd\u0105, nesumoka u\u017e prekes per 3 (tris) kalendorines dienas.<br>\u00a0<br><strong>7. Pardav\u0117jo \u012fsipareigojimai<\/strong><br>7.1. Pardav\u0117jas \u012fsipareigoja \u0161iose Taisykl\u0117se ir internetin\u0117je parduotuv\u0117je nustatytomis s\u0105lygomis sudaryti Pirk\u0117jui galimyb\u0119 naudotis internetin\u0117s parduotuv\u0117s norsan.lt teikiamomis paslaugomis.<br>7.2. Pardav\u0117jas \u012fsipareigoja gerbti Pirk\u0117jo privatumo teis\u0119 \u012f jam priklausan\u010di\u0105 asmenin\u0119 informacij\u0105, t.y. Pirk\u0117jo nurodytus asmens duomenis tvarkyti tik Taisykli\u0173 2 skyriuje ir Lietuvos Respublikos teis\u0117s akt\u0173 nustatyta tvarka.<br>7.3. Pardav\u0117jas \u012fsipareigoja pristatyti Pirk\u0117jo u\u017esakytas prekes jo nurodytu adresu 9 Taisykli\u0173 skyriuje nurodytomis s\u0105lygomis.<br>7.4. Pardav\u0117jas, d\u0117l svarbi\u0173 aplinkybi\u0173 negal\u0117damas pristatyti Pirk\u0117jui u\u017esakytos prek\u0117s,\u00a0 \u012fsipareigoja gr\u0105\u017einti Pirk\u0117jui sumok\u0117tus pinigus per 7 (septynias) darbo dienas, jeigu buvo atliktas i\u0161ankstinis apmok\u0117jimas.<br>7.5. Pirk\u0117jui pasinaudojus Taisykli\u0173 4.2. punkte numatyta teise ir esant Taisykli\u0173 4.4. punkte numatytai s\u0105lygai, Pardav\u0117jas \u012fsipareigoja gr\u0105\u017einti Pirk\u0117jui sumok\u0117tus pinigus per 7 (septynias) darbo dienas, skai\u010diuojamas nuo gr\u0105\u017einamos prek\u0117s gavimo dienos.<br>\u00a0<br><strong>8. Preki\u0173 kainos, apmok\u0117jimo tvarka ir terminai<\/strong><br>8.1. Preki\u0173 kainos internetin\u0117je parduotuv\u0117je ir suformuotame u\u017esakyme nurodomos eurais.<br>8.2. Pirk\u0117jas atsiskaito u\u017e prekes naudodamasis:<br>8.2.1. elektronine bankininkyste per Stripe arba PayPal sistem\u0105 ar tose sistemose nurodytais b\u016bdais;<\/p>\n\n\n\n<p><strong>9. Atsiskaitymas<\/strong><br>9.1. Atsiskaityti galima naudojantis Swedbank, Seb, Luminor, Citadele ir \u0160iauli\u0173 bankas elektronin\u0117s bankininkyst\u0117s paslaugomis. <br>9.2 Atsiskaitymai galimi euro valiuta.<br>9.2. Mok\u0117jimai apdorojami naudojantis\u00a0<a href=\"http:\/\/makecommerce.lt\/\" target=\"_blank\" rel=\"noreferrer noopener\">MakeCommerce.lt<\/a> mok\u0117jim\u0173 platforma.<br><br><strong>10. Preki\u0173 pristatymas<\/strong><br>10.1. Preki\u0173 pristatymas Pirk\u0117jui:<br>10.2.Prek\u0117s pristatomos \u012f nurodyt\u0105 siunt\u0173 terminal\u0105:<br>10.2.1. Pirk\u0117jas, \u012fsipareigoja nurodyti siunt\u0173 terminal\u0105, \u012f kur\u012f pageidauja gauti prekes.<br>10.2.2. Siunt\u0173 terminale siunta laikoma siunt\u0173 tiek\u0117jo nurodyt\u0105 laikotarp\u012f. Pasibaigus laikotarpiui, siunta gr\u0105\u017einama siunt\u0117jui.<br>10.3. Preki\u0173 pristatymas Pirk\u0117jo nurodytu adresu:<br>10.3.1. Pirk\u0117jas, u\u017esakymo metu pasirink\u0119s preki\u0173 pristatymo paslaug\u0105, \u012fsipareigoja nurodyti tiksli\u0105 preki\u0173 pristatymo viet\u0105.<br>10.3.2. Pirk\u0117jas \u012fsipareigoja prekes priimti pats. Tuo atveju, kai jis preki\u0173 pats priimti negali, o prek\u0117s pristatytos nurodytu adresu ir remiantis kitais Pirk\u0117jo pateiktais duomenimis, Pirk\u0117jas neturi teis\u0117s reik\u0161ti Pardav\u0117jui pretenzij\u0173 d\u0117l preki\u0173 pristatymo netinkamam subjektui.<br>10.3.3. Prekes pristato Pardav\u0117jas arba jo \u012fgaliotas atstovas.<br>10.4. Preki\u0173 pristatymo (transportavimo) mokestis skai\u010diuojamas atsi\u017evelgiant \u012f u\u017esakymo sum\u0105.\u00a0<br>10.5. Pirk\u0117jas sutinka, jog i\u0161imtiniais atvejais preki\u0173 pateikimas gali v\u0117luoti d\u0117l nenumatyt\u0173, nuo Pardav\u0117jo nepriklausan\u010di\u0173 aplinkybi\u0173. Tokiu atveju Pardav\u0117jas \u012fsipareigoja nedelsiant susisiekti su Pirk\u0117ju ir suderinti preki\u0173 pateikimo s\u0105lygas arba apie tai i\u0161 anksto informuoti norsan.lt puslapyje.<br>10.6. Visais atvejais Pardav\u0117jas atleid\u017eiamas nuo atsakomyb\u0117s u\u017e preki\u0173 pateikimo termin\u0173 pa\u017eeidim\u0105, jeigu prek\u0117s Pirk\u0117jui n\u0117ra pateikiamos arba pateikiamos ne laiku d\u0117l Pirk\u0117jo kalt\u0117s arba d\u0117l nuo Pirk\u0117jo priklausan\u010di\u0173 aplinkybi\u0173.<br>10.7. Jei Pirk\u0117jas neatsiima prek\u0117s per siunt\u0173 tiek\u0117jo nurodyt\u0105 laik\u0105, pirk\u0117jas turi padengti gr\u0105\u017einimo ir pakartotino siuntimo i\u0161laidas Pardav\u0117jui, jei nori gauti prek\u0119.<br><br><strong>11. Preki\u0173 gr\u0105\u017einimas ir keitimas<\/strong><br>11.1.Parduot\u0173 preki\u0173 tr\u016bkumai \u0161alinami, nekokybi\u0161kos prek\u0117s kei\u010diamos, gr\u0105\u017einamos vadovaujantis 2001 m. bir\u017eelio 11 d. Lietuvos Respublikos Vyriausyb\u0117s nutarimu Nr. 697 patvirtintomis \u201eMa\u017emenin\u0117s prekybos taisykl\u0117mis\u201c.<br>11.2. Nor\u0117damas gr\u0105\u017einti prek\u0119(es) Pirk\u0117jas turi u\u017epildyti preki\u0173 gr\u0105\u017einimo pra\u0161ym\u0105 ir j\u012f atsi\u0173sti el. pa\u0161tu info@norsan.lt.<br>11.3. 10.1 punkte numatyta teise Pirk\u0117jas gali pasinaudoti per 14 (keturiolika) kalendorini\u0173 dien\u0173 nuo preki\u0173 pristatymo jam dienos, informuodamas apie tai Pardav\u0117j\u0105 10.2. Taisykli\u0173 punkte numatyta tvarka.<br>11.4.Pirk\u0117jui gr\u0105\u017einant prekes, b\u016btina laikytis \u0161i\u0173 s\u0105lyg\u0173:<br>11.4.1. gr\u0105\u017einama prek\u0117 turi b\u016bti originalioje tvarkingoje pakuot\u0117je (\u0161is punktas netaikomas tuo atveju, kai gr\u0105\u017einama nekokybi\u0161ka prek\u0117);<br>11.4.2. prek\u0117 turi b\u016bti Pirk\u0117jo nesugadinta;<br>11.4.3. prek\u0117 turi b\u016bti nenaudota, nepraradusi prekin\u0117s i\u0161vaizdos (\u0161is punktas netaikomas tuo atveju, kai gr\u0105\u017einama nekokybi\u0161ka prek\u0117);<br>11.4.4. gr\u0105\u017einama prek\u0117 turi b\u016bti tos pa\u010dios komplektacijos, kokios buvo Pirk\u0117jo gauta;<br>11.5. Pardav\u0117jas turi teis\u0119 nepriimti Pirk\u0117jo gr\u0105\u017einam\u0173 preki\u0173, jei Pirk\u0117jas nesilaiko \u0161iame straipsnyje nustatytos preki\u0173 gr\u0105\u017einimo tvarkos.<br>11.6. Taisykli\u0173 11.1 punkte numatyta teise gali pasinaudoti tik Pirk\u0117jas, kuris pagal LR Vartotoj\u0173 teisi\u0173 apsaugos \u012fstatymo nuostatas pripa\u017eintinas vartotoju, t. y. fizinis asmuo, su savo verslu, prekyba, amatu ar profesija nesusijusiais tikslais (vartojimo tikslais) siekiantis sudaryti ar sudarantis sutartis.<br>11.6.1. \u00a0 Pirk\u0117jas (vartotojas) negali pasinaudoti Taisykli\u0173 10.1 punkte numatyta teise atsisakyti sutarties, kai sutartis sudaryta d\u0117l:<br>11.6.2.\u00a0 greitai gendan\u010di\u0173 preki\u0173 ar preki\u0173, kuri\u0173 galiojimo laikas yra trumpas;<br>11.6.3. \u00a0 supakuot\u0173 preki\u0173, kurios buvo i\u0161pakuotos po pristatymo ir kurios yra netinkamos gr\u0105\u017einti d\u0117l sveikatos apsaugos ar higienos prie\u017eas\u010di\u0173;<br>11.6.4. supakuot\u0173 vaizdo ar garso \u012fra\u0161\u0173 arba supakuotos programin\u0117s \u012frangos, kurie buvo i\u0161pakuoti po pristatymo;<br>11.6.5. laikra\u0161\u010di\u0173, \u017eurnal\u0173 ar kit\u0173 periodini\u0173 leidini\u0173;<br>11.6.6.\u00a0 dalyvavimo \u017eaidimuose ar loterijose; taip pat kitais Civilinio kodekso, 2001 m. bir\u017eelio 11 d. Lietuvos Respublikos Vyriausyb\u0117s nutarimu Nr. 697 patvirtint\u0173 \u201eMa\u017emenin\u0117s prekybos taisykli\u0173\u201c bei kit\u0173 teis\u0117s akt\u0173 nustatytais atvejais.<br>11.7. \u00a0 Netinkamos kokyb\u0117s prek\u0117s ar kokybi\u0161kos prek\u0117s, kuri\u0173 Pirk\u0117jui nepatinka forma, dydis, spalva, modelis ar komplekti\u0161kumas, kei\u010diamos ar gr\u0105\u017einamos vadovaujantis 2001 m. bir\u017eelio 11 d. Lietuvos Respublikos Vyriausyb\u0117s nutarimu Nr. 697 patvirtintomis Ma\u017emenin\u0117s prekybos taisykl\u0117mis, Lietuvos Respublikos civiliniu kodeksu ir kitais galiojan\u010diais<br>Lietuvos Respublikos teis\u0117s aktais.<br>11.8. Pinigai u\u017e gr\u0105\u017eintas prekes visais atvejais pervedami mok\u0117jimo pavedimu ir tik \u012f mok\u0117tojo banko s\u0105skait\u0105.<br>11.9. Pinigai u\u017e panaudotus ir nepanaudotus dovan\u0173 kuponus n\u0117ra gr\u0105\u017einami ar kei\u010diami \u012f grynus pinigus.<br>\u00a0<br><strong>12. Preki\u0173 kokyb\u0117s garantija<\/strong><br>12.1. Prek\u0117ms galioja j\u0173 gamintojo suteikta kokyb\u0117s garantija ir (ar) tinkamumo naudoti terminas, kuri\u0173 konkretus terminas (trukm\u0117) ir (ar) kitos s\u0105lygos, \u012fskaitant s\u0105lygas garantijos netaikymui, nurodomos toki\u0173 Preki\u0173 apra\u0161ymuose, ant Prek\u0117s pakuot\u0117s ir (arba) kartu su Prek\u0117mis pateikiamose garantin\u0117se knygel\u0117se. Jeigu tam tikroms Preki\u0173 r\u016b\u0161ims gamintojo kokyb\u0117s garantija n\u0117ra suteikta, tokioms Prek\u0117ms galioja dviej\u0173 met\u0173 garantija pagal \u012fstatym\u0105 ir gamintojo komercin\u0117 garantija, kuri nepriboja ir nevar\u017eo Pirk\u0117j\u0173 teisi\u0173, kurias \u012fsigijus netinkamos kokyb\u0117s prek\u0119 Pirk\u0117jams nustato LR CK.<br>12.2. Pirk\u0117jas, \u012fsigij\u0119s netinkamos kokyb\u0117s Prek\u0119 savo pasirinkimu turi teis\u0119:<br>12.2.1. reikalauti i\u0161 Pardav\u0117jo nemokamai pa\u0161alinti Prek\u0117s tr\u016bkumus; arba<br>12.2.2. reikalauti i\u0161 Pardav\u0117jo nemokamai pakeisti netinkamos kokyb\u0117s Prek\u0119 tinkamos kokyb\u0117s Preke; arba<br>12.2.3. reikalauti i\u0161 Pardav\u0117jo atitinkamai suma\u017einti Prek\u0117s kain\u0105; arba<br>12.2.4. viena\u0161ali\u0161kai nutraukti Sutart\u012f ir pareikalauti sugr\u0105\u017einti sumok\u0117t\u0105 Prek\u0117s kain\u0105.<br>12.3. Pirk\u0117jas supranta, kad Tinklapyje pavaizduot\u0173 Preki\u0173 spalva, forma ir (ar) kiti parametrai gali neatitikti reali\u0173 Prek\u0117s form\u0173, spalvos ir (ar) kit\u0173 parametr\u0173 d\u0117l Pirk\u0117jo naudojamo \u012frenginio technini\u0173 savybi\u0173. D\u0117l to, tuo atveju, jeigu Jums reik\u0117t\u0173 i\u0161samesn\u0117s informacijos, patarimo ar nurodym\u0173 d\u0117l m\u016bs\u0173 Preki\u0173, pra\u0161ome kreiptis tiesiogiai \u012f Pardav\u0117j\u0105 el. pa\u0161tu<br>info@norsan.lt.<br>\u00a0<br><strong>13. Atsakomyb\u0117<\/strong><br>13.1. Pirk\u0117jas yra visi\u0161kai atsakingas u\u017e jo pateikiam\u0173 asmens duomen\u0173 teisingum\u0105. Jei Pirk\u0117jas nepateikia tiksli\u0173 asmens duomen\u0173, Pardav\u0117jas neatsako u\u017e d\u0117l to atsiradusius padarinius ir \u012fgyja teis\u0119 reikalauti i\u0161 Pirk\u0117jo patirt\u0173 tiesiogini\u0173 nuostoli\u0173 atlyginimo.<br>13.2. Pirk\u0117jas atsako u\u017e veiksmus, atliktus naudojantis \u0161ia internetine parduotuve.<br>13.3. Pardav\u0117jas atleid\u017eiamas nuo bet kokios atsakomyb\u0117s tais atvejais, kai nuostoliai kyla d\u0117l to, jog Pirk\u0117jas, neatsi\u017evelgdamas \u012f Pardav\u0117jo rekomendacijas ir savo \u012fsipareigojimus, nesusipa\u017eino su \u0161iomis Taisykl\u0117mis, nors tokia galimyb\u0117 jam buvo suteikta.<br>13.4. Atsiradus \u017ealai, kaltoji \u0161alis atlygina kitai \u0161aliai tiesioginius nuostolius.<br>13.5. Pardav\u0117jas neatsako d\u0117l Pirk\u0117jo ir Pardav\u0117jo partneri\u0173, kuri\u0173 paslaugas Pirk\u0117jas u\u017esako, tinkamo tarpusavio \u012fsipareigojim\u0173 vykdymo.<br>\u00a0<br><strong>14. Pardav\u0117jo taikomos rinkodaros priemon\u0117s<\/strong><br>14.1. Pardav\u0117jas savo nuo\u017ei\u016bra gali inicijuoti internetin\u0117je parduotuv\u0117je norsan.lt \u012fvairias akcijas.<br>14.2. Pardav\u0117jas pasilieka teis\u0119, savo nuo\u017ei\u016bra, bet kuriuo metu \u012fvesti ir (ar) at\u0161aukti pasi\u016blymus, akcijas arba keisti Preki\u0173 kainas, nepa\u017eeid\u017eiant Kliento teisi\u0173, \u012fskaitant Sutarties s\u0105lyg\u0173.<br>14.3. Nuolaidos nesumuojamos.<br>\u00a0\u00a0\u00a0\u00a0\u00a0\u00a0\u00a0\u00a0\u00a0\u00a0\u00a0\u00a0<br><strong>15. Apsikeitimas informacija<\/strong><br>15.1. Pardav\u0117jas visus prane\u0161imus siun\u010dia Taisykli\u0173 2.2. punkte numatyta tvarka Pirk\u0117jo pateiktu elektroninio pa\u0161to adresu.<br>15.2. Pirk\u0117jas visus prane\u0161imus ir klausimus siun\u010dia el. pa\u0161to adresu\u00a0info@norsan.lt<br>\u00a0<br><strong>16. Slapuk\u0173 naudojimas<\/strong><br>\u00a016.1. Nor\u0117damas Pirk\u0117jui ar Elektronin\u0117s parduotuv\u0117s lankytojui pasi\u016blyti visavertes Elektronin\u0117je parduotuv\u0117je si\u016blomas paslaugas, Elektronin\u0117je parduotuv\u0117je Administratorius naudoja sisteminius slapukus (angl. cookies). Slapukai naudojami siekiant atpa\u017einti ankstesn\u012f Elektronin\u0117s parduotuv\u0117s lankytoj\u0105, nustatyti Elektronin\u0117s parduotuv\u0117s puslapio kalb\u0105, identifikuoti vartotojo sesij\u0105, sesijos rakt\u0105, taip pat siekiant identifikuoti ir i\u0161taisyti Elektronin\u0117je parduotuv\u0117je esan\u010dias klaidas.\u00a0<br>\u00a0<br><strong>17. Baigiamosios nuostatos<\/strong><br>17.1. \u0160ios taisykl\u0117s sudarytos vadovaujantis LR teis\u0117s aktais.<br>17.2. \u0160i\u0173 taisykli\u0173 pagrindu kylantiems santykiams taikoma LR teis\u0117<br>17.3. Visi nesutarimai, kil\u0119 d\u0117l \u0161i\u0173 taisykli\u0173 vykdymo, sprend\u017eiami deryb\u0173 b\u016bdu. Nepavykus susitarti, gin\u010dai sprend\u017eiami LR \u012fstatym\u0173 nustatyta tvarka.<br>17.4. Pirk\u0117jas ir Pardav\u0117jas susitaria, kad visi su Sutartimi susij\u0119 ar d\u0117l jos vykdymo, pa\u017eeidimo, nutraukimo ar negaliojimo kil\u0119 gin\u010dai, pretenzijos ir (ar) nesutarimai sprend\u017eiami deryb\u0173 keliu. Jeigu susitarimo nepavyksta pasiekti derybomis, gin\u010dai yra sprend\u017eiami Lietuvos Respublikos teis\u0117s akt\u0173 nustatyta tvarka, kaip nurodyta Tinklapio naudojimo tvarkoje.<br>17.5. Tuo atveju, jei Pirk\u0117jas nesutinka su Pardav\u0117jo parengtu atsakymu \u012f Pirk\u0117jo ra\u0161ytin\u0119 pretenzij\u0105, savo pra\u0161ym\u0105\/skund\u0105 d\u0117l norsan.lt \u012fsigytos prek\u0117s Pirk\u0117jas gali pateikti Valstybinei vartotoj\u0173 teisi\u0173 apsaugos tarnybai (Vilniaus g. 25, 01402 Vilnius, el.p. tarnyba@vvtat.lt, tel. 8 5 262 67 51, faks. (8 5) 279 1466, interneto svetain\u0117je www.vvtat.lt (taip pat Valstybin\u0117s vartotoj\u0173 teisi\u0173 apsaugos tarnybos teritoriniams padaliniams apskrityse) \u2013 ar u\u017epildyti pra\u0161ymo form\u0105 EGS platformoje https:\/\/ec.europa.eu\/odr\/.<br>17.6. Pardav\u0117jas turi teis\u0119 pakeisti, pakoreguoti ar papildyti Preki\u0173 pirkimo- pardavimo taisykles Tinklapio naudojimo tvarkoje numatytu b\u016bdu, tod\u0117l Pirk\u0117jui teikiant Preki\u0173 u\u017esakym\u0105, bus taikomos Preki\u0173 pirkimo-pardavimo taisykl\u0117s, galiojan\u010dios Preki\u0173 u\u017esakymo pateikimo metu. Visais atvejais Pirk\u0117jas \u012fsipareigoja su Preki\u0173 pirkimo-pardavimo taisykl\u0117mis susipa\u017einti kiekvieno Preki\u0173 u\u017esakymo pateikimo metu, pa\u017eym\u0117damas nuorod\u0105, kurioje nurodoma, jog su Taisykl\u0117mis susipa\u017eino. Tokiu b\u016bdu Pirk\u0117jas patvirtina, kad perskait\u0117 ir suprato Preki\u0173 u\u017esakymo metu galiojan\u010dias Tinklapyje pateikiamas Taisykles, \u012fskaitant aktuali\u0105 Preki\u0173 pirkimo-pardavimo taisykli\u0173 redakcij\u0105.<br>17.7. Nor\u0117dami informuoti Mus apie Preki\u0173 pirkimo-pardavimo taisykli\u0173 pa\u017eeidim\u0105, tur\u0117dami klausim\u0173, pretenzij\u0173 ar jei Jums reikalinga M\u016bs\u0173 pagalba d\u0117l Preki\u0173 pirkimo pardavimo taisykli\u0173 ai\u0161kinimo ar j\u0173 taikymo, pra\u0161ome kreiptis el. pa\u0161tu info@norsan.lt. \u012e J\u016bs\u0173 paklausimus, gautus ra\u0161tu, atsakysime per 14 (keturiolika) kalendorini\u0173 dien\u0173 nuo paklausimo gavimo dienos.<\/p>\n\n<\/div>","protected":false},"excerpt":{"rendered":"<p>Pirkimo taisykl\u0117s PIRKIMO TAISYKL\u0116S1. Bendrosios nuostatos1.1. \u0160ios pirkimo ir pardavimo taisykl\u0117s (toliau \u2013 Taisykl\u0117s) nustato asmens, \u012fsigyjan\u010dio prekes www.norsan.lt elektronin\u0117je parduotuv\u0117je (toliau &#8230; <a title=\"\u041f\u0440\u0430\u0432\u0438\u043b\u0430 \u043f\u043e\u043a\u0443\u043f\u043a\u0438\" class=\"read-more\" href=\"https:\/\/norsan.lt\/ru\/pardavimo-salygos\/\" aria-label=\"\u041f\u0440\u043e\u0447\u0438\u0442\u0430\u0442\u044c \u0431\u043e\u043b\u044c\u0448\u0435 \u043e Pirkimo taisykl\u0117s\">\u0427\u0438\u0442\u0430\u0442\u044c \u0434\u0430\u043b\u0435\u0435<\/a><\/p>","protected":false},"author":12,"featured_media":0,"parent":0,"menu_order":0,"comment_status":"closed","ping_status":"closed","template":"","meta":{"_wpo_ez_expert_only":false,"footnotes":""},"class_list":["post-562645","page","type-page","status-publish"],"_links":{"self":[{"href":"https:\/\/norsan.lt\/ru\/wp-json\/wp\/v2\/pages\/562645","targetHints":{"allow":["GET"]}}],"collection":[{"href":"https:\/\/norsan.lt\/ru\/wp-json\/wp\/v2\/pages"}],"about":[{"href":"https:\/\/norsan.lt\/ru\/wp-json\/wp\/v2\/types\/page"}],"author":[{"embeddable":true,"href":"https:\/\/norsan.lt\/ru\/wp-json\/wp\/v2\/users\/12"}],"replies":[{"embeddable":true,"href":"https:\/\/norsan.lt\/ru\/wp-json\/wp\/v2\/comments?post=562645"}],"version-history":[{"count":4,"href":"https:\/\/norsan.lt\/ru\/wp-json\/wp\/v2\/pages\/562645\/revisions"}],"predecessor-version":[{"id":565451,"href":"https:\/\/norsan.lt\/ru\/wp-json\/wp\/v2\/pages\/562645\/revisions\/565451"}],"wp:attachment":[{"href":"https:\/\/norsan.lt\/ru\/wp-json\/wp\/v2\/media?parent=562645"}],"curies":[{"name":"wp","href":"https:\/\/api.w.org\/{rel}","templated":true}]}}