{"id":562638,"date":"2024-05-28T12:47:41","date_gmt":"2024-05-28T12:47:41","guid":{"rendered":"https:\/\/norsan.lt\/?page_id=562638"},"modified":"2024-06-07T14:33:17","modified_gmt":"2024-06-07T14:33:17","slug":"grazinimas","status":"publish","type":"page","link":"https:\/\/norsan.lt\/ru\/grazinimas\/","title":{"rendered":"\u0412\u043e\u0437\u0432\u0440\u0430\u0449\u0430\u0435\u0442"},"content":{"rendered":"<div class=\"gb-container gb-container-8471f4b9\">\n\n<h1 class=\"gb-headline gb-headline-cde7f327 gb-headline-text\">\u0412\u043e\u0437\u0432\u0440\u0430\u0449\u0430\u0435\u0442<\/h1>\n\n<\/div>\n\n<div class=\"gb-container gb-container-8b966041\">\n<div class=\"gb-grid-wrapper gb-grid-wrapper-74952855\">\n<div class=\"gb-grid-column gb-grid-column-f6a27f2e\"><div class=\"gb-container gb-container-f6a27f2e\">\n\n<figure class=\"gb-block-image gb-block-image-4b9b6e71\"><img loading=\"lazy\" decoding=\"async\" width=\"228\" height=\"300\" class=\"gb-image gb-image-4b9b6e71\" src=\"https:\/\/norsan.lt\/wp-content\/uploads\/2024\/05\/grazinimas.png\" alt=\"\" title=\"grazinimas\" srcset=\"https:\/\/norsan.lt\/wp-content\/uploads\/2024\/05\/grazinimas.png 228w, https:\/\/norsan.lt\/wp-content\/uploads\/2024\/05\/grazinimas-9x12.png 9w\" sizes=\"auto, (max-width: 228px) 100vw, 228px\" \/><\/figure>\n\n<\/div><\/div>\n\n<div class=\"gb-grid-column gb-grid-column-351b0923\"><div class=\"gb-container gb-container-351b0923\">\n\n<p class=\"gb-headline gb-headline-778c6f36 gb-headline-text\">J\u016bs turite galimyb\u0119 mums gr\u0105\u017einti prekes per 14 dien\u0173 nuo j\u0173 gavimo.<\/p>\n\n\n\n<p class=\"gb-headline gb-headline-6c2755ea gb-headline-text\"><\/p>\n\n\n\n<p><strong>Preki\u0173 gr\u0105\u017einimas ir keitimas<\/strong><br>1.Parduot\u0173 preki\u0173 tr\u016bkumai \u0161alinami, nekokybi\u0161kos prek\u0117s kei\u010diamos, gr\u0105\u017einamos vadovaujantis 2001 m. bir\u017eelio 11 d. Lietuvos Respublikos Vyriausyb\u0117s nutarimu Nr. 697 patvirtintomis \u201eMa\u017emenin\u0117s prekybos taisykl\u0117mis\u201c.<br>2. Nor\u0117damas gr\u0105\u017einti prek\u0119(es) Pirk\u0117jas turi u\u017epildyti preki\u0173 gr\u0105\u017einimo pra\u0161ym\u0105 ir j\u012f atsi\u0173sti el. pa\u0161tu info@norsan.lt.<br>3. \u0160ia teise Pirk\u0117jas gali pasinaudoti per 14 (keturiolika) kalendorini\u0173 dien\u0173 nuo preki\u0173 pristatymo jam dienos, informuodamas apie tai Pardav\u0117j\u0105 2-ame Taisykli\u0173 punkte numatyta tvarka.<br>4.Pirk\u0117jui gr\u0105\u017einant prekes, b\u016btina laikytis \u0161i\u0173 s\u0105lyg\u0173:<br>4.1. gr\u0105\u017einama prek\u0117 turi b\u016bti originalioje tvarkingoje pakuot\u0117je (\u0161is punktas netaikomas tuo atveju, kai gr\u0105\u017einama nekokybi\u0161ka prek\u0117);<br>4.2. prek\u0117 turi b\u016bti Pirk\u0117jo nesugadinta;<br>4.3. prek\u0117 turi b\u016bti nenaudota, nepraradusi prekin\u0117s i\u0161vaizdos (\u0161is punktas netaikomas tuo atveju, kai gr\u0105\u017einama nekokybi\u0161ka prek\u0117);<br>4.4. gr\u0105\u017einama prek\u0117 turi b\u016bti tos pa\u010dios komplektacijos, kokios buvo Pirk\u0117jo gauta;<br>5. Pardav\u0117jas turi teis\u0119 nepriimti Pirk\u0117jo gr\u0105\u017einam\u0173 preki\u0173, jei Pirk\u0117jas nesilaiko \u0161iame straipsnyje nustatytos preki\u0173 gr\u0105\u017einimo tvarkos.<br>6. Taisykli\u0173 1-ame punkte numatyta teise gali pasinaudoti tik Pirk\u0117jas, kuris pagal LR Vartotoj\u0173 teisi\u0173 apsaugos \u012fstatymo nuostatas pripa\u017eintinas vartotoju, t. y. fizinis asmuo, su savo verslu, prekyba, amatu ar profesija nesusijusiais tikslais (vartojimo tikslais) siekiantis sudaryti ar sudarantis sutartis.<br>6.1. \u00a0 Pirk\u0117jas (vartotojas) negali pasinaudoti Taisykli\u0173 10.1 punkte numatyta teise atsisakyti sutarties, kai sutartis sudaryta d\u0117l:<br>6.2.\u00a0 greitai gendan\u010di\u0173 preki\u0173 ar preki\u0173, kuri\u0173 galiojimo laikas yra trumpas;<br>6.3. \u00a0 supakuot\u0173 preki\u0173, kurios buvo i\u0161pakuotos po pristatymo ir kurios yra netinkamos gr\u0105\u017einti d\u0117l sveikatos apsaugos ar higienos prie\u017eas\u010di\u0173;<br>6.4. supakuot\u0173 vaizdo ar garso \u012fra\u0161\u0173 arba supakuotos programin\u0117s \u012frangos, kurie buvo i\u0161pakuoti po pristatymo;<br>6.5. laikra\u0161\u010di\u0173, \u017eurnal\u0173 ar kit\u0173 periodini\u0173 leidini\u0173;<br>6.6.\u00a0 dalyvavimo \u017eaidimuose ar loterijose; taip pat kitais Civilinio kodekso, 2001 m. bir\u017eelio 11 d. Lietuvos Respublikos Vyriausyb\u0117s nutarimu Nr. 697 patvirtint\u0173 \u201eMa\u017emenin\u0117s prekybos taisykli\u0173\u201c bei kit\u0173 teis\u0117s akt\u0173 nustatytais atvejais.<br>7. \u00a0 Netinkamos kokyb\u0117s prek\u0117s ar kokybi\u0161kos prek\u0117s, kuri\u0173 Pirk\u0117jui nepatinka forma, dydis, spalva, modelis ar komplekti\u0161kumas, kei\u010diamos ar gr\u0105\u017einamos vadovaujantis 2001 m. bir\u017eelio 11 d. Lietuvos Respublikos Vyriausyb\u0117s nutarimu Nr. 697 patvirtintomis Ma\u017emenin\u0117s prekybos taisykl\u0117mis, Lietuvos Respublikos civiliniu kodeksu ir kitais galiojan\u010diais<br>Lietuvos Respublikos teis\u0117s aktais.<br>8. Pinigai u\u017e gr\u0105\u017eintas prekes visais atvejais pervedami mok\u0117jimo pavedimu ir tik \u012f mok\u0117tojo banko s\u0105skait\u0105.<\/p>\n\n<\/div><\/div>\n<\/div>\n<\/div>","protected":false},"excerpt":{"rendered":"<p>\u0412\u043e\u0437\u0432\u0440\u0430\u0449\u0430\u0435\u0442<\/p>","protected":false},"author":12,"featured_media":0,"parent":0,"menu_order":0,"comment_status":"closed","ping_status":"closed","template":"","meta":{"_wpo_ez_expert_only":false,"footnotes":""},"class_list":["post-562638","page","type-page","status-publish"],"_links":{"self":[{"href":"https:\/\/norsan.lt\/ru\/wp-json\/wp\/v2\/pages\/562638","targetHints":{"allow":["GET"]}}],"collection":[{"href":"https:\/\/norsan.lt\/ru\/wp-json\/wp\/v2\/pages"}],"about":[{"href":"https:\/\/norsan.lt\/ru\/wp-json\/wp\/v2\/types\/page"}],"author":[{"embeddable":true,"href":"https:\/\/norsan.lt\/ru\/wp-json\/wp\/v2\/users\/12"}],"replies":[{"embeddable":true,"href":"https:\/\/norsan.lt\/ru\/wp-json\/wp\/v2\/comments?post=562638"}],"version-history":[{"count":4,"href":"https:\/\/norsan.lt\/ru\/wp-json\/wp\/v2\/pages\/562638\/revisions"}],"predecessor-version":[{"id":562793,"href":"https:\/\/norsan.lt\/ru\/wp-json\/wp\/v2\/pages\/562638\/revisions\/562793"}],"wp:attachment":[{"href":"https:\/\/norsan.lt\/ru\/wp-json\/wp\/v2\/media?parent=562638"}],"curies":[{"name":"wp","href":"https:\/\/api.w.org\/{rel}","templated":true}]}}