{"id":562628,"date":"2024-05-28T12:35:59","date_gmt":"2024-05-28T12:35:59","guid":{"rendered":"https:\/\/norsan.lt\/?page_id=562628"},"modified":"2024-06-14T16:02:04","modified_gmt":"2024-06-14T16:02:04","slug":"siuntimas","status":"publish","type":"page","link":"https:\/\/norsan.lt\/ru\/siuntimas\/","title":{"rendered":"\u0414\u043e\u0441\u0442\u0430\u0432\u043a\u0430"},"content":{"rendered":"<h1 class=\"gb-headline gb-headline-165e18c4 gb-headline-text\">\u0414\u043e\u0441\u0442\u0430\u0432\u043a\u0430<\/h1>\n\n\n<div class=\"gb-container gb-container-7edc1ca5\">\n<div class=\"gb-grid-wrapper gb-grid-wrapper-4d8c6ef6\">\n<div class=\"gb-grid-column gb-grid-column-728fb3b4\"><div class=\"gb-container gb-container-728fb3b4\">\n\n<figure class=\"gb-block-image gb-block-image-024d3d8a\"><img loading=\"lazy\" decoding=\"async\" width=\"1080\" height=\"1080\" class=\"gb-image gb-image-024d3d8a\" src=\"https:\/\/norsan.lt\/wp-content\/uploads\/2024\/05\/Pristatymas-LT-Versand.png\" alt=\"\" title=\"Pristatymas-LT-Versand\" srcset=\"https:\/\/norsan.lt\/wp-content\/uploads\/2024\/05\/Pristatymas-LT-Versand.png 1080w, https:\/\/norsan.lt\/wp-content\/uploads\/2024\/05\/Pristatymas-LT-Versand-300x300.png 300w, https:\/\/norsan.lt\/wp-content\/uploads\/2024\/05\/Pristatymas-LT-Versand-1024x1024.png 1024w, https:\/\/norsan.lt\/wp-content\/uploads\/2024\/05\/Pristatymas-LT-Versand-150x150.png 150w, https:\/\/norsan.lt\/wp-content\/uploads\/2024\/05\/Pristatymas-LT-Versand-768x768.png 768w, https:\/\/norsan.lt\/wp-content\/uploads\/2024\/05\/Pristatymas-LT-Versand-12x12.png 12w, https:\/\/norsan.lt\/wp-content\/uploads\/2024\/05\/Pristatymas-LT-Versand-333x333.png 333w, https:\/\/norsan.lt\/wp-content\/uploads\/2024\/05\/Pristatymas-LT-Versand-500x500.png 500w, https:\/\/norsan.lt\/wp-content\/uploads\/2024\/05\/Pristatymas-LT-Versand-100x100.png 100w\" sizes=\"auto, (max-width: 1080px) 100vw, 1080px\" \/><\/figure>\n\n<\/div><\/div>\n\n<div class=\"gb-grid-column gb-grid-column-3eed8394\"><div class=\"gb-container gb-container-3eed8394\">\n<div class=\"gb-container gb-container-7a8c9b70\">\n\n<p class=\"gb-headline gb-headline-fabb75c4 gb-headline-text\">Pristatymas vykdomas per&nbsp; \u012fmon\u0119 \u201cOmniva\u201d (per 2-4 d.d. po u\u017esakymo patvirtinimo) \u012f pa\u0161tomat\u0105 arba \u012f namus su kurjeriu.<\/p>\n\n<\/div>\n\n\n<p class=\"gb-headline gb-headline-532c2c8a gb-headline-text\">Pristatymas nemokamas perkant vir\u0161 49 \u20ac tik \u012f Omiva pa\u0161tomatus. Pristatymas \u012f namus yra mokamas.<\/p>\n\n\n\n<p class=\"gb-headline gb-headline-0a998be7 gb-headline-text\">Perkant ma\u017eiau nei u\u017e 49 \u20ac, taikomi 1,99 \u20ac pristatymo mokestis \u012f pa\u0161tomat\u0105 ir 3,99 mokestis u\u017esisakant pristatymo \u012f namus paslaug\u0105.<\/p>\n\n\n\n<p>Jei klientas nesp\u0117ja atsiimti siuntos i\u0161 pa\u0161tomato pagal transporto \u012fmon\u0117s nurodyt\u0105 termin\u0105, ji yra gr\u0105\u017einima siunt\u0117jui. Jei klientas nori, kad siunta b\u016bt\u0173 pakartotinai i\u0161si\u0173sta, jis\/ji turi apmok\u0117ti papildomo siuntimo ir gr\u0105\u017einimo ka\u0161tus.<\/p>\n\n\n\n<p class=\"gb-headline gb-headline-07555748 gb-headline-text\">I\u0161kilus klausimams, susisiekite su mumis el. pa\u0161tu info@norsan.lt arba telefonu +370 699 88150.<\/p>\n\n<\/div><\/div>\n<\/div>\n<\/div>","protected":false},"excerpt":{"rendered":"<p>\u0414\u043e\u0441\u0442\u0430\u0432\u043a\u0430<\/p>","protected":false},"author":2,"featured_media":0,"parent":0,"menu_order":0,"comment_status":"closed","ping_status":"closed","template":"","meta":{"_wpo_ez_expert_only":false,"footnotes":""},"class_list":["post-562628","page","type-page","status-publish"],"_links":{"self":[{"href":"https:\/\/norsan.lt\/ru\/wp-json\/wp\/v2\/pages\/562628","targetHints":{"allow":["GET"]}}],"collection":[{"href":"https:\/\/norsan.lt\/ru\/wp-json\/wp\/v2\/pages"}],"about":[{"href":"https:\/\/norsan.lt\/ru\/wp-json\/wp\/v2\/types\/page"}],"author":[{"embeddable":true,"href":"https:\/\/norsan.lt\/ru\/wp-json\/wp\/v2\/users\/2"}],"replies":[{"embeddable":true,"href":"https:\/\/norsan.lt\/ru\/wp-json\/wp\/v2\/comments?post=562628"}],"version-history":[{"count":5,"href":"https:\/\/norsan.lt\/ru\/wp-json\/wp\/v2\/pages\/562628\/revisions"}],"predecessor-version":[{"id":562965,"href":"https:\/\/norsan.lt\/ru\/wp-json\/wp\/v2\/pages\/562628\/revisions\/562965"}],"wp:attachment":[{"href":"https:\/\/norsan.lt\/ru\/wp-json\/wp\/v2\/media?parent=562628"}],"curies":[{"name":"wp","href":"https:\/\/api.w.org\/{rel}","templated":true}]}}