{"id":556671,"date":"2024-03-25T08:27:15","date_gmt":"2024-03-25T08:27:15","guid":{"rendered":"https:\/\/norsan.lt\/?page_id=556671"},"modified":"2025-04-10T12:43:29","modified_gmt":"2025-04-10T12:43:29","slug":"konferencijos","status":"publish","type":"page","link":"https:\/\/norsan.lt\/ru\/konferencijos\/","title":{"rendered":"\u041a\u043e\u043d\u0444\u0435\u0440\u0435\u043d\u0446\u0438\u0438"},"content":{"rendered":"<p class=\"gb-headline gb-headline-9feecd45 gb-headline-text\">Medik\u0173 konferencijos puiki galimyb\u0117 mums pasidalinti informacija, o dalyviams i\u0161ragauti NORSAN produktus, su\u017einoti naujausi\u0173 mokslini\u0173 tyrim\u0173 i\u0161vadas bei gauti atsakymus \u012f, galb\u016bt, kylan\u010dius klausimus.<\/p>\n\n\n\n<p><br>Vasaris<br>7 diena Palanga Vaik\u0173 lig\u0173 <\/p>\n\n\n\n<p>Kovas<br>4 diena. Klap\u0117da Vidaus lig\u0173 <br>6 diena. Vilnius Vaik\u0173 ir paaugli\u0173 nutukimas \u2013 liga, kuri\u0105 reikia gydyti <br>15 diena. Klap\u0117da Gero maisto Akropolys <br>18 diena. Vilnius Antakalnio poliklinika<br>21 diena. Vilnius Pediatrija <br>21 diena. Kaunas Sveikatos dienos Kaunas<br>22 diena. Kaunas Sveikatos dienos Kaunas<br>23 diena. Kaunas Sveikatos dienos Kaunas<br>25 diena. Kaunas Vidaus lig\u0173 <br>28 diena. Bir\u0161tonas Higenist\u0173<br>29 diena. Bir\u0161tonas Higenist\u0173<br>Balandis<br>8 diena. Panev\u0117\u017eys Kardiologijos Endokrinologijos <br><a href=\"http:\/\/Registracijos nuoroda: https:\/\/www.litexpo.lt\/renginiai\/pelene-2025\/\"><strong>11 diena. Vilnius Pelen\u0117    Registracijos nuoroda: https:\/\/www.litexpo.lt\/renginiai\/pelene-2025\/<br>12 diena. Vilnius Pelen\u0117   <strong>Registracijos nuoroda: https:\/\/www.litexpo.lt\/renginiai\/pelene-2025\/<\/strong><br>13 diena. Vilnius Pelen\u0117<\/strong>   <strong>Registracijos nuoroda: https:\/\/www.litexpo.lt\/renginiai\/pelene-2025\/<\/strong><\/a><br>15 diena. Vilnius Antakalnio poliklinika<br>17 diena. Vilnius Vidaus ligos<\/p>\n\n\n\n<p>Gegu\u017eis<br>6 diena. \u0160iauliai Vidaus lig\u0173 <br>10 diena. \u0160iauliai Sveikatos mug\u0117 Akropolys <br>20 diena. Panev\u0117\u017eys Vidaus lig\u0173<br>22 diena. Vilnius Vidaus lig\u0173<br>Vilnius Ginekologija <\/p>\n\n\n\n<p>Bir\u017eelis<br><\/p>\n\n\n\n<p>Rugs\u0117jis<br>19 diena. Klaip\u0117da Vidaus ligu <\/p>\n\n\n\n<p>Spalis<br>8 diena. Kaunas Vidaus lig\u0173 <br>11 diena. Klaip\u0117da Gero maisto <br>17 diena. Vilnius Sveikatos paroda<br>18 diena. Vilnius Sveikatos paroda<br>22 diena. \u0160iauliai Vidaus lig\u0173<\/p>\n\n\n\n<p>Lapkritis<br>6 diena. Vilnius Vidaus ligu <br>8 diena. \u0160iauliai Sveikatos mug\u0117<br>14 diena. Kaunas Moters pasaulis<br>15 diena. Kaunas Moters pasaulis<br>16 diena. Kaunas Moters pasaulis<br>Gruodis<br><\/p>\n\n\n\n<p>Iki pasimatymo!<\/p>\n\n\n\n<div style=\"height:35px\" aria-hidden=\"true\" class=\"wp-block-spacer\"><\/div>","protected":false},"excerpt":{"rendered":"<p>Medik\u0173 konferencijos puiki galimyb\u0117 mums pasidalinti informacija, o dalyviams i\u0161ragauti NORSAN produktus, su\u017einoti naujausi\u0173 mokslini\u0173 tyrim\u0173 i\u0161vadas bei gauti atsakymus \u012f, galb\u016bt, &#8230; <a title=\"\u041a\u043e\u043d\u0444\u0435\u0440\u0435\u043d\u0446\u0438\u0438\" class=\"read-more\" href=\"https:\/\/norsan.lt\/ru\/konferencijos\/\" aria-label=\"\u041f\u0440\u043e\u0447\u0438\u0442\u0430\u0442\u044c \u0431\u043e\u043b\u044c\u0448\u0435 \u043e Konferencijos\">\u0427\u0438\u0442\u0430\u0442\u044c \u0434\u0430\u043b\u0435\u0435<\/a><\/p>","protected":false},"author":2,"featured_media":0,"parent":0,"menu_order":0,"comment_status":"closed","ping_status":"closed","template":"","meta":{"_wpo_ez_expert_only":false,"footnotes":""},"class_list":["post-556671","page","type-page","status-publish"],"_links":{"self":[{"href":"https:\/\/norsan.lt\/ru\/wp-json\/wp\/v2\/pages\/556671","targetHints":{"allow":["GET"]}}],"collection":[{"href":"https:\/\/norsan.lt\/ru\/wp-json\/wp\/v2\/pages"}],"about":[{"href":"https:\/\/norsan.lt\/ru\/wp-json\/wp\/v2\/types\/page"}],"author":[{"embeddable":true,"href":"https:\/\/norsan.lt\/ru\/wp-json\/wp\/v2\/users\/2"}],"replies":[{"embeddable":true,"href":"https:\/\/norsan.lt\/ru\/wp-json\/wp\/v2\/comments?post=556671"}],"version-history":[{"count":6,"href":"https:\/\/norsan.lt\/ru\/wp-json\/wp\/v2\/pages\/556671\/revisions"}],"predecessor-version":[{"id":566128,"href":"https:\/\/norsan.lt\/ru\/wp-json\/wp\/v2\/pages\/556671\/revisions\/566128"}],"wp:attachment":[{"href":"https:\/\/norsan.lt\/ru\/wp-json\/wp\/v2\/media?parent=556671"}],"curies":[{"name":"wp","href":"https:\/\/api.w.org\/{rel}","templated":true}]}}