{"id":556614,"date":"2024-02-29T14:22:11","date_gmt":"2024-02-29T14:22:11","guid":{"rendered":"https:\/\/norsan.lt\/?page_id=556614"},"modified":"2026-01-21T10:27:24","modified_gmt":"2026-01-21T08:27:24","slug":"sertifikatai","status":"publish","type":"page","link":"https:\/\/norsan.lt\/ru\/sertifikatai\/","title":{"rendered":"\u0421\u0435\u0440\u0442\u0438\u0444\u0438\u043a\u0430\u0442\u044b"},"content":{"rendered":"<h1 class=\"wp-block-heading has-text-align-center has-contrast-3-color has-text-color has-link-color wp-elements-e47d6eacb1c9a375dcfc63444548fbb0\" id=\"zertifizierungen\"><strong>\u0421\u0435\u0440\u0442\u0438\u0444\u0438\u043a\u0430\u0442\u044b<br>\n<\/strong><\/h1>\n\n\n\n<figure class=\"wp-block-image size-full\"><img loading=\"lazy\" decoding=\"async\" width=\"128\" height=\"128\" src=\"https:\/\/norsan.lt\/wp-content\/uploads\/2026\/01\/Untitled-256-x-256-px-8.png\" alt=\"\" class=\"wp-image-569245\" srcset=\"https:\/\/norsan.lt\/wp-content\/uploads\/2026\/01\/Untitled-256-x-256-px-8.png 128w, https:\/\/norsan.lt\/wp-content\/uploads\/2026\/01\/Untitled-256-x-256-px-8-12x12.png 12w, https:\/\/norsan.lt\/wp-content\/uploads\/2026\/01\/Untitled-256-x-256-px-8-100x100.png 100w\" sizes=\"auto, (max-width: 128px) 100vw, 128px\" \/><\/figure>\n\n\n\n<p class=\"has-contrast-3-color has-text-color has-link-color wp-elements-6d062acf7c744ac0f018bb0f97324db6\"><strong><a href=\"https:\/\/friendofthesea.org\/norsan-srl\/\">J\u016bros draugo (FOS) sertifikatas<\/a><\/strong><\/p>\n\n\n\n<p class=\"has-contrast-3-color has-text-color has-link-color wp-elements-2bb54b97418c1d957077736d2a82fe84\">NORSAN \u017euv\u0173 taukai ir menki\u0173 taukai turi FOS sertifikat\u0105 ir yra pagaminti i\u0161 \u017euv\u0173, kurios visos atkeliauja i\u0161 FOS sertifikuot\u0173 tausojan\u010di\u0173 vanden\u0173. J\u016bros draugo (FOS) sertifikatas patvirtina, kad m\u016bs\u0173 ind\u0117l\u012f \u012f aplinkos ir vis\u0173 pirma pasaulio vandenyn\u0173 apsaug\u0105 patvirtina garsi objektyvi tyrim\u0173 organizacija.<\/p>\n\n\n\n<p class=\"has-contrast-3-color has-text-color has-link-color wp-elements-44dcf01db70d287d3de2240b3283d6e9\">J\u016bros draugas yra tarptautiniu mastu gerbiama ne pelno siekianti organizacija, kuri u\u017esibr\u0117\u017e\u0117 u\u017eduot\u012f i\u0161saugoti pasaulio j\u016br\u0173 buveines. FOS vykdo svarbiausius sertifikavimo projektus, kuriais tikrinamas \u017euvininkyst\u0117s ir omega-3 \u017euv\u0173 tauk\u0173 produkt\u0173 tvarumas.<\/p>\n\n\n\n<p class=\"has-contrast-3-color has-text-color has-link-color wp-elements-b1a1eee45b7707218ad713ce62920f7e\">NORSAN u\u017etikrina, kad b\u016bt\u0173 laikomasi \u0161i\u0173 kriterij\u0173:<\/p>\n\n\n\n<ul class=\"wp-block-list\">\n<li class=\"has-contrast-3-color has-text-color has-link-color wp-elements-71cca4b07a3663e5c5a1ac71ee83d160\">M\u016bs\u0173 produktai gaminami i\u0161 \u017euv\u0173 i\u0161tekli\u0173, kurie n\u0117ra pereikvojami.<\/li>\n\n\n\n<li class=\"has-contrast-3-color has-text-color has-link-color wp-elements-904499bc907fcb1f713eacb3ad7f526e\">Nykstan\u010di\u0173 r\u016b\u0161i\u0173 \u017euv\u0173 priegaudos \u017evejybos b\u016bd\u0173 prevencija<\/li>\n\n\n\n<li class=\"has-contrast-3-color has-text-color has-link-color wp-elements-283965bb794ed0b63ad5d7203507b874\">\u017dvejybos praktikos, daran\u010dios poveik\u012f ekosistemai, ma\u017einimas<\/li>\n\n\n\n<li class=\"has-contrast-3-color has-text-color has-link-color wp-elements-3558fc051b8a621b7c19d0169258afa7\">Efektyviai naudojama energija<\/li>\n\n\n\n<li class=\"has-contrast-3-color has-text-color has-link-color wp-elements-b629908fba521be98bf45f46177f7730\">\u012emon\u0117s praktika apima auk\u0161tus socialin\u0117s atsakomyb\u0117s standartus<\/li>\n<\/ul>\n\n\n\n<figure class=\"wp-block-image size-full\"><img loading=\"lazy\" decoding=\"async\" width=\"128\" height=\"128\" src=\"https:\/\/norsan.lt\/wp-content\/uploads\/2026\/01\/Untitled-256-x-256-px-7.png\" alt=\"\" class=\"wp-image-569244\" srcset=\"https:\/\/norsan.lt\/wp-content\/uploads\/2026\/01\/Untitled-256-x-256-px-7.png 128w, https:\/\/norsan.lt\/wp-content\/uploads\/2026\/01\/Untitled-256-x-256-px-7-12x12.png 12w, https:\/\/norsan.lt\/wp-content\/uploads\/2026\/01\/Untitled-256-x-256-px-7-100x100.png 100w\" sizes=\"auto, (max-width: 128px) 100vw, 128px\" \/><\/figure>\n\n\n\n<p class=\"has-contrast-3-color has-text-color has-link-color has-medium-font-size wp-elements-f888deeeb54955b694432c3ab47f3023\"><strong><a href=\"https:\/\/certifications.nutrasource.ca\/certified-products\/brand?id=SANO\">IFOS sertifikatas<\/a><\/strong><\/p>\n\n\n\n<p class=\"has-contrast-3-color has-text-color has-link-color wp-elements-2bd33e15bd91b127b30b8aa16eeab7ba\">IFOS sertifikavimas (Tarptautin\u0117 \u017euv\u0173 tauk\u0173 standart\u0173 programa) &#8211; tai nepriklausoma \u017euv\u0173 tauk\u0173 testavimo ir sertifikavimo programa. IFOS nustato auk\u0161\u010diausius pasaulyje grynumo, veiksmingumo ir \u0161vie\u017eumo standartus. Omega-3 papildai vertinami pagal 5 kriterijus. M\u016bs\u0173 NORSAN \u017euv\u0173 taukai visi\u0161kai atitinka visus \u0161iuos kriterijus. Tod\u0117l IFOS kiekvienam m\u016bs\u0173 skystam \u017euv\u0173 aliejui ir kapsul\u0117ms suteik\u0117 auk\u0161\u010diausi\u0105 \u012fvertinim\u0105.<\/p>\n\n\n\n<p class=\"has-contrast-3-color has-text-color has-link-color wp-elements-40884b29f72b2c329c46938a9d01318d\">Laboratorijos sertifikatai<\/p>\n\n\n\n<p class=\"has-contrast-3-color has-text-color has-link-color wp-elements-369650e060458cdc6a6cad59621f8888\">M\u016bs\u0173 &#8220;NORSAN Omega-3&#8221; \u017euv\u0173 taukai reguliariai tikrinami nepriklausomose laboratorijose. \u010cia rasite \u017ealiav\u0173, pried\u0173 ir sunki\u0173j\u0173 metal\u0173 analizes:<br><a href=\"https:\/\/www.norsan.de\/wp-content\/uploads\/2021\/10\/DE_20221110_A4_Zertifikate-Schwermetalluntersuchung_Total_web_extern.pdf\">\u041e\u043c\u0435\u0433\u0430-3 \u0412\u0441\u0435\u0433\u043e<\/a><br><a href=\"https:\/\/www.norsan.de\/wp-content\/uploads\/2021\/10\/DE_20221110_A4_Zertifikate-Schwermetallunter_Kapseln_web_extern.pdf\">Omega-3 Total kapsul\u0117s<\/a><br><a href=\"https:\/\/www.norsan.de\/wp-content\/uploads\/2021\/10\/DE_20221110_A4_Zertifikate-Schwermetalluntersuchung_Vegan_web_extern.pdf\">\u041e\u043c\u0435\u0433\u0430-3 \u0412\u0435\u0433\u0430\u043d <\/a><br><a href=\"https:\/\/www.norsan.de\/wp-content\/uploads\/2021\/10\/Zertifikate-Schwermetalluntersuchung_Vegan-Kapseln_web_extern.pdf\">Omega-3 Vegan kapsul\u0117s<\/a><br><a href=\"https:\/\/www.norsan.de\/wp-content\/uploads\/2021\/10\/DE_20221110_A4_Zertifikate-Schwermetalluntersuchung_KIDS_web_extern.pdf\">Omega-3 FISK aliejus<\/a><br><a href=\"https:\/\/www.norsan.de\/wp-content\/uploads\/2021\/10\/DE_20221110_A4_Zert-Schwermetallunters_KIDS-Jelly-45_web_extern.pdf\">Omega-3 FISK Jelly<\/a><br><a href=\"https:\/\/www.norsan.de\/wp-content\/uploads\/2021\/10\/DE_20221110_A4_Zertifikate-Schwermetalluntersuchung_Arktis_web_extern.pdf\">\u041e\u043c\u0435\u0433\u0430-3 \u0410\u0440\u043a\u0442\u0438\u0441<\/a><br><a href=\"https:\/\/www.norsan.de\/wp-content\/uploads\/2021\/10\/DE_20221110_A4_Zertifikate-Schwermetall_Arktis-Kapseln_web_ex.pdf\">Omega-3 Arktis kapsul\u0117s<\/a><\/p>\n\n\n\n<figure class=\"wp-block-image\"><img decoding=\"async\" src=\"https:\/\/norsan.lt\/wp-content\/uploads\/2026\/01\/Untitled-256-x-256-px-3.png\" alt=\"\"\/><\/figure>\n\n\n\n<p class=\"has-contrast-3-color has-text-color has-link-color has-medium-font-size wp-elements-7392bda36843cd76edb6247b9b3f76d1\"><strong><a href=\"https:\/\/goedomega3.com\/members\/member\/norsan\">Sertifikuotas GOED narys<\/a><\/strong><\/p>\n\n\n\n<p class=\"has-contrast-3-color has-text-color has-link-color wp-elements-cc8f231acfc6331e8f3eb3733fe6e1fb\">GOED yra tarptautin\u0117 EPR ir DHR Omega-3 organizacija. Jos misija &#8211; didinti EPR ir DHR Omega-3 riebal\u0173 r\u016bg\u0161\u010di\u0173 vartojim\u0105 ir u\u017etikrinti, kad sertifikuoti nariai gamint\u0173 auk\u0161tos kokyb\u0117s ir patikimus produktus. Did\u017eiuojam\u0117s b\u016bdami GOED nariais nuo 2019 m., o m\u016bs\u0173 produktai yra reguliariai tikrinami d\u0117l kokyb\u0117s ir grynumo.<\/p>\n\n\n\n<figure class=\"wp-block-image\"><img decoding=\"async\" src=\"https:\/\/norsan.lt\/wp-content\/uploads\/2026\/01\/Untitled-256-x-256-px-4.png\" alt=\"\"\/><\/figure>\n\n\n\n<p class=\"has-contrast-3-color has-text-color has-link-color has-medium-font-size wp-elements-8c397a34f26a5f56b160d97825aea5f4\"><strong><a href=\"https:\/\/www.koelnerliste.com\/en\/product-database?suche=NORSAN\">K\u00f6lner Liste\u00ae<\/a><\/strong><br><strong><br> <\/strong>\u201eK\u00f6lner Liste\u00ae&#8221; s\u0105ra\u0161e i\u0161vardyti maisto papildai, kurie n\u0117ra dopingo sud\u0117tyje ir nekelia dopingo rizikos. Mes taip pat esame Kelno s\u0105ra\u0161e.<\/p>\n\n\n\n<figure class=\"gb-block-image gb-block-image-8bff6a67\"><img loading=\"lazy\" decoding=\"async\" width=\"128\" height=\"128\" class=\"gb-image gb-image-8bff6a67\" src=\"https:\/\/norsan.lt\/wp-content\/uploads\/2026\/01\/Untitled-256-x-256-px-9.png\" alt=\"\" title=\"Untitled (256 x 256 px) (9)\" srcset=\"https:\/\/norsan.lt\/wp-content\/uploads\/2026\/01\/Untitled-256-x-256-px-9.png 128w, https:\/\/norsan.lt\/wp-content\/uploads\/2026\/01\/Untitled-256-x-256-px-9-12x12.png 12w, https:\/\/norsan.lt\/wp-content\/uploads\/2026\/01\/Untitled-256-x-256-px-9-100x100.png 100w\" sizes=\"auto, (max-width: 128px) 100vw, 128px\" \/><\/figure>\n\n\n\n<p class=\"has-contrast-3-color has-text-color has-link-color has-medium-font-size wp-elements-3f023eddc2b93b886b1e7cbd094506a1\"><strong>\u017daliosios aplinkos sertifikatas<\/strong><br><br>Kiekvienas gamybos procesas ir paslauga daro poveik\u012f aplinkai: naudojama energija, i\u0161tekliai ir vanduo, o kaip nepageidaujami \u0161alutiniai produktai susidaro CO\u2082 ir kitos dujos, taip pat atliekos. \u201eDer Gr\u00fcne Punkt\u201c \u012fvertina aplinkos pusiausvyr\u0105 analizuodama energijos suvartojim\u0105, i\u0161tekli\u0173 naudojim\u0105 ir perdirbimo procesuose susidaran\u010di\u0173 i\u0161metam\u0173j\u0173 ter\u0161al\u0173 kiek\u012f.<\/p>\n\n\n\n<figure class=\"gb-block-image gb-block-image-2eba6d5e\"><img loading=\"lazy\" decoding=\"async\" width=\"128\" height=\"128\" class=\"gb-image gb-image-2eba6d5e\" src=\"https:\/\/norsan.lt\/wp-content\/uploads\/2026\/01\/Untitled-256-x-256-px-10.png\" alt=\"\" title=\"Untitled (256 x 256 px) (10)\" srcset=\"https:\/\/norsan.lt\/wp-content\/uploads\/2026\/01\/Untitled-256-x-256-px-10.png 128w, https:\/\/norsan.lt\/wp-content\/uploads\/2026\/01\/Untitled-256-x-256-px-10-12x12.png 12w, https:\/\/norsan.lt\/wp-content\/uploads\/2026\/01\/Untitled-256-x-256-px-10-100x100.png 100w\" sizes=\"auto, (max-width: 128px) 100vw, 128px\" \/><\/figure>\n\n\n\n<p class=\"has-contrast-3-color has-text-color has-link-color has-medium-font-size wp-elements-e8666cf391367e8ad2266f742000bcc3\"><strong><a href=\"https:\/\/www.taste-institute.com\/en\/awarded-products\/superior-taste-awards\">Puikaus skonio apdovanojimas<\/a><\/strong><br><br>NORSAN aliejai peln\u0117 puiki\u0173 rezultat\u0173 \u201eSuperior Taste Award\u201c apdovanojimuose, kurie yra pripa\u017einti u\u017e i\u0161skirtin\u012f skon\u012f. Tai patvirtina m\u016bs\u0173 atsidavim\u0105 auk\u0161tai kokybei ir puikiems skonio potyriams.<\/p>","protected":false},"excerpt":{"rendered":"<p>Sertifikatai J\u016bros draugo (FOS) sertifikatas NORSAN \u017euv\u0173 taukai ir menki\u0173 taukai turi FOS sertifikat\u0105 ir yra pagaminti i\u0161 \u017euv\u0173, kurios visos atkeliauja &#8230; <a title=\"\u0421\u0435\u0440\u0442\u0438\u0444\u0438\u043a\u0430\u0442\u044b\" class=\"read-more\" href=\"https:\/\/norsan.lt\/ru\/sertifikatai\/\" aria-label=\"\u041f\u0440\u043e\u0447\u0438\u0442\u0430\u0442\u044c \u0431\u043e\u043b\u044c\u0448\u0435 \u043e Sertifikatai\">\u0427\u0438\u0442\u0430\u0442\u044c \u0434\u0430\u043b\u0435\u0435<\/a><\/p>","protected":false},"author":2,"featured_media":0,"parent":0,"menu_order":0,"comment_status":"closed","ping_status":"closed","template":"","meta":{"_wpo_ez_expert_only":false,"footnotes":""},"class_list":["post-556614","page","type-page","status-publish"],"_links":{"self":[{"href":"https:\/\/norsan.lt\/ru\/wp-json\/wp\/v2\/pages\/556614","targetHints":{"allow":["GET"]}}],"collection":[{"href":"https:\/\/norsan.lt\/ru\/wp-json\/wp\/v2\/pages"}],"about":[{"href":"https:\/\/norsan.lt\/ru\/wp-json\/wp\/v2\/types\/page"}],"author":[{"embeddable":true,"href":"https:\/\/norsan.lt\/ru\/wp-json\/wp\/v2\/users\/2"}],"replies":[{"embeddable":true,"href":"https:\/\/norsan.lt\/ru\/wp-json\/wp\/v2\/comments?post=556614"}],"version-history":[{"count":15,"href":"https:\/\/norsan.lt\/ru\/wp-json\/wp\/v2\/pages\/556614\/revisions"}],"predecessor-version":[{"id":569312,"href":"https:\/\/norsan.lt\/ru\/wp-json\/wp\/v2\/pages\/556614\/revisions\/569312"}],"wp:attachment":[{"href":"https:\/\/norsan.lt\/ru\/wp-json\/wp\/v2\/media?parent=556614"}],"curies":[{"name":"wp","href":"https:\/\/api.w.org\/{rel}","templated":true}]}}