{"id":556606,"date":"2024-02-29T14:15:33","date_gmt":"2024-02-29T14:15:33","guid":{"rendered":"https:\/\/norsan.lt\/?page_id=556606"},"modified":"2024-06-10T14:09:13","modified_gmt":"2024-06-10T14:09:13","slug":"omega-3-vartojimas","status":"publish","type":"page","link":"https:\/\/norsan.lt\/ru\/omega-3-vartojimas\/","title":{"rendered":"Omega-3 vartojimas"},"content":{"rendered":"<div class=\"gb-container gb-container-d5a72f06\">\n\n<div class=\"wp-block-group\"><div class=\"wp-block-group__inner-container is-layout-constrained wp-block-group-is-layout-constrained\">\n<div class=\"wp-block-cover is-light\" style=\"min-height:373px;aspect-ratio:unset;\"><span aria-hidden=\"true\" class=\"wp-block-cover__background has-background-dim\"><\/span><img decoding=\"async\" class=\"wp-block-cover__image-background wp-image-276071\" alt=\"\" src=\"https:\/\/norsan.ch\/wp-content\/uploads\/2021\/10\/20180731-header-moodbild-1534x411px-vegan_2-1024x275-1.png\" data-object-fit=\"cover\"\/><div class=\"wp-block-cover__inner-container is-layout-flow wp-block-cover-is-layout-flow\">\n<h1 class=\"wp-block-heading has-white-color has-text-color\" style=\"font-size:45px\"><strong>Omega-3 vartojimas<\/strong><\/h1>\n<\/div><\/div>\n\n\n\n<div style=\"height:20px\" aria-hidden=\"true\" class=\"wp-block-spacer\"><\/div>\n\n\n\n<p class=\"has-text-align-center has-very-dark-gray-color has-text-color\">Daugelis \u017emoni\u0173 NORSAN aliej\u0173 vartoja gryn\u0105, paros doz\u0119 matuodami \u0161auk\u0161tu arba matavimo indeliu. Ta\u010diau aliej\u0173 galima naudoti ir kaip &#8220;\u012fprast\u0105&#8221; ingredient\u0105 virtuv\u0117je ir \u012fmai\u0161yti \u012f \u012fvairius patiekalus. Pavyzd\u017eiui, aliej\u0173 galite lengvai \u012fmai\u0161yti \u012f sultis, kokteil\u012f ar pada\u017e\u0105, jogurt\u0105, var\u0161k\u0119 ar ko\u0161\u0119. Net \u012f sriub\u0105 ar pagrindinius patiekalus, svarbiausia, kad jie neb\u016bt\u0173 labai kar\u0161ti.<\/p>\n\n\n\n<p class=\"has-text-align-center has-very-dark-gray-color has-text-color\">Galimybi\u0173 daug ir \u012fvairi\u0173 &#8211; pasisemkite \u012fkv\u0117pimo i\u0161 m\u016bs\u0173 si\u016blom\u0173 <a href=\"https:\/\/norsan.lt\/ru\/receptai\/\" data-type=\"page\" data-id=\"556477\">recept\u0173.<\/a><\/p>\n\n\n\n<p class=\"has-text-align-center has-very-dark-gray-color has-text-color\">Kapsul\u0117s taip pat yra prakti\u0161ka alternatyva, ypa\u010d tiems \u017emon\u0117ms, kurie daug keliauja. <\/p>\n\n\n\n<p class=\"has-text-align-center has-very-dark-gray-color has-text-color\">Su\u017einokite, \u012f k\u0105 tur\u0117tum\u0117te atkreipti d\u0117mes\u012f vartodami NORSAN Omega-3 riebal\u0173 r\u016bg\u0161tis ir kaip jas optimaliai integruoti \u012f kasdien\u012f gyvenim\u0105.<\/p>\n\n\n\n<div class=\"wp-block-columns is-layout-flex wp-container-core-columns-is-layout-9d6595d7 wp-block-columns-is-layout-flex\">\n<div class=\"wp-block-column is-layout-flow wp-block-column-is-layout-flow\" style=\"flex-basis:25%\"><\/div>\n\n\n\n<div class=\"wp-block-column is-layout-flow wp-block-column-is-layout-flow\" style=\"flex-basis:50%\">\n<hr class=\"wp-block-separator has-text-color has-very-dark-gray-color has-css-opacity has-very-dark-gray-background-color has-background is-style-wide\"\/>\n<\/div>\n\n\n\n<div class=\"wp-block-column is-layout-flow wp-block-column-is-layout-flow\" style=\"flex-basis:25%\"><\/div>\n<\/div>\n\n\n\n<div class=\"wp-block-columns is-layout-flex wp-container-core-columns-is-layout-9d6595d7 wp-block-columns-is-layout-flex\">\n<div class=\"wp-block-column is-layout-flow wp-block-column-is-layout-flow\" style=\"flex-basis:33.33%\"><div class=\"wp-block-image\">\n<figure class=\"aligncenter size-full is-resized\"><img decoding=\"async\" src=\"https:\/\/norsan.ch\/wp-content\/uploads\/2021\/10\/Total_Vegan-_Oel-min-1024x1024-1.png\" alt=\"\" class=\"wp-image-276067\" style=\"width:324px;height:324px\"\/><\/figure>\n<\/div><\/div>\n\n\n\n<div class=\"wp-block-column is-layout-flow wp-block-column-is-layout-flow\" style=\"flex-basis:66.66%\"><div class=\"wp-block-image\">\n<figure class=\"aligncenter size-full is-resized\"><img decoding=\"async\" src=\"https:\/\/norsan.ch\/wp-content\/uploads\/2021\/10\/Unterstrich_gelb-min.png\" alt=\"\" class=\"wp-image-276057\" style=\"width:458px;height:63px\"\/><\/figure>\n<\/div>\n\n\n<h2 class=\"wp-block-heading has-text-align-center has-very-dark-gray-color has-text-color\"><strong>1 \u0161auk\u0161tas arba \u0161auk\u0161telis Omega-3 aliejaus per dien\u0105<\/strong><\/h2>\n\n\n\n<p class=\"has-text-align-center has-very-dark-gray-color has-text-color\">Bendra rekomenduojama doz\u0117 yra 2000 mg Omega-3 per dien\u0105. Tai rodo moksliniai tyrimai ir daugiau nei 30 000 m\u016bs\u0173 atlikt\u0173 atskir\u0173 riebal\u0173 r\u016bg\u0161\u010di\u0173 analizi\u0173. Tai atitinka ma\u017edaug 1 valgom\u0105j\u012f \u0161auk\u0161t\u0105 <a href=\"https:\/\/norsan.lt\/ru\/product\/omega-3-total-aliejus\/\" data-type=\"link\" data-id=\"https:\/\/norsan.lt\/product\/omega-3-total-aliejus\/\">&#8220;Omega-3 Total&#8221;<\/a> ir <a href=\"https:\/\/norsan.lt\/ru\/product-category\/omega-3-is-menkiu-kepenu\/\" data-type=\"link\" data-id=\"https:\/\/norsan.lt\/product-category\/arktis\/\">&#8220;Omega-3 Arktis&#8221;<\/a> arba 1 arbatin\u012f \u0161auk\u0161tel\u012f <a href=\"https:\/\/norsan.lt\/ru\/product-category\/omega-3-is-juros-dumbliu\/\">&#8220;Omega-3 Vegan&#8221;<\/a> per dien\u0105.<\/p>\n<\/div>\n<\/div>\n\n\n\n<div class=\"wp-block-columns hideOnPc hideOnPad is-layout-flex wp-container-core-columns-is-layout-9d6595d7 wp-block-columns-is-layout-flex\">\n<div class=\"wp-block-column is-layout-flow wp-block-column-is-layout-flow\" style=\"flex-basis:33.33%\"><div class=\"wp-block-image\">\n<figure class=\"aligncenter size-full is-resized\"><img decoding=\"async\" src=\"https:\/\/norsan.ch\/wp-content\/uploads\/2021\/10\/Kalender-2-min-1024x1024-1.png\" alt=\"\" class=\"wp-image-276068\" style=\"width:288px;height:288px\"\/><\/figure>\n<\/div><\/div>\n\n\n\n<div class=\"wp-block-column is-layout-flow wp-block-column-is-layout-flow\" style=\"flex-basis:66.66%\"><div class=\"wp-block-image\">\n<figure class=\"aligncenter size-full is-resized\"><img decoding=\"async\" src=\"https:\/\/norsan.ch\/wp-content\/uploads\/2021\/10\/Unterstrich_gelb-min.png\" alt=\"\" class=\"wp-image-276057\" style=\"width:458px;height:63px\"\/><\/figure>\n<\/div>\n\n\n<h2 class=\"wp-block-heading has-text-align-center has-very-dark-gray-color has-text-color\"><strong>Reguliarus vartojimas<\/strong><\/h2>\n\n\n\n<p class=\"has-text-align-center has-very-dark-gray-color has-text-color\">Reguliarus vartojimas yra raktas \u012f s\u0117km\u0119. Kasdien po porcij\u0105 Omega-3 &#8211; nes tik reguliariai vartojant galima pasiekti gydom\u0105j\u012f ir profilaktin\u012f poveik\u012f.<\/p>\n<\/div>\n<\/div>\n\n\n\n<div class=\"wp-block-columns is-layout-flex wp-container-core-columns-is-layout-9d6595d7 wp-block-columns-is-layout-flex\">\n<div class=\"wp-block-column is-layout-flow wp-block-column-is-layout-flow\" style=\"flex-basis:33.33%\"><div class=\"wp-block-image\">\n<figure class=\"aligncenter size-large is-resized\"><img decoding=\"async\" src=\"https:\/\/norsan.ch\/wp-content\/uploads\/2021\/11\/Joghurt-min-2048x2048-1-1063x1063.png\" alt=\"\" class=\"wp-image-276076\" style=\"width:314px;height:314px\"\/><\/figure>\n<\/div><\/div>\n\n\n\n<div class=\"wp-block-column is-layout-flow wp-block-column-is-layout-flow\" style=\"flex-basis:66.66%\"><div class=\"wp-block-image\">\n<figure class=\"aligncenter size-full is-resized\"><img decoding=\"async\" src=\"https:\/\/norsan.ch\/wp-content\/uploads\/2021\/10\/Unterstrich_gelb-min.png\" alt=\"\" class=\"wp-image-276057\" style=\"width:458px;height:63px\"\/><\/figure>\n<\/div>\n\n\n<h2 class=\"wp-block-heading has-text-align-center has-very-dark-gray-color has-text-color\"><strong>Vartoti valgio metu arba po valgio<\/strong><\/h2>\n\n\n\n<p class=\"has-text-align-center has-very-dark-gray-color has-text-color\">Rekomenduojame Omega-3 vartoti kartu su maistu. Taip yra tod\u0117l, kad vartoants su maistu geriau \u012fsisavinamos riebal\u0173 r\u016bg\u0161tys. Tu\u0161\u010dias skrandis sunkiau vir\u0161kina riebalus, tod\u0117l kyla pavojus, kad organizmas \u012fsisavins tik nedidel\u0119 dal\u012f verting\u0173 aliej\u0173. Dar vienas svarbus momentas &#8211; aliejus netur\u0117t\u0173 b\u016bti kaitinamas. D\u0117l kar\u0161\u010dio poveikio Omega-3 riebal\u0173 r\u016bg\u0161tys oksiduojasi.<\/p>\n\n\n\n<p class=\"has-text-align-center has-very-dark-gray-color has-text-color\">Nesvarbu, ar Omega-3 vartojama ryte, per pietus ar vakare, svarbu j\u0105 vartoti su maistu.<\/p>\n<\/div>\n<\/div>\n\n\n\n<div class=\"wp-block-group has-background\" style=\"background-color:#f7f7f7\"><div class=\"wp-block-group__inner-container is-layout-flow wp-block-group-is-layout-flow\">\n<div class=\"wp-block-columns is-layout-flex wp-container-core-columns-is-layout-9d6595d7 wp-block-columns-is-layout-flex\">\n<div class=\"wp-block-column is-layout-flow wp-block-column-is-layout-flow\">\n<figure class=\"wp-block-image size-full\"><img decoding=\"async\" src=\"https:\/\/norsan.ch\/wp-content\/uploads\/2021\/10\/Kreislauf_min_grau.gif\" alt=\"\" class=\"wp-image-276061\"\/><\/figure>\n<\/div>\n\n\n\n<div class=\"wp-block-column is-layout-flow wp-block-column-is-layout-flow\">\n<h2 class=\"wp-block-heading has-very-dark-gray-color has-text-color\"><strong>Vartoti Omega-3 aliej\u0173 taip paprasta<\/strong><\/h2>\n\n\n\n<figure class=\"wp-block-table is-style-regular\"><table class=\"has-very-dark-gray-color has-text-color\"><tbody><tr><td class=\"has-text-align-right\" data-align=\"right\">     <img decoding=\"async\" class=\"wp-image-276064\" style=\"width: 69px;\" src=\"https:\/\/norsan.ch\/wp-content\/uploads\/2021\/10\/1-1.png\" alt=\"\"><\/td><td class=\"has-text-align-left\" data-align=\"left\"><br><br>Prie\u0161 atidarydami produkt\u0105 suplakite.<\/td><\/tr><tr><td class=\"has-text-align-right\" data-align=\"right\"> <img decoding=\"async\" class=\"wp-image-276062\" style=\"width: 71px;\" src=\"https:\/\/norsan.ch\/wp-content\/uploads\/2021\/10\/2.png\" alt=\"\"><\/td><td class=\"has-text-align-left\" data-align=\"left\"><br><br>Vartokite Omega-3 aliej\u0173 su maistu.<\/td><\/tr><tr><td class=\"has-text-align-right\" data-align=\"right\"> <img decoding=\"async\" class=\"wp-image-276063\" style=\"width: 71px;\" src=\"https:\/\/norsan.ch\/wp-content\/uploads\/2021\/10\/3.png\" alt=\"\"><\/td><td class=\"has-text-align-left\" data-align=\"left\"><br><br>Atidaryt\u0105 Omega-3 aliej\u0173 laikykite \u0161aldytuve.<\/td><\/tr><tr><td class=\"has-text-align-right\" data-align=\"right\"> <img decoding=\"async\" class=\"wp-image-276065\" style=\"width: 73px;\" src=\"https:\/\/norsan.ch\/wp-content\/uploads\/2021\/10\/4-1.png\" alt=\"\"><\/td><td class=\"has-text-align-left\" data-align=\"left\"><br>Kiekvien\u0105 dien\u0105 kartokite 1-3 \u017eingsnius ir susikurkite savo Omega-3 rutin\u0105.<\/td><\/tr><\/tbody><\/table><\/figure>\n\n\n\n<p><\/p>\n<\/div>\n<\/div>\n<\/div><\/div>\n\n\n\n<div class=\"wp-block-group\"><div class=\"wp-block-group__inner-container is-layout-flow wp-block-group-is-layout-flow\">\n<div class=\"wp-block-columns is-layout-flex wp-container-core-columns-is-layout-9d6595d7 wp-block-columns-is-layout-flex\">\n<div class=\"wp-block-column is-layout-flow wp-block-column-is-layout-flow\"><div class=\"wp-block-image is-resized\">\n<figure class=\"aligncenter size-full\"><img decoding=\"async\" src=\"https:\/\/norsan.ch\/wp-content\/uploads\/2021\/10\/Unterstrich_gelb-min.png\" alt=\"\" class=\"wp-image-276057\"\/><\/figure>\n<\/div>\n\n\n<h2 class=\"wp-block-heading has-very-dark-gray-color has-text-color\">NORSAN Omega-3 aliejai kasdien\u0117s mitybos dalis<\/h2>\n\n\n\n<p class=\"has-very-dark-gray-color has-text-color\">Jei jums tr\u016bksta Omega-3, svarbu jomis papildyti organizm\u0105, kad Omega-3 indeksas ir Omega-6\/3 santykis b\u016bt\u0173 sveikatai palankaus lygio. Ta\u010diau jei v\u0117l nustosite \u0161ias riebal\u0173 r\u016bg\u0161tis vartoti, vert\u0117s suma\u017e\u0117s ir v\u0117l gr\u012f\u0161ite ten, kur prad\u0117jote. Tod\u0117l svarbu, kad rastume b\u016bd\u0105, kaip NORSAN aliejus integruoti \u012f savo kasdien\u012f gyvenim\u0105 ir tai tapt\u0173 \u012fprastos mitybos dalimi. \u017di\u016br\u0117kite vaizdo \u012fra\u0161\u0105 ir su\u017einokite, kod\u0117l savo Omega-3 aliejus laikome maistu ir kaip aliejai gali lengvai tapti J\u016bs\u0173 kasdienio gyvenimo dalimi.<\/p>\n<\/div>\n\n\n\n<div class=\"wp-block-column is-layout-flow wp-block-column-is-layout-flow\">\n<figure class=\"wp-block-video\"><video controls src=\"https:\/\/norsan.ch\/wp-content\/uploads\/2023\/12\/CH_NORSAN_2_FINAL_fix_HD_1080px_final.mp4\"><\/video><\/figure>\n<\/div>\n<\/div>\n<\/div><\/div>\n\n\n\n<div class=\"wp-block-columns is-layout-flex wp-container-core-columns-is-layout-9d6595d7 wp-block-columns-is-layout-flex\">\n<div class=\"wp-block-column is-layout-flow wp-block-column-is-layout-flow\"><\/div>\n\n\n\n<div class=\"wp-block-column is-layout-flow wp-block-column-is-layout-flow\">\n<div class=\"wp-block-buttons is-layout-flex wp-block-buttons-is-layout-flex\">\n<div class=\"wp-block-button has-custom-width wp-block-button__width-75\"><a class=\"wp-block-button__link has-white-color has-luminous-vivid-orange-background-color has-text-color has-background wp-element-button\" href=\"https:\/\/norsan.lt\/ru\/parduotuve\/\" target=\"_blank\" rel=\"noreferrer noopener\">\u012e produktus<\/a><\/div>\n<\/div>\n<\/div>\n\n\n\n<div class=\"wp-block-column is-layout-flow wp-block-column-is-layout-flow\"><\/div>\n<\/div>\n\n\n\n<div class=\"wp-block-group\"><div class=\"wp-block-group__inner-container is-layout-flow wp-block-group-is-layout-flow\">\n<div class=\"wp-block-columns is-layout-flex wp-container-core-columns-is-layout-9d6595d7 wp-block-columns-is-layout-flex\">\n<div class=\"wp-block-column is-layout-flow wp-block-column-is-layout-flow\"><div class=\"wp-block-image\">\n<figure class=\"aligncenter size-full is-resized\"><img decoding=\"async\" src=\"https:\/\/norsan.ch\/wp-content\/uploads\/2021\/10\/Unterstrich_kids.png\" alt=\"\" class=\"wp-image-276070\" style=\"width:495px;height:68px\"\/><\/figure>\n<\/div>\n\n\n<h2 class=\"wp-block-heading has-text-align-center has-very-dark-gray-color has-text-color\"><strong>Rekomendacija vaikams<\/strong><\/h2>\n<\/div>\n<\/div>\n<\/div><\/div>\n\n\n\n<div class=\"wp-block-columns is-layout-flex wp-container-core-columns-is-layout-9d6595d7 wp-block-columns-is-layout-flex\">\n<div class=\"wp-block-column is-layout-flow wp-block-column-is-layout-flow\">\n<figure class=\"wp-block-table is-style-stripes\"><table class=\"has-very-dark-gray-color has-text-color\"><thead><tr><th>Am\u017eius<\/th><th>Dozavimas<\/th><\/tr><\/thead><tbody><tr><td>9 kg<\/td><td>Kas 2 dienas 2,5 ml per dien\u0105 (ma\u017edaug 1\/2 arbatinio \u0161auk\u0161telio); yra 257 mg omega-3 riebal\u0173 r\u016bg\u0161\u010di\u0173 per dien\u0105 (arba 515 mg viename \u0161auk\u0161telyje)<\/td><\/tr><tr><td>17 kg<\/td><td>2,5 ml per dien\u0105 (ma\u017edaug 1\/2 arbatinio \u0161auk\u0161telio); sud\u0117tyje yra 515 mg omega-3 riebal\u0173 r\u016bg\u0161\u010di\u0173<\/td><\/tr><tr><td>35 kg<\/td><td>5 ml per dien\u0105 (ma\u017edaug 1 arbatinis \u0161auk\u0161telis); sud\u0117tyje yra 1030 mg omega-3 riebal\u0173 r\u016bg\u0161\u010di\u0173<\/td><\/tr><\/tbody><\/table><\/figure>\n<\/div>\n\n\n\n<div class=\"wp-block-column is-layout-flow wp-block-column-is-layout-flow\">\n<p>Vaikams rekomenduojame m\u016bs\u0173 &#8220;Omega-3 FISK&#8221; aliej\u0173. Atsi\u017evelgiant \u012f am\u017ei\u0173, rekomenduojame lentel\u0117je nurodytas dozes.<\/p>\n\n\n\n<p>Ta\u010diau i\u0161 esm\u0117s visi m\u016bs\u0173 produktai tinka ir vaikams. Svarbu, kad doz\u0117 b\u016bt\u0173 apskai\u010diuota pagal am\u017ei\u0173 ir svor\u012f*.<\/p>\n\n\n\n<p>\u017dindan\u010dios motinos u\u017etikrina sau ir savo vaikui optimal\u0173 riebal\u0173 r\u016bg\u0161\u010di\u0173 kiek\u012f, kasdien vartodamos 2000 mg Omega-3 riebal\u0173 r\u016bg\u0161\u010di\u0173.<\/p>\n\n\n\n<p>*NORSAN aliej\u0173 vartojimo rekomendacija paskai\u010diuota 75 kg sverian\u010diam suaugusiam \u017emogui. Tod\u0117l 15 kg sverian\u010diam vaikui reik\u0117t\u0173 ma\u017edaug \u2155 suaugusiam \u017emogui rekomenduojamo kiekio.<\/p>\n<\/div>\n<\/div>\n\n\n\n<div class=\"wp-block-group has-background\" style=\"background-color:#d8edee\"><div class=\"wp-block-group__inner-container is-layout-flow wp-block-group-is-layout-flow\">\n<div class=\"wp-block-columns is-layout-flex wp-container-core-columns-is-layout-9d6595d7 wp-block-columns-is-layout-flex\">\n<div class=\"wp-block-column is-layout-flow wp-block-column-is-layout-flow\">\n<h2 class=\"wp-block-heading has-text-align-center has-very-dark-gray-color has-text-color\">Naudingi patarimai t\u0117vams<\/h2>\n\n\n\n<div class=\"wp-block-media-text alignwide has-media-on-the-right is-stacked-on-mobile has-background\" style=\"background-color:#d8edee;grid-template-columns:auto 20%\"><div class=\"wp-block-media-text__content\">\n<h3 class=\"wp-block-heading has-very-dark-gray-color has-text-color\"><strong>Ugnikalnis<\/strong><\/h3>\n\n\n\n<figure class=\"wp-block-table\"><table><tbody><tr><td>\u012emai\u0161ytas \u012f \u012fvairi\u0173 r\u016b\u0161i\u0173 gr\u016bd\u0173 ko\u0161es ar vaisi\u0173 tyr\u0119. FISK aliejaus skonio ma\u017eyliai net nepajus. T\u0117vyst\u0117s patarimai &#8211; \u012fmai\u0161ykite paslap\u010dia.<br><\/td><\/tr><\/tbody><\/table><\/figure>\n<\/div><figure class=\"wp-block-media-text__media\"><img decoding=\"async\" src=\"https:\/\/norsan.ch\/wp-content\/uploads\/2021\/10\/Berrggg.gif\" alt=\"\" class=\"wp-image-276052 size-full\"\/><\/figure><\/div>\n\n\n\n<div style=\"height:50px\" aria-hidden=\"true\" class=\"wp-block-spacer\"><\/div>\n\n\n\n<div class=\"wp-block-media-text alignwide is-stacked-on-mobile has-background\" style=\"background-color:#d8edee;grid-template-columns:20% auto\"><figure class=\"wp-block-media-text__media\"><img decoding=\"async\" src=\"https:\/\/norsan.ch\/wp-content\/uploads\/2021\/10\/Loeffelflugzeug.gif\" alt=\"\" class=\"wp-image-276073 size-full\"\/><\/figure><div class=\"wp-block-media-text__content\">\n<h3 class=\"wp-block-heading has-very-dark-gray-color has-text-color\"><strong>L\u0117ktuvo \u0161auk\u0161tas<\/strong><\/h3>\n\n\n\n<figure class=\"wp-block-table\"><table><tbody><tr><td><br>Kai \u0161auk\u0161tas virsta l\u0117ktuvu, o mama ir t\u0117tis skleid\u017eia juokingus garsus, kai kuri\u0173 vaik\u0173 akys nu\u0161vinta. O kai b\u016bna daug linksmybi\u0173 ir \u017eaidim\u0173, l\u0117ktuvas nusileid\u017eia ant lie\u017euvio. \u012esp\u0117jimas: i\u0161siliejimo rizika! T\u0117v\u0173 \u012fg\u016bd\u017eiai: autenti\u0161kas skryd\u017eio modeliavimas<br><\/td><\/tr><\/tbody><\/table><\/figure>\n<\/div><\/div>\n\n\n\n<div style=\"height:50px\" aria-hidden=\"true\" class=\"wp-block-spacer\"><\/div>\n\n\n\n<div class=\"wp-block-media-text alignwide has-media-on-the-right is-stacked-on-mobile has-background\" style=\"background-color:#d8edee;grid-template-columns:auto 20%\"><div class=\"wp-block-media-text__content\">\n<h3 class=\"wp-block-heading has-very-dark-gray-color has-text-color\"><strong>Supergali\u0173 id\u0117ja<\/strong><\/h3>\n\n\n\n<figure class=\"wp-block-table\"><table><tbody><tr><td><br>Vaikai suvokia savo geb\u0117jimus pagal princip\u0105 grei\u010diau, auk\u0161\u010diau, toliau ir mano, kad viskas, kas palaiko \u0161ias vertybes, yra puiku. Pavyzd\u017eiui, kasdien gaunant \u0161auk\u0161t\u0105 omega-3, futbolo kamuolys kaskart skrenda \u0161iek tiek auk\u0161\u010diau. Tai galima modeliuoti ir suaugusiesiems. T\u0117vyst\u0117s \u012fg\u016bd\u017eiai: patikimas pateikimas su nedideliu mirktel\u0117jimu.<br><\/td><\/tr><\/tbody><\/table><\/figure>\n<\/div><figure class=\"wp-block-media-text__media\"><img decoding=\"async\" src=\"https:\/\/norsan.ch\/wp-content\/uploads\/2021\/10\/IMG_2025.gif\" alt=\"\" class=\"wp-image-276055 size-full\"\/><\/figure><\/div>\n<\/div>\n<\/div>\n\n\n\n<p><\/p>\n<\/div><\/div>\n<\/div><\/div>\n\n<\/div>","protected":false},"excerpt":{"rendered":"<p>Daugelis \u017emoni\u0173 NORSAN aliej\u0173 vartoja gryn\u0105, paros doz\u0119 matuodami \u0161auk\u0161tu arba matavimo indeliu. Ta\u010diau aliej\u0173 galima naudoti ir kaip &#8220;\u012fprast\u0105&#8221; ingredient\u0105 virtuv\u0117je &#8230; <a title=\"Omega-3 vartojimas\" class=\"read-more\" href=\"https:\/\/norsan.lt\/ru\/omega-3-vartojimas\/\" aria-label=\"\u041f\u0440\u043e\u0447\u0438\u0442\u0430\u0442\u044c \u0431\u043e\u043b\u044c\u0448\u0435 \u043e Omega-3 vartojimas\">\u0427\u0438\u0442\u0430\u0442\u044c \u0434\u0430\u043b\u0435\u0435<\/a><\/p>","protected":false},"author":2,"featured_media":0,"parent":0,"menu_order":0,"comment_status":"closed","ping_status":"closed","template":"","meta":{"_wpo_ez_expert_only":false,"footnotes":""},"class_list":["post-556606","page","type-page","status-publish"],"_links":{"self":[{"href":"https:\/\/norsan.lt\/ru\/wp-json\/wp\/v2\/pages\/556606","targetHints":{"allow":["GET"]}}],"collection":[{"href":"https:\/\/norsan.lt\/ru\/wp-json\/wp\/v2\/pages"}],"about":[{"href":"https:\/\/norsan.lt\/ru\/wp-json\/wp\/v2\/types\/page"}],"author":[{"embeddable":true,"href":"https:\/\/norsan.lt\/ru\/wp-json\/wp\/v2\/users\/2"}],"replies":[{"embeddable":true,"href":"https:\/\/norsan.lt\/ru\/wp-json\/wp\/v2\/comments?post=556606"}],"version-history":[{"count":9,"href":"https:\/\/norsan.lt\/ru\/wp-json\/wp\/v2\/pages\/556606\/revisions"}],"predecessor-version":[{"id":570230,"href":"https:\/\/norsan.lt\/ru\/wp-json\/wp\/v2\/pages\/556606\/revisions\/570230"}],"wp:attachment":[{"href":"https:\/\/norsan.lt\/ru\/wp-json\/wp\/v2\/media?parent=556606"}],"curies":[{"name":"wp","href":"https:\/\/api.w.org\/{rel}","templated":true}]}}