{"id":556592,"date":"2024-02-20T15:36:43","date_gmt":"2024-02-20T15:36:43","guid":{"rendered":"https:\/\/norsan.lt\/?page_id=556592"},"modified":"2026-03-30T12:38:04","modified_gmt":"2026-03-30T10:38:04","slug":"webinarai","status":"publish","type":"page","link":"https:\/\/norsan.lt\/ru\/webinarai\/","title":{"rendered":"Vebinarai"},"content":{"rendered":"\n<h1>\n\t\t\tN\u0117\u0161tumo kelias: nuo planavimo iki pirm\u0173j\u0173 m\u0117nesi\u0173 po gimdymo\t<\/h1>\n<h2>\n\t\t\t2026 baland\u017eio 22 d.\t<\/h2>\n\t<h5>Su\u017einosite, kaip pasiruo\u0161ti n\u0117\u0161tumui, k\u0105 svarbu \u017einoti kiekviename trimestre ir kaip pasir\u016bpinti savimi bei k\u016bdikiu po gimdymo. Praktiniai patarimai apie mityb\u0105, papildus, gyvenimo b\u016bd\u0105 ir \u017eindym\u0105.<\/h5>\n\t\t\t<a href=\"\"  target=\"_self\">\n\t\t\t\t\t\tRegistruotis\n\t\t\t\t\t<\/a>\n<h1>\n\t\t\t[EN] Omega-3: \u012erodymais pagr\u012fsta nauda \u0161ird\u017eiai, smegenims ir gyvenimo trukmei\t<\/h1>\n<h2>\n\t\t\t2026 gegu\u017e\u0117s 28 d.\t<\/h2>\n\t<h5>\u0160io vebinaro metu nagrin\u0117sime naujausius mokslinius \u012frodymus apie Omega-3 riebal\u0173 r\u016bg\u0161tis ir j\u0173 vaidmen\u012f \u0161irdies ir kraujagysli\u0173 sveikatai, smegen\u0173 funkcijai ir ilgaam\u017ei\u0161kumui (ilgam ir sveikam gyvenimui). Ypatingas d\u0117mesys bus skiriamas klinikiniams rezultatams, tokiems bio\u017eymenims kaip Omega-3 indeksas ir praktinei terapin\u0117s praktikos reik\u0161mei.<\/h5>\n\t\t\t<a href=\"#\"  target=\"_self\">\n\t\t\t\t\t\tRegistruotis\n\t\t\t\t\t<\/a>\n\n","protected":false},"excerpt":{"rendered":"<p>N\u0117\u0161tumo kelias: nuo planavimo iki pirm\u0173j\u0173 m\u0117nesi\u0173 po gimdymo 2026 baland\u017eio 22 d. Su\u017einosite, kaip pasiruo\u0161ti n\u0117\u0161tumui, k\u0105 svarbu \u017einoti kiekviename trimestre &#8230; <a title=\"Vebinarai\" class=\"read-more\" href=\"https:\/\/norsan.lt\/ru\/webinarai\/\" aria-label=\"\u041f\u0440\u043e\u0447\u0438\u0442\u0430\u0442\u044c \u0431\u043e\u043b\u044c\u0448\u0435 \u043e Vebinarai\">\u0427\u0438\u0442\u0430\u0442\u044c \u0434\u0430\u043b\u0435\u0435<\/a><\/p>","protected":false},"author":2,"featured_media":0,"parent":0,"menu_order":0,"comment_status":"closed","ping_status":"closed","template":"","meta":{"_wpo_ez_expert_only":false,"footnotes":""},"class_list":["post-556592","page","type-page","status-publish"],"_links":{"self":[{"href":"https:\/\/norsan.lt\/ru\/wp-json\/wp\/v2\/pages\/556592","targetHints":{"allow":["GET"]}}],"collection":[{"href":"https:\/\/norsan.lt\/ru\/wp-json\/wp\/v2\/pages"}],"about":[{"href":"https:\/\/norsan.lt\/ru\/wp-json\/wp\/v2\/types\/page"}],"author":[{"embeddable":true,"href":"https:\/\/norsan.lt\/ru\/wp-json\/wp\/v2\/users\/2"}],"replies":[{"embeddable":true,"href":"https:\/\/norsan.lt\/ru\/wp-json\/wp\/v2\/comments?post=556592"}],"version-history":[{"count":11,"href":"https:\/\/norsan.lt\/ru\/wp-json\/wp\/v2\/pages\/556592\/revisions"}],"predecessor-version":[{"id":570339,"href":"https:\/\/norsan.lt\/ru\/wp-json\/wp\/v2\/pages\/556592\/revisions\/570339"}],"wp:attachment":[{"href":"https:\/\/norsan.lt\/ru\/wp-json\/wp\/v2\/media?parent=556592"}],"curies":[{"name":"wp","href":"https:\/\/api.w.org\/{rel}","templated":true}]}}