{"id":556587,"date":"2024-02-20T15:21:27","date_gmt":"2024-02-20T15:21:27","guid":{"rendered":"https:\/\/norsan.lt\/?page_id=556587"},"modified":"2024-06-13T08:14:37","modified_gmt":"2024-06-13T08:14:37","slug":"renginiai","status":"publish","type":"page","link":"https:\/\/norsan.lt\/ru\/renginiai\/","title":{"rendered":"\u0421\u043e\u0431\u044b\u0442\u0438\u044f"},"content":{"rendered":"<p>Vienas i\u0161 NORSAN Baltic \u012fmon\u0117s tiksl\u0173 &#8211; yra skatinti \u017emones r\u016bpintis savo sveikata, \u0161viesti bei informuoti juos apie b\u016bdus ir priemones kaip tai galima padaryti. <\/p>\n\n\n\n<p>Tai darome \u012fvairiausiais b\u016bdais &#8211; stengiam\u0117s pateikti kuo naudingesn\u0117s informacijos apie sveikat\u0105 m\u016bs\u0173 svetain\u0117je ir socialini\u0173 tinkl\u0173 paskyrose (<a href=\"https:\/\/www.instagram.com\/norsan.lietuva\/\">IG<\/a>, <a href=\"https:\/\/www.facebook.com\/norsan.lt\/\">FB<\/a>, TIK TOK), dalyvaujame konferencijose, parodose, publikuojame straipsnius, paremtus moksliniais tyrimais, konsultuojame asmeni\u0161kai. Ypa\u010d didel\u012f d\u0117mes\u012f skiriame paskaitoms, kurias skaitome arba patys, arba kvie\u010diame savo srities specialistus, kurie noriai dalijasi savo \u017einiomis ir patirtimis. Paskaitos yra nemokamos. <\/p>\n\n\n\n<p>Specialist\u0173 skaitomas paskaitas galite i\u0161girsti online, o mes patys mielai atvyksime pas Jus, jeigu susidarys 10-15 \u017emoni\u0173 grup\u0117, kurie ne tik nor\u0117s i\u0161girsti apie Omega-3 naud\u0105 organizmui, bet ir tur\u0117s galimyb\u0119 i\u0161ragauti NORSAN produktus, pasikonsultuoti asmeni\u0161kai, u\u017eduoti klausimus ir gauti \u012f juos atsakymus.<\/p>\n\n\n\n<p>Jeigu susib\u0117r\u0117 bendramin\u010di\u0173 grup\u0117, kurie neabejingi savo sveikatai, ra\u0161ykite mums el. pa\u0161tu info@norsan.lt arba skambinkite +37069988150 ir sutarsime d\u0117l susitikimo.<\/p>\n\n\n\n<p><\/p>\n\n\n\n<p><\/p>","protected":false},"excerpt":{"rendered":"<p>Vienas i\u0161 NORSAN Baltic \u012fmon\u0117s tiksl\u0173 &#8211; yra skatinti \u017emones r\u016bpintis savo sveikata, \u0161viesti bei informuoti juos apie b\u016bdus ir priemones kaip &#8230; <a title=\"\u0421\u043e\u0431\u044b\u0442\u0438\u044f\" class=\"read-more\" href=\"https:\/\/norsan.lt\/ru\/renginiai\/\" aria-label=\"\u041f\u0440\u043e\u0447\u0438\u0442\u0430\u0442\u044c \u0431\u043e\u043b\u044c\u0448\u0435 \u043e Renginiai\">\u0427\u0438\u0442\u0430\u0442\u044c \u0434\u0430\u043b\u0435\u0435<\/a><\/p>","protected":false},"author":2,"featured_media":0,"parent":0,"menu_order":0,"comment_status":"closed","ping_status":"closed","template":"","meta":{"_wpo_ez_expert_only":false,"footnotes":""},"class_list":["post-556587","page","type-page","status-publish"],"_links":{"self":[{"href":"https:\/\/norsan.lt\/ru\/wp-json\/wp\/v2\/pages\/556587","targetHints":{"allow":["GET"]}}],"collection":[{"href":"https:\/\/norsan.lt\/ru\/wp-json\/wp\/v2\/pages"}],"about":[{"href":"https:\/\/norsan.lt\/ru\/wp-json\/wp\/v2\/types\/page"}],"author":[{"embeddable":true,"href":"https:\/\/norsan.lt\/ru\/wp-json\/wp\/v2\/users\/2"}],"replies":[{"embeddable":true,"href":"https:\/\/norsan.lt\/ru\/wp-json\/wp\/v2\/comments?post=556587"}],"version-history":[{"count":8,"href":"https:\/\/norsan.lt\/ru\/wp-json\/wp\/v2\/pages\/556587\/revisions"}],"predecessor-version":[{"id":562920,"href":"https:\/\/norsan.lt\/ru\/wp-json\/wp\/v2\/pages\/556587\/revisions\/562920"}],"wp:attachment":[{"href":"https:\/\/norsan.lt\/ru\/wp-json\/wp\/v2\/media?parent=556587"}],"curies":[{"name":"wp","href":"https:\/\/api.w.org\/{rel}","templated":true}]}}