{"id":556585,"date":"2024-02-20T15:21:03","date_gmt":"2024-02-20T15:21:03","guid":{"rendered":"https:\/\/norsan.lt\/?page_id=556585"},"modified":"2024-05-04T08:53:36","modified_gmt":"2024-05-04T08:53:36","slug":"partners","status":"publish","type":"page","link":"https:\/\/norsan.lt\/ru\/partners\/","title":{"rendered":"\u041f\u0430\u0440\u0442\u043d\u0435\u0440\u044b"},"content":{"rendered":"<p>Livin<\/p>\n\n\n\n<p>Assorti<\/p>\n\n\n\n<p>Mano mantra<\/p>\n\n\n\n<p>Mediskina<\/p>\n\n\n\n<p>Mama, a\u0161 sergu<\/p>\n\n\n\n<p>Vegani\u0161ki produktai<\/p>\n\n\n\n<p>Health optimizing<\/p>\n\n\n\n<p>Gydanti l\u0117k\u0161t\u0117<\/p>\n\n\n\n<p><\/p>","protected":false},"excerpt":{"rendered":"<p>Livin Assorti Mano mantra Mediskina Mama, a\u0161 sergu Vegani\u0161ki produktai Health optimizing Gydanti l\u0117k\u0161t\u0117<\/p>","protected":false},"author":2,"featured_media":0,"parent":0,"menu_order":0,"comment_status":"closed","ping_status":"closed","template":"","meta":{"_wpo_ez_expert_only":false,"footnotes":""},"class_list":["post-556585","page","type-page","status-publish"],"_links":{"self":[{"href":"https:\/\/norsan.lt\/ru\/wp-json\/wp\/v2\/pages\/556585","targetHints":{"allow":["GET"]}}],"collection":[{"href":"https:\/\/norsan.lt\/ru\/wp-json\/wp\/v2\/pages"}],"about":[{"href":"https:\/\/norsan.lt\/ru\/wp-json\/wp\/v2\/types\/page"}],"author":[{"embeddable":true,"href":"https:\/\/norsan.lt\/ru\/wp-json\/wp\/v2\/users\/2"}],"replies":[{"embeddable":true,"href":"https:\/\/norsan.lt\/ru\/wp-json\/wp\/v2\/comments?post=556585"}],"version-history":[{"count":6,"href":"https:\/\/norsan.lt\/ru\/wp-json\/wp\/v2\/pages\/556585\/revisions"}],"predecessor-version":[{"id":556711,"href":"https:\/\/norsan.lt\/ru\/wp-json\/wp\/v2\/pages\/556585\/revisions\/556711"}],"wp:attachment":[{"href":"https:\/\/norsan.lt\/ru\/wp-json\/wp\/v2\/media?parent=556585"}],"curies":[{"name":"wp","href":"https:\/\/api.w.org\/{rel}","templated":true}]}}