{"id":556477,"date":"2024-01-19T09:37:41","date_gmt":"2024-01-19T09:37:41","guid":{"rendered":"https:\/\/norsan.lt\/?page_id=556477"},"modified":"2024-06-05T09:44:40","modified_gmt":"2024-06-05T09:44:40","slug":"receptai","status":"publish","type":"page","link":"https:\/\/norsan.lt\/ru\/receptai\/","title":{"rendered":"\u0420\u0435\u0446\u0435\u043f\u0442\u044b"},"content":{"rendered":"<div class=\"gb-grid-wrapper gb-grid-wrapper-c6c56ae0 gb-query-loop-wrapper\">\n<div class=\"gb-grid-column gb-grid-column-e72421c1 gb-query-loop-item post-5634 post type-post status-publish format-standard has-post-thumbnail hentry category-receptai\"><div class=\"gb-container gb-container-e72421c1\">\n<figure class=\"gb-block-image gb-block-image-2b13c15a\"><img loading=\"lazy\" decoding=\"async\" width=\"600\" height=\"400\" src=\"https:\/\/norsan.lt\/wp-content\/uploads\/2024\/01\/Gurke-Lachs-Haeppchen-mit-Omega-3_NORSAN.jpg\" class=\"gb-image-2b13c15a\" alt=\"Sveiki receptai, u\u017ekand\u0117l\u0117s su la\u0161i\u0161a\" srcset=\"https:\/\/norsan.lt\/wp-content\/uploads\/2024\/01\/Gurke-Lachs-Haeppchen-mit-Omega-3_NORSAN.jpg 600w, https:\/\/norsan.lt\/wp-content\/uploads\/2024\/01\/Gurke-Lachs-Haeppchen-mit-Omega-3_NORSAN-300x200.jpg 300w, https:\/\/norsan.lt\/wp-content\/uploads\/2024\/01\/Gurke-Lachs-Haeppchen-mit-Omega-3_NORSAN-18x12.jpg 18w, https:\/\/norsan.lt\/wp-content\/uploads\/2024\/01\/Gurke-Lachs-Haeppchen-mit-Omega-3_NORSAN-333x222.jpg 333w, https:\/\/norsan.lt\/wp-content\/uploads\/2024\/01\/Gurke-Lachs-Haeppchen-mit-Omega-3_NORSAN-500x333.jpg 500w\" sizes=\"auto, (max-width: 600px) 100vw, 600px\" \/><\/figure>\n\n<h2 class=\"gb-headline gb-headline-3c72a944 gb-headline-text\"><a href=\"https:\/\/norsan.lt\/ru\/agurku-ir-lasisos-uzkandeles-su-omega-3\/\">\u0417\u0430\u043a\u0443\u0441\u043a\u0438 \u0438\u0437 \u043e\u0433\u0443\u0440\u0446\u043e\u0432 \u0438 \u043b\u043e\u0441\u043e\u0441\u044f \u0441 \u041e\u043c\u0435\u0433\u0430-3<\/a><\/h2>\n\n<p class=\"gb-headline gb-headline-ee9af9f5 gb-headline-text\"><time class=\"entry-date published\" datetime=\"2024-01-05T07:56:51+02:00\">2024-01-05<\/time><\/p>\n\n<div class=\"gb-headline gb-headline-23d44286 gb-headline-text\">\u012e grietin\u0117l\u0117s s\u016br\u012f \u012fmai\u0161ykite citrinos sultis, garsty\u010dias, med\u0173 ir krienus.\n\nSmulkiai supjaustykite 4 \u0161akeles \u0161vie\u017ei\u0173 krap\u0173 ir \u012fmai\u0161ykite \u012f grietin\u0117l\u0119.\n\nPagal skon\u012f pagardinkite pipirais ir trupu\u010diu druskos. <a href=\"https:\/\/norsan.lt\/ru\/agurku-ir-lasisos-uzkandeles-su-omega-3\/\">&#8230;Skaityti daugiau<\/a><\/div>\n<\/div><\/div>\n\n<div class=\"gb-grid-column gb-grid-column-e72421c1 gb-query-loop-item post-5635 post type-post status-publish format-standard has-post-thumbnail hentry category-receptai tag-kaip-vartoti-omega-3 tag-kaip-vartoti-zuvies-taukus tag-sveiki-kokteiliai tag-vaisiu-kokteilis\"><div class=\"gb-container gb-container-e72421c1\">\n<figure class=\"gb-block-image gb-block-image-2b13c15a\"><img loading=\"lazy\" decoding=\"async\" width=\"600\" height=\"400\" src=\"https:\/\/norsan.lt\/wp-content\/uploads\/2024\/01\/Rezeptvideo_Brombeer-Limetten-Smoothie-mit-Omega-3_NORSAN-1.jpg\" class=\"gb-image-2b13c15a\" alt=\"Sveikas kokteilis, vasari\u0161kas kokteilis, Vaisiu kokteilis\" srcset=\"https:\/\/norsan.lt\/wp-content\/uploads\/2024\/01\/Rezeptvideo_Brombeer-Limetten-Smoothie-mit-Omega-3_NORSAN-1.jpg 600w, https:\/\/norsan.lt\/wp-content\/uploads\/2024\/01\/Rezeptvideo_Brombeer-Limetten-Smoothie-mit-Omega-3_NORSAN-1-300x200.jpg 300w, https:\/\/norsan.lt\/wp-content\/uploads\/2024\/01\/Rezeptvideo_Brombeer-Limetten-Smoothie-mit-Omega-3_NORSAN-1-18x12.jpg 18w, https:\/\/norsan.lt\/wp-content\/uploads\/2024\/01\/Rezeptvideo_Brombeer-Limetten-Smoothie-mit-Omega-3_NORSAN-1-333x222.jpg 333w, https:\/\/norsan.lt\/wp-content\/uploads\/2024\/01\/Rezeptvideo_Brombeer-Limetten-Smoothie-mit-Omega-3_NORSAN-1-500x333.jpg 500w\" sizes=\"auto, (max-width: 600px) 100vw, 600px\" \/><\/figure>\n\n<h2 class=\"gb-headline gb-headline-3c72a944 gb-headline-text\"><a href=\"https:\/\/norsan.lt\/ru\/gervuogiu-kokteilis-su-omega-3\/\">Gervuogi\u0173 kokteilis su Omega-3<\/a><\/h2>\n\n<p class=\"gb-headline gb-headline-ee9af9f5 gb-headline-text\"><time class=\"entry-date published\" datetime=\"2024-01-05T07:56:51+02:00\">2024-01-05<\/time><\/p>\n\n<div class=\"gb-headline gb-headline-23d44286 gb-headline-text\">Gervuoges kruop\u0161\u010diai nuplaukite ir sud\u0117kite \u012f trintuv\u0105.\n\nBanan\u0105 nulupkite, supjaustykite stambiais grie\u017ein\u0117liais ir taip pat sud\u0117kite \u012f trintuv\u0105. Laim\u0105 nuplaukite po \u0161iltu vandeniu, perpjaukite per pus\u0119 ir i\u0161 vienos pus\u0117s ranka i\u0161spauskite sultis \u012f trintuv\u0105&#8230; <a href=\"https:\/\/norsan.lt\/ru\/gervuogiu-kokteilis-su-omega-3\/\">&#8230;Skaityti daugiau<\/a><\/div>\n<\/div><\/div>\n\n<div class=\"gb-grid-column gb-grid-column-e72421c1 gb-query-loop-item post-5638 post type-post status-publish format-standard has-post-thumbnail hentry category-receptai\"><div class=\"gb-container gb-container-e72421c1\">\n<figure class=\"gb-block-image gb-block-image-2b13c15a\"><img loading=\"lazy\" decoding=\"async\" width=\"600\" height=\"400\" src=\"https:\/\/norsan.lt\/wp-content\/uploads\/2024\/01\/Herbstliche-Kuerbis-Pasta-mit-Omega-3.jpg.webp\" class=\"gb-image-2b13c15a\" alt=\"Makaron\u0173 receptas, kaip sveikai maitintis\" srcset=\"https:\/\/norsan.lt\/wp-content\/uploads\/2024\/01\/Herbstliche-Kuerbis-Pasta-mit-Omega-3.jpg.webp 600w, https:\/\/norsan.lt\/wp-content\/uploads\/2024\/01\/Herbstliche-Kuerbis-Pasta-mit-Omega-3.jpg-300x200.webp 300w, https:\/\/norsan.lt\/wp-content\/uploads\/2024\/01\/Herbstliche-Kuerbis-Pasta-mit-Omega-3.jpg-18x12.webp 18w, https:\/\/norsan.lt\/wp-content\/uploads\/2024\/01\/Herbstliche-Kuerbis-Pasta-mit-Omega-3.jpg-333x222.webp 333w, https:\/\/norsan.lt\/wp-content\/uploads\/2024\/01\/Herbstliche-Kuerbis-Pasta-mit-Omega-3.jpg-500x333.webp 500w\" sizes=\"auto, (max-width: 600px) 100vw, 600px\" \/><\/figure>\n\n<h2 class=\"gb-headline gb-headline-3c72a944 gb-headline-text\"><a href=\"https:\/\/norsan.lt\/ru\/kurbis-pasta-mit-omega-3\/\">Moli\u016bg\u0173 makaronai su omega-3<\/a><\/h2>\n\n<p class=\"gb-headline gb-headline-ee9af9f5 gb-headline-text\"><time class=\"entry-date published\" datetime=\"2024-01-05T07:56:51+02:00\">2024-01-05<\/time><\/p>\n\n<div class=\"gb-headline gb-headline-23d44286 gb-headline-text\">Sud\u0117kite pilno gr\u016bdo makaronus \u012f verdant\u012f pas\u016bdyt\u0105 vanden\u012f ir virkite tiek laiko, kiek nurodyta ant pakuot\u0117s.\n\nI\u0161 moli\u016bgo i\u0161imkite s\u0117klas ir supjaustykite dideliais gabal\u0117liais. Plona Hokaido moli\u016bg\u0173 odel\u0117 verdant greitai sumink\u0161t\u0117ja, tod\u0117l jos \u0161alinti nereikia.\n\nPomidorus nuplaukite ir perpjaukite per pus\u0119. <a href=\"https:\/\/norsan.lt\/ru\/kurbis-pasta-mit-omega-3\/\">&#8230;Skaityti daugiau<\/a><\/div>\n<\/div><\/div>\n\n<div class=\"gb-grid-column gb-grid-column-e72421c1 gb-query-loop-item post-5628 post type-post status-publish format-standard has-post-thumbnail hentry category-receptai\"><div class=\"gb-container gb-container-e72421c1\">\n<figure class=\"gb-block-image gb-block-image-2b13c15a\"><img loading=\"lazy\" decoding=\"async\" width=\"600\" height=\"400\" src=\"https:\/\/norsan.lt\/wp-content\/uploads\/2024\/01\/Gurke-Lachs-Haeppchen-mit-Omega-3_NORSAN-1.jpg\" class=\"gb-image-2b13c15a\" alt=\"\" srcset=\"https:\/\/norsan.lt\/wp-content\/uploads\/2024\/01\/Gurke-Lachs-Haeppchen-mit-Omega-3_NORSAN-1.jpg 600w, https:\/\/norsan.lt\/wp-content\/uploads\/2024\/01\/Gurke-Lachs-Haeppchen-mit-Omega-3_NORSAN-1-300x200.jpg 300w, https:\/\/norsan.lt\/wp-content\/uploads\/2024\/01\/Gurke-Lachs-Haeppchen-mit-Omega-3_NORSAN-1-18x12.jpg 18w, https:\/\/norsan.lt\/wp-content\/uploads\/2024\/01\/Gurke-Lachs-Haeppchen-mit-Omega-3_NORSAN-1-333x222.jpg 333w, https:\/\/norsan.lt\/wp-content\/uploads\/2024\/01\/Gurke-Lachs-Haeppchen-mit-Omega-3_NORSAN-1-500x333.jpg 500w\" sizes=\"auto, (max-width: 600px) 100vw, 600px\" \/><\/figure>\n\n<h2 class=\"gb-headline gb-headline-3c72a944 gb-headline-text\"><a href=\"https:\/\/norsan.lt\/ru\/pavasarine-varske-su-omega-3\/\">Pavasariu dvelkianti var\u0161k\u0117 su Omega-3<\/a><\/h2>\n\n<p class=\"gb-headline gb-headline-ee9af9f5 gb-headline-text\"><time class=\"entry-date published\" datetime=\"2024-01-05T07:56:50+02:00\">2024-01-05<\/time><\/p>\n\n<div class=\"gb-headline gb-headline-23d44286 gb-headline-text\">Nuplaukite, nuvalykite ir smulkiai supjaustykite ridik\u0117lius.\n\nSvog\u016bnus, lai\u0161kinius \u010desnakus ir petra\u017eoles nuplaukite, nusausinkite ir smulkiai supjaustykite.\n\n\u012e duben\u012f sud\u0117kite var\u0161k\u0119, suberkite ridik\u0117li\u0173 gabal\u0117lius ir prieskonines \u017eoleles. <a href=\"https:\/\/norsan.lt\/ru\/pavasarine-varske-su-omega-3\/\">&#8230;Skaityti daugiau<\/a><\/div>\n<\/div><\/div>\n\n<div class=\"gb-grid-column gb-grid-column-e72421c1 gb-query-loop-item post-5630 post type-post status-publish format-standard has-post-thumbnail hentry category-receptai\"><div class=\"gb-container gb-container-e72421c1\">\n<figure class=\"gb-block-image gb-block-image-2b13c15a\"><img loading=\"lazy\" decoding=\"async\" width=\"848\" height=\"527\" src=\"https:\/\/norsan.lt\/wp-content\/uploads\/2024\/01\/Sparagu.png\" class=\"gb-image-2b13c15a\" alt=\"\u0160paragai, labai sveika, receptas, skanus\" srcset=\"https:\/\/norsan.lt\/wp-content\/uploads\/2024\/01\/Sparagu.png 848w, https:\/\/norsan.lt\/wp-content\/uploads\/2024\/01\/Sparagu-300x186.png 300w, https:\/\/norsan.lt\/wp-content\/uploads\/2024\/01\/Sparagu-768x477.png 768w, https:\/\/norsan.lt\/wp-content\/uploads\/2024\/01\/Sparagu-18x12.png 18w, https:\/\/norsan.lt\/wp-content\/uploads\/2024\/01\/Sparagu-333x207.png 333w, https:\/\/norsan.lt\/wp-content\/uploads\/2024\/01\/Sparagu-500x311.png 500w\" sizes=\"auto, (max-width: 848px) 100vw, 848px\" \/><\/figure>\n\n<h2 class=\"gb-headline gb-headline-3c72a944 gb-headline-text\"><a href=\"https:\/\/norsan.lt\/ru\/egzotisku-sparagu-salotos-su-omega-3\/\">\u0160parag\u0173 salotos su Omega-3<\/a><\/h2>\n\n<p class=\"gb-headline gb-headline-ee9af9f5 gb-headline-text\"><time class=\"entry-date published\" datetime=\"2024-01-05T07:56:50+02:00\">2024-01-05<\/time><\/p>\n\n<div class=\"gb-headline gb-headline-23d44286 gb-headline-text\">\u0160paragus nuplaukite ir nupjaukite apatinius galus, supjaustykite ma\u017edaug 4 cm ilgio gabal\u0117liais ir 5-8 min pakepinkite su raps\u0173 aliejumi.\n\nNuplaukite salotas, ridik\u0117lius, mang\u0105 ir avokad\u0105.\nRidik\u0117lius nuvalykite ir supjaustykite gabal\u0117liais. <a href=\"https:\/\/norsan.lt\/ru\/egzotisku-sparagu-salotos-su-omega-3\/\">&#8230;Skaityti daugiau<\/a><\/div>\n<\/div><\/div>\n\n<div class=\"gb-grid-column gb-grid-column-e72421c1 gb-query-loop-item post-5632 post type-post status-publish format-standard has-post-thumbnail hentry category-receptai\"><div class=\"gb-container gb-container-e72421c1\">\n<figure class=\"gb-block-image gb-block-image-2b13c15a\"><img loading=\"lazy\" decoding=\"async\" width=\"600\" height=\"400\" src=\"https:\/\/norsan.lt\/wp-content\/uploads\/2024\/01\/melonen-pizza-omega-3.jpg\" class=\"gb-image-2b13c15a\" alt=\"Pica, sveika, skanu, arb\u016bzas\" srcset=\"https:\/\/norsan.lt\/wp-content\/uploads\/2024\/01\/melonen-pizza-omega-3.jpg 600w, https:\/\/norsan.lt\/wp-content\/uploads\/2024\/01\/melonen-pizza-omega-3-300x200.jpg 300w, https:\/\/norsan.lt\/wp-content\/uploads\/2024\/01\/melonen-pizza-omega-3-18x12.jpg 18w, https:\/\/norsan.lt\/wp-content\/uploads\/2024\/01\/melonen-pizza-omega-3-333x222.jpg 333w, https:\/\/norsan.lt\/wp-content\/uploads\/2024\/01\/melonen-pizza-omega-3-500x333.jpg 500w\" sizes=\"auto, (max-width: 600px) 100vw, 600px\" \/><\/figure>\n\n<h2 class=\"gb-headline gb-headline-3c72a944 gb-headline-text\"><a href=\"https:\/\/norsan.lt\/ru\/arbuzo-pica-su-omega-3\/\">Arb\u016bzo pica su Omega-3<\/a><\/h2>\n\n<p class=\"gb-headline gb-headline-ee9af9f5 gb-headline-text\"><time class=\"entry-date published\" datetime=\"2024-01-05T07:56:50+02:00\">2024-01-05<\/time><\/p>\n\n<div class=\"gb-headline gb-headline-23d44286 gb-headline-text\">Melion\u0105 nuplaukite ir supjaustykite 2-3 cm storio grie\u017ein\u0117liais.\n\nTaip pat nuplaukite m\u0117lynes, avietes ir bra\u0161kes. Nuo bra\u0161ki\u0173 nuimkite kotel\u012f, mink\u0161tim\u0105 supjaustykite smulkiais gabal\u0117liais.\n\nNuskinkite m\u0117t\u0173 lapelius nuo stieb\u0173.\n\nSupilkite jogurt\u0105 \u012f duben\u012f ir \u012fmai\u0161ykite skyst\u0105 med\u0173 arba agav\u0173 sirup\u0105. <a href=\"https:\/\/norsan.lt\/ru\/arbuzo-pica-su-omega-3\/\">&#8230;Skaityti daugiau<\/a><\/div>\n<\/div><\/div>\n\n<div class=\"gb-grid-column gb-grid-column-e72421c1 gb-query-loop-item post-5548 post type-post status-publish format-standard has-post-thumbnail hentry category-receptai\"><div class=\"gb-container gb-container-e72421c1\">\n<figure class=\"gb-block-image gb-block-image-2b13c15a\"><img loading=\"lazy\" decoding=\"async\" width=\"600\" height=\"400\" src=\"https:\/\/norsan.lt\/wp-content\/uploads\/2024\/01\/Gurke-Lachs-Haeppchen-mit-Omega-3_NORSAN-2.jpg\" class=\"gb-image-2b13c15a\" alt=\"Receptas su \u0161paragais, sveiki receptai, sveikas maistas\" srcset=\"https:\/\/norsan.lt\/wp-content\/uploads\/2024\/01\/Gurke-Lachs-Haeppchen-mit-Omega-3_NORSAN-2.jpg 600w, https:\/\/norsan.lt\/wp-content\/uploads\/2024\/01\/Gurke-Lachs-Haeppchen-mit-Omega-3_NORSAN-2-300x200.jpg 300w, https:\/\/norsan.lt\/wp-content\/uploads\/2024\/01\/Gurke-Lachs-Haeppchen-mit-Omega-3_NORSAN-2-18x12.jpg 18w, https:\/\/norsan.lt\/wp-content\/uploads\/2024\/01\/Gurke-Lachs-Haeppchen-mit-Omega-3_NORSAN-2-333x222.jpg 333w, https:\/\/norsan.lt\/wp-content\/uploads\/2024\/01\/Gurke-Lachs-Haeppchen-mit-Omega-3_NORSAN-2-500x333.jpg 500w\" sizes=\"auto, (max-width: 600px) 100vw, 600px\" \/><\/figure>\n\n<h2 class=\"gb-headline gb-headline-3c72a944 gb-headline-text\"><a href=\"https:\/\/norsan.lt\/ru\/sparagai-su-lasisa\/\">\u0421\u043f\u0430\u0440\u0436\u0430 \u0441 \u043b\u043e\u0441\u043e\u0441\u0435\u043c<\/a><\/h2>\n\n<p class=\"gb-headline gb-headline-ee9af9f5 gb-headline-text\"><time class=\"entry-date published\" datetime=\"2024-01-05T07:56:43+02:00\">2024-01-05<\/time><\/p>\n\n<div class=\"gb-headline gb-headline-23d44286 gb-headline-text\">Nupjaukite tik \u0161parag\u0173 galus, jei jie labai sumed\u0117j\u0119, galus nulupkite. Tada \u017ealius \u0161paragus virkite nedideliame kiekyje vandens apie 12 minu\u010di\u0173. \nLa\u0161i\u0161\u0105 nuplaukite, pa\u0161lakstykite citrinos sultimis ir pas\u016bdykite. <a href=\"https:\/\/norsan.lt\/ru\/sparagai-su-lasisa\/\">&#8230;Skaityti daugiau<\/a><\/div>\n<\/div><\/div>\n<\/div>","protected":false},"excerpt":{"rendered":"","protected":false},"author":2,"featured_media":0,"parent":0,"menu_order":0,"comment_status":"closed","ping_status":"closed","template":"","meta":{"_wpo_ez_expert_only":false,"footnotes":""},"class_list":["post-556477","page","type-page","status-publish"],"_links":{"self":[{"href":"https:\/\/norsan.lt\/ru\/wp-json\/wp\/v2\/pages\/556477","targetHints":{"allow":["GET"]}}],"collection":[{"href":"https:\/\/norsan.lt\/ru\/wp-json\/wp\/v2\/pages"}],"about":[{"href":"https:\/\/norsan.lt\/ru\/wp-json\/wp\/v2\/types\/page"}],"author":[{"embeddable":true,"href":"https:\/\/norsan.lt\/ru\/wp-json\/wp\/v2\/users\/2"}],"replies":[{"embeddable":true,"href":"https:\/\/norsan.lt\/ru\/wp-json\/wp\/v2\/comments?post=556477"}],"version-history":[{"count":3,"href":"https:\/\/norsan.lt\/ru\/wp-json\/wp\/v2\/pages\/556477\/revisions"}],"predecessor-version":[{"id":562602,"href":"https:\/\/norsan.lt\/ru\/wp-json\/wp\/v2\/pages\/556477\/revisions\/562602"}],"wp:attachment":[{"href":"https:\/\/norsan.lt\/ru\/wp-json\/wp\/v2\/media?parent=556477"}],"curies":[{"name":"wp","href":"https:\/\/api.w.org\/{rel}","templated":true}]}}