{"id":4926,"date":"2023-12-20T11:25:36","date_gmt":"2023-12-20T11:25:36","guid":{"rendered":"https:\/\/norsangeneratepress.local\/?page_id=4926"},"modified":"2025-02-11T11:13:28","modified_gmt":"2025-02-11T11:13:28","slug":"privatumo-politika","status":"publish","type":"page","link":"https:\/\/norsan.lt\/ru\/privatumo-politika\/","title":{"rendered":"\u041f\u043e\u043b\u0438\u0442\u0438\u043a\u0430 \u043a\u043e\u043d\u0444\u0438\u0434\u0435\u043d\u0446\u0438\u0430\u043b\u044c\u043d\u043e\u0441\u0442\u0438"},"content":{"rendered":"<h2 class=\"gb-headline gb-headline-a55e91d1 gb-headline-text\">UAB &#8220;Norsan Baltic&#8221;<\/h2>\n\n\n\n<p>UAB \u201eNorsan Baltic\u201c \u012fmonei priklausan\u010dioje&nbsp;<a href=\"http:\/\/bioguto.lt\/\" target=\"_blank\" rel=\"noreferrer noopener\">norsan.lt<\/a>&nbsp;svetain\u0117je yra renkami ir valdomi J\u016bs\u0173 asmeniniai duomenys.<\/p>\n\n\n\n<p>\u0160i Privatumo politika i\u0161ai\u0161kina, kaip&nbsp;<a href=\"http:\/\/bioguto.lt\/\" target=\"_blank\" rel=\"noreferrer noopener\">norsan.lt<\/a>&nbsp;naudoja J\u016bs\u0173 asmeninius duomenis bei pateikia prie\u017eastis J\u016bs\u0173 asmenini\u0173 duomen\u0173 rinkimui. D\u0117l to, prie\u0161 nar\u0161ant&nbsp;<a href=\"http:\/\/bioguto.lt\/\" target=\"_blank\" rel=\"noreferrer noopener\">norsan.lt<\/a>&nbsp;svetain\u0117je, perskaitykite \u0161\u012f dokument\u0105.<\/p>\n\n\n\n<p>Mes u\u017etikriname J\u016bs\u0173 asmenini\u0173 duomen\u0173 saugum\u0105 ir konfidencialum\u0105.<\/p>\n\n\n\n<p><strong>Asmeniniai duomenys, kuriuos renkame:<\/strong><\/p>\n\n\n\n<p>Kuomet nar\u0161ote&nbsp;<a href=\"http:\/\/bioguto.lt\/\" target=\"_blank\" rel=\"noreferrer noopener\">norsan.lt<\/a>, automati\u0161kai renkame tam tikr\u0105 informacij\u0105 apie J\u016bs\u0173 \u012frengin\u012f \u2013 nar\u0161ykl\u0117, IP adresas, laiko juosta ir J\u016bs\u0173 \u012frenginio slapukai. Taip pat renkame statistinius duomenis apie nar\u0161ym\u0105 svetain\u0117je: puslapiai, kuriuose apsilankote; produktai, kuriuos per\u017ei\u016brite bei kita svetain\u0117s nar\u0161ymo informacija. \u0160i\u0105 automati\u0161kai renkam\u0105 informacij\u0105 vadiname &#8220;\u012erenginio informacija&#8221;. Taip pat, galime rinkti asmeninius duomenis, kuriuos J\u016bs mums suteikiate (vardas, pavard\u0117, adresas, mok\u0117jimo informacija ir t.t.) sukurdami paskyr\u0105 m\u016bs\u0173 svetain\u0117je.<\/p>\n\n\n\n<p><strong>Slapukai:<\/strong><\/p>\n\n\n\n<p>\u0160ioje svetain\u0117je yra naudojami slapukai, kurie padeda suasmeninti turin\u012f bei skelbimus ir padeda analizuoti svetain\u0117s lankytoj\u0173 sraut\u0105. Nar\u0161ydami&nbsp;<a href=\"http:\/\/bioguto.lt\/\" target=\"_blank\" rel=\"noreferrer noopener\">norsan.lt<\/a>&nbsp;svetain\u0117je, priimate privalomuosius slapukus. Slapukai yra nedideli informacijos elementai, i\u0161saugomi J\u016bs\u0173 interneto nar\u0161ykl\u0117je. Slapukai negali perduoti kenk\u0117ji\u0161k\u0173 program\u0173 ar virus\u0173. Mes ir partneriai naudojame slapukus, leid\u017eian\u010dius kaupti ir prieiti prie asmenini\u0173 duomen\u0173 (pvz. nar\u0161ymo informacija), kad gal\u0117tume personalizuoti turin\u012f bei reklamas ir analizuoti svetain\u0117s srautus. Bet kuriuo metu galite keisti arba at\u0161aukti slapuk\u0173 sutikimus. Privalomiesiems slapukams J\u016bs\u0173 sutikimas neprivalomas, kadangi jie veikia nuolatos. Priimdami m\u016bs\u0173 svetain\u0117s slapukus, priimate ir m\u016bs\u0173 partneri\u0173 slapukus.<\/p>\n\n\n\n<p><strong>Kod\u0117l renkame <\/strong><strong>J<\/strong><strong>\u016bs\u0173 duomenis?<\/strong><\/p>\n\n\n\n<p>J\u016bs\u0173 duomen\u0173 saugumas mums yra ypatingai svarbus, d\u0117l to renkame ir valdome tik b\u016btiniausius J\u016bs\u0173 asmeninius duomenis, be kuri\u0173 negal\u0117tume u\u017etikrinti sklandaus svetain\u0117s veikimo. Automati\u0161kai renkami duomenys yra naudojami svetain\u0117s analitikoje. Ta\u010diau u\u017etikriname, kad statistin\u0117je informacijoje ne\u012fmanoma atpa\u017einti konkre\u010di\u0173 vartotoj\u0173 tapatyb\u0117s. Galite apsilankyti m\u016bs\u0173 svetain\u0117je, nesuteikdami jokios informacijos, kuria b\u016bt\u0173 galima identifikuoti J\u016bs\u0173 asmens tapatyb\u0119. Ta\u010diau, jeigu nor\u0117site pasinaudoti m\u016bs\u0173 svetain\u0117s funkcijomis, arba nor\u0117site gauti m\u016bs\u0173 naujienlai\u0161k\u012f, supildysite m\u016bs\u0173 kontaktin\u0119 form\u0105, suteiksite mums savo asmeninius duomenis: el. pa\u0161to adres\u0105, vard\u0105, pavard\u0119, gyvenamosios vietos informacij\u0105, telefono numer\u012f. Turite pasirinkim\u0105 nesuteikti mums savo asmenini\u0173 duomen\u0173, ta\u010diau tokiu atveju negal\u0117site naudotis dauguma svetain\u0117s teikiam\u0173 funkcij\u0173. Svetain\u0117s lankytojai, ne\u017einantys, koki\u0105 informacij\u0105 privalome rinkti gali susisiekti su mumis el. pa\u0161tu&nbsp;<a href=\"mailto:info@norsan.lt\">info@norsan.lt<\/a>.<\/p>\n\n\n\n<p><strong>J\u016bs\u0173 teis\u0117s:<\/strong><\/p>\n\n\n\n<ul class=\"wp-block-list\">\n<li>Teis\u0117 b\u016bti informuotam.<\/li>\n\n\n\n<li>Teis\u0117 gauti savo informacij\u0105, kuri\u0105 mes tvarkome.<\/li>\n\n\n\n<li>Teis\u0117 taisyti netiksli\u0105 ar neteising\u0105 informacij\u0105 apie jus.<\/li>\n\n\n\n<li>Teis\u0117 i\u0161trinti visus duomenis apie jus.<\/li>\n\n\n\n<li>Teis\u0117 apriboti duomen\u0173 tvarkym\u0105.<\/li>\n\n\n\n<li>Teis\u0117 perkelti visus surinktus duomenis apie jus kitam valdytojui.<\/li>\n\n\n\n<li>Teis\u0117 paprie\u0161tarauti asmens duomen\u0173 tvarkymui.<\/li>\n\n\n\n<li>Teis\u0117s, susijusios su automatini\u0173 duomen\u0173 valdymu. Jeigu norite daugiau informacijos, susisiekite su mumis pasinaudoj\u0119 \u017eemiau pateikta kontaktine informacija.<\/li>\n<\/ul>\n\n\n\n<p>Persp\u0117jame, kad valdome Europos gyventoj\u0173 asmeninius duomenis, nor\u0117dami i\u0161pildyti J\u016bs\u0173 u\u017esakymus arba kitaip \u012fgyvendinti tikslus, i\u0161vardintus dokumento prad\u017eioje. Atkreipkite d\u0117mes\u012f, kad J\u016bs\u0173 duomenys gali b\u016bti perkelti u\u017e Europos rib\u0173 (pavyzd\u017eiui \u012f Kanad\u0105 ar JAV).<\/p>\n\n\n\n<p>Elektronin\u0117je parduotuv\u0117je apmok\u0117jimai apdorojami naudojantis\u00a0<a href=\"http:\/\/makecommerce.lt\/\" target=\"_blank\" rel=\"noreferrer noopener\">makecommerce.lt<\/a>\u00a0platforma, kurios valdytojas Maksekeskus AS (Niine 11, Talinas 10414, Estija, reg. nr.:12268475), tod\u0117l J\u016bs\u0173 asmenin\u0117 informacija, reikalinga mok\u0117jimo \u012fvykdymui ir patvirtinimui, bus perduodama Maksekeskus AS.<\/p>\n\n\n\n<p><strong>Nuorodos \u012f kitas svetaines:&nbsp;<\/strong>M\u016bs\u0173 svetain\u0117je gali b\u016bti kit\u0173 svetaini\u0173, kuri\u0173 mes nevaldome, nuorodos. Pa\u017eymime, kad mes nesame atsakingi u\u017e kit\u0173 svetaini\u0173 ar tre\u010di\u0173j\u0173 \u0161ali\u0173 asmenini\u0173 duomen\u0173 rinkimo procesus. Palikus m\u016bs\u0173 svetain\u0119, rekomenduojame perskaityti tre\u010di\u0173j\u0173 \u0161ali\u0173 svetaini\u0173 privatumo politikas.<\/p>\n\n\n\n<p><strong>Duomen\u0173 apsauga:&nbsp;<\/strong>J\u016bs\u0173 asmenini\u0173 duomen\u0173 apsaugai pasitelkiame auk\u0161\u010diausios kokyb\u0117s serverius, kuriuos gali pasiekti tik \u012fgalioti asmenys. Mes reguliariai stebime savo sistemas, nor\u0117dami nustatyti, ar n\u0117ra koki\u0173 nors silpn\u0173 viet\u0173 ar apsaugos atak\u0173, kuri\u0173 metu gal\u0117t\u0173 nukent\u0117ti J\u016bs\u0173 asmeniniai duomenys. Nepaisant to, negarantuojame absoliutaus J\u016bs\u0173 asmenini\u0173 duomen\u0173 saugumo.<\/p>\n\n\n\n<p><strong>Duomen\u0173 atskleidimas:&nbsp;<\/strong>\u012estatymo numatyta tvarka, pasiliekame teis\u0119 atskleisti J\u016bs\u0173 asmeninius duomenis, jei reikt\u0173 apginti savo teises, savo ir aplinkini\u0173 saugum\u0105, i\u0161tirti nusikaltim\u0105 arba atsakyti \u012f vyriausyb\u0117s pra\u0161ym\u0105 atskleisti j\u016bs\u0173 asmeninius duomenis.<\/p>\n\n\n\n<p><strong>Kontaktin\u0117 informacija:<\/strong>&nbsp;Jeigu norite gauti daugiau informacijos apie \u0161i\u0105 privatumo politik\u0105 arba apie j\u016bs\u0173 asmeninius duomenis, kreipkit\u0117s \u012f mus el. pa\u0161tu&nbsp;<a href=\"mailto:info@norsan.lt\">info@norsan.lt<\/a>.<\/p>\n\n\n\n<p><\/p>","protected":false},"excerpt":{"rendered":"<p>UAB &#8220;Norsan Baltic&#8221; UAB \u201eNorsan Baltic\u201c \u012fmonei priklausan\u010dioje&nbsp;norsan.lt&nbsp;svetain\u0117je yra renkami ir valdomi J\u016bs\u0173 asmeniniai duomenys. \u0160i Privatumo politika i\u0161ai\u0161kina, kaip&nbsp;norsan.lt&nbsp;naudoja J\u016bs\u0173 asmeninius &#8230; <a title=\"\u041f\u043e\u043b\u0438\u0442\u0438\u043a\u0430 \u043a\u043e\u043d\u0444\u0438\u0434\u0435\u043d\u0446\u0438\u0430\u043b\u044c\u043d\u043e\u0441\u0442\u0438\" class=\"read-more\" href=\"https:\/\/norsan.lt\/ru\/privatumo-politika\/\" aria-label=\"\u041f\u0440\u043e\u0447\u0438\u0442\u0430\u0442\u044c \u0431\u043e\u043b\u044c\u0448\u0435 \u043e Privatumo politika\">\u0427\u0438\u0442\u0430\u0442\u044c \u0434\u0430\u043b\u0435\u0435<\/a><\/p>","protected":false},"author":2,"featured_media":0,"parent":0,"menu_order":0,"comment_status":"closed","ping_status":"closed","template":"","meta":{"_wpo_ez_expert_only":false,"footnotes":""},"class_list":["post-4926","page","type-page","status-publish"],"_links":{"self":[{"href":"https:\/\/norsan.lt\/ru\/wp-json\/wp\/v2\/pages\/4926","targetHints":{"allow":["GET"]}}],"collection":[{"href":"https:\/\/norsan.lt\/ru\/wp-json\/wp\/v2\/pages"}],"about":[{"href":"https:\/\/norsan.lt\/ru\/wp-json\/wp\/v2\/types\/page"}],"author":[{"embeddable":true,"href":"https:\/\/norsan.lt\/ru\/wp-json\/wp\/v2\/users\/2"}],"replies":[{"embeddable":true,"href":"https:\/\/norsan.lt\/ru\/wp-json\/wp\/v2\/comments?post=4926"}],"version-history":[{"count":6,"href":"https:\/\/norsan.lt\/ru\/wp-json\/wp\/v2\/pages\/4926\/revisions"}],"predecessor-version":[{"id":565455,"href":"https:\/\/norsan.lt\/ru\/wp-json\/wp\/v2\/pages\/4926\/revisions\/565455"}],"wp:attachment":[{"href":"https:\/\/norsan.lt\/ru\/wp-json\/wp\/v2\/media?parent=4926"}],"curies":[{"name":"wp","href":"https:\/\/api.w.org\/{rel}","templated":true}]}}