{"id":4637,"date":"2023-12-13T15:03:03","date_gmt":"2023-12-13T15:03:03","guid":{"rendered":"https:\/\/norsangeneratepress.local\/?page_id=4637"},"modified":"2024-07-09T12:38:21","modified_gmt":"2024-07-09T12:38:21","slug":"duk","status":"publish","type":"page","link":"https:\/\/norsan.lt\/ru\/duk\/","title":{"rendered":"\u0427\u0410\u0421\u0422\u041e \u0417\u0410\u0414\u0410\u0412\u0410\u0415\u041c\u042b\u0415 \u0412\u041e\u041f\u0420\u041e\u0421\u042b"},"content":{"rendered":"<div class=\"gb-container gb-container-7a3f5b16 smooth-scroll\" id=\"faq-general\">\n<div class=\"gb-container gb-container-43bf951c gb-accordion\">\n\n<h2 class=\"gb-headline gb-headline-5b571faa gb-headline-text\">BENDRI KLAUSIMAI APIE OMEGA-3 RIEBAL\u0172 R\u016aG\u0160TIS<\/h2>\n\n\n<div class=\"gb-container gb-container-96343466 gb-accordion__item gb-accordion__item-open\" data-transition=\"slide\">\n\n<button class=\"gb-button gb-button-1900a1bb gb-accordion__toggle gb-block-is-current toggle-open\"><span class=\"gb-button-text\">Ar yra simptom\u0173, kurie rodyt\u0173 Omega-3 tr\u016bkum\u0105?<\/span><span class=\"gb-icon\"><svg xmlns=\"http:\/\/www.w3.org\/2000\/svg\" viewbox=\"0 0 448 512\" width=\"1em\" height=\"1em\" ariahidden=\"true\" role=\"img\" class=\"gb-accordion__icon\"><path d=\"M207.029 381.476L12.686 187.132c-9.373-9.373-9.373-24.569 0-33.941l22.667-22.667c9.357-9.357 24.522-9.375 33.901-.04L224 284.505l154.745-154.021c9.379-9.335 24.544-9.317 33.901.04l22.667 22.667c9.373 9.373 9.373 24.569 0 33.941L240.971 381.476c-9.373 9.372-24.569 9.372-33.942 0z\" fill=\"currentColor\"><\/path><\/svg><svg xmlns=\"http:\/\/www.w3.org\/2000\/svg\" viewbox=\"0 0 448 512\" width=\"1em\" height=\"1em\" ariahidden=\"true\" role=\"img\" class=\"gb-accordion__icon-open\"><path d=\"M240.971 130.524l194.343 194.343c9.373 9.373 9.373 24.569 0 33.941l-22.667 22.667c-9.357 9.357-24.522 9.375-33.901.04L224 227.495 69.255 381.516c-9.379 9.335-24.544 9.317-33.901-.04l-22.667-22.667c-9.373-9.373-9.373-24.569 0-33.941L207.03 130.525c9.372-9.373 24.568-9.373 33.941-.001z\" fill=\"currentColor\"><\/path><\/svg><\/span><\/button>\n\n\n<div class=\"gb-accordion__content\"><div class=\"gb-container gb-container-f0318603 toggle-open\">\n\n<p><em>Sergant kai kuriomis ligomis, galima \u012ftarti Omega-3 tr\u016bkum\u0105, o ligos eig\u0105 galima palengvinti vartojant Omega-3 riebal\u0173 r\u016bg\u0161tis. Bendrai kalbant, vakarieti\u0161ka mityba da\u017eniausiai siejama su Omega-3 stoka. Tiesioginiai po\u017eymiai nelabai pastebimi, nes da\u017enai jie jau tap\u0119 m\u016bs\u0173 kasdienio gyvenimo dalimi ir \u017emon\u0117s i\u0161mok\u0119 su jais gyventi (miego sutrikimai, d\u0117mesio ir koncentracijos stoka, vir\u0161kinimo problemos ir t. t.). Be to, daugel\u012f autoimunini\u0173 lig\u0173 gali sukelti nepakankamas Omega-3 riebal\u0173 r\u016bg\u0161\u010di\u0173 vartojimas, nors prie\u0161 tai joki\u0173 poky\u010di\u0173 organizme nepasteb\u0117ta.<\/em><\/p>\n\n<\/div><\/div>\n<\/div>\n\n<div class=\"gb-container gb-container-0d65dbca gb-accordion__item\" data-transition=\"slide\">\n\n<button class=\"gb-button gb-button-798497d4 gb-accordion__toggle\"><span class=\"gb-button-text\">Kaip organizm\u0105 galima papildyti Omega-3?<\/span><span class=\"gb-icon\"><svg xmlns=\"http:\/\/www.w3.org\/2000\/svg\" viewbox=\"0 0 448 512\" width=\"1em\" height=\"1em\" ariahidden=\"true\" role=\"img\" class=\"gb-accordion__icon\"><path d=\"M207.029 381.476L12.686 187.132c-9.373-9.373-9.373-24.569 0-33.941l22.667-22.667c9.357-9.357 24.522-9.375 33.901-.04L224 284.505l154.745-154.021c9.379-9.335 24.544-9.317 33.901.04l22.667 22.667c9.373 9.373 9.373 24.569 0 33.941L240.971 381.476c-9.373 9.372-24.569 9.372-33.942 0z\" fill=\"currentColor\"><\/path><\/svg><svg xmlns=\"http:\/\/www.w3.org\/2000\/svg\" viewbox=\"0 0 448 512\" width=\"1em\" height=\"1em\" ariahidden=\"true\" role=\"img\" class=\"gb-accordion__icon-open\"><path d=\"M240.971 130.524l194.343 194.343c9.373 9.373 9.373 24.569 0 33.941l-22.667 22.667c-9.357 9.357-24.522 9.375-33.901.04L224 227.495 69.255 381.516c-9.379 9.335-24.544 9.317-33.901-.04l-22.667-22.667c-9.373-9.373-9.373-24.569 0-33.941L207.03 130.525c9.372-9.373 24.568-9.373 33.941-.001z\" fill=\"currentColor\"><\/path><\/svg><\/span><\/button>\n\n\n<div class=\"gb-accordion__content\"><div class=\"gb-container gb-container-3cc57870\">\n\n<p><em>Vis dar rekomenduojamas konservatyvus metodas: valgyti daug \u017euvies, pavyzd\u017eiui, skumbr\u0117s, la\u0161i\u0161os ar silk\u0117s. Ta\u010diau, kaip nurodyta klausime \u201eKiek omega-3 yra \u017euvyje?\u201c, kad gautum\u0117te pakankamai Omega-3 (2 g per dien\u0105), kasdien tur\u0117tum\u0117te suvalgyti 100 g silk\u0117s, 250 g la\u0161i\u0161os arba 1,5 kg up\u0117takio. Kitas Omega-3 \u0161altinis yra lin\u0173 s\u0117men\u0173 aliejus ir kiti augalai. Ta\u010diau j\u016brin\u0117s kilm\u0117s Omega-3 riebal\u0173 r\u016bg\u0161tys (EPR\/DHR) turi daugiau nauding\u0173 savybi\u0173 nei augalin\u0117s Omega-3 riebal\u0173 r\u016bg\u0161tys (ALA). \u017dmogaus organizmas tik nedidel\u0119 dal\u012f (0,5-10,0 %) ALA gali paversti \u012f EPR ir DHR, o pa\u010dios riebal\u0173 r\u016bg\u0161ties ALA jis nepasisavina.<\/em><\/p>\n\n<\/div><\/div>\n<\/div>\n\n<div class=\"gb-container gb-container-fa28c964 gb-accordion__item\" data-transition=\"slide\">\n\n<button class=\"gb-button gb-button-a9488b0a gb-accordion__toggle\"><span class=\"gb-button-text\">Kiek Omega-3 yra \u017euvyse?<\/span><span class=\"gb-icon\"><svg xmlns=\"http:\/\/www.w3.org\/2000\/svg\" viewbox=\"0 0 448 512\" width=\"1em\" height=\"1em\" ariahidden=\"true\" role=\"img\" class=\"gb-accordion__icon\"><path d=\"M207.029 381.476L12.686 187.132c-9.373-9.373-9.373-24.569 0-33.941l22.667-22.667c9.357-9.357 24.522-9.375 33.901-.04L224 284.505l154.745-154.021c9.379-9.335 24.544-9.317 33.901.04l22.667 22.667c9.373 9.373 9.373 24.569 0 33.941L240.971 381.476c-9.373 9.372-24.569 9.372-33.942 0z\" fill=\"currentColor\"><\/path><\/svg><svg xmlns=\"http:\/\/www.w3.org\/2000\/svg\" viewbox=\"0 0 448 512\" width=\"1em\" height=\"1em\" ariahidden=\"true\" role=\"img\" class=\"gb-accordion__icon-open\"><path d=\"M240.971 130.524l194.343 194.343c9.373 9.373 9.373 24.569 0 33.941l-22.667 22.667c-9.357 9.357-24.522 9.375-33.901.04L224 227.495 69.255 381.516c-9.379 9.335-24.544 9.317-33.901-.04l-22.667-22.667c-9.373-9.373-9.373-24.569 0-33.941L207.03 130.525c9.372-9.373 24.568-9.373 33.941-.001z\" fill=\"currentColor\"><\/path><\/svg><\/span><\/button>\n\n\n<div class=\"gb-accordion__content\"><div class=\"gb-container gb-container-3a3fcae2\">\n\n<p><em>Omega-3 kiekis \u017euvyse priklauso nuo j\u0173 r\u016b\u0161ies.  100 g silk\u0117s yra apie 2 g Omega-3. Tod\u0117l silk\u0117 yra geras nat\u016bralus Omega-3 riebal\u0173 r\u016bg\u0161\u010di\u0173 \u0161altinis. Tunas, la\u0161i\u0161a ir skumbr\u0117 taip pat turi daug Omega-3 riebal\u0173 r\u016bg\u0161\u010di\u0173, nors  tam, kad gauti 2 g Omega-3 reikia suvartoti apie 250 g la\u0161i\u0161os. Kitose \u012fprastin\u0117se \u017euv\u0173 r\u016b\u0161yse Omega-3 kiekis yra gana ma\u017eas. Pavyzd\u017eiui, norint pasisavinti 2 g Omega-3, reikia suvalgyti 1,5 kg up\u0117taki\u0173.<\/em><\/p>\n\n<\/div><\/div>\n<\/div>\n\n<div class=\"gb-container gb-container-8ce68e2e gb-accordion__item\" data-transition=\"slide\">\n\n<button class=\"gb-button gb-button-6349f932 gb-accordion__toggle\"><span class=\"gb-button-text\">Ar \u012fmanoma su kasdiene mityba pakankamai Omega-3?<\/span><span class=\"gb-icon\"><svg xmlns=\"http:\/\/www.w3.org\/2000\/svg\" viewbox=\"0 0 448 512\" width=\"1em\" height=\"1em\" ariahidden=\"true\" role=\"img\" class=\"gb-accordion__icon\"><path d=\"M207.029 381.476L12.686 187.132c-9.373-9.373-9.373-24.569 0-33.941l22.667-22.667c9.357-9.357 24.522-9.375 33.901-.04L224 284.505l154.745-154.021c9.379-9.335 24.544-9.317 33.901.04l22.667 22.667c9.373 9.373 9.373 24.569 0 33.941L240.971 381.476c-9.373 9.372-24.569 9.372-33.942 0z\" fill=\"currentColor\"><\/path><\/svg><svg xmlns=\"http:\/\/www.w3.org\/2000\/svg\" viewbox=\"0 0 448 512\" width=\"1em\" height=\"1em\" ariahidden=\"true\" role=\"img\" class=\"gb-accordion__icon-open\"><path d=\"M240.971 130.524l194.343 194.343c9.373 9.373 9.373 24.569 0 33.941l-22.667 22.667c-9.357 9.357-24.522 9.375-33.901.04L224 227.495 69.255 381.516c-9.379 9.335-24.544 9.317-33.901-.04l-22.667-22.667c-9.373-9.373-9.373-24.569 0-33.941L207.03 130.525c9.372-9.373 24.568-9.373 33.941-.001z\" fill=\"currentColor\"><\/path><\/svg><\/span><\/button>\n\n\n<div class=\"gb-accordion__content\"><div class=\"gb-container gb-container-60dab75a\">\n\n<p><em>Taip, teori\u0161kai tai \u012fmanoma. Ta\u010diau tur\u0117tum\u0117te vartoti didelius tam tikr\u0173 maisto produkt\u0173 kiekius, tod\u0117l realiai tai \u012fmanoma tik nedaugeliui \u017emoni\u0173. Norint per dien\u0105 suvartoti apie 2 g omega-3 riebal\u0173 r\u016bg\u0161\u010di\u0173, t. y. gydytoj\u0173 rekomenduojam\u0105 paros doz\u0119, per dien\u0105 reik\u0117t\u0173 suvalgyti apie 100 g silk\u0117s, 150 g tuno, 250 g la\u0161i\u0161os, 300 g skumbr\u0117s, 1,5 kg up\u0117takio arba 3 kg menk\u0117s.<\/em><\/p>\n\n<\/div><\/div>\n<\/div>\n<\/div>\n<\/div>\n\n<div class=\"gb-container gb-container-2e4cf2f5 smooth-scroll\" id=\"faq-algae\">\n<div class=\"gb-container gb-container-36863d20 gb-accordion\">\n\n<h2 class=\"gb-headline gb-headline-e5d6cc7d gb-headline-text\">NORSAN J\u016aROS DUMBLI\u0172 ALIEJUS<\/h2>\n\n\n<div class=\"gb-container gb-container-b9fa37ff gb-accordion__item gb-accordion__item-open\" data-transition=\"slide\">\n\n<button class=\"gb-button gb-button-f3b6fc6b gb-accordion__toggle gb-block-is-current toggle-close\"><span class=\"gb-button-text\">Ar dumbli\u0173 aliejuje yra sunki\u0173j\u0173 metal\u0173?<\/span><span class=\"gb-icon\"><svg xmlns=\"http:\/\/www.w3.org\/2000\/svg\" viewbox=\"0 0 448 512\" width=\"1em\" height=\"1em\" ariahidden=\"true\" role=\"img\" class=\"gb-accordion__icon\"><path d=\"M207.029 381.476L12.686 187.132c-9.373-9.373-9.373-24.569 0-33.941l22.667-22.667c9.357-9.357 24.522-9.375 33.901-.04L224 284.505l154.745-154.021c9.379-9.335 24.544-9.317 33.901.04l22.667 22.667c9.373 9.373 9.373 24.569 0 33.941L240.971 381.476c-9.373 9.372-24.569 9.372-33.942 0z\" fill=\"currentColor\"><\/path><\/svg><svg xmlns=\"http:\/\/www.w3.org\/2000\/svg\" viewbox=\"0 0 448 512\" width=\"1em\" height=\"1em\" ariahidden=\"true\" role=\"img\" class=\"gb-accordion__icon-open\"><path d=\"M240.971 130.524l194.343 194.343c9.373 9.373 9.373 24.569 0 33.941l-22.667 22.667c-9.357 9.357-24.522 9.375-33.901.04L224 227.495 69.255 381.516c-9.379 9.335-24.544 9.317-33.901-.04l-22.667-22.667c-9.373-9.373-9.373-24.569 0-33.941L207.03 130.525c9.372-9.373 24.568-9.373 33.941-.001z\" fill=\"currentColor\"><\/path><\/svg><\/span><\/button>\n\n\n<div class=\"gb-accordion__content\"><div class=\"gb-container gb-container-16871303 toggle-close\">\n\n<p><em>D\u0117l tvaraus auginimo dumbliai, taip pat ir dumbli\u0173 aliejus, n\u0117ra veikiami nat\u016brali\u0173 pasaulio vandenyn\u0173 ter\u0161al\u0173, sunki\u0173j\u0173 metal\u0173 ir PCB. Nepaisant to, dumbli\u0173 aliejus gamybos metu valomas ir tikrinamas.<\/em><\/p>\n\n<\/div><\/div>\n<\/div>\n\n<div class=\"gb-container gb-container-0bf9f41e gb-accordion__item\" data-transition=\"slide\">\n\n<button class=\"gb-button gb-button-f72ca268 gb-accordion__toggle\"><span class=\"gb-button-text\">I\u0161 koki\u0173 dumbli\u0173 gaunamas NORSAN dumbli\u0173 aliejus?<\/span><span class=\"gb-icon\"><svg xmlns=\"http:\/\/www.w3.org\/2000\/svg\" viewbox=\"0 0 448 512\" width=\"1em\" height=\"1em\" ariahidden=\"true\" role=\"img\" class=\"gb-accordion__icon\"><path d=\"M207.029 381.476L12.686 187.132c-9.373-9.373-9.373-24.569 0-33.941l22.667-22.667c9.357-9.357 24.522-9.375 33.901-.04L224 284.505l154.745-154.021c9.379-9.335 24.544-9.317 33.901.04l22.667 22.667c9.373 9.373 9.373 24.569 0 33.941L240.971 381.476c-9.373 9.372-24.569 9.372-33.942 0z\" fill=\"currentColor\"><\/path><\/svg><svg xmlns=\"http:\/\/www.w3.org\/2000\/svg\" viewbox=\"0 0 448 512\" width=\"1em\" height=\"1em\" ariahidden=\"true\" role=\"img\" class=\"gb-accordion__icon-open\"><path d=\"M240.971 130.524l194.343 194.343c9.373 9.373 9.373 24.569 0 33.941l-22.667 22.667c-9.357 9.357-24.522 9.375-33.901.04L224 227.495 69.255 381.516c-9.379 9.335-24.544 9.317-33.901-.04l-22.667-22.667c-9.373-9.373-9.373-24.569 0-33.941L207.03 130.525c9.372-9.373 24.568-9.373 33.941-.001z\" fill=\"currentColor\"><\/path><\/svg><\/span><\/button>\n\n\n<div class=\"gb-accordion__content\"><div class=\"gb-container gb-container-06ac770f\">\n\n<p><em>Dumbli\u0173 aliejaus kokybei lemiam\u0105 reik\u0161m\u0119 turi tinkamas \u017ealiavos, t. y. dumbli\u0173 pasirinkimas. M\u016bs\u0173 vegani\u0161ko dumbli\u0173 aliejaus pagrind\u0105 sudaro mikrodumbliai Schizochytrium sp. \u0160ios r\u016b\u0161ies dumbliai yra j\u016briniai mikrodumbliai ir susideda i\u0161 mikroskopini\u0173 vienal\u0105s\u010di\u0173 dumbli\u0173. \u0160ios r\u016b\u0161ies dumbliai yra kil\u0119 i\u0161 mangrovi\u0173 mi\u0161k\u0173 atogr\u0105\u017e\u0173 pakrant\u0117se. Jie minta vien tik augalin\u0117mis med\u017eiagomis, pavyzd\u017eiui, negyvais lapais. \u0160is dumblis ypatingas tuo, kad i\u0161 jo susidaro dvi svarbios j\u016brin\u0117s Omega-3 riebal\u0173 r\u016bg\u0161tys &#8211; DHR ir EPR.<\/em><\/p>\n\n<\/div><\/div>\n<\/div>\n\n<div class=\"gb-container gb-container-9572d92b gb-accordion__item\" data-transition=\"slide\">\n<div class=\"gb-accordion__content\"><div class=\"gb-container gb-container-8662070b\">\n\n<p><em>\u201eOmega-3 Vegan\u201c yra gaminamas tvariai ir aplinkai nekenksmingu b\u016bdu. &#8220;Omega-3 Vegan&#8221; gamyboje naudojami mikrodumbliai n\u0117ra gaunami i\u0161 j\u016bros. Augindami juos dideliuose rezervuaruose su dirbtiniu j\u016bros vandeniu, tausojame i\u0161teklius ir i\u0161saugome \u017euv\u0173 mitybin\u0119 baz\u0119. \u017duvys savo Omega-3 kiek\u012f taip pat gauna misdamos dumbliais, nes pa\u010dios \u0161ios riebal\u0173 r\u016bg\u0161ties negamina. Taip augindami \u017ealiav\u0105, mes netrikdome nat\u016bralios j\u016bros ekosistemos, o \u017euv\u0173 ir krili\u0173 i\u0161tekliai yra saugomi. Suvokiame savo atsakomyb\u0119 j\u016brai ir jos gyventojams, tod\u0117l remiame ne pelno siekian\u010dias organizacijas, kurios r\u016bpinasi j\u016br\u0173 buveini\u0173 apsauga.<\/em><\/p>\n\n<\/div><\/div>\n<\/div>\n\n<div class=\"gb-container gb-container-3b2746b2 gb-accordion__item\" data-transition=\"slide\">\n\n<button class=\"gb-button gb-button-e917e545 gb-accordion__toggle\"><span class=\"gb-button-text\">Kaip NORSAN dumbli\u0173 aliejuje pasirei\u0161kia tvarumo aspektas?<\/span><span class=\"gb-icon\"><svg xmlns=\"http:\/\/www.w3.org\/2000\/svg\" viewbox=\"0 0 448 512\" width=\"1em\" height=\"1em\" ariahidden=\"true\" role=\"img\" class=\"gb-accordion__icon\"><path d=\"M207.029 381.476L12.686 187.132c-9.373-9.373-9.373-24.569 0-33.941l22.667-22.667c9.357-9.357 24.522-9.375 33.901-.04L224 284.505l154.745-154.021c9.379-9.335 24.544-9.317 33.901.04l22.667 22.667c9.373 9.373 9.373 24.569 0 33.941L240.971 381.476c-9.373 9.372-24.569 9.372-33.942 0z\" fill=\"currentColor\"><\/path><\/svg><svg xmlns=\"http:\/\/www.w3.org\/2000\/svg\" viewbox=\"0 0 448 512\" width=\"1em\" height=\"1em\" ariahidden=\"true\" role=\"img\" class=\"gb-accordion__icon-open\"><path d=\"M240.971 130.524l194.343 194.343c9.373 9.373 9.373 24.569 0 33.941l-22.667 22.667c-9.357 9.357-24.522 9.375-33.901.04L224 227.495 69.255 381.516c-9.379 9.335-24.544 9.317-33.901-.04l-22.667-22.667c-9.373-9.373-9.373-24.569 0-33.941L207.03 130.525c9.372-9.373 24.568-9.373 33.941-.001z\" fill=\"currentColor\"><\/path><\/svg><\/span><\/button>\n\n\n<div class=\"gb-accordion__content\"><div class=\"gb-container gb-container-4356af08\">\n\n<p><em>\u201eOmega-3 Vegan\u201c yra gaminamas tvariai ir aplinkai nekenksmingu b\u016bdu. &#8220;Omega-3 Vegan&#8221; gamyboje naudojami mikrodumbliai n\u0117ra gaunami i\u0161 j\u016bros. Augindami juos dideliuose rezervuaruose su dirbtiniu j\u016bros vandeniu, tausojame i\u0161teklius ir i\u0161saugome \u017euv\u0173 mitybin\u0119 baz\u0119. \u017duvys savo Omega-3 kiek\u012f taip pat gauna misdamos dumbliais, nes pa\u010dios \u0161ios riebal\u0173 r\u016bg\u0161ties negamina. Taip augindami \u017ealiav\u0105, mes netrikdome nat\u016bralios j\u016bros ekosistemos, o \u017euv\u0173 ir krili\u0173 i\u0161tekliai yra saugomi. Suvokiame savo atsakomyb\u0119 j\u016brai ir jos gyventojams, tod\u0117l remiame ne pelno siekian\u010dias organizacijas, kurios r\u016bpinasi j\u016br\u0173 buveini\u0173 apsauga.<\/em><\/p>\n\n<\/div><\/div>\n<\/div>\n\n<div class=\"gb-container gb-container-ef821607 gb-accordion__item\" data-transition=\"slide\">\n\n<button class=\"gb-button gb-button-8aab00bf gb-accordion__toggle\"><span class=\"gb-button-text\">Kokios &#8220;Omega-3 Vegan&#8221; aliejaus sudedamosios dalys?<\/span><span class=\"gb-icon\"><svg xmlns=\"http:\/\/www.w3.org\/2000\/svg\" viewbox=\"0 0 448 512\" width=\"1em\" height=\"1em\" ariahidden=\"true\" role=\"img\" class=\"gb-accordion__icon\"><path d=\"M207.029 381.476L12.686 187.132c-9.373-9.373-9.373-24.569 0-33.941l22.667-22.667c9.357-9.357 24.522-9.375 33.901-.04L224 284.505l154.745-154.021c9.379-9.335 24.544-9.317 33.901.04l22.667 22.667c9.373 9.373 9.373 24.569 0 33.941L240.971 381.476c-9.373 9.372-24.569 9.372-33.942 0z\" fill=\"currentColor\"><\/path><\/svg><svg xmlns=\"http:\/\/www.w3.org\/2000\/svg\" viewbox=\"0 0 448 512\" width=\"1em\" height=\"1em\" ariahidden=\"true\" role=\"img\" class=\"gb-accordion__icon-open\"><path d=\"M240.971 130.524l194.343 194.343c9.373 9.373 9.373 24.569 0 33.941l-22.667 22.667c-9.357 9.357-24.522 9.375-33.901.04L224 227.495 69.255 381.516c-9.379 9.335-24.544 9.317-33.901-.04l-22.667-22.667c-9.373-9.373-9.373-24.569 0-33.941L207.03 130.525c9.372-9.373 24.568-9.373 33.941-.001z\" fill=\"currentColor\"><\/path><\/svg><\/span><\/button>\n\n\n<div class=\"gb-accordion__content\"><div class=\"gb-container gb-container-2693e469\">\n\n<p>NORSAN dumbli\u0173 aliejus gaminamas i\u0161 mikrodumbli\u0173 Schizochytrium sp. Be jo, &#8220;Omega-3 Vegan sud\u0117tyje yra daug polifenoli\u0173 turin\u010dio alyvuogi\u0173 aliejaus i\u0161 ekologi\u0161ko \u016bkio  ir nat\u016bralaus citrin\u0173 aliejaus. <a href=\"https:\/\/norsan.lt\/ru\/produkto\/omega-3-vegan-aliejus-100-ml\/\">\u010cia<\/a> rasite tiksli\u0105 produkto sud\u0117t\u012f.<\/p>\n\n<\/div><\/div>\n<\/div>\n<\/div>\n<\/div>","protected":false},"excerpt":{"rendered":"<p>BENDRI KLAUSIMAI APIE OMEGA-3 RIEBAL\u0172 R\u016aG\u0160TIS Sergant kai kuriomis ligomis, galima \u012ftarti Omega-3 tr\u016bkum\u0105, o ligos eig\u0105 galima palengvinti vartojant Omega-3 riebal\u0173 &#8230; <a title=\"\u0427\u0410\u0421\u0422\u041e \u0417\u0410\u0414\u0410\u0412\u0410\u0415\u041c\u042b\u0415 \u0412\u041e\u041f\u0420\u041e\u0421\u042b\" class=\"read-more\" href=\"https:\/\/norsan.lt\/ru\/duk\/\" aria-label=\"\u041f\u0440\u043e\u0447\u0438\u0442\u0430\u0442\u044c \u0431\u043e\u043b\u044c\u0448\u0435 \u043e DUK\">\u0427\u0438\u0442\u0430\u0442\u044c \u0434\u0430\u043b\u0435\u0435<\/a><\/p>","protected":false},"author":2,"featured_media":0,"parent":0,"menu_order":0,"comment_status":"closed","ping_status":"closed","template":"","meta":{"_wpo_ez_expert_only":false,"footnotes":""},"class_list":["post-4637","page","type-page","status-publish"],"_links":{"self":[{"href":"https:\/\/norsan.lt\/ru\/wp-json\/wp\/v2\/pages\/4637","targetHints":{"allow":["GET"]}}],"collection":[{"href":"https:\/\/norsan.lt\/ru\/wp-json\/wp\/v2\/pages"}],"about":[{"href":"https:\/\/norsan.lt\/ru\/wp-json\/wp\/v2\/types\/page"}],"author":[{"embeddable":true,"href":"https:\/\/norsan.lt\/ru\/wp-json\/wp\/v2\/users\/2"}],"replies":[{"embeddable":true,"href":"https:\/\/norsan.lt\/ru\/wp-json\/wp\/v2\/comments?post=4637"}],"version-history":[{"count":43,"href":"https:\/\/norsan.lt\/ru\/wp-json\/wp\/v2\/pages\/4637\/revisions"}],"predecessor-version":[{"id":562611,"href":"https:\/\/norsan.lt\/ru\/wp-json\/wp\/v2\/pages\/4637\/revisions\/562611"}],"wp:attachment":[{"href":"https:\/\/norsan.lt\/ru\/wp-json\/wp\/v2\/media?parent=4637"}],"curies":[{"name":"wp","href":"https:\/\/api.w.org\/{rel}","templated":true}]}}