{"id":3587,"date":"2021-01-30T19:30:03","date_gmt":"2021-01-30T19:30:03","guid":{"rendered":"https:\/\/gpsites.co\/shop\/?page_id=3587"},"modified":"2026-03-27T12:46:09","modified_gmt":"2026-03-27T10:46:09","slug":"omega-3-is-zuvu-tauku-ir-juros-dumbliu","status":"publish","type":"page","link":"https:\/\/norsan.lt\/ru\/omega-3-is-zuvu-tauku-ir-juros-dumbliu\/","title":{"rendered":""},"content":{"rendered":"<div class=\"wp-block-group\"><div class=\"wp-block-group__inner-container is-layout-constrained wp-block-group-is-layout-constrained\"><div class=\"gb-grid-wrapper gb-grid-wrapper-484cd406\">\n<div class=\"gb-grid-column gb-grid-column-19b2e00e\"><div class=\"gb-container gb-container-19b2e00e\"><div class=\"gb-inside-container\">\n\n<h2 class=\"gb-headline gb-headline-a3d75d40 gb-headline-text\">Esame Norvegijos \u012fmon\u0117, kurios specializacija &#8211; auk\u0161tos kokyb\u0117s Omega-3 produktai. <\/h2>\n\n\n\n<p class=\"has-contrast-3-color has-text-color has-link-color wp-elements-c1c826753e5ecf40ae62d24e6f66ea18\">B\u016bdami metodinio po\u017ei\u016brio \u012f riebal\u0173 r\u016bg\u0161\u010di\u0173 analiz\u0119 pradininkai, suk\u016br\u0117me nat\u016brali\u0173 didel\u0117s doz\u0117s Omega-3 produkt\u0173, kurie reguliuoja Omega-3 indekso tr\u016bkum\u0105. NORSAN yra pirmaujantis Omega-3 prek\u0117s \u017eenklas Europoje ir labiausiai parduodamas Omega-3 produktas Vokietijos vaistin\u0117se.<br><br>Paskait\u0173 ir informacin\u0117s med\u017eiagos pagalba informuojame apie omega-3 riebal\u0173 r\u016bg\u0161\u010di\u0173 svarb\u0105 ir j\u0173 poveik\u012f sveikatai, svarbi\u0105 dal\u012f sudaro lengvas omega-3 indekso nustatymas organizme. Siekiame, kad omega-3 indeksas populiacijoje b\u016bt\u0173 didesnis, ir manome, kad \u017eingsnis po \u017eingsnio teigiamai prisidedame prie to. Daugiau apie m\u016bs\u0173 sveikatos filosofij\u0105 skaitykite \u010dia.<\/p>\n\n<\/div><\/div><\/div>\n\n<div class=\"gb-grid-column gb-grid-column-3e87b5d9\"><div class=\"gb-container gb-container-3e87b5d9\"><div class=\"gb-inside-container\">\n\n<figure class=\"wp-block-image size-full photo-shadow img\"><img loading=\"lazy\" decoding=\"async\" width=\"2245\" height=\"1587\" src=\"https:\/\/norsan.lt\/wp-content\/uploads\/2026\/01\/Pristatymas-Benu.png\" alt=\"\" class=\"wp-image-569136\" srcset=\"https:\/\/norsan.lt\/wp-content\/uploads\/2026\/01\/Pristatymas-Benu.png 2245w, https:\/\/norsan.lt\/wp-content\/uploads\/2026\/01\/Pristatymas-Benu-300x212.png 300w, https:\/\/norsan.lt\/wp-content\/uploads\/2026\/01\/Pristatymas-Benu-1024x724.png 1024w, https:\/\/norsan.lt\/wp-content\/uploads\/2026\/01\/Pristatymas-Benu-768x543.png 768w, https:\/\/norsan.lt\/wp-content\/uploads\/2026\/01\/Pristatymas-Benu-1536x1086.png 1536w, https:\/\/norsan.lt\/wp-content\/uploads\/2026\/01\/Pristatymas-Benu-2048x1448.png 2048w, https:\/\/norsan.lt\/wp-content\/uploads\/2026\/01\/Pristatymas-Benu-18x12.png 18w, https:\/\/norsan.lt\/wp-content\/uploads\/2026\/01\/Pristatymas-Benu-333x235.png 333w, https:\/\/norsan.lt\/wp-content\/uploads\/2026\/01\/Pristatymas-Benu-500x353.png 500w\" sizes=\"auto, (max-width: 2245px) 100vw, 2245px\" \/><\/figure>\n\n<\/div><\/div><\/div>\n<\/div>\n\n<div class=\"gb-container gb-container-76922765\">\n<div class=\"gb-container gb-container-9374cf79\">\n<div class=\"gb-grid-wrapper gb-grid-wrapper-469083a3\">\n<div class=\"gb-grid-column gb-grid-column-f5cd3c19\"><div class=\"gb-container gb-container-f5cd3c19\"><div class=\"gb-inside-container\">\n\n<figure class=\"wp-block-image size-full photo-shadow img\"><img loading=\"lazy\" decoding=\"async\" width=\"1200\" height=\"800\" src=\"https:\/\/norsan.lt\/wp-content\/uploads\/2021\/01\/norway-norsan-palceholder-reg.jpg\" alt=\"\" class=\"wp-image-3711\" srcset=\"https:\/\/norsan.lt\/wp-content\/uploads\/2021\/01\/norway-norsan-palceholder-reg.jpg 1200w, https:\/\/norsan.lt\/wp-content\/uploads\/2021\/01\/norway-norsan-palceholder-reg-333x222.jpg 333w, https:\/\/norsan.lt\/wp-content\/uploads\/2021\/01\/norway-norsan-palceholder-reg-500x333.jpg 500w, https:\/\/norsan.lt\/wp-content\/uploads\/2021\/01\/norway-norsan-palceholder-reg-300x200.jpg 300w, https:\/\/norsan.lt\/wp-content\/uploads\/2021\/01\/norway-norsan-palceholder-reg-1024x683.jpg 1024w, https:\/\/norsan.lt\/wp-content\/uploads\/2021\/01\/norway-norsan-palceholder-reg-768x512.jpg 768w\" sizes=\"auto, (max-width: 1200px) 100vw, 1200px\" \/><\/figure>\n\n<\/div><\/div><\/div>\n\n<div class=\"gb-grid-column gb-grid-column-9296900f\"><div class=\"gb-container gb-container-9296900f\"><div class=\"gb-inside-container\">\n\n<h3 class=\"gb-headline gb-headline-947d6934 gb-headline-text\">M\u016bs\u0173 vis\u0173 pa\u017eadas jums<\/h3>\n\n\n\n<p class=\"has-contrast-3-color has-text-color has-link-color wp-elements-5a2d2bc9a194825df65bb6e1c693c34c\">Kasdienis m\u016bs\u0173 komandos darbas pasi\u017eymi atvirumu, skaidrumu ir pasitik\u0117jimu. Mes pasikliaujame vieni kitais ir stengiam\u0117s kuo geriau vienas kit\u0105 palaikyti. B\u016bti stipriems \u012fmanoma tik kartu. Ypa\u010d did\u017eiuojam\u0117s savo unikaliomis \u012fmon\u0117s vertyb\u0117mis. Gerinti m\u016bs\u0173 klient\u0173 sveikat\u0105 ir gerov\u0119 yra stipriausia motyvacija mums dirbti.<\/p>\n\n\n\n<p class=\"has-contrast-3-color has-text-color has-link-color wp-elements-7c6154fc4bc5bd884a159a947ee7ea29\">Turime biurus Berlyne, Hamburge, Vienoje, Bolzane ir Lilyje..<\/p>\n\n\n\n<p class=\"gb-headline gb-headline-ea872b86 gb-headline-text\"><br><\/p>\n\n<\/div><\/div><\/div>\n<\/div>\n<\/div>\n<\/div>\n\n<div class=\"gb-container gb-container-e89e9636\">\n<div class=\"gb-grid-wrapper gb-grid-wrapper-ef518888\">\n<div class=\"gb-grid-column gb-grid-column-2f6a49db\"><div class=\"gb-container gb-container-2f6a49db\">\n\n<h3 class=\"gb-headline gb-headline-cbc05bff gb-headline-text\">Turite klausim\u0173 ar tiesiog norite pasisveikinti?<\/h3>\n\n<\/div><\/div>\n\n<div class=\"gb-grid-column gb-grid-column-2cf44005\"><div class=\"gb-container gb-container-2cf44005\">\n<div class=\"gb-button-wrapper gb-button-wrapper-788e6da2\">\n\n<a class=\"gb-button gb-button-cacce01c\" href=\"https:\/\/norsan.lt\/ru\/susisiekite-su-mumis\/\" target=\"_blank\" rel=\"noopener noreferrer\"><span class=\"gb-button-text\">Susisiekite su mumis<\/span><span class=\"gb-icon\"><svg fill=\"none\" xmlns=\"http:\/\/www.w3.org\/2000\/svg\" width=\"15\" height=\"15\"><path d=\"M13.5 7.5l-4-4m4 4l-4 4m4-4H1\" stroke=\"currentColor\"><\/path><\/svg><\/span><\/a>\n\n<\/div>\n<\/div><\/div>\n<\/div>\n<\/div>\n\n<div class=\"gb-container gb-container-08d7c84b\">\n<div class=\"gb-container gb-container-64bae26c\">\n<div class=\"gb-grid-wrapper gb-grid-wrapper-990ed738\">\n<div class=\"gb-grid-column gb-grid-column-f874cc30\"><div class=\"gb-container gb-container-f874cc30\">\n\n<h2 class=\"gb-headline gb-headline-18933dd6 gb-headline-text\">\u041f\u0440\u0438\u0441\u043e\u0435\u0434\u0438\u043d\u044f\u0439\u0442\u0435\u0441\u044c \u043a \u043d\u0430\u0448\u0435\u0439 \u0435\u0436\u0435\u043c\u0435\u0441\u044f\u0447\u043d\u043e\u0439 \u0440\u0430\u0441\u0441\u044b\u043b\u043a\u0435<\/h2>\n\n\n\n<p class=\"gb-headline gb-headline-e0e7ae97 gb-headline-text\">\u041f\u043e\u043b\u0443\u0447\u0430\u0439\u0442\u0435 \u044d\u043a\u0441\u043a\u043b\u044e\u0437\u0438\u0432\u043d\u044b\u0435 \u043f\u0440\u0435\u0434\u043b\u043e\u0436\u0435\u043d\u0438\u044f \u0438 \u0441\u043a\u0438\u0434\u043a\u0438, \u043f\u043e\u0434\u043f\u0438\u0441\u0430\u0432\u0448\u0438\u0441\u044c \u043d\u0430 \u043d\u0430\u0448\u0443 \u0440\u0430\u0441\u0441\u044b\u043b\u043a\u0443.<\/p>\n\n<\/div><\/div>\n\n<div class=\"gb-grid-column gb-grid-column-e676d4e2\"><div class=\"gb-container gb-container-e676d4e2\">\n<div class='fluentform ff-default fluentform_wrapper_4 ffs_default_wrap'><form data-form_id=\"4\" id=\"fluentform_4\" class=\"frm-fluent-form fluent_form_4 ff-el-form-top ff_form_instance_4_1 ff-form-loading ffs_default\" data-form_instance=\"ff_form_instance_4_1\" method=\"POST\" action=\"\" ><fieldset  style=\"border: none!important;margin: 0!important;padding: 0!important;background-color: transparent!important;box-shadow: none!important;outline: none!important; min-inline-size: 100%;\">\n                    <legend class=\"ff_screen_reader_title\" style=\"display: block; margin: 0!important;padding: 0!important;height: 0!important;text-indent: -999999px;width: 0!important;overflow:hidden;\">\u0418\u043d\u0444\u043e\u0440\u043c\u0430\u0446\u0438\u043e\u043d\u043d\u044b\u0439 \u0431\u044e\u043b\u043b\u0435\u0442\u0435\u043d\u044c<\/legend><input type='hidden' name='__fluent_form_embded_post_id' value='3587' \/><input type=\"hidden\" id=\"_fluentform_4_fluentformnonce\" name=\"_fluentform_4_fluentformnonce\" value=\"e6f417c73b\" \/><input type=\"hidden\" name=\"_wp_http_referer\" value=\"\/ru\/wp-json\/wp\/v2\/pages\/3587\" \/><div class='ff-el-group'><div class='ff-el-input--content'><input type=\"email\" name=\"email\" id=\"ff_4_email\" class=\"ff-el-form-control\" placeholder=\"\u0412\u0430\u0448 \u0430\u0434\u0440\u0435\u0441 \u044d\u043b\u0435\u043a\u0442\u0440\u043e\u043d\u043d\u043e\u0439 \u043f\u043e\u0447\u0442\u044b\" data-name=\"email\"  aria-invalid=\"false\" aria-required=\"true\"><\/div><\/div><div class='ff-el-group ff-text-left ff_submit_btn_wrapper'><button type=\"submit\" class=\"ff-btn ff-btn-submit ff-btn-md ff_btn_style\"  aria-label=\"\u041f\u043e\u0434\u043f\u0438\u0448\u0438\u0442\u0435\u0441\u044c \u043d\u0430 \u043d\u0430\u0448\u0443 \u0440\u0430\u0441\u0441\u044b\u043b\u043a\u0443\">\u041f\u043e\u0434\u043f\u0438\u0448\u0438\u0442\u0435\u0441\u044c \u043d\u0430 \u043d\u0430\u0448\u0443 \u0440\u0430\u0441\u0441\u044b\u043b\u043a\u0443<\/button><\/div><\/fieldset><input type=\"hidden\" name=\"trp-form-language\" value=\"ru\"\/><\/form><div id='fluentform_4_errors' class='ff-errors-in-stack ff_form_instance_4_1 ff-form-loading_errors ff_form_instance_4_1_errors'><\/div><\/div>            <script type=\"text\/javascript\">\n                window.fluent_form_ff_form_instance_4_1 = {\"id\":\"4\",\"ajaxUrl\":\"https:\\\/\\\/norsan.lt\\\/wp-admin\\\/admin-ajax.php\",\"settings\":{\"layout\":{\"labelPlacement\":\"top\",\"helpMessagePlacement\":\"with_label\",\"errorMessagePlacement\":\"inline\",\"cssClassName\":\"\",\"asteriskPlacement\":\"asterisk-right\"},\"restrictions\":{\"denyEmptySubmission\":{\"enabled\":false}}},\"form_instance\":\"ff_form_instance_4_1\",\"form_id_selector\":\"fluentform_4\",\"rules\":{\"email\":{\"required\":{\"value\":true,\"message\":\"\\u0160is laukas yra privalomas\",\"global\":false,\"global_message\":\"\\u0160is laukelis yra privalomas\"},\"email\":{\"value\":true,\"message\":\"\\u0160iame lauke turi b\\u016bti nurodytas galiojantis el. pa\\u0161to adresas\",\"global\":false,\"global_message\":\"\\u0160iame lauke turi b\\u016bti nurodytas galiojantis el. pa\\u0161to adresas\"}}},\"debounce_time\":300};\n                            <\/script>\n            \n\n<\/div><\/div>\n<\/div>\n<\/div>\n<\/div><\/div><\/div>","protected":false},"excerpt":{"rendered":"","protected":false},"author":2,"featured_media":0,"parent":0,"menu_order":0,"comment_status":"closed","ping_status":"closed","template":"","meta":{"_wpo_ez_expert_only":false,"footnotes":""},"class_list":["post-3587","page","type-page","status-publish"],"_links":{"self":[{"href":"https:\/\/norsan.lt\/ru\/wp-json\/wp\/v2\/pages\/3587","targetHints":{"allow":["GET"]}}],"collection":[{"href":"https:\/\/norsan.lt\/ru\/wp-json\/wp\/v2\/pages"}],"about":[{"href":"https:\/\/norsan.lt\/ru\/wp-json\/wp\/v2\/types\/page"}],"author":[{"embeddable":true,"href":"https:\/\/norsan.lt\/ru\/wp-json\/wp\/v2\/users\/2"}],"replies":[{"embeddable":true,"href":"https:\/\/norsan.lt\/ru\/wp-json\/wp\/v2\/comments?post=3587"}],"version-history":[{"count":14,"href":"https:\/\/norsan.lt\/ru\/wp-json\/wp\/v2\/pages\/3587\/revisions"}],"predecessor-version":[{"id":570292,"href":"https:\/\/norsan.lt\/ru\/wp-json\/wp\/v2\/pages\/3587\/revisions\/570292"}],"wp:attachment":[{"href":"https:\/\/norsan.lt\/ru\/wp-json\/wp\/v2\/media?parent=3587"}],"curies":[{"name":"wp","href":"https:\/\/api.w.org\/{rel}","templated":true}]}}