{"id":569999,"date":"2026-03-05T11:14:25","date_gmt":"2026-03-05T09:14:25","guid":{"rendered":"https:\/\/norsan.lt\/?post_type=product&#038;p=569999"},"modified":"2026-03-18T12:45:55","modified_gmt":"2026-03-18T10:45:55","slug":"omega-3-alga-jelly-zelatinines-pastiles-120-vnt","status":"publish","type":"product","link":"https:\/\/norsan.lt\/en\/produkto\/omega-3-alga-jelly-zelatinines-pastiles-120-vnt\/","title":{"rendered":"Omega-3 Alga Jelly, \u017eelatinin\u0117s pastil\u0117s, 120 vnt."},"content":{"rendered":"<h2><span style=\"color: #62bb46;\"><b>Omega-3 Alga Jelly, guminukai<\/b><\/span><\/h2>\n<h3>100% Vegetable<\/h3>\n<p>\u201cOmega-3 ALGA Jelly\u201d yra 100% augalinis produktas, be \u017euvies ar kit\u0173 gyv\u016bnin\u0117s kilm\u0117s ingredient\u0173. Jis idealiai tinka vegetarams ir veganams ar \u017emon\u0117ms, kurie yra alergi\u0161ki ar netoleruoja \u017euvies ir jos produkt\u0173.\u00a0 J\u016brin\u0117s Omega-3 riebal\u0173 r\u016bg\u0161tys yra i\u0161 j\u016brini\u0173 mikrodumbli\u0173 Schizochytrium sp.<\/p>\n<p>M\u016bs\u0173 produkt\u0173 i\u0161 j\u016bros dumbli\u0173 gamyba yra atskirta nuo kit\u0173 m\u016bs\u0173 produkt\u0173 gamybos, tod\u0117l n\u0117ra jokios tikimyb\u0117s, kad \u012f \u0161iuos produktus paklius gyv\u016bnin\u0117s kilm\u0117s produkt\u0173\u00a0 p\u0117dsakai.<\/p>\n<h3>Kod\u0117l \u012f produkt\u0105 dedami saldikliai<\/h3>\n<p>\u0160iame produkte yra du saldikliai &#8211; ksilitolis ir sorbitolis. Jie \u012f produkto sud\u0117t\u012f \u012ftraukti ne skoniui pagerinti.<\/p>\n<p>Augalin\u0117s kilm\u0117s \u017eelatinos alternatyv\u0173 yra be galo ma\u017eai. Viena j\u0173 &#8211; saldikliai. B\u016btent d\u0117l \u0161ios prie\u017easties ir buvo nuspr\u0119sta naudoti saldiklius, ta\u010diau pasi\u016blyti ma\u017eiesiems augalin\u0117s kilm\u0117s guminuk\u0173 konsistencijos Omega-3 riebal\u0173 r\u016bg\u0161tis.<\/p>\n<p><strong>Ksilitolis\u00a0<\/strong>\u2013 saldiklis, nat\u016braliai gamtoje randamas organinis junginys. Gaunamas i\u0161 lapuo\u010di\u0173 med\u017ei\u0173 medienos (pagrinde ber\u017e\u0173), medviln\u0117s s\u0117kl\u0173, kukur\u016bz\u0173. Randamas tokiuose maisto produktuose, kaip uogos, vaisiai, dar\u017eov\u0117s ir grybai.<\/p>\n<p><strong>Sorbitolis<\/strong> &#8211; ma\u017eo kaloringumo saldiklis, esantis daugelyje uog\u0173 ir vaisi\u0173, pvz. obuoliuose, d\u017eiovintose slyvose, vy\u0161niose bei vynuog\u0117se.<\/p>\n<p>\u0160ie saldikliai neskaidomi burnoje esan\u010di\u0173 bakterij\u0173, tod\u0117l nesukelia karieso, netgi prie\u0161ingai \u2013 teigiamai veikia burnos mikroflor\u0105. Ksilitolis da\u017ena kramtomos gumos ir dant\u0173 pastos sud\u0117tin\u0117 dalis.<\/p>\n<h3><span style=\"color: #62bb46;\"><strong>&#8220;Omega-3 ALGA Jelly&#8221;: informacija apie produkt\u0105<\/strong><\/span><\/h3>\n<h3>Seaweed oil<\/h3>\n<p>\u201cOmega-3 ALGA Jelly\u201d sud\u0117tyje yra j\u016bros dumbli\u0173 aliejus. Aliejus i\u0161gaunamas i\u0161 mikrodumbli\u0173 Schizochytrium sp. Tai mikroskopinis dumblis, besimaitinantis tik organin\u0117mis ir augalin\u0117mis med\u017eiagomis, pavyzd\u017eiui, negyvais lapais. Mikrodumbliuose Schizochytrium sp. ypa\u010d gausu Omega-3 DHR ir EPR j\u016brini\u0173 riebal\u0173 r\u016bg\u0161\u010di\u0173.<\/p>\n<p>Gamybos procesas yra tvarus ir ekologi\u0161kas. J\u016br\u0173 mikrodumbliai, kuriuos naudojame\u00a0vegani\u0161k\u0173 produkt\u0173 gamybai, n\u0117ra i\u0161 j\u016bros, jie auginami dideliuose rezervuaruose, kuriose yra dirbtinis j\u016bros vanduo. Tai saugo vandenyn\u0173 i\u0161teklius ir i\u0161saugo \u017euvies maistin\u0119 baz\u0119. Tokiu b\u016bdu mes nesiki\u0161ame \u012f nat\u016brali\u0105 j\u016bros ekosistem\u0105, o \u017euv\u0173 ir krili\u0173 maisto atsargos lieka nepaliestos.<\/p>\n<p><a href=\"https:\/\/www.norsan.de\/produkte\/rohstoffe\/algenoel\/\" target=\"_blank\" rel=\"noopener noreferrer\">Here you will find more information on seaweed and its production.<\/a><\/p>\n<h3 style=\"text-align: center;\">Teigiamas Omega-3 riebal\u0173 r\u016bg\u0161\u010di\u0173 poveikis<\/h3>\n<p><i>* The daily intake according to EFSA is 250 mg DHA.<br \/>\n** EFSA duomenimis, paros doz\u0117 yra 250 mg DHR ir EPR<br \/>\nTo find out more, click <a href=\"https:\/\/norsan.lt\/en\/omega-3-efsa\/\" target=\"_blank\" rel=\"noopener noreferrer\">here<\/a>.<\/i><\/p>\n<h3><span style=\"color: #62bb46;\"><strong>Composition and storage conditions<\/strong><\/span><\/h3>\n<h3>Ingredients<\/h3>\n<p>ksilitolis (saldiklis), vanduo, DHR ir EPR turtingas aliejus i\u0161 mikrodumbli\u0173 Schizochytrium sp., sorbitolis (saldiklis); Natris, kalcis ir obuoli\u0173 r\u016bg\u0161tis (r\u016bg\u0161tingum\u0105 reguliuojan\u010dios med\u017eiagos), pektinas (gelifikatorius), saul\u0117gr\u0105\u017e\u0173 aliejus, nat\u016brali citrina, pasifloros vaisiai, apelsin\u0173 skonis, askorbo r\u016bg\u0161tis (antioksidantas), lecitinas (emulsiklis); Rozmarino ekstraktas, ekstraktai, kuriuose gausu tokoferolio ir askorbilo palmitatas (antioksidantas), stevioglikozidai (saldikliai), beta karotinas (da\u017eiklis).<\/p>\n<h3>Storage conditions<\/h3>\n<p>Produktas tur\u0117t\u0173 b\u016bti laikomas netiesioginiuose saul\u0117s spinduliuose ir v\u0117sioje, sausoje vietoje, \u017eemesn\u0117je nei 25\u00b0 C. Saugoti nuo ma\u017e\u0173 vaik\u0173.<br \/>\nNevir\u0161ykite rekomenduojamos paros doz\u0117s.<\/p>\n<p>&nbsp;<\/p>","protected":false},"excerpt":{"rendered":"<p><strong><span style=\"color: #6ec675;\">100% Vegetable!<\/span><\/strong><\/p>\n<p><strong><span style=\"color: #6ec675;\">For your child's good physical and mental development <\/span><\/strong><\/p>\n<p><strong><span style=\"color: #6ec675;\">Children's favourites!<\/span><\/strong><\/p>\n<p><span style=\"color: #6ec675;\">\u2713<\/span> Augalin\u0117s \u017eelatinin\u0117s pastil\u0117s su augaliniu dumbli\u0173 aliejumi<br \/>\n<span style=\"color: #6ec675;\">\u2713<\/span> 220 mg Omega-3 vienoje pastil\u0117je\u2013 gausu EPR ir DHR<br \/>\n<span style=\"color: #6ec675;\">\u2713<\/span> Lengvai kramtomos!<br \/>\n<span style=\"color: #6ec675;\">\u2713<\/span> Skanaus vaisinio skonio (tutti frutti)<br \/>\n<span style=\"color: #6ec675;\">\u2713<\/span> No added sugar<br \/>\n<span style=\"color: #6ec675;\">\u2713 <\/span>With vitamin D <a href=\"https:\/\/norsan.lt\/en\/produkto\/omega-3-alga-jelly-zelatinines-pastiles-120-vnt\/\">&#8230;Skaityti daugiau<\/a><\/p>","protected":false},"featured_media":570001,"comment_status":"open","ping_status":"closed","template":"","meta":{"_wpo_ez_expert_only":false},"product_brand":[],"product_cat":[102,101],"product_tag":[130,131],"class_list":{"0":"post-569999","1":"product","2":"type-product","3":"status-publish","4":"has-post-thumbnail","6":"product_cat-vaikams","7":"product_cat-omega-3-is-juros-dumbliu","8":"product_tag-zuvu-tauku-guminukai","9":"product_tag-omega-3-veganams","10":"sales-flash-overlay","11":"woocommerce-text-align-center","12":"woocommerce-image-align-center","13":"do-quantity-buttons","15":"first","16":"instock","17":"shipping-taxable","18":"purchasable","19":"product-type-simple"},"_links":{"self":[{"href":"https:\/\/norsan.lt\/en\/wp-json\/wp\/v2\/product\/569999","targetHints":{"allow":["GET"]}}],"collection":[{"href":"https:\/\/norsan.lt\/en\/wp-json\/wp\/v2\/product"}],"about":[{"href":"https:\/\/norsan.lt\/en\/wp-json\/wp\/v2\/types\/product"}],"replies":[{"embeddable":true,"href":"https:\/\/norsan.lt\/en\/wp-json\/wp\/v2\/comments?post=569999"}],"wp:featuredmedia":[{"embeddable":true,"href":"https:\/\/norsan.lt\/en\/wp-json\/wp\/v2\/media\/570001"}],"wp:attachment":[{"href":"https:\/\/norsan.lt\/en\/wp-json\/wp\/v2\/media?parent=569999"}],"wp:term":[{"taxonomy":"product_brand","embeddable":true,"href":"https:\/\/norsan.lt\/en\/wp-json\/wp\/v2\/product_brand?post=569999"},{"taxonomy":"product_cat","embeddable":true,"href":"https:\/\/norsan.lt\/en\/wp-json\/wp\/v2\/product_cat?post=569999"},{"taxonomy":"product_tag","embeddable":true,"href":"https:\/\/norsan.lt\/en\/wp-json\/wp\/v2\/product_tag?post=569999"}],"curies":[{"name":"wp","href":"https:\/\/api.w.org\/{rel}","templated":true}]}}