{"id":569834,"date":"2026-02-20T16:02:26","date_gmt":"2026-02-20T14:02:26","guid":{"rendered":"https:\/\/norsan.lt\/?post_type=product&#038;p=569834"},"modified":"2026-04-01T12:50:11","modified_gmt":"2026-04-01T10:50:11","slug":"omega-3-vegan-epa-aliejus-100-ml","status":"publish","type":"product","link":"https:\/\/norsan.lt\/en\/produkto\/omega-3-vegan-epa-aliejus-100-ml\/","title":{"rendered":"Omega-3 Vegan EPA aliejus, 100 ml"},"content":{"rendered":"<h2><span style=\"color: #0f7b35;\"><b>Omega-3 Vegan EPA<br \/>\n<\/b><\/span><\/h2>\n<p><b>Vegetable seaweed oil<br \/>\n<\/b><span style=\"font-weight: 400;\">\u201eOmega-3 Vegan EPA\u201c (100 ml) yra unikalus Omega \u2013 3 \u0161altinis i\u0161 j\u016bros dumbli\u0173 kuriame konservantas yra \u0161alto spaudimo alyvuogi\u0173 aliejaus i\u0161 ekologinio \u016bkio. Paros doz\u0117je (5 ml \/ 1-ame arbatiniame \u0161auk\u0161telyje) yra 2000 mg Omega-3 riebal\u0173 r\u016bg\u0161\u010di\u0173 . Dumbli\u0173 aliejuje yra gausu EPR ir DHR riebal\u0173 r\u016bg\u0161\u010di\u0173, tod\u0117l jis yra optimalus Omega-3 \u0161altinis tiems, kurie nori savo racionu prisid\u0117ti prie tvaraus Omega-3 vartojimo.<\/span><\/p>\n<p>Mikrodumbliai, pasi\u017eymintys unikalia fotosinteze, kuri yra m\u016bs\u0173 egzistencijos pagrindas. Juose yra svarbi\u0173 maistini\u0173 med\u017eiag\u0173, \u012fskaitant Omega-3 riebal\u0173 r\u016bg\u0161tis, kurios \u012f m\u016bs\u0173 mityb\u0105 patenka netiesiogiai per \u017euv\u012f ir j\u016bros g\u0117rybes. J\u016bros dumbli\u0173 aliejus yra pirminis Omegos-3 \u0161altinis.<\/p>\n<h2><span style=\"color: #0f7b35;\"><b>Product information<\/b><\/span><\/h2>\n<p>Pirmasis dumbli\u0173 aliejus su didele EPR riebal\u0173 r\u016bg\u0161\u010di\u0173 doze. EPR (eikozatapentaeno r\u016bg\u0161tis) yra nepakei\u010diama omega-3 riebal\u0173 r\u016bg\u0161tis, kurios organizmas pats pasigaminti negali, tod\u0117l jos reikia gauti su maistu. EPR yra svarbus tam tikr\u0173 endogenini\u0173 med\u017eiag\u0173 apykaitos procesui, toki\u0173 kaip eikozanoidai, <strong>statybinis blokas.<br \/>\n<\/strong> Eikozanoidai atlieka svarb\u0173 vaidmen\u012f \u012fvairiuose med\u017eiag\u0173 apykaitos procesuose, taip pat turi <strong>prie\u0161u\u017edegimin\u012f poveik\u012f.<\/strong> Tur\u0117damas ypa\u010d didel\u012f <strong>EPR kiek\u012f \u2013 5 ml (1104 mg)<\/strong> vienoje paros doz\u0117je, m\u016bs\u0173 <strong>NORSAN Omega-3 VEGAN EPA<\/strong> puikiai papildo m\u016bs\u0173 Omegos-3 asortiment\u0105.<\/p>\n<p><strong>Seaweed oil rich in EPA and DHA fatty acids<\/strong><br \/>\n<strong>Importance of marine Omega-3 fatty acids<\/strong><\/p>\n<p>Aliejus gaunamas i\u0161 j\u016brini\u0173 mikrodumbli\u0173 Schizochytrium sp. Tai mikroskopinis dumblis, kuris minta tik organin\u0117mis augalin\u0117mis med\u017eiagomis. Mikrodumbliai Schizochytrium sp. yra ypa\u010d turtingi j\u016brini\u0173 omega-3 riebal\u0173 r\u016bg\u0161\u010di\u0173 EPR ir DHR. D\u0117l to jie idealiai tinka vegani\u0161ko Omega-3 aliejaus gamybai. D\u0117l didelio Omega-3 kiekio m\u016bs\u0173 augalinis dumbli\u0173 aliejus i\u0161 esm\u0117s turi didel\u0119 Omega-3 doz\u0119. Tod\u0117l norint gauti didesn\u0119 koncentracij\u0105, nereikia jokio <strong>papildomo cheminio apdorojimo<\/strong>.<br \/>\nB\u016btent m\u016bs\u0173 unikalus ir kruop\u0161tus apdorojimo procesas garantuoja puiki\u0105 m\u016bs\u0173 dumbli\u0173 aliejaus kokyb\u0119 ir \u0161vie\u017eum\u0105. Aliejaus \u0161vie\u017eumas yra b\u016btinas norint u\u017etikrinti malon\u0173 skon\u012f ir aromat\u0105. Keli la\u0161ai nat\u016bralaus apelsin\u0173 aliejaus suteikia papildomo \u017eavesio maloniam skoniui. Vartojimas nesukelia nemalonaus refliukso ar raug\u0117jimo. D\u0117l savo malonaus skonio Omega-3 Vegan lengvai \u012fsilieja \u012f kasdienius mitybos \u012fpro\u010dius.<\/p>\n<p><b>Kod\u0117l lin\u0173 s\u0117men\u0173 aliejaus nepakanka?<br \/>\n<\/b>Daugelis \u017emoni\u0173 mano, kad lin\u0173 s\u0117men\u0173 aliejaus pakanka Omega-3 poreikiams patenkinti. Tiesa, kad lin\u0173 s\u0117men\u0173 aliejuje yra nepakei\u010diam\u0173j\u0173 Omega-3 riebal\u0173 r\u016bg\u0161\u010di\u0173. Ta\u010diau tai ne omega-3 riebal\u0173 r\u016bg\u0161tys EPR ir DHR, o j\u0173 pirmtakas ALA (alfa-linoleno<br \/>\nr\u016bg\u0161tis). \u017dmogaus organizmas ALA r\u016bg\u0161t\u012f geba paversti \u012f EPR ir DHR. Deja, \u0161is konversijos rodiklis yra vidutini\u0161kai tik apie 0,5\u201310 % . Tod\u0117l prasminga praleisti konversijos etap\u0105 ir vartoti EPR ir DHR tiesiogiai, kad b\u016bt\u0173 u\u017etikrintas pakankamas suvartojimas ir i\u0161vengtas Omega-3 tr\u016bkumas.<b><\/b><\/p>\n<p>2g Omega-3 per par\u0105<br \/>\n<span style=\"font-weight: 400;\">M\u016bs\u0173 &#8220;Omega-3 Vegan&#8221; aliejaus paros doz\u0117je <\/span><span style=\"font-weight: 400;\">(1-ame arbatiniame \u0161auk\u0161telyje) <\/span><span style=\"font-weight: 400;\">yra 2g j\u016brini\u0173 Omega-3 riebal\u0173 r\u016bg\u0161\u010di\u0173. Toks j\u016brini\u0173 riebal\u0173 r\u016bg\u0161\u010di\u0173 kiekis rekomenduojamas norint subalansuoti Omega-6\/3 santyk\u012f bei kompensuoti Omega-3 deficit\u0105. \u0160i rekomendacija pagr\u012fsta riebal\u0173 r\u016bg\u0161\u010di\u0173 lygio analiz\u0117s rezultatais, taip pat daugybe mokslini\u0173 tyrim\u0173 bei straipsni\u0173. Daugiau \u0161iuolaikini\u0173 tyrim\u0173 santrauk\u0173 ir specializuot\u0173 straipsni\u0173 galite rasti m\u016bs\u0173 <\/span><a href=\"https:\/\/norsan.lt\/en\/biblioteka\/\"><span style=\"font-weight: 400;\">in the library.<\/span><\/a><\/p>\n<h3><span style=\"color: #0f7b35;\"><strong>Consumption<\/strong><\/span><\/h3>\n<p><span style=\"font-weight: 400;\">I\u0161skirtinis ir kruop\u0161tus gamybos procesas garantuoja i\u0161skirtin\u0119 m\u016bs\u0173 dumbli\u0173 aliejaus kokyb\u0119 ir \u0161vie\u017eum\u0105. Keli la\u0161ai nat\u016bralaus apelsin\u0173 aliejaus papildo malon\u0173 j\u016bros dumbli\u0173 aliejaus skon\u012f.<br \/>\n<\/span><span style=\"font-weight: 400;\">&#8220;Omega-3 Vegan EPA&#8221; aliejus gerai toleruojamas d\u0117l savo \u0161vie\u017eumo: jo vartojimas nesukelia refliukso ir neturi nemalonaus kvapo. Galite patikrinti patys!<\/span><\/p>\n<p><b>How to use?<br \/>\n<\/b><span style=\"font-weight: 400;\">Rekomenduojama paros doz\u0117 yra 5 ml arba vienas arbatinis \u0161auk\u0161telis.<\/span><span style=\"font-weight: 400;\">Patariama vartoti kasdiena valgio metu ar netrukus po jo.<\/span><span style=\"font-weight: 400;\"><br \/>\n<\/span><span style=\"font-weight: 400;\">N\u0117\u0161\u010dioms ir \u017eindan\u010dioms moterims vartoti 1 ml per dien\u0105.<br \/>\n<\/span><span style=\"font-weight: 400;\">It is not recommended to exceed the recommended daily intake, unless otherwise stated by your doctor or pharmacist.<\/span><\/p>\n<p><b>Pure or mixed with drink or food<br \/>\n<\/b><span style=\"font-weight: 400;\">D\u0117l malonaus skonio ir skystos formos \u201eOmega-3 Vegan EPA\u201c lengva vartoti. Jis gali b\u016bti vartojamas grynas arba sumai\u0161ytas su g\u0117rimu ar maistu.<\/span><\/p>\n<h3><span style=\"color: #0f7b35;\"><strong>Composition and nutritional value<\/strong><\/span><\/h3>\n<p><b>Ingredients<br \/>\n<\/b><span style=\"font-weight: 400;\">Sudedamosios dalys: mikrodumbli\u0173 Schizochytrium sp. aliejus, kuriame gausu DHR ir EPR (80%), ypa\u010d grynas alyvuogi\u0173 aliejus (19 %), rozmarin\u0173 ekstraktai, tokoferoli\u0173 koncentruotas ekstraktas ir L-askorbilpalmitatas (antioksidantai), saul\u0117gr\u0105\u017e\u0173 aliejus, apelsin\u0173 aliejus, D-alfa-tokoferolis (vitaminas E), cholekalciferolis (vitaminas D).<\/span><\/p>\n<p><b>Vegetable Vitamin D<br \/>\n<\/b><span style=\"font-weight: 400;\">\u0160io produkto sud\u0117tyje esantis vitaminas D yra augalin\u0117s kilm\u0117s. Jis i\u0161gaunamas i\u0161 dumbli\u0173.<\/span><\/p>\n<p><b>Storage conditions<br \/>\n<\/b><span style=\"font-weight: 400;\">Unopened products should be stored out of direct sunlight and in a cool, dry place. Precipitates may form at temperatures below 4\u00b0C. These precipitates will dissolve at room temperature after a few minutes. It is recommended to shake the bottle briefly before use. Keep away from small children.<br \/>\n<\/span><span style=\"font-weight: 400;\">After opening the bottle <\/span><i><span style=\"font-weight: 400;\">must be refrigerated<\/span><\/i><span style=\"font-weight: 400;\"> and consumed within 30 days.<\/span><\/p>\n<p><span style=\"font-weight: 400;\">Dietary supplements are not a substitute for a varied and balanced diet or a healthy lifestyle.<\/span><\/p>\n<p><span style=\"font-weight: 400;\">\u00a0<\/span><\/p>","protected":false},"excerpt":{"rendered":"<p><span style=\"color: #0f7b35;\"><b>100% Vegetable!<\/b><\/span><\/p>\n<p><b>\u0160ird\u017eiai, akims ir smegenims!<\/b><\/p>\n<p><b>Suitable for pregnant and breastfeeding women!<\/b><\/p>\n<p><span style=\"font-weight: 400;\">\u2713 J\u016bros dumbli\u0173 augalinis aliejus: turtingas EPR ir DHR<\/span><span style=\"font-weight: 400;\"><br \/>\n<\/span><span style=\"font-weight: 400;\">\u2713 2000 mg Omega-3 per par\u0105 (1-ame arbatiniame \u0161auk\u0161telyje)<\/span><span style=\"font-weight: 400;\"><br \/>\n<\/span><span style=\"font-weight: 400;\">\u2713 Tvarus ir tausojantis aplink\u0105 (dumbliai auginami specialiuose rezervuaruose)<\/span><span style=\"font-weight: 400;\"><br \/>\n<\/span><span style=\"font-weight: 400;\">\u2713 Nat\u016bralus alyvuogi\u0173 aliejus kaip antioksidantas<\/span><span style=\"font-weight: 400;\"><br \/>\n<\/span><span style=\"font-weight: 400;\">\u2713 800 TV augalin\u0117s kilm\u0117s vitaminas D3<\/span><span style=\"font-weight: 400;\"><br \/>\n<\/span><span style=\"font-weight: 400;\">\u2713 Pagardintas apelsin\u0173 aliejumi<\/span> <a href=\"https:\/\/norsan.lt\/en\/produkto\/omega-3-vegan-epa-aliejus-100-ml\/\">&#8230;Skaityti daugiau<\/a><\/p>","protected":false},"featured_media":570007,"comment_status":"open","ping_status":"closed","template":"","meta":{"_wpo_ez_expert_only":false},"product_brand":[],"product_cat":[101],"product_tag":[121,126,127,131],"class_list":{"0":"post-569834","1":"product","2":"type-product","3":"status-publish","4":"has-post-thumbnail","6":"product_cat-omega-3-is-juros-dumbliu","7":"product_tag-papildai-smegenims","8":"product_tag-omega-3-2000mg","9":"product_tag-omega-3-su-polifenoliais","10":"product_tag-omega-3-veganams","11":"sales-flash-overlay","12":"woocommerce-text-align-center","13":"woocommerce-image-align-center","14":"do-quantity-buttons","16":"first","17":"instock","18":"shipping-taxable","19":"purchasable","20":"product-type-simple"},"_links":{"self":[{"href":"https:\/\/norsan.lt\/en\/wp-json\/wp\/v2\/product\/569834","targetHints":{"allow":["GET"]}}],"collection":[{"href":"https:\/\/norsan.lt\/en\/wp-json\/wp\/v2\/product"}],"about":[{"href":"https:\/\/norsan.lt\/en\/wp-json\/wp\/v2\/types\/product"}],"replies":[{"embeddable":true,"href":"https:\/\/norsan.lt\/en\/wp-json\/wp\/v2\/comments?post=569834"}],"wp:featuredmedia":[{"embeddable":true,"href":"https:\/\/norsan.lt\/en\/wp-json\/wp\/v2\/media\/570007"}],"wp:attachment":[{"href":"https:\/\/norsan.lt\/en\/wp-json\/wp\/v2\/media?parent=569834"}],"wp:term":[{"taxonomy":"product_brand","embeddable":true,"href":"https:\/\/norsan.lt\/en\/wp-json\/wp\/v2\/product_brand?post=569834"},{"taxonomy":"product_cat","embeddable":true,"href":"https:\/\/norsan.lt\/en\/wp-json\/wp\/v2\/product_cat?post=569834"},{"taxonomy":"product_tag","embeddable":true,"href":"https:\/\/norsan.lt\/en\/wp-json\/wp\/v2\/product_tag?post=569834"}],"curies":[{"name":"wp","href":"https:\/\/api.w.org\/{rel}","templated":true}]}}