{"id":568469,"date":"2025-11-24T15:20:32","date_gmt":"2025-11-24T13:20:32","guid":{"rendered":"https:\/\/norsan.lt\/produkto\/gift-card\/"},"modified":"2025-11-24T16:02:05","modified_gmt":"2025-11-24T14:02:05","slug":"gift-card","status":"publish","type":"product","link":"https:\/\/norsan.lt\/en\/produkto\/gift-card\/","title":{"rendered":"Skaitmenin\u0117 dovan\u0173 kortel\u0117"},"content":{"rendered":"<p data-start=\"76\" data-end=\"102\"><strong data-start=\"76\" data-end=\"102\">Apie dovan\u0173 kortel\u0119 \ud83c\udf81<\/strong><\/p>\n<p data-start=\"104\" data-end=\"311\">\u0160i skaitmenin\u0117 dovan\u0173 kortel\u0117 suteikia galimyb\u0119 \u012fsigyti auk\u0161tos kokyb\u0117s <strong data-start=\"176\" data-end=\"194\">NORSAN Omega-3<\/strong> papildus \ud83d\udc1f m\u016bs\u0173 oficialioje internetin\u0117je parduotuv\u0117je. Tai puiki dovana r\u016bpinantis artim\u0173j\u0173 sveikata ir gerove \ud83d\udc99.<\/p>\n<ul data-start=\"313\" data-end=\"577\">\n<li data-start=\"313\" data-end=\"348\">\n<p data-start=\"315\" data-end=\"348\">\ud83d\udce7 Kortel\u0117 pristatoma el. pa\u0161tu<\/p>\n<\/li>\n<li data-start=\"349\" data-end=\"389\">\n<p data-start=\"351\" data-end=\"389\">\u2714\ufe0f Galioja visiems NORSAN produktams<\/p>\n<\/li>\n<li data-start=\"390\" data-end=\"454\">\n<p data-start=\"392\" data-end=\"454\">\ud83d\udd11 Panaudojama \u012fvedant unikal\u0173 kupono kod\u0105 atsiskaitymo metu<\/p>\n<\/li>\n<li data-start=\"535\" data-end=\"577\">\n<p data-start=\"537\" data-end=\"577\">\ud83d\udeab Netinka keisti \u012f grynuosius pinigus<\/p>\n<\/li>\n<\/ul>","protected":false},"excerpt":{"rendered":"<p>Apie dovan\u0173 kortel\u0119 \ud83c\udf81 \u0160i skaitmenin\u0117 dovan\u0173 kortel\u0117 suteikia galimyb\u0119 \u012fsigyti auk\u0161tos kokyb\u0117s NORSAN Omega-3 papildus \ud83d\udc1f m\u016bs\u0173 oficialioje internetin\u0117je parduotuv\u0117je. Tai &#8230; <a title=\"Skaitmenin\u0117 dovan\u0173 kortel\u0117\" class=\"read-more\" href=\"https:\/\/norsan.lt\/en\/produkto\/gift-card\/\" aria-label=\"Read more about Skaitmenin\u0117 dovan\u0173 kortel\u0117\">Read more<\/a><\/p>","protected":false},"featured_media":568470,"comment_status":"open","ping_status":"closed","template":"","meta":{"_wpo_ez_expert_only":false},"product_brand":[],"product_cat":[140],"product_tag":[],"class_list":{"0":"post-568469","1":"product","2":"type-product","3":"status-publish","4":"has-post-thumbnail","6":"product_cat-dovanu-kortele","7":"sales-flash-overlay","8":"woocommerce-text-align-center","9":"woocommerce-image-align-center","10":"do-quantity-buttons","12":"first","13":"instock","14":"virtual","15":"purchasable","16":"product-type-simple"},"_links":{"self":[{"href":"https:\/\/norsan.lt\/en\/wp-json\/wp\/v2\/product\/568469","targetHints":{"allow":["GET"]}}],"collection":[{"href":"https:\/\/norsan.lt\/en\/wp-json\/wp\/v2\/product"}],"about":[{"href":"https:\/\/norsan.lt\/en\/wp-json\/wp\/v2\/types\/product"}],"replies":[{"embeddable":true,"href":"https:\/\/norsan.lt\/en\/wp-json\/wp\/v2\/comments?post=568469"}],"wp:featuredmedia":[{"embeddable":true,"href":"https:\/\/norsan.lt\/en\/wp-json\/wp\/v2\/media\/568470"}],"wp:attachment":[{"href":"https:\/\/norsan.lt\/en\/wp-json\/wp\/v2\/media?parent=568469"}],"wp:term":[{"taxonomy":"product_brand","embeddable":true,"href":"https:\/\/norsan.lt\/en\/wp-json\/wp\/v2\/product_brand?post=568469"},{"taxonomy":"product_cat","embeddable":true,"href":"https:\/\/norsan.lt\/en\/wp-json\/wp\/v2\/product_cat?post=568469"},{"taxonomy":"product_tag","embeddable":true,"href":"https:\/\/norsan.lt\/en\/wp-json\/wp\/v2\/product_tag?post=568469"}],"curies":[{"name":"wp","href":"https:\/\/api.w.org\/{rel}","templated":true}]}}