{"id":566018,"date":"2025-03-31T11:19:50","date_gmt":"2025-03-31T11:19:50","guid":{"rendered":"https:\/\/norsan.lt\/?post_type=product&#038;p=566018"},"modified":"2026-04-22T08:41:10","modified_gmt":"2026-04-22T06:41:10","slug":"omega-3-vegan-komplektas","status":"publish","type":"product","link":"https:\/\/norsan.lt\/en\/produkto\/omega-3-vegan-komplektas\/","title":{"rendered":"Omega-3 Vegan komplektas"},"content":{"rendered":"<h2><b>Omega-3 Vegan<\/b><\/h2>\n<h3>Vegetable seaweed oil<\/h3>\n<div class=\"marginTop marginTopNoneOnMobile marginBottom\">\n<p>\u201cOmega-3 <a href=\"https:\/\/norsan.lt\/en\/shop\/omega-3-vegan\/\">Vegan<\/a>\u201d (100 ml) yra unikalus j\u016bros dumbli\u0173 ir \u0161alto spaudimo alyvuogi\u0173 aliejaus (antioksidanto), gauto i\u0161 kontroliuojamo ekologinio \u016bkio, derinys. Paros doz\u0117je (5 ml \/1 arbatinis \u0161auk\u0161telis) yra 2000 mg Omega-3 riebal\u0173 r\u016bg\u0161\u010di\u0173. Dumbli\u0173 aliejuje yra gausu DHR (DHA) ir EPR (EPA) riebal\u0173 r\u016bg\u0161\u010di\u0173, tod\u0117l jis yra optimalus Omega-3 \u0161altinis tiems, kurie nori i\u0161 savo raciono pa\u0161alinti bet kok\u012f gyv\u016bnin\u0117s kilm\u0117s produkt\u0105.<\/p>\n<\/div>\n<h2><b>Product information<\/b><\/h2>\n<h3>Seaweed oil<\/h3>\n<p><a href=\"https:\/\/norsan.lt\/en\/shop\/omega-3-vegan\/\">\u201cOmega-3 Vegan\u201d<\/a> sud\u0117tyje yra grynas j\u016bros dumbli\u0173 aliejus. Aliejus i\u0161gaunamas i\u0161 mikrodumbli\u0173 Schizochytrium sp. Tai mikroskopinis dumblis, besimaitinantis tik organin\u0117mis ir augalin\u0117mis med\u017eiagomis, pavyzd\u017eiui, negyvais lapais. Mikrodumbliuose Schizochytrium sp. ypa\u010d gausu Omega-3 DHR (DHA) ir EPR (EPA) j\u016brini\u0173 riebal\u0173 r\u016bg\u0161\u010di\u0173. Taigi, jis puikiai tinka \u201cOmega-3 Vegan\u201d aliejui gaminti.<\/p>\n<p>The production process is sustainable and environmentally friendly. The marine microalgae we use <a href=\"https:\/\/norsan.lt\/en\/shop\/omega-3-vegan\/\">\u201cOmega-3 Vegan\u201d<\/a> for the production of the product do not come from the sea, but are grown in large tanks containing artificial seawater. This saves resources and preserves the nutritional base of the fish. In this way, we do not interfere with the natural marine ecosystem, and the food supply of fish and krill remains intact.<\/p>\n<p>For more information, see <a href=\"https:\/\/www.norsan.de\/produkte\/rohstoffe\/algenoel\/\">here<\/a>.<\/p>\n<h3>100% Vegetable<\/h3>\n<p>\"Omega-3 Vegan is a 100% plant-based product with no fish or other animal ingredients. It is ideal for vegetarians and vegans.  Marine Omega-3 fatty acids are from the marine microalgae Schizochytrium sp.<\/p>\n<p>The production of our algae oil and capsules is separate from the production of our other products, so there's no chance of traces of animal products in these products.<\/p>\n<h3>Natural olive oil as an antioxidant<\/h3>\n<div class=\"marginBottom\">\n<p>Omega-3 polyunsaturated fatty acids are particularly \"sensitive\" and easily degraded, so they need to be \"protected\" not only before consumption, but also in the body when consumed. That's why this oil contains 25% of cold-pressed organic olive oil, which acts as a natural and powerful antioxidant. We have chosen this olive oil because it is rich in polyphenols, known for their antioxidant properties. It is the polyphenol content of olive oil that protects the Omega-3 fatty acids from oxidation.<\/p>\n<p>Olive oil, which is rich in polyphenols, is characterised by a tingling sensation in the throat and a slightly bitter taste when swallowed. The oil we use is born\u00a0<a href=\"https:\/\/orodeldesierto.com\/en\/empresa\/\">on a family farm in Spain<\/a>. Here, Rafael and his family focus on organic farming and sustainability, and we visit him regularly.<\/p>\n<\/div>\n<h2>Seaweed oil rich in EPA and DHA fatty acids<\/h2>\n<h3>Importance of marine Omega-3 fatty acids<\/h3>\n<p>Omega-3 fatty acids are essential polyunsaturated fatty acids that are not produced by the mammalian body and must therefore be obtained from the diet. However, a distinction must be made between the plant-based Omega-3 fatty acid ALA and the two marine Omega-3 fatty acids EPR and DHA.<\/p>\n<p>The fatty acid ALA (alpha-linolenic acid) is found in flax and chia seeds, flaxseed oil or nuts. However, it is not absorbed by the body, but is instead translated into the other two fatty acids, EPA and DHA. However, this conversion factor is very low, only 05-10%.<\/p>\n<p>EPA and DHA fatty acids are found only in algae, fish or krill. These two fatty acids, EPA and DHA, are essential for the human body because they are part of the membrane of every cell in our body. They are especially necessary for our heart, brain and eyes. This has been proven by numerous\u00a0<a href=\"https:\/\/norsan.lt\/en\/biblioteka\/\">research.\u00a0<\/a><\/p>\n<h3>Positive effects of EPR and DHA fatty acids<\/h3>\n<p>* EFSA duomenimis dienos doz\u0117 \u2013 250 mg DHR<br \/>\n** EFSA duomenimis dienos doz\u0117 \u2013 250 mg EPR ir DHR.<br \/>\n<i>To find out more, click <a href=\"https:\/\/norsan.lt\/en\/omega-3-efsa\/\" target=\"_blank\" rel=\"noopener noreferrer\">here<\/a><\/i><\/p>\n<h3>Not all Omega-3 acids are the same<\/h3>\n<p>You should be aware that the body can only absorb EPA and DHA fatty acids, which are only found in fish, algae or krill. Many Omega-3 vegetable oils and capsules do not contain these marine fatty acids, but only the vegetable Omega-3 fatty acid ALA (alpha linolenic acid).<\/p>\n<p>Vegetable oils such as linseed oil are particularly high in ALA. Chia nuts and seeds also contain ALA. However, although this \"plant\" Omega-3 fatty acid can be converted by the body into the essential fatty acids EPA and DHA, this conversion rate is only 0.5-10% (depending on weight, metabolism, etc.).<\/p>\n<p><a href=\"https:\/\/norsan.lt\/en\/infografiken\/leinoel\/\" target=\"_blank\" rel=\"noopener noreferrer\">This diagram explains why linseed oil alone is not enough.<\/a><\/p>\n<h3>2 grams of Omega-3 per day<\/h3>\n<p>M\u016bs\u0173 \u201cOmega-3 Vegan\u201d aliejaus paros doz\u0117je yra 2 g j\u016brini\u0173 Omega-3 riebal\u0173 r\u016bg\u0161\u010di\u0173 (1 arbatinis \u0161auk\u0161telis). Toks j\u016brini\u0173 riebal\u0173 r\u016bg\u0161\u010di\u0173 kiekis rekomenduojamas norint subalansuoti Omega-6\/3 santyk\u012f bei kompensuoti Omega-3 deficit\u0105. \u0160i rekomendacija pagr\u012fsta riebal\u0173 r\u016bg\u0161\u010di\u0173 lygio analiz\u0117s rezultatais, taip pat daugybe mokslini\u0173 tyrim\u0173 bei straipsni\u0173. Daugiau \u0161iuolaikini\u0173 tyrim\u0173 santrauk\u0173 ir specializuot\u0173 straipsni\u0173 galite rasti m\u016bs\u0173 <a href=\"https:\/\/norsan.lt\/en\/biblioteka\/\">in the library.<\/a><\/p>\n<h3><strong>Consumption<\/strong><\/h3>\n<h3>Quality and freshness are key<\/h3>\n<p>The exclusive and meticulous production process guarantees the exceptional quality and freshness of our algae oil. The freshness of the oil is essential to guarantee a pleasant taste and smell. A few drops of natural lemon oil complement the pleasant taste of seaweed oil.<\/p>\n<p>\u201cOmega-3 Vegan\u201d aliejus gerai toleruojamas d\u0117l savo \u0161vie\u017eumo: jo vartojimas nesukelia refliukso ir neturi nemalonaus kvapo. Galite patikrinti patys!<\/p>\n<h3>How to use?<\/h3>\n<p>The recommended daily dose is 5 ml, equivalent to one teaspoon.<\/p>\n<p>One bottle contains 100 ml.<\/p>\n<p>It is not recommended to exceed the recommended daily intake, unless otherwise stated by your doctor or pharmacist.<\/p>\n<h3>Pure or mixed with drink or food<\/h3>\n<p>The pleasant taste and liquid form make Omega-3 Vegan easy to take. It can be taken neat or mixed with a drink or food.<\/p>\n<h3><strong>Composition and nutritional value<\/strong><\/h3>\n<h4>Ingredients<\/h4>\n<p>Ingredients: microalgae Schizochytrium sp. oil rich in DHA and EPA (74 %), extra virgin olive oil (23 %), sunflower oil, lemon oil, rosemary extracts, tocopherol concentrate and L-ascorbyl palmitate (antioxidants), D-alpha-tocopherol (vitamin E), cholecalciferol (vitamin D).<\/p>\n<h4>Vegetable Vitamin D<\/h4>\n<p>The vitamin D in this product is of plant origin. It is derived from algae.<\/p>\n<h4>Storage conditions<\/h4>\n<p>Unopened products should be stored out of direct sunlight and in a cool, dry place. Precipitates may form at temperatures below 4\u00b0C. These precipitates will dissolve at room temperature after a few minutes. It is recommended to shake the bottle briefly before use. Keep away from small children.<\/p>\n<p>After opening the bottle <em>must be refrigerated<\/em> and consumed within 30 days.<\/p>\n<p>Dietary supplements are not a substitute for a varied and balanced diet or a healthy lifestyle.<\/p>","protected":false},"excerpt":{"rendered":"<p><strong>100% Vegetable! <\/strong><\/p>\n<p><strong>For your heart, eyes and brain! <\/strong><\/p>\n<p><strong>Suitable for pregnant and breastfeeding women!<\/strong><\/p>\n<p>\u2713 J\u016bros dumbli\u0173 augalinis aliejus: turtingas EPR &amp; DHR<br \/>\n\u2713 2000 mg Omega-3 per par\u0105 (1 arbatinis \u0161auk\u0161telis)<br \/>\n\u2713 Tvarus ir tausojantis aplink\u0105 (dumbliai auginami specialiuose rezervuaruose)<br \/>\n\u2713 Nat\u016bralus alyvuogi\u0173 aliejus kaip antioksidantas<br \/>\n\u2713 800 TV vitaminas D3 (vegani\u0161kas)<br \/>\n\u2713 Malonaus, \u0161velnaus citrin\u0173 skonio <a href=\"https:\/\/norsan.lt\/en\/produkto\/omega-3-vegan-komplektas\/\">&#8230;Skaityti daugiau<\/a><\/p>","protected":false},"featured_media":569381,"comment_status":"open","ping_status":"closed","template":"","meta":{"_wpo_ez_expert_only":false},"product_brand":[],"product_cat":[115,101],"product_tag":[131,129],"class_list":{"0":"post-566018","1":"product","2":"type-product","3":"status-publish","4":"has-post-thumbnail","6":"product_cat-omega-3-suaugusiems","7":"product_cat-omega-3-is-juros-dumbliu","8":"product_tag-omega-3-veganams","9":"product_tag-skysti-zuvu-taukai","10":"sales-flash-overlay","11":"woocommerce-text-align-center","12":"woocommerce-image-align-center","13":"do-quantity-buttons","15":"first","16":"instock","17":"sale","18":"shipping-taxable","19":"purchasable","20":"product-type-simple"},"_links":{"self":[{"href":"https:\/\/norsan.lt\/en\/wp-json\/wp\/v2\/product\/566018","targetHints":{"allow":["GET"]}}],"collection":[{"href":"https:\/\/norsan.lt\/en\/wp-json\/wp\/v2\/product"}],"about":[{"href":"https:\/\/norsan.lt\/en\/wp-json\/wp\/v2\/types\/product"}],"replies":[{"embeddable":true,"href":"https:\/\/norsan.lt\/en\/wp-json\/wp\/v2\/comments?post=566018"}],"wp:featuredmedia":[{"embeddable":true,"href":"https:\/\/norsan.lt\/en\/wp-json\/wp\/v2\/media\/569381"}],"wp:attachment":[{"href":"https:\/\/norsan.lt\/en\/wp-json\/wp\/v2\/media?parent=566018"}],"wp:term":[{"taxonomy":"product_brand","embeddable":true,"href":"https:\/\/norsan.lt\/en\/wp-json\/wp\/v2\/product_brand?post=566018"},{"taxonomy":"product_cat","embeddable":true,"href":"https:\/\/norsan.lt\/en\/wp-json\/wp\/v2\/product_cat?post=566018"},{"taxonomy":"product_tag","embeddable":true,"href":"https:\/\/norsan.lt\/en\/wp-json\/wp\/v2\/product_tag?post=566018"}],"curies":[{"name":"wp","href":"https:\/\/api.w.org\/{rel}","templated":true}]}}