{"id":566002,"date":"2025-03-31T08:31:47","date_gmt":"2025-03-31T08:31:47","guid":{"rendered":"https:\/\/norsan.lt\/?post_type=product&#038;p=566002"},"modified":"2026-03-28T09:50:34","modified_gmt":"2026-03-28T07:50:34","slug":"omega-3-total-komplektas","status":"publish","type":"product","link":"https:\/\/norsan.lt\/en\/produkto\/omega-3-total-komplektas\/","title":{"rendered":"Omega-3 Total komplektas"},"content":{"rendered":"<h2 style=\"color: #145da1;\"><b>Omega-3 Total, oil<\/b><\/h2>\n<h3>Natural fish oil rich in Omega-3 fatty acids<\/h3>\n<div id=\"ts_product_sticker\"><\/div>\n<p>Omega-3 <a href=\"https:\/\/norsan.lt\/en\/shop\/omega-3-total\/\">Total<\/a>\u201d (200 ml) nat\u016bralaus arba citrinos skonio \u017euvies taukai pagaminti i\u0161 smulkios laukin\u0117s \u017euvies. \u0160ie \u017euvies taukai turtingi riebal\u0173 r\u016bg\u0161timis, ta\u010diau nekoncentruoti. \u012e sud\u0117t\u012f \u012feinantis ekologi\u0161kas \u0161alto spaudimo alyvuogi\u0173 aliejus yra reikalingas kaip antioksidanto. Paros doz\u0117je yra net 2000 mg Omega-3. D\u0117l skystos formos ir malonaus skonio taukai yra lengvai vartojami vieni arba mai\u0161ant \u012f g\u0117rimus ar maist\u0105.<br \/>\nThe fish oil is sustainably sourced and purified from contaminants, PCBs and heavy metals.<\/p>\n<h2 style=\"color: #145da1;\"><strong>Omega-3 Total \u2013 informacija apie produkt\u0105<\/strong><\/h2>\n<h3>Small, wild fish oil from sustainable fisheries<\/h3>\n<p>Omega-3 oil comes from small, wild fish caught in sustainable fisheries. The fish oil comes from the whole fish, not as a by-product of the fish liver. Fish such as sardines, mackerel and anchovies are used. Fishing is carried out in accordance with the strictest Norwegian directives and recognised certification\" <a href=\"https:\/\/norsan.lt\/en\/friend-of-the-sea\/\">Friend of the Sea<\/a> \".<\/p>\n<p>The fish that NORSAN uses as raw material is caught by a modern fishing fleet. Vessels stop in port every day to deliver fresh catches. There is usually no more than 4 hours between the catch and the delivery of the fish to production.<\/p>\n<p>\u017duv\u0173 tauk\u0173 kokyb\u0119 nusako j\u0173 skonis ir kvapas. Pasitik\u0117kite savo uosle! NORSAN Omega-3 aliejus yra ypa\u010d \u0161vie\u017eias, tod\u0117l gerai toleruojamas. Jis apdorojamas aplinkoje, kurioje n\u0117ra deguonies, i\u0161valomas nuo kenksming\u0173 med\u017eiag\u0173 ir PCB bei tikrinamas laikantis grie\u017e\u010diausi\u0173 Norvegijos standart\u0173. Vartodami skyst\u0105 aliej\u0173 i\u0161 karto \u012fsitikinsite jo kokybe \u2013 jis neturi nemalonaus \u017euvies skonio ir kvapo.<\/p>\n<p>In our opinion, NORSAN fish oil is the best Omega-3 oil because of its exceptional Omega-3 quality and the high Omega-3 content of the natural fish oil (up to 35%). This product has a particularly high content of Omega-3 EPA compared to Omega-3 DHA (lowest ratio 2:1).<\/p>\n<h3>Omega-3 oil is completely natural and non-concentrated<\/h3>\n<p>Nat\u016bralius \u017euv\u0173 taukus sudaro daugiau nei 50 riebal\u0173 r\u016bg\u0161\u010di\u0173 kompleksas. Ekstraguojant ir gryninant \u201cOmega-3 <a href=\"https:\/\/norsan.lt\/en\/shop\/omega-3-total\/\">Total\u201d<\/a> fats, preserving the natural structure of fish fatty acids. Heavy metal and chemical pollution in the sea causes fish to absorb these contaminants. For this reason, NORSAN fish oil is thoroughly purified from contaminants, PCBs and heavy metals.<\/p>\n<h3>Organic olive oil as an antioxidant<\/h3>\n<p>There are many studies and scientific articles on Omega-3 fatty acids and their beneficial effects on human health. However, little is said about the particular fragility and susceptibility to oxidation of unsaturated fatty acids compared to saturated fatty acids.  Therefore, to protect Omega-3s from oxidation before and during consumption, NORSAN oil contains extra virgin organic olive oil, which is a natural and powerful antioxidant.<\/p>\n<p>M\u016bs\u0173 naudojamas alyvuogi\u0173 aliejus buvo parinktas d\u0117l jame esan\u010di\u0173 galing\u0173 antioksidant\u0173. \u201cOmega-3 <a href=\"https:\/\/norsan.lt\/en\/shop\/omega-3-total\/\">Total\u201d<\/a> contains natural extra virgin olive oil rich in polyphenols. Some of our other Omega-3 oils also contain olive oil as an antioxidant. The polyphenols in olive oil protect the Omega-3 fatty acids from oxidation. Due to the abundance of polyphenols in olive oil, a slight tingling sensation in the throat or a bitter taste may be felt when swallowing.<\/p>\n<p>The olives are supplied by our olive grower Rafael, who works under organic farming conditions. To ensure a high quality supply of olive oil, we regularly visit Rafael in his olive grove in Spain.<\/p>\n<h2 style=\"color: #145da1;\"><strong>Fish oil rich in Omega-3 fatty acids<\/strong><\/h2>\n<h3>High Omega-3 content<\/h3>\n<p><em>\u201cOmega-3 Total\u201d<\/em> paros doz\u0117je yra 2000 mg Omega-3 riebal\u0173 r\u016bg\u0161\u010di\u0173 (8 ml, apie 1 valgomasis \u0161auk\u0161tas). Tokia doz\u0117 \u2013 2000 mg- rekomenduojama Omega-6 ir Omega-3 santykiui subalansuoti. \u0160i rekomendacija pagr\u012fsta daugiau kaip 3000 riebal\u0173 r\u016bg\u0161\u010di\u0173 lygio kraujyje tyrim\u0173 rezultatais ir daugybe mokslini\u0173 straipsni\u0173, kurie \u012frod\u0117, kad per dien\u0105 reikia suvartoti ne ma\u017eiau kaip 2000 mg Omega-3 riebal\u0173 r\u016bg\u0161\u010di\u0173 Omega-3 tr\u016bkumui kompensuoti.<\/p>\n<p>Experiments on the measurement, analysis and regulation of fatty acids are very well presented in the work of Dr Jochen Henn. The measurement and analysis of fatty acids also allows the effectiveness of different sources of Omega-3 to be tested. <a href=\"https:\/\/norsan.lt\/en\/wissen\/\">Latest Omega-3 research and articles<\/a><\/p>\n<h3>Positive effects of Omega-3 fatty acids EPR and DHA<\/h3>\n<p>* EFSA duomenimis, dienos doz\u0117 \u2013 250 mg DHR.<br \/>\n** EFSA duomenimis, dienos doz\u0117 \u2013 250 mg EPR ir DHR.<br \/>\n<i>To find out more, click <a href=\"https:\/\/norsan.lt\/en\/omega-3-efsa\/\" target=\"_blank\" rel=\"noopener noreferrer\">here<\/a>\u00a0<\/i><\/p>\n<h3 style=\"color: #145da1;\">&gt;<strong>\u201cOmega-3 Total\u201d \u017euv\u0173 tauk\u0173 vartojimas<\/strong><\/h3>\n<h3>Quality and freshness are key<\/h3>\n<p>\u017daliav\u0173 kokyb\u0117 ir \u017euv\u0173 tauk\u0173 atrinkimas suteikia \u201cOmega-3 <a href=\"https:\/\/norsan.lt\/en\/shop\/omega-3-total\/\">Total<\/a>\u201d produktui malon\u0173 ir nat\u016bral\u0173 skon\u012f. Keli la\u0161ai nat\u016bralaus citrin\u0173 aliejaus suteikia ypating\u0105, ta\u010diau \u0161veln\u0173 poskon\u012f (taip pat galima \u012fsigyti be citrin\u0173 aliejaus \u2013 nat\u016bralaus skonio). Taukai yra ypatingai \u0161vie\u017ei, tod\u0117l labai gerai toleruojami. Kokybi\u0161ki ir \u0161vie\u017ei taukai nesukels nemalonaus refliukso ar atsir\u016bgimo. Malonus m\u016bs\u0173 \u017euv\u0173 tauk\u0173 skonis leid\u017eia j\u012f lengvai vartoti skystu pavidalu.<\/p>\n<h3>How to use?<\/h3>\n<p>The recommended daily dose is 8 ml, equivalent to a dessert spoon.<\/p>\n<p>One bottle contains 200 ml. For normal use, one bottle lasts approximately 25 days. Do not exceed the recommended daily intake unless otherwise instructed by your doctor.<\/p>\n<h3>Pure or mixed with drink or food<\/h3>\n<p>The pleasant taste and liquid form make Omega-3 Total easy to take. It can be taken neat or mixed with a drink, sauce or food.<\/p>\n<h3 style=\"color: #145da1;\"><strong>The Omega-3 product that top athletes love<\/strong><\/h3>\n<h3>Daugelis olimpini\u0173 atlet\u0173 ir geriausi sportininkai naudoja \u201cOmega-3 Total\u201d!<\/h3>\n<p><b>Benefits of Omega-3 in goal-oriented sport<br \/>\n<\/b>Research shows that Omega-3 fatty acids, among other things, improve exercise tolerance, aid recovery and improve blood circulation and heart rate.<br \/>\n<strong>Cologne List: information on food supplements<br \/>\n<\/strong> Kelno s\u0105ra\u0161e pateikiama informacija apie maisto papildus nurodant j\u0173 dopingo rizik\u0105. \u0160is s\u0105ra\u0161as buvo sudarytas siekiant pad\u0117ti sportininkams, sporto gydytojams ir treneriams saugiai pasirinkti maisto papildus. M\u016bs\u0173 \u201cOmega-3 <a href=\"https:\/\/norsan.lt\/en\/shop\/omega-3-total\/\">Total<\/a>\u201d taukai buvo i\u0161tirti ir patvirtinti Kelno s\u0105ra\u0161o laboratorijoje, tod\u0117l jie dabar pla\u010diai naudojamas sporte, kuriame pasiekiami auk\u0161ti rezultatai.<br \/>\n<b>\"Omega-3 Total is on the Cologne list<br \/>\n<\/b>\u201cOmega-3 <a href=\"https:\/\/norsan.lt\/en\/shop\/omega-3-total\/\">Total<\/a>\u201d \u017euv\u0173 taukai yra vienas i\u0161 trij\u0173 Omega-3 produkt\u0173, i\u0161testuot\u0173 ir patvirtint\u0173 Kelno s\u0105ra\u0161e (nuo 2017 m. ir analizuot\u0173 per pastaruosius 12 m\u0117nesi\u0173), tod\u0117l olimpiniai ir geriausi sportininkai gali naudoti \u201cOmega-3 Total\u201d be jokios rizikos.<\/p>\n<h3 style=\"color: #145da1;\"><strong>\u201cOmega-3 Total\u201d sud\u0117tis ir maistin\u0117 vert\u0117<\/strong><\/h3>\n<h4>Ingredients<\/h4>\n<p>Natural flavour:Ingredients: wild fish oil (80 %), extra virgin olive oil (19 %), mixed tocopherols and D-alpha-tocopherol (vitamin E), cholecalciferol (vitamin D).<\/p>\n<p>Ingredients: wild fish oil (80 %), extra virgin olive oil (19 %), lemon oil, mixed tocopherols and D-alpha-tocopherol (vitamin E), cholecalciferol (vitamin D).<\/p>\n<h4>Vitamin D<\/h4>\n<p>Paros doz\u0117je (1 desertinis \u0161auk\u0161tas \/ 8 ml) yra 20 \u00b5g vitamino D3 \/ 800 TV. Vitaminas D3, gaunamas i\u0161 avi\u0173 vilnos, \u012fdedamas \u012f \u201cOmega-3 <a href=\"https:\/\/norsan.lt\/en\/shop\/omega-3-total\/\">Total<\/a>\u201d \u017euv\u0173 taukus, nes gryninat \u017euv\u0173 taukus pa\u0161alinamas ir nat\u016braliai juose esantis vitaminas D.<\/p>\n<h4>Storage conditions<\/h4>\n<p>The unopened product should be stored in a cool, dry place, protected from direct sunlight. Precipitation may occur at temperatures below 4 \u00b0C. These precipitates will dissolve after a few minutes at room temperature. It is recommended to shake the bottle briefly before use. Keep away from small children. Once opened, the bottle should be refrigerated and consumed within 45 days. Food supplements are not a substitute for a complete and balanced diet and a healthy lifestyle.<\/p>","protected":false},"excerpt":{"rendered":"<div class=\"priceExtra\"><\/div>\n<p><strong>For your heart, eyesight and brain<\/strong><\/p>\n<p>\u2713 Nat\u016bral\u016bs laukini\u0173 \u017euv\u0173, sugaut\u0173 tvarios \u017evejybos b\u016bdu, taukai<br \/>\n\u2713 2000 mg Omega-3 per par\u0105 (1 desertinis \u0161auk\u0161tas\/8 ml)<br \/>\n\u2713 I\u0161valyta nuo ter\u0161al\u0173, PCB ir sunki\u0173j\u0173 metal\u0173<br \/>\n\u2713 Nat\u016bralus alyvuogi\u0173 aliejus kaip antioksidantas<br \/>\n\u2713 Vitaminas D3 (800 IU)<br \/>\n\u2713 Malonaus skonio: citrinos arba nat\u016bralaus<br \/>\n\u2713 100% nat\u016bralus &#8211; nekoncentruotas <a href=\"https:\/\/norsan.lt\/en\/produkto\/omega-3-total-komplektas\/\">&#8230;Skaityti daugiau<\/a><\/p>","protected":false},"featured_media":569386,"comment_status":"open","ping_status":"closed","template":"","meta":{"_wpo_ez_expert_only":false},"product_brand":[],"product_cat":[115,64],"product_tag":[129],"class_list":{"0":"post-566002","1":"product","2":"type-product","3":"status-publish","4":"has-post-thumbnail","6":"product_cat-omega-3-suaugusiems","7":"product_cat-zuvu-taukai","8":"product_tag-skysti-zuvu-taukai","9":"sales-flash-overlay","10":"woocommerce-text-align-center","11":"woocommerce-image-align-center","12":"do-quantity-buttons","14":"first","15":"instock","16":"shipping-taxable","17":"purchasable","18":"product-type-variable"},"_links":{"self":[{"href":"https:\/\/norsan.lt\/en\/wp-json\/wp\/v2\/product\/566002","targetHints":{"allow":["GET"]}}],"collection":[{"href":"https:\/\/norsan.lt\/en\/wp-json\/wp\/v2\/product"}],"about":[{"href":"https:\/\/norsan.lt\/en\/wp-json\/wp\/v2\/types\/product"}],"replies":[{"embeddable":true,"href":"https:\/\/norsan.lt\/en\/wp-json\/wp\/v2\/comments?post=566002"}],"wp:featuredmedia":[{"embeddable":true,"href":"https:\/\/norsan.lt\/en\/wp-json\/wp\/v2\/media\/569386"}],"wp:attachment":[{"href":"https:\/\/norsan.lt\/en\/wp-json\/wp\/v2\/media?parent=566002"}],"wp:term":[{"taxonomy":"product_brand","embeddable":true,"href":"https:\/\/norsan.lt\/en\/wp-json\/wp\/v2\/product_brand?post=566002"},{"taxonomy":"product_cat","embeddable":true,"href":"https:\/\/norsan.lt\/en\/wp-json\/wp\/v2\/product_cat?post=566002"},{"taxonomy":"product_tag","embeddable":true,"href":"https:\/\/norsan.lt\/en\/wp-json\/wp\/v2\/product_tag?post=566002"}],"curies":[{"name":"wp","href":"https:\/\/api.w.org\/{rel}","templated":true}]}}