{"id":556131,"date":"2023-11-21T16:53:33","date_gmt":"2023-11-21T16:53:33","guid":{"rendered":"https:\/\/norsan.lt\/product\/norsan-riebalu-rugsciu-analizes-testas\/"},"modified":"2026-02-01T12:37:21","modified_gmt":"2026-02-01T10:37:21","slug":"norsan-riebalu-rugsciu-analizes-testas","status":"publish","type":"product","link":"https:\/\/norsan.lt\/en\/produkto\/norsan-riebalu-rugsciu-analizes-testas\/","title":{"rendered":"NORSAN fatty acid analysis test"},"content":{"rendered":"<h3>Product information<\/h3>\n<p>Individualus Omega-3 poreikis gali b\u016bti nustatomas naudojant savikontrolei skirt\u0105 riebal\u0173 r\u016bg\u0161\u010di\u0173 test\u0105. Tai saugus, taupantis J\u016bs\u0173 laik\u0105 ir tikslus testas. Tik keli la\u0161ai kraujo i\u0161 pir\u0161to pad\u0117s nustatyti:<\/p>\n<p><strong>Omega-3 indeks\u0105.<\/strong> Su\u017einosite j\u016brini\u0173 Omega-3 riebal\u0173 r\u016bg\u0161\u010di\u0173 EPR ir DHR santyk\u012f su bendru riebal\u0173 r\u016bg\u0161\u010di\u0173 kiekiu. Rekomenduojama, kad jis b\u016bt\u0173 daugiau nei 8 proc.<\/p>\n<p><strong>Omega-6\/3 santyk\u012f.<\/strong> Su\u017einosite santyk\u012f tarp Omega-6 ir Omega-3 riebal\u0173 r\u016bg\u0161\u010di\u0173, kuris atlieka itin svarb\u0173 vaidmen\u012f skatinant ir slopinant u\u017edegim\u0105. Per didelis Omega-6\/3 santykis (didelis Omega-6 kiekis lyginant su Omega-3) sukelia nepageidautinai auk\u0161t\u0105 u\u017edegimo lyg\u012f organizme.<\/p>\n<p><strong>Transriebal\u0173 kiek\u012f. <\/strong>\u00a0Transriebalai yra riebios med\u017eiagos, kuri\u0173 nat\u016braliai organizme n\u0117ra. Jie pa\u017eeid\u017eia l\u0105steles. Transriebal\u0173 kiekis turi b\u016bti ma\u017eas. Rekomenduojama, kad pramoniniai transriebalai sudaryt\u0173 ma\u017eiau nei 0,50% vis\u0173 riebal\u0173 r\u016bg\u0161\u010di\u0173.<\/p>\n<p>Atlik\u0119 riebal\u0173 r\u016bg\u0161\u010di\u0173 test\u0105, su\u017einosite:<\/p>\n<ul>\n<li>Omega 6\/3 santyk\u012f<\/li>\n<li>Omega-3 indeks\u0105<\/li>\n<li>Transriebal\u0173 dal\u012f<\/li>\n<li>26 riebal\u0173 r\u016bg\u0161\u010di\u0173 kiekius<\/li>\n<\/ul>\n<p>Paprasta tyrimas, kur\u012f galite atlikti namuose. Kraujo tyrim\u0105 bei vertinim\u0105 atlieka nepriklausoma laboratorija Vokietijoje.<\/p>\n<ul>\n<li>I\u0161bandytas ir dokumentuotas analiz\u0117s metodas, pasi\u017eymintis dideliu analiz\u0117s ver\u010di\u0173 tikslumu<\/li>\n<li>Atlieka pirmaujanti nepriklausoma Europos riebal\u0173 r\u016bg\u0161\u010di\u0173 analiz\u0117s specialist\u0173 laboratorija<\/li>\n<li>I\u0161samios i\u0161vados kaip medicinini\u0173 mitybos patarim\u0173 pagrindas<\/li>\n<li>Paprastas kraujo pa\u0117mimas i\u0161 pir\u0161to galiuko<\/li>\n<\/ul>","protected":false},"excerpt":{"rendered":"<div class=\"priceExtra\">\n<h4><\/h4>\n<h4><strong><span style=\"color: #5994b9;\">Sauso kraujo testas riebal\u0173 r\u016bg\u0161\u010di\u0173 kiekiui J\u016bs\u0173 organizme nustatyti<\/span><\/strong><\/h4>\n<\/div>\n<p>Naudodami NORSAN riebal\u0173 r\u016bg\u0161\u010di\u0173 test\u0105 galite nustatyti J\u016bs\u0173 organizme esan\u010di\u0173 riebal\u0173 r\u016bg\u0161\u010di\u0173 kiekius patogiai namuose. Matuojamas Omega-6\/3 santykis, Omega-3 indeksas, transriebal\u0173 kiekis ir 26 riebal\u0173 r\u016bg\u0161tys. J\u016bs\u0173 krauj\u0105 \u012fvertins nepriklausoma laboratorija Vokietijoje.<\/p>\n<p><strong>Nuolaida: Perkant 3 ir daugiau, taikoma 3\u20ac nuolaida kiekvienam vienetui!<\/strong><br \/>\n<i>* The discount will be displayed in your basket<\/i> <a href=\"https:\/\/norsan.lt\/en\/produkto\/norsan-riebalu-rugsciu-analizes-testas\/\">&#8230;Skaityti daugiau<\/a><\/p>","protected":false},"featured_media":5699,"comment_status":"open","ping_status":"closed","template":"","meta":{"_wpo_ez_expert_only":false},"product_brand":[],"product_cat":[105],"product_tag":[],"class_list":{"0":"post-556131","1":"product","2":"type-product","3":"status-publish","4":"has-post-thumbnail","6":"product_cat-omega-3-testas","7":"sales-flash-overlay","8":"woocommerce-text-align-center","9":"woocommerce-image-align-center","10":"do-quantity-buttons","12":"first","13":"instock","14":"downloadable","15":"shipping-taxable","16":"purchasable","17":"product-type-simple"},"_links":{"self":[{"href":"https:\/\/norsan.lt\/en\/wp-json\/wp\/v2\/product\/556131","targetHints":{"allow":["GET"]}}],"collection":[{"href":"https:\/\/norsan.lt\/en\/wp-json\/wp\/v2\/product"}],"about":[{"href":"https:\/\/norsan.lt\/en\/wp-json\/wp\/v2\/types\/product"}],"replies":[{"embeddable":true,"href":"https:\/\/norsan.lt\/en\/wp-json\/wp\/v2\/comments?post=556131"}],"wp:featuredmedia":[{"embeddable":true,"href":"https:\/\/norsan.lt\/en\/wp-json\/wp\/v2\/media\/5699"}],"wp:attachment":[{"href":"https:\/\/norsan.lt\/en\/wp-json\/wp\/v2\/media?parent=556131"}],"wp:term":[{"taxonomy":"product_brand","embeddable":true,"href":"https:\/\/norsan.lt\/en\/wp-json\/wp\/v2\/product_brand?post=556131"},{"taxonomy":"product_cat","embeddable":true,"href":"https:\/\/norsan.lt\/en\/wp-json\/wp\/v2\/product_cat?post=556131"},{"taxonomy":"product_tag","embeddable":true,"href":"https:\/\/norsan.lt\/en\/wp-json\/wp\/v2\/product_tag?post=556131"}],"curies":[{"name":"wp","href":"https:\/\/api.w.org\/{rel}","templated":true}]}}