{"id":552510,"date":"2023-01-23T16:14:32","date_gmt":"2023-01-23T16:14:32","guid":{"rendered":"https:\/\/norsan.lt\/product\/omega-3-arktis-rinkinys-kapsules-aliejus\/"},"modified":"2026-01-26T18:55:16","modified_gmt":"2026-01-26T16:55:16","slug":"omega-3-arktis-rinkinys-kapsules-aliejus","status":"publish","type":"product","link":"https:\/\/norsan.lt\/en\/produkto\/omega-3-arktis-rinkinys-kapsules-aliejus\/","title":{"rendered":"Omega-3 Arktis Kit (capsules + oil)"},"content":{"rendered":"<h1><span style=\"color: #5994b9;\"><b>Omega-3 Arktis Kit (capsules + oil)<\/b><\/span><\/h1>\n<h3>Natural wild cod liver oil<\/h3>\n<p>M\u016bs\u0173 nat\u016bralus menki\u0173 kepen\u0173 aliejus i\u0161 Arkties vandenyno yra sudarytas i\u0161 daugiau nei 50 riebal\u0173 r\u016bg\u0161\u010di\u0173 komplekso. \u0160i nat\u016brali \u017euv\u0173 riebal\u0173 r\u016bg\u0161\u010di\u0173 strukt\u016bra yra i\u0161saugoma ekstraguojant ir gryninant &#8220;Omega-3 Arktis&#8221; aliej\u0173. Nat\u016bralaus nekoncentruoto Omega-3 aliejaus vartojimas turi tok\u012f pat\u012f teigiam\u0105 poveik\u012f kaip ir \u017euvies vartojimas. <a href=\"https:\/\/norsan.lt\/en\/product\/omega-3-arktis-su-vitaminu-d-aliejus\/\">\"Omega-3 Arctic\"<\/a> aliejus, kaip ir visi m\u016bs\u0173 Omega-3 aliejai, yra apdorojamas \u0161velniai, kad b\u016bt\u0173 i\u0161saugotas visas jo \u0161vie\u017eumas ir jis b\u016bt\u0173 gerai pasisavinamas. Nor\u0117dami \u012fsitikinti aliejaus \u0161vie\u017eumu ir kokybe pauostykite ir paragaukite! Produktas neturi tur\u0117ti nemalonaus \u017euvies kvapo ir skonio. Kvapas ir skonis yra labai geri rodikliai vertinant Omega-3 aliejaus \u0161vie\u017eum\u0105 ir kokyb\u0119, kaip ir bet kokio kito maisto.<\/p>\n<h2><span style=\"color: #5994b9;\"><b>Omega-3 Arktis: informacija apie produkt\u0105<\/b><\/span><\/h2>\n<h3>Natural wild cod liver oil<\/h3>\n<p>\u0160alti, turtingi maistini\u0173 med\u017eiag\u0173 Arkties vandenyno vandenys, kuriuose auga ir gyvena menk\u0117s, suteikia joms i\u0161skirtines savybes. Nat\u016bralus &#8220;Omega-3 <a href=\"https:\/\/norsan.lt\/en\/shop\/omega-3-arktis-su-vitaminu-d\/\">Arktis<\/a>&#8221; menki\u0173 kepen\u0173 aliejus gaunamas i\u0161 laukini\u0173 menki\u0173. \u017dvejybos zona yra prie Norvegijos krant\u0173. \u017duvis apdorojama per 2 valandas nuo jos pagavimo, kad b\u016bt\u0173 u\u017etikrintas maksimalus sugaut\u0173 \u017euv\u0173 \u0161vie\u017eumas. \u017dvejybos laivyno laivai kiekvien\u0105 dien\u0105 gr\u012f\u017eta \u012f uost\u0105.<\/p>\n<p>Find out more about <a href=\"https:\/\/norsan.lt\/en\/dorschoel\/\">raw materials and production process<\/a><br \/>\n<span style=\"color: #5994b9;\"><b>Menki\u0173 kepen\u0173 aliejus &#8211; turtingas Omega-3 riebal\u0173 r\u016bg\u0161timis<\/b><\/span><\/p>\n<h3>Gausu Omega-3<\/h3>\n<p>Omega-3 riebal\u0173 r\u016bg\u0161tys (EPR ir DHR) yra polineso\u010diosios riebal\u0173 r\u016bg\u0161tys. Sakoma, kad jos yra nepakei\u010diamos, nes jas galima gauti tik su maistu. Nor\u0117dami su\u017einoti daugiau, spustel\u0117kite <a href=\"https:\/\/norsan.lt\/en\/omega-3-fettsaeuren\/\">here.<\/a><\/p>\n<p>But what makes EPR and DHR so special?<\/p>\n<p><strong>EPR<\/strong>\u00a0contributes to the maintenance of normal triglyceride levels, as well as healthy heart function.<\/p>\n<p><strong>DHR<\/strong>\u00a0contributes to the proper development and functioning of the brain, as well as the maintenance of normal vision.<\/p>\n<p>&#8220;Omega-3 Arktis&#8221; sud\u0117tyje yra abi \u0161ios nepakei\u010diamos Omega-3 riebal\u0173 r\u016bg\u0161tys. Ta\u010diau DHR dalis yra didesn\u0117 nei EPR. Tai lemia \u0161altas Arkties vanduo, kuriame gausu maistini\u0173 med\u017eiag\u0173. DHR kiekis yra ma\u017edaug 1 060 mg viename valgomajame \u0161auk\u0161te arba 720 mg DHR 6 kapsul\u0117se.<\/p>\n<p>Taigi <a href=\"https:\/\/norsan.lt\/en\/product\/omega-3-arktis-su-vitaminu-d-aliejus\/\">\"Omega-3 Arctic\"<\/a> yra idealus aliejus vartoti profilakti\u0161kai ir puikiai tinka visiems, norintiems sveikai maitintis bei palaikyti ger\u0105 smegen\u0173 funkcij\u0105 bei reg\u0117jim\u0105.<\/p>\n<h3 style=\"text-align: left;\">Positive effects of Omega-3 fatty acids EPR and DHA<\/h3>\n<p>* According to EFSA, the daily intake is 250 mg DHA.<br \/>\n** According to EFSA, the daily intake is 250 mg EPR and DHA.<br \/>\n<i>To find out more, click <a href=\"https:\/\/norsan.lt\/en\/omega-3-efsa\/\" target=\"_blank\" rel=\"noopener noreferrer\">here<\/a>\u00a0<\/i><\/p>\n<h2><span style=\"color: #5994b9;\"><b>Omega-3 Arktis vartojimas<\/b><\/span><\/h2>\n<h3>Pleasant taste, does not cause reflux<\/h3>\n<p>Nat\u016bral\u0173 ir malon\u0173 &#8220;Omega-3 Arktis&#8221; skon\u012f lemia nepriekai\u0161tinga \u017ealiav\u0173 kokyb\u0117 ir \u017euvies kilm\u0117s vieta. Keli la\u0161ai nat\u016bralaus citrin\u0173 aliejaus j\u012f daro dar malonesn\u012f vartoti. Kapsul\u0117se yra tas pats &#8220;Omega-3 Arktis&#8221; aliejus, tod\u0117l j\u0173 kokybe neabejokite.<\/p>\n<p><span style=\"color: #808080;\">&#8220;Omega-3 Arktis&#8221; aliej\u0173 lengva vartoti. Galite gerti gryn\u0105 arba \u012fmai\u0161yti \u012f maist\u0105 ar g\u0117rimus.<br \/>\n<\/span><\/p>\n<h2><span style=\"color: #5994b9;\"><b>Composition and storage conditions<\/b><\/span><\/h2>\n<div class=\"marginBottom\">\n<h4>Ingredients<\/h4>\n<p><em>Aliejus:<\/em> nat\u016bralus menki\u0173 kepen\u0173 aliejus (i\u0161 \u0160iaur\u0117s Atlanto vandenyno), <span style=\"font-weight: 400;\">nat\u016bralios kilm\u0117s citrin\u0173 aliejus, Vitaminas E (tokoferoli\u0173 mi\u0161inys ir d-alfa-tokoferolis).<\/span><\/p>\n<p><em>Capsules:<\/em> <span style=\"font-weight: 400;\">laukini\u0173 <\/span><b>menki\u0173<\/b><span style=\"font-weight: 400;\"> taukai (70,8%); \u017eelatina (galvij\u0173); dr\u0117gm\u0119 i\u0161laikanti med\u017eiaga (glicerolis), antioksidantai: rozmarin\u0173 ekstraktai ir tokoferoli\u0173 koncentruotas ekstraktas, vitaminas E (D-alfa-tokoferolis).<\/span><\/p>\n<p><em>Oil.<\/em> The recommended daily dose is 10 ml, which is equivalent to about one tablespoon. Do not exceed the recommended daily dose unless otherwise advised by your doctor.<\/p>\n<p><em>Capsules.<\/em> Rekomenduojama paros doz\u01172 x 3 kapsul\u0117s per dien\u0105 valgio metu arba po jo.<\/p>\n<h4>Storage conditions<\/h4>\n<p>Aliejus. Neatidaryti produktai tur\u0117t\u0173 b\u016bti laikomi v\u0117sioje, sausoje vietoje ir atokiau nuo tiesiogini\u0173 saul\u0117s spinduli\u0173. \u017demesn\u0117je nei 4 \u00b0 C temperat\u016broje gali susidaryti nuos\u0117dos. \u0160ios nuos\u0117dos i\u0161tirpsta kambario temperat\u016broje po keli\u0173 minu\u010di\u0173. Prie\u0161 vartojim\u0105 rekomenduojama buteliuk\u0105 trumpai pakratyti. Saugoti nuo ma\u017e\u0173 vaik\u0173. Atidarius buteliuk\u0105 reikia laikyti \u0161aldytuve ir suvartoti per 45 dienas. Maisto papildai nepakei\u010dia \u012fvairios ir subalansuotos mitybos ar sveikos gyvensenos.<\/p>\n<p>Kapsul\u0117s. Neatidaryti produktai tur\u0117t\u0173 b\u016bti laikomi atokiau nuo tiesiogini\u0173 saul\u0117s spinduli\u0173, stabilioje kambario temperat\u016broje. Saugoti nuo ma\u017e\u0173 vaik\u0173. Nevir\u0161ykite rekomenduojamos paros doz\u0117s. Maisto papildai nepakei\u010dia \u012fvairios ir subalansuotos mitybos ar sveikos gyvensenos.<\/p>\n<\/div>\n<h6>Code ACL13 and GTIN<\/h6>\n<p>Omega-3 Arktis<\/p>","protected":false},"excerpt":{"rendered":"<div class=\"priceExtra\">\n<p>&nbsp;<\/p>\n<h4><\/h4>\n<\/div>\n<p><strong><span style=\"color: #5994b9;\">For your heart, eyesight and brain<\/span><\/strong><\/p>\n<p><span style=\"color: #5994b9;\">\u2713<\/span> 100% nat\u016bralus laukini\u0173 menki\u0173, sugaunam\u0173 Arkties vandenyne tvarios \u017evejybos b\u016bdu, kepen\u0173 aliejus<br \/>\n<span style=\"color: #5994b9;\">\u2713<\/span> 2000 mg Omega-3 (EPR ir DHR) paros doz\u0117je (1 valgomasis \u0161auk\u0161tas aliejaus) arba 1500 mg Omega-3 per par\u0105 (2 x 3 kapsul\u0117s)<br \/>\n<span style=\"color: #5994b9;\">\u2713<\/span> Does not cause reflux<br \/>\n<span style=\"color: #5994b9;\">\u2713<\/span> Cleaned of contaminants, PCBs and heavy metals<\/p>\n<p>This is a great solution for testing which shape you prefer or when family members like different shapes.<\/p>\n<p><strong>Nuolaida: Perkant 3 ir daugiau, taikoma 3\u20ac nuolaida kiekvienam vienetui!<i>*<\/i><\/strong><br \/>\n<i>*<\/i><i>The discount will be displayed in your basket.<\/i> <a href=\"https:\/\/norsan.lt\/en\/produkto\/omega-3-arktis-rinkinys-kapsules-aliejus\/\">&#8230;Skaityti daugiau<\/a><\/p>","protected":false},"featured_media":569401,"comment_status":"open","ping_status":"closed","template":"","meta":{"_wpo_ez_expert_only":false},"product_brand":[],"product_cat":[115,104],"product_tag":[128,121,132,126,127,129],"class_list":{"0":"post-552510","1":"product","2":"type-product","3":"status-publish","4":"has-post-thumbnail","6":"product_cat-omega-3-suaugusiems","7":"product_cat-omega-3-is-menkiu-kepenu","8":"product_tag-kapsules","9":"product_tag-papildai-smegenims","10":"product_tag-omega-3-zuvu-taukai-su-vitaminu-d","11":"product_tag-omega-3-2000mg","12":"product_tag-omega-3-su-polifenoliais","13":"product_tag-skysti-zuvu-taukai","14":"sales-flash-overlay","15":"woocommerce-text-align-center","16":"woocommerce-image-align-center","17":"do-quantity-buttons","19":"first","20":"instock","21":"sale","22":"downloadable","23":"shipping-taxable","24":"purchasable","25":"product-type-simple"},"_links":{"self":[{"href":"https:\/\/norsan.lt\/en\/wp-json\/wp\/v2\/product\/552510","targetHints":{"allow":["GET"]}}],"collection":[{"href":"https:\/\/norsan.lt\/en\/wp-json\/wp\/v2\/product"}],"about":[{"href":"https:\/\/norsan.lt\/en\/wp-json\/wp\/v2\/types\/product"}],"replies":[{"embeddable":true,"href":"https:\/\/norsan.lt\/en\/wp-json\/wp\/v2\/comments?post=552510"}],"wp:featuredmedia":[{"embeddable":true,"href":"https:\/\/norsan.lt\/en\/wp-json\/wp\/v2\/media\/569401"}],"wp:attachment":[{"href":"https:\/\/norsan.lt\/en\/wp-json\/wp\/v2\/media?parent=552510"}],"wp:term":[{"taxonomy":"product_brand","embeddable":true,"href":"https:\/\/norsan.lt\/en\/wp-json\/wp\/v2\/product_brand?post=552510"},{"taxonomy":"product_cat","embeddable":true,"href":"https:\/\/norsan.lt\/en\/wp-json\/wp\/v2\/product_cat?post=552510"},{"taxonomy":"product_tag","embeddable":true,"href":"https:\/\/norsan.lt\/en\/wp-json\/wp\/v2\/product_tag?post=552510"}],"curies":[{"name":"wp","href":"https:\/\/api.w.org\/{rel}","templated":true}]}}