{"id":160471,"date":"2021-01-18T17:27:15","date_gmt":"2021-01-18T17:27:15","guid":{"rendered":"https:\/\/norsan.lt\/product\/ispaniskas-alyvuogiu-aliejus-oro-del-desierto-bio\/"},"modified":"2026-01-30T09:16:09","modified_gmt":"2026-01-30T07:16:09","slug":"ispaniskas-alyvuogiu-aliejus-oro-del-desierto-bio","status":"publish","type":"product","link":"https:\/\/norsan.lt\/en\/produkto\/ispaniskas-alyvuogiu-aliejus-oro-del-desierto-bio\/","title":{"rendered":"Olive oil - ORO DEL DESIERTO BIO, 500 ml."},"content":{"rendered":"<h3>&#8220;Oro del Desierto&#8221; \u2013 geltonas auksas i\u0161 piet\u0173 Ispanijos<\/h3>\n<p>&#8220;Oro del Desierto&#8221; alyvuogi\u0173 aliejus yra \u0161alto spaudimo ekologi\u0161kas alyvuogi\u0173 aliejus. \u0160is alyvuogi\u0173 aliejus peln\u0117 daugyb\u0119 apdovanojim\u0173 u\u017e savo auk\u0161t\u0105 kokyb\u0119 ir yra laikomas vienu geriausi\u0173 alyvuogi\u0173 aliej\u0173 pasaulyje. Aliejus turi kartok\u0105 poskon\u012f d\u0117l didelio polifenoli\u0173 kiekio. Rekomenduojame m\u0117gautis \u0161iuo alyvuogi\u0173 aliejumi pagardinant juo salotas ar kit\u0105 maist\u0105. Kaitinti \u0161\u012f aliej\u0173 b\u016bt\u0173 tiesiog nuod\u0117m\u0117.<\/p>\n<p>\u201eOro del Desierto\u201c gimsta <a href=\"https:\/\/orodeldesierto.com\/en\/empresa\/\">on a family farm in Spain<\/a>. \u010cia Rafaelis ir jo \u0161eima ypating\u0105 d\u0117mes\u012f skiria ekologi\u0161kam \u016bkiui ir tvarumui. Alyvuogi\u0173 girait\u0117s yra nuostabaus gro\u017eio vietov\u0117je, Tabernas (Almer\u00eda) piet\u0173 Ispanijoje, netoli Malagos, kur per metus daugiau nei 3000 valand\u0173 \u0161vie\u010dia saul\u0117.<\/p>\n<p>\u0160is, daugyb\u0119 apdovanojim\u0173 peln\u0119s alyvuogi\u0173 aliejus buvo pasirinktas d\u0117l didelio polifenoli\u0173 kiekio. Jis \u012feina \u012f kai kurias m\u016bs\u0173 Omega-3 produkt\u0173 sud\u0117tis (Total, Vegan ir KIDS aliejus). Mes did\u017eiuojam\u0117s gal\u0117dami j\u012f naudoti kartu su \u017euv\u0173 taukais ir dumbli\u0173 aliejumi.<\/p>\n<p>Alyvuogi\u0173 polifenoliai veikia kaip svarb\u016bs antioksidantai, jie naudojami apsaugoti jautrias Omega-3 riebal\u0173 r\u016bg\u0161tis, patenkan\u010dias \u012f m\u016bs\u0173 organizm\u0105. Polifenoliai apsaugo nuo oksidacijos deguonimi ir u\u017etikrina \u0161vie\u017eum\u0105. Jie taip pat u\u017etikrina, kad Omega-3 riebal\u0173 r\u016bg\u0161tys nepa\u017eeistos patekt\u0173 ten, kur j\u0173 reikia.<\/p>\n<p>Alyvuog\u0117s skinamos Rafaelio alyvuogi\u0173 girait\u0117je ir \u010dia pat, \u0161iame \u016bkyje, ir spaud\u017eiamas aliejus. Alyvuog\u0117s da\u017eniausiai pradedamos spausti ne v\u0117liau kaip per 2 valandas nuo nuskynimo. (max per 4 valandas).<\/p>\n<p>Reguliarus apsilankymas pas Rafael\u012f jo alyvmed\u017ei\u0173 girait\u0117je mums yra savaime suprantamas dalykas. Ne tik tod\u0117l, kad ten labai gra\u017eu, bet ir tod\u0117l, kad\u00a0 asmeniniai, geri santykiai labai prisideda prie auk\u0161tos ir nuolatin\u0117s kokyb\u0117s u\u017etikrinimo.<\/p>\n<h3>Amatas, kur\u012f puosel\u0117ja jau kelios kartos<\/h3>\n<h3>Apdovanojimai<\/h3>\n<p>Vis\u0173 apdovanojim\u0173 s\u0105ra\u0161as b\u016bt\u0173 labai labai ilgas. \u0160tai kod\u0117l juos sutrumpiname iki penki\u0173 svarbiausi\u0173:<\/p>\n<p>FLOSOLEI 2020 \u2013 99\/100 Ta\u0161kai<br \/>\nTop 100 EVOOLEUM 2020 89\/96 Ta\u0161kai<br \/>\nAuksinis medalis &#8211; NYOOC 2020 New York<br \/>\nAuksinis medalis &#8211; Olive Japan 2020 \u2013 Tokyo<br \/>\n&#8220;Best of Spain&#8221; EVO IOOC Var\u017eybos<\/p>\n<p>Jei vis d\u0117lto nor\u0117site pasi\u017ei\u016br\u0117ti ilg\u0105 s\u0105ra\u0161\u0105, j\u012f rasite <a href=\"https:\/\/orodeldesierto.com\/en\/premios\/awards-2020\/\">\u010cia.<\/a><\/p>\n<h1>Oro del Desierto \u2013 geltonas auksas i\u0161 piet\u0173 Ispanijos<\/h1>\n<h3>Apdovanojimai ir kainos:<\/h3>\n<h3>&#8220;Oro del Desierto&#8221; \u2013 geltonas auksas i\u0161 piet\u0173 Ispanijos<\/h3>\n<p>&#8220;Oro del Desierto&#8221; alyvuogi\u0173 aliejus yra \u0161alto spaudimo ekologi\u0161kas alyvuogi\u0173 aliejus. \u0160is alyvuogi\u0173 aliejus peln\u0117 daugyb\u0119 apdovanojim\u0173 u\u017e savo auk\u0161t\u0105 kokyb\u0119 ir yra laikomas vienu geriausi\u0173 alyvuogi\u0173 aliej\u0173 pasaulyje. Aliejus turi kartok\u0105 poskon\u012f d\u0117l didelio polifenoli\u0173 kiekio. Rekomenduojame m\u0117gautis \u0161iuo alyvuogi\u0173 aliejumi pagardinant juo salotas ar kit\u0105 maist\u0105. Kaitinti \u0161\u012f aliej\u0173 b\u016bt\u0173 tiesiog nuod\u0117m\u0117.<\/p>","protected":false},"excerpt":{"rendered":"<div class=\"priceExtra\">(45,60 \u20ac\/1 l)<\/div>\n<p><strong><span style=\"color: #5994b9;\">Ekologi\u0161kas, pirmojo \u0161alto spaudimo alyvuogi\u0173 aliejus<\/span><\/strong><\/p>\n<p><span style=\"color: #5994b9;\">\u2713<\/span> Turtingas polifenoliais<br \/>\n<span style=\"color: #5994b9;\">\u2713<\/span> I\u0161 ekologi\u0161ko \u016bkio<br \/>\n<span style=\"color: #5994b9;\">\u2713<\/span> Pirmojo, \u0161alto spaudimo<br \/>\n<span style=\"color: #5994b9;\">\u2713<\/span> 99 ta\u0161kai i\u0161 100 Flos Olei var\u017eybose<\/p>\n<p><strong><span style=\"color: #ce6632;\">kiekio nuolaida:<\/span> Perkant daugiau nei 3 vienetus, vieneto kaina 19,80 \u20ac <\/strong>*\u00a0<span class=\"priceExtraBottom\">(39,6 \u20ac\/1l)<\/span><br \/>\n<strong>J\u016bs sutaupote 9\u20ac\u00a0<\/strong><br \/>\n<i>* Nuolaid\u0105 pamatysite J\u016bs\u0173 pirkini\u0173 krep\u0161elyje.<\/i><\/p>\n<p>&#8220;Oro del Desierto&#8221; yra ekologi\u0161kas ypa\u010d tyras alyvuogi\u0173 aliejus. Arbequina, Hojiblanca ir Picual alyvuogi\u0173 r\u016b\u0161i\u0173 mi\u0161inyje yra labai daug polifenoli\u0173. Aliejaus skonis fantasti\u0161kas \u2013 su nedideliu pipir\u0173 dvelksmu, koks ir turi b\u016bti geras alyvuogi\u0173 aliejus. <a href=\"https:\/\/norsan.lt\/en\/produkto\/ispaniskas-alyvuogiu-aliejus-oro-del-desierto-bio\/\">&#8230;Skaityti daugiau<\/a><\/p>","protected":false},"featured_media":562517,"comment_status":"closed","ping_status":"closed","template":"","meta":{"_wpo_ez_expert_only":false},"product_brand":[],"product_cat":[103],"product_tag":[139],"class_list":{"0":"post-160471","1":"product","2":"type-product","3":"status-publish","4":"has-post-thumbnail","6":"product_cat-alyvuogiu-aliejus","7":"product_tag-alyvuogiu-aliejus","8":"sales-flash-overlay","9":"woocommerce-text-align-center","10":"woocommerce-image-align-center","11":"do-quantity-buttons","13":"first","14":"instock","15":"shipping-taxable","16":"purchasable","17":"product-type-simple"},"_links":{"self":[{"href":"https:\/\/norsan.lt\/en\/wp-json\/wp\/v2\/product\/160471","targetHints":{"allow":["GET"]}}],"collection":[{"href":"https:\/\/norsan.lt\/en\/wp-json\/wp\/v2\/product"}],"about":[{"href":"https:\/\/norsan.lt\/en\/wp-json\/wp\/v2\/types\/product"}],"replies":[{"embeddable":true,"href":"https:\/\/norsan.lt\/en\/wp-json\/wp\/v2\/comments?post=160471"}],"wp:featuredmedia":[{"embeddable":true,"href":"https:\/\/norsan.lt\/en\/wp-json\/wp\/v2\/media\/562517"}],"wp:attachment":[{"href":"https:\/\/norsan.lt\/en\/wp-json\/wp\/v2\/media?parent=160471"}],"wp:term":[{"taxonomy":"product_brand","embeddable":true,"href":"https:\/\/norsan.lt\/en\/wp-json\/wp\/v2\/product_brand?post=160471"},{"taxonomy":"product_cat","embeddable":true,"href":"https:\/\/norsan.lt\/en\/wp-json\/wp\/v2\/product_cat?post=160471"},{"taxonomy":"product_tag","embeddable":true,"href":"https:\/\/norsan.lt\/en\/wp-json\/wp\/v2\/product_tag?post=160471"}],"curies":[{"name":"wp","href":"https:\/\/api.w.org\/{rel}","templated":true}]}}