{"id":570186,"date":"2026-03-25T12:51:12","date_gmt":"2026-03-25T10:51:12","guid":{"rendered":"https:\/\/norsan.lt\/?page_id=570186"},"modified":"2026-03-25T13:24:37","modified_gmt":"2026-03-25T11:24:37","slug":"laboratoriniai-sertifikatai","status":"publish","type":"page","link":"https:\/\/norsan.lt\/en\/laboratoriniai-sertifikatai\/","title":{"rendered":"Laboratory certificates"},"content":{"rendered":"LABORATORIJOS SERTIFIKATAI<br \/>\nNORSAN Omega-3 produktai yra reguliariai testuojami nepriklausom\u0173 laboratorij\u0173, siekiant u\u017etikrinti auk\u0161\u010diausi\u0105 kokyb\u0119 ir saugum\u0105. Nor\u0117tume suteikti jums galimyb\u0119 per\u017ei\u016br\u0117ti laboratorinius tyrimus ir sertifikatus, patvirtinan\u010dius m\u016bs\u0173 produkt\u0173 grynum\u0105, veiksmingum\u0105 ir kokyb\u0119. \u017demiau rasite \u012fvairias sertifikat\u0173 kopijas ir bandym\u0173 rezultatus.\n\tSUNKI\u0172J\u0172 METAL\u0172 ANALIZ\u0116<br \/>\n\u010cia rasite supaprastint\u0105 m\u016bs\u0173 atliktos sunki\u0173j\u0173 metal\u0173 analiz\u0117s santrauk\u0105 ir originalius sertifikatus. Buvo i\u0161tirti \u012fprasti sunkieji metalai, taip pat jodas ir histaminas.\n\tOriginalus sertifikatas (atsisi\u0173sti, PDF)<br \/>\n<a href=\"https:\/\/norsan.lt\/wp-content\/uploads\/2026\/03\/25036990-001-PB-NORSAN-Omega-3-TOTAL-Zitrone.pdf\">Omega-3 Total aliejus<\/a><br \/>\n<a href=\"https:\/\/norsan.lt\/wp-content\/uploads\/2026\/03\/25036990-002-PB-NORSAN-Omega-3-Kapseln.pdf\">Omega-3 Total capsules<\/a><br \/>\n<a href=\"https:\/\/norsan.lt\/wp-content\/uploads\/2026\/03\/25036990-003-PB-NORSAN-Omega-3-VEGAN.pdf\">Omega-3 Vegan aliejus<\/a><br \/>\n<a href=\"https:\/\/norsan.lt\/wp-content\/uploads\/2026\/03\/25036990-004-PB-NORSAN-Omega-3-VEGAN-Kapseln.pdf\">Omega-3 Vegan capsules<\/a><br \/>\n<a href=\"https:\/\/norsan.lt\/wp-content\/uploads\/2026\/03\/25057383-001-PB-NORSAN-Omega-3_VEGAN_EPA_Schwermetalle.pdf\">Omega-3 Vegan EPA<\/a><br \/>\n<a href=\"https:\/\/norsan.lt\/wp-content\/uploads\/2026\/03\/25036990-005-PB-NORSAN-Omega-3-FISK.pdf\">Omega-3 Fisk aliejus<\/a><br \/>\n<a href=\"https:\/\/norsan.lt\/wp-content\/uploads\/2026\/03\/25036990-009-PB-NORSAN-Omega-3-FISK-Jelly.pdf\">Omega-3 Fisk Jelly pastil\u0117s<\/a><br \/>\n<a href=\"https:\/\/norsan.lt\/wp-content\/uploads\/2026\/03\/25036990-006-PB-NORSAN-Omega-3-ALGA.pdf\">Omega-3 Alga aliejus<\/a><br \/>\n<a href=\"https:\/\/norsan.lt\/wp-content\/uploads\/2026\/03\/25036990-010-PB-NORSAN-Omega-3-ALGA-Jelly.pdf\">Omega-3 Alga Jelly<\/a><br \/>\n<a href=\"https:\/\/norsan.lt\/wp-content\/uploads\/2026\/03\/25036990-007-PB-NORSAN-Omega-3-ARKTIS.pdf\">Omega-3 Arktis aliejus<\/a><br \/>\n<a href=\"https:\/\/norsan.lt\/wp-content\/uploads\/2026\/03\/25036990-008-PB-NORSAN-Omega-3-ARKTIS-Kapseln.pdf\">Omega-3 Arktis capsules<\/a>\n\tSantrauka (atsisi\u0173sti, PDF)<br \/>\n<a href=\"https:\/\/norsan.lt\/wp-content\/uploads\/2026\/03\/Heavy-metal-analysis_NORSAN_Total_2025.pdf\">Omega-3 Total aliejus<\/a><br \/>\n<a href=\"https:\/\/norsan.lt\/wp-content\/uploads\/2026\/03\/Heavy-metal-analysis_NORSAN_Kapseln_2025.pdf\">Omega-3 Total capsules<\/a><br \/>\n<a href=\"https:\/\/norsan.lt\/wp-content\/uploads\/2026\/03\/Heavy-metal-analysis\u00b4_NORSAN_Vegan_2025.pdf\">Omega-3 Vegan aliejus<\/a><br \/>\n<a href=\"https:\/\/norsan.lt\/wp-content\/uploads\/2026\/03\/Heavy-metal-analysis_NORSAN_Vegan-capsules_2025.pdf\">Omega-3 Vegan capsules<\/a><br \/>\n<a href=\"https:\/\/norsan.lt\/wp-content\/uploads\/2026\/03\/Schwermetallzertifikat_NORSAN_Vegan_EPA_2025.pdf\">Omega-3 Vegan EPA<\/a><br \/>\n<a href=\"https:\/\/norsan.lt\/wp-content\/uploads\/2026\/03\/Heavy-metal-analysis_NORSAN_FISK_2025.pdf\">Omega-3 Fisk aliejus<\/a><br \/>\n<a href=\"https:\/\/norsan.lt\/wp-content\/uploads\/2026\/03\/Heavy-metal-analysis_NORSAN_FISK-Jelly_2025.pdf\">Omega-3 Fisk Jelly pastil\u0117s<\/a><br \/>\n<a href=\"https:\/\/norsan.lt\/wp-content\/uploads\/2026\/03\/Heavy-metal-analysis_NORSAN_ALGA_2025.pdf\">Omega-3 Alga aliejus<\/a><br \/>\n<a href=\"https:\/\/norsan.lt\/wp-content\/uploads\/2026\/03\/Heavy-metal-analysis_NORSAN_ALGA-Jelly_2025.pdf\">Omega-3 Alga Jelly<\/a><br \/>\n<a href=\"https:\/\/norsan.lt\/wp-content\/uploads\/2026\/03\/Heavy-metal-analysis_NORSAN_Arktis_2025.pdf\">Omega-3 Arktis aliejus<\/a><br \/>\n<a href=\"https:\/\/norsan.lt\/wp-content\/uploads\/2026\/03\/Heavy-metal-analysis_NORSAN_Arktis-Kapseln_2025.pdf\">Omega-3 Arktis capsules<\/a>\n\tSUD\u0116TIES ANALIZ\u0116<br \/>\nAnalizuojami ne tik m\u016bs\u0173 produktai, bet ir \u017ealiavos. Tai apima, pavyzd\u017eiui, <em><strong>TOTOX (\u0161vie\u017eumo vert\u0119)<\/strong>,<\/em> taip pat <em><strong>EPR ir DHR<\/strong><\/em> kiek\u012f m\u016bs\u0173 \u017euv\u0173 ir dumbli\u0173 aliejuose.\n\tAtsisi\u0173sti (PDF)<br \/>\n<a href=\"https:\/\/norsan.lt\/wp-content\/uploads\/2026\/03\/Rohwaren_Olivenoel_2025-TOTOX.pdf\">Olive oil<\/a><br \/>\n<a href=\"https:\/\/norsan.lt\/wp-content\/uploads\/2026\/03\/Rohwaren_Analyse_Algenoel_VEGAN_EPA_2025.pdf\">Dumbli\u0173 aliejus EPA<\/a><br \/>\n<a href=\"https:\/\/norsan.lt\/wp-content\/uploads\/2026\/03\/Rohwaren_Analyse_Algenoel_VEGAN_EPA_2025-1.pdf\">Algae oil<\/a><br \/>\n<a href=\"https:\/\/norsan.lt\/wp-content\/uploads\/2026\/03\/Rohwaren_Analyse_Algenoel_ALGA_2025-TOTOX.pdf\">Dumbli\u0173 aliejus vaikams<\/a><br \/>\n<a href=\"https:\/\/norsan.lt\/wp-content\/uploads\/2026\/03\/Rohwaren_Analyse_Dorschoel_2025-TOTOX.pdf\">Menki\u0173 kepen\u0173 aliejus<\/a><br \/>\n<a href=\"https:\/\/norsan.lt\/wp-content\/uploads\/2026\/03\/Rohwaren_Analyse_Fischoel_2025-TOTOX.pdf\">Fish oil<\/a>\n<h2>\n\t\t\tTOTOX vert\u0117 ir aliejaus \u0161vie\u017eumas\t<\/h2>\n\tTOTOX vert\u0117 (bendroji oksidacijos vert\u0117), dar vadinama \u201e\u0161vie\u017eumo verte&#8221;, leid\u017eia \u012fvertinti \u017euv\u0173 ir dumbli\u0173 aliej\u0173 oksidacijos laipsn\u012f. Kai aliejus yra veikiamas deguonies, riebal\u0173 r\u016bg\u0161tys oksiduojasi, aliejus sugenda ir \u012fgauna nemalon\u0173 skon\u012f bei kvap\u0105. M\u016bs\u0173 uosl\u0117 ir skonio poj\u016btis yra veiksmingos priemon\u0117s aliejaus \u0161vie\u017eumui \u012fvertinti, be to, yra ir mokslini\u0173 metod\u0173 omega-3 \u0161vie\u017eumui nustatyti. TOTOX vert\u0117 da\u017enai naudojama kaip \u0161vie\u017eumo matas. Nat\u016brali vert\u0117 priklauso nuo \u017ealiavos:<br \/>\n<em>\u2022 menki\u0173 kepen\u0173 aliejaus TOTOX vert\u0117 paprastai yra \u0161iek tiek ma\u017eesn\u0117;<\/em><br \/>\n<em>\u2022 \u017euv\u0173 tauk\u0173 i\u0161 ma\u017e\u0173, riebi\u0173 j\u016brini\u0173 \u017euv\u0173 &#8211; \u0161iek tiek didesn\u0117.<\/em>\nPasak GOED (Pasaulin\u0117s EPS ir DHS Omega-3 organizacijos), TOTOX lygis, ma\u017eesnis nei 26, laikomas kenksmingu sveikatai.<br \/>\n<em><strong>Svarbiausia trumpai: kaip atpa\u017einti Omega-3 produkt\u0173 \u0161vie\u017eum\u0105?<\/strong><\/em>\n<ol>\n<li><strong><em>Malonus skonis ir kvapas<\/em><\/strong><\/li>\n<li><strong><em>TOTOX vert\u0117 ma\u017eesn\u0117 nei 26<\/em><\/strong><\/li>\n<li><strong><em>Laboratorini\u0173 sertifikat\u0173 patvirtinimai<\/em><\/strong><\/li>\n<\/ol>\n<h2>\n\t\t\tNORSAN produkt\u0173 TOTOX vert\u0117\t<\/h2>\n\tGaminant NORSAN Omega-3 aliejus ir kapsules, laikom\u0117s grie\u017et\u0173 grynumo, \u0161vie\u017eumo ir kokyb\u0117s standart\u0173.<br \/>\n1. \u017daliav\u0173 TOTOX vert\u0117s tikrinamos kiekvienoje gamybos partijoje.<br \/>\n2. Parduoti paruo\u0161ti produktai reguliariai testuojami nepriklausomoje laboratorijoje, u\u017etikrinant optimal\u0173 \u0161vie\u017eum\u0105 ir saugum\u0105.\n<p>\u0160i proced\u016bra garantuoja, kad m\u016bs\u0173 Omega-3 aliejai i\u0161laiko auk\u0161\u010diausi\u0105 kokyb\u0119 ir \u0161vie\u017eum\u0105.<\/p>\n<h2>\n\t\t\tM\u016bs\u0173 \u017ealiav\u0173 TOTOX (bendro oksidacijos indekso) vert\u0117s\t<\/h2>\n<figure itemscope itemtype=\"https:\/\/schema.org\/ImageObject\">\n\t\t\t\t<img decoding=\"async\" src=\"https:\/\/norsan.lt\/wp-content\/uploads\/2026\/03\/1920x1080-multi-2-1.png\" alt=\"1920x1080 multi (2)\" height=\"738\" width=\"2126\" title=\"1920x1080 multi (2)\" onerror=\"this.style.display='none'\" loading=\"lazy\" \/>\n\t<\/figure>","protected":false},"excerpt":{"rendered":"<p>LABORATORIJOS SERTIFIKATAI NORSAN Omega-3 produktai yra reguliariai testuojami nepriklausom\u0173 laboratorij\u0173, siekiant u\u017etikrinti auk\u0161\u010diausi\u0105 kokyb\u0119 ir saugum\u0105. Nor\u0117tume suteikti jums galimyb\u0119 per\u017ei\u016br\u0117ti laboratorinius &#8230; <a title=\"Laboratory certificates\" class=\"read-more\" href=\"https:\/\/norsan.lt\/en\/laboratoriniai-sertifikatai\/\" aria-label=\"Read more about Laboratorijos sertifikatai\">Read more<\/a><\/p>","protected":false},"author":1493,"featured_media":0,"parent":0,"menu_order":0,"comment_status":"closed","ping_status":"closed","template":"","meta":{"_wpo_ez_expert_only":false,"footnotes":""},"class_list":["post-570186","page","type-page","status-publish"],"_links":{"self":[{"href":"https:\/\/norsan.lt\/en\/wp-json\/wp\/v2\/pages\/570186","targetHints":{"allow":["GET"]}}],"collection":[{"href":"https:\/\/norsan.lt\/en\/wp-json\/wp\/v2\/pages"}],"about":[{"href":"https:\/\/norsan.lt\/en\/wp-json\/wp\/v2\/types\/page"}],"author":[{"embeddable":true,"href":"https:\/\/norsan.lt\/en\/wp-json\/wp\/v2\/users\/1493"}],"replies":[{"embeddable":true,"href":"https:\/\/norsan.lt\/en\/wp-json\/wp\/v2\/comments?post=570186"}],"version-history":[{"count":3,"href":"https:\/\/norsan.lt\/en\/wp-json\/wp\/v2\/pages\/570186\/revisions"}],"predecessor-version":[{"id":570229,"href":"https:\/\/norsan.lt\/en\/wp-json\/wp\/v2\/pages\/570186\/revisions\/570229"}],"wp:attachment":[{"href":"https:\/\/norsan.lt\/en\/wp-json\/wp\/v2\/media?parent=570186"}],"curies":[{"name":"wp","href":"https:\/\/api.w.org\/{rel}","templated":true}]}}