{"id":556617,"date":"2024-02-29T14:24:09","date_gmt":"2024-02-29T14:24:09","guid":{"rendered":"https:\/\/norsan.lt\/?page_id=556617"},"modified":"2026-01-28T16:17:32","modified_gmt":"2026-01-28T14:17:32","slug":"musu-zaliavos","status":"publish","type":"page","link":"https:\/\/norsan.lt\/en\/musu-zaliavos\/","title":{"rendered":"Our raw materials"},"content":{"rendered":"<div class=\"gb-container gb-container-653aaa55\">\n<div class=\"gb-container gb-container-d2e280ed\">\n\n<div class=\"wp-block-cover header\"><img decoding=\"async\" class=\"wp-block-cover__image-background wp-image-275020\" alt=\"\" src=\"https:\/\/norsan.ch\/wp-content\/uploads\/2021\/10\/omega-6-3-v-4-web.jpg\" data-object-fit=\"cover\"\/><span aria-hidden=\"true\" class=\"wp-block-cover__background has-background-dim-0 has-background-dim\"><\/span><div class=\"wp-block-cover__inner-container is-layout-flow wp-block-cover-is-layout-flow\">\n<h1 class=\"wp-block-heading has-text-align-center has-white-color has-text-color\" id=\"unsere-rohstoffe\"><strong>Our raw materials<\/strong><\/h1>\n\n\n\n<h3 class=\"wp-block-heading has-text-align-center has-white-color has-text-color\" id=\"fischol-algenol-olivenol\">Fish oil - Algae oil - Cod liver oil - Olive oil<\/h3>\n<\/div><\/div>\n\n\n\n<div class=\"wp-block-columns paddingTop has-very-light-gray-background-color has-background is-layout-flex wp-container-core-columns-is-layout-9d6595d7 wp-block-columns-is-layout-flex\">\n<div class=\"wp-block-column is-layout-flow wp-block-column-is-layout-flow\"><div class=\"wp-block-image is-style-rounded\">\n<figure class=\"aligncenter size-thumbnail\"><img decoding=\"async\" src=\"https:\/\/norsan.ch\/wp-content\/uploads\/2021\/10\/NORSAN-Omega3-Natural-fish-oil-vegetable-algae-oil-900x900-1-150x150.jpg\" alt=\"\" class=\"wp-image-275284\"\/><\/figure>\n<\/div>\n\n\n<p class=\"has-text-align-center\">Fish oil<\/p>\n<\/div>\n\n\n\n<div class=\"wp-block-column is-layout-flow wp-block-column-is-layout-flow\"><div class=\"wp-block-image is-style-rounded\">\n<figure class=\"aligncenter size-thumbnail\"><img decoding=\"async\" src=\"https:\/\/norsan.ch\/wp-content\/uploads\/2021\/10\/AdobeStock_203319150-600x600-1-150x150.jpeg\" alt=\"\" class=\"wp-image-275289\"\/><\/figure>\n<\/div>\n\n\n<p class=\"has-text-align-center\"> Algae oil<\/p>\n<\/div>\n\n\n\n<div class=\"wp-block-column is-layout-flow wp-block-column-is-layout-flow\"><div class=\"wp-block-image is-style-rounded\">\n<figure class=\"aligncenter size-thumbnail\"><img decoding=\"async\" src=\"https:\/\/norsan.ch\/wp-content\/uploads\/2021\/10\/norsan-omega3-lofoten-3-150x150.png\" alt=\"\" class=\"wp-image-275292\"\/><\/figure>\n<\/div>\n\n\n<p class=\"has-text-align-center\">Cod liver oil<\/p>\n<\/div>\n\n\n\n<div class=\"wp-block-column is-layout-flow wp-block-column-is-layout-flow\"><div class=\"wp-block-image is-style-rounded\">\n<figure class=\"aligncenter size-thumbnail\"><img decoding=\"async\" src=\"https:\/\/norsan.ch\/wp-content\/uploads\/2021\/10\/Olivenol-schmal-600x400-1-1-e1611261586236-150x150.jpg\" alt=\"\" class=\"wp-image-275154\"\/><\/figure>\n<\/div>\n\n\n<p class=\"has-text-align-center\">Olive oil<\/p>\n<\/div>\n\n\n\n<div class=\"wp-block-column is-layout-flow wp-block-column-is-layout-flow\"><div class=\"wp-block-image\">\n<figure class=\"aligncenter size-thumbnail\"><a href=\"https:\/\/norsan.lt\/en\/sertifikatai\/\"><img decoding=\"async\" src=\"https:\/\/norsan.ch\/wp-content\/uploads\/2021\/10\/fos-logo-150x150.png\" alt=\"\" class=\"wp-image-274939\"\/><\/a><\/figure>\n<\/div>\n\n\n<p class=\"has-text-align-center\">Certificates<\/p>\n<\/div>\n<\/div>\n\n\n\n<div class=\"wp-block-columns is-layout-flex wp-container-core-columns-is-layout-9d6595d7 wp-block-columns-is-layout-flex\">\n<div class=\"wp-block-column is-layout-flow wp-block-column-is-layout-flow\">\n<h3 class=\"wp-block-heading\" id=\"norsan-rohstoffe\">NORSAN raw materials<\/h3>\n\n\n\n<p>A good product needs good raw materials. That's why we use only the best raw materials. Sustainable use of raw materials is of particular importance to us. That's why we rely on sustainable fishing according to the internationally recognised Friend of the Sea certification standard and environmentally friendly algae farming.<br>Raw materials are carefully selected according to the following criteria:<\/p>\n\n\n\n<ul class=\"wp-block-list\">\n<li>High Omega-3 content<\/li>\n\n\n\n<li>Only natural oils, no concentrates<\/li>\n\n\n\n<li>Maximum purity<\/li>\n\n\n\n<li>Fresh, pleasant tasting oils<\/li>\n<\/ul>\n\n\n\n<p><\/p>\n\n\n\n<p>To understand our thoughts on raw materials, you can also read our company <a href=\"https:\/\/norsan.lt\/en\/imones-filosofija\/\">philosophy.<\/a><\/p>\n<\/div>\n<\/div>\n\n<\/div>\n<\/div>","protected":false},"excerpt":{"rendered":"<p>\u017duv\u0173 taukai Dumbli\u0173 aliejus Menki\u0173 aliejus Alyvuogi\u0173 aliejus Sertifikatai NORSAN \u017ealiavos Geram produktui reikia ger\u0173 \u017ealiav\u0173. Tod\u0117l naudojame tik geriausias \u017ealiavas. Mums &#8230; <a title=\"Our raw materials\" class=\"read-more\" href=\"https:\/\/norsan.lt\/en\/musu-zaliavos\/\" aria-label=\"Read more about M\u016bs\u0173 \u017ealiavos\">Read more<\/a><\/p>","protected":false},"author":2,"featured_media":0,"parent":0,"menu_order":0,"comment_status":"closed","ping_status":"closed","template":"","meta":{"_wpo_ez_expert_only":false,"footnotes":""},"class_list":["post-556617","page","type-page","status-publish"],"_links":{"self":[{"href":"https:\/\/norsan.lt\/en\/wp-json\/wp\/v2\/pages\/556617","targetHints":{"allow":["GET"]}}],"collection":[{"href":"https:\/\/norsan.lt\/en\/wp-json\/wp\/v2\/pages"}],"about":[{"href":"https:\/\/norsan.lt\/en\/wp-json\/wp\/v2\/types\/page"}],"author":[{"embeddable":true,"href":"https:\/\/norsan.lt\/en\/wp-json\/wp\/v2\/users\/2"}],"replies":[{"embeddable":true,"href":"https:\/\/norsan.lt\/en\/wp-json\/wp\/v2\/comments?post=556617"}],"version-history":[{"count":9,"href":"https:\/\/norsan.lt\/en\/wp-json\/wp\/v2\/pages\/556617\/revisions"}],"predecessor-version":[{"id":569456,"href":"https:\/\/norsan.lt\/en\/wp-json\/wp\/v2\/pages\/556617\/revisions\/569456"}],"wp:attachment":[{"href":"https:\/\/norsan.lt\/en\/wp-json\/wp\/v2\/media?parent=556617"}],"curies":[{"name":"wp","href":"https:\/\/api.w.org\/{rel}","templated":true}]}}