{"id":556614,"date":"2024-02-29T14:22:11","date_gmt":"2024-02-29T14:22:11","guid":{"rendered":"https:\/\/norsan.lt\/?page_id=556614"},"modified":"2026-01-21T10:27:24","modified_gmt":"2026-01-21T08:27:24","slug":"sertifikatai","status":"publish","type":"page","link":"https:\/\/norsan.lt\/en\/sertifikatai\/","title":{"rendered":"Certificates"},"content":{"rendered":"<h1 class=\"wp-block-heading has-text-align-center has-contrast-3-color has-text-color has-link-color wp-elements-e47d6eacb1c9a375dcfc63444548fbb0\" id=\"zertifizierungen\"><strong>Certificates<br>\n<\/strong><\/h1>\n\n\n\n<figure class=\"wp-block-image size-full\"><img loading=\"lazy\" decoding=\"async\" width=\"128\" height=\"128\" src=\"https:\/\/norsan.lt\/wp-content\/uploads\/2026\/01\/Untitled-256-x-256-px-8.png\" alt=\"\" class=\"wp-image-569245\" srcset=\"https:\/\/norsan.lt\/wp-content\/uploads\/2026\/01\/Untitled-256-x-256-px-8.png 128w, https:\/\/norsan.lt\/wp-content\/uploads\/2026\/01\/Untitled-256-x-256-px-8-12x12.png 12w, https:\/\/norsan.lt\/wp-content\/uploads\/2026\/01\/Untitled-256-x-256-px-8-100x100.png 100w\" sizes=\"auto, (max-width: 128px) 100vw, 128px\" \/><\/figure>\n\n\n\n<p class=\"has-contrast-3-color has-text-color has-link-color wp-elements-6d062acf7c744ac0f018bb0f97324db6\"><strong><a href=\"https:\/\/friendofthesea.org\/norsan-srl\/\">Friend of the Sea (FOS) certificate<\/a><\/strong><\/p>\n\n\n\n<p class=\"has-contrast-3-color has-text-color has-link-color wp-elements-2bb54b97418c1d957077736d2a82fe84\">NORSAN fish oil and cod liver oil are FOS-certified and made from fish that all come from FOS-certified sustainable waters. The Friend of the Sea (FOS) certification confirms that our contribution to the protection of the environment, and in particular the world's oceans, has been validated by a renowned, objective research organisation.<\/p>\n\n\n\n<p class=\"has-contrast-3-color has-text-color has-link-color wp-elements-44dcf01db70d287d3de2240b3283d6e9\">Friend of the Sea is an internationally respected non-profit organisation dedicated to conserving the world's marine habitats. FOS runs major certification projects that verify the sustainability of fisheries and omega-3 fish oil products.<\/p>\n\n\n\n<p class=\"has-contrast-3-color has-text-color has-link-color wp-elements-b1a1eee45b7707218ad713ce62920f7e\">NORSAN shall ensure that the following criteria are met:<\/p>\n\n\n\n<ul class=\"wp-block-list\">\n<li class=\"has-contrast-3-color has-text-color has-link-color wp-elements-71cca4b07a3663e5c5a1ac71ee83d160\">Our products are made from fish stocks that are not overfished.<\/li>\n\n\n\n<li class=\"has-contrast-3-color has-text-color has-link-color wp-elements-904499bc907fcb1f713eacb3ad7f526e\">Preventing by-catch fishing on endangered species<\/li>\n\n\n\n<li class=\"has-contrast-3-color has-text-color has-link-color wp-elements-283965bb794ed0b63ad5d7203507b874\">Reducing fishing practices that impact the ecosystem<\/li>\n\n\n\n<li class=\"has-contrast-3-color has-text-color has-link-color wp-elements-3558fc051b8a621b7c19d0169258afa7\">Energy efficiency<\/li>\n\n\n\n<li class=\"has-contrast-3-color has-text-color has-link-color wp-elements-b629908fba521be98bf45f46177f7730\">Company practices include high standards of social responsibility<\/li>\n<\/ul>\n\n\n\n<figure class=\"wp-block-image size-full\"><img loading=\"lazy\" decoding=\"async\" width=\"128\" height=\"128\" src=\"https:\/\/norsan.lt\/wp-content\/uploads\/2026\/01\/Untitled-256-x-256-px-7.png\" alt=\"\" class=\"wp-image-569244\" srcset=\"https:\/\/norsan.lt\/wp-content\/uploads\/2026\/01\/Untitled-256-x-256-px-7.png 128w, https:\/\/norsan.lt\/wp-content\/uploads\/2026\/01\/Untitled-256-x-256-px-7-12x12.png 12w, https:\/\/norsan.lt\/wp-content\/uploads\/2026\/01\/Untitled-256-x-256-px-7-100x100.png 100w\" sizes=\"auto, (max-width: 128px) 100vw, 128px\" \/><\/figure>\n\n\n\n<p class=\"has-contrast-3-color has-text-color has-link-color has-medium-font-size wp-elements-f888deeeb54955b694432c3ab47f3023\"><strong><a href=\"https:\/\/certifications.nutrasource.ca\/certified-products\/brand?id=SANO\">IFOS certificate<\/a><\/strong><\/p>\n\n\n\n<p class=\"has-contrast-3-color has-text-color has-link-color wp-elements-2bd33e15bd91b127b30b8aa16eeab7ba\">IFOS certification (International Fish Oil Standards Programme) is an independent testing and certification programme for fish oil. IFOS sets the world's highest standards for purity, potency and freshness. Omega-3 supplements are evaluated against 5 criteria. Our NORSAN fish oil fully meets all these criteria. That's why IFOS has given each of our liquid fish oils and capsules the highest rating.<\/p>\n\n\n\n<p class=\"has-contrast-3-color has-text-color has-link-color wp-elements-40884b29f72b2c329c46938a9d01318d\">Laboratory certificates<\/p>\n\n\n\n<p class=\"has-contrast-3-color has-text-color has-link-color wp-elements-369650e060458cdc6a6cad59621f8888\">Our NORSAN Omega-3 fish oil is regularly tested in independent laboratories. Here you will find analyses of raw materials, additives and heavy metals:<br><a href=\"https:\/\/www.norsan.de\/wp-content\/uploads\/2021\/10\/DE_20221110_A4_Zertifikate-Schwermetalluntersuchung_Total_web_extern.pdf\">Omega-3 Total<\/a><br><a href=\"https:\/\/www.norsan.de\/wp-content\/uploads\/2021\/10\/DE_20221110_A4_Zertifikate-Schwermetallunter_Kapseln_web_extern.pdf\">Omega-3 Total capsules<\/a><br><a href=\"https:\/\/www.norsan.de\/wp-content\/uploads\/2021\/10\/DE_20221110_A4_Zertifikate-Schwermetalluntersuchung_Vegan_web_extern.pdf\">Omega-3 Vegan <\/a><br><a href=\"https:\/\/www.norsan.de\/wp-content\/uploads\/2021\/10\/Zertifikate-Schwermetalluntersuchung_Vegan-Kapseln_web_extern.pdf\">Omega-3 Vegan capsules<\/a><br><a href=\"https:\/\/www.norsan.de\/wp-content\/uploads\/2021\/10\/DE_20221110_A4_Zertifikate-Schwermetalluntersuchung_KIDS_web_extern.pdf\">Omega-3 FISK oil<\/a><br><a href=\"https:\/\/www.norsan.de\/wp-content\/uploads\/2021\/10\/DE_20221110_A4_Zert-Schwermetallunters_KIDS-Jelly-45_web_extern.pdf\">Omega-3 FISK Jelly<\/a><br><a href=\"https:\/\/www.norsan.de\/wp-content\/uploads\/2021\/10\/DE_20221110_A4_Zertifikate-Schwermetalluntersuchung_Arktis_web_extern.pdf\">Omega-3 Arktis<\/a><br><a href=\"https:\/\/www.norsan.de\/wp-content\/uploads\/2021\/10\/DE_20221110_A4_Zertifikate-Schwermetall_Arktis-Kapseln_web_ex.pdf\">Omega-3 Arktis capsules<\/a><\/p>\n\n\n\n<figure class=\"wp-block-image\"><img decoding=\"async\" src=\"https:\/\/norsan.lt\/wp-content\/uploads\/2026\/01\/Untitled-256-x-256-px-3.png\" alt=\"\"\/><\/figure>\n\n\n\n<p class=\"has-contrast-3-color has-text-color has-link-color has-medium-font-size wp-elements-7392bda36843cd76edb6247b9b3f76d1\"><strong><a href=\"https:\/\/goedomega3.com\/members\/member\/norsan\">Sertifikuotas GOED narys<\/a><\/strong><\/p>\n\n\n\n<p class=\"has-contrast-3-color has-text-color has-link-color wp-elements-cc8f231acfc6331e8f3eb3733fe6e1fb\">GOED yra tarptautin\u0117 EPR ir DHR Omega-3 organizacija. Jos misija &#8211; didinti EPR ir DHR Omega-3 riebal\u0173 r\u016bg\u0161\u010di\u0173 vartojim\u0105 ir u\u017etikrinti, kad sertifikuoti nariai gamint\u0173 auk\u0161tos kokyb\u0117s ir patikimus produktus. Did\u017eiuojam\u0117s b\u016bdami GOED nariais nuo 2019 m., o m\u016bs\u0173 produktai yra reguliariai tikrinami d\u0117l kokyb\u0117s ir grynumo.<\/p>\n\n\n\n<figure class=\"wp-block-image\"><img decoding=\"async\" src=\"https:\/\/norsan.lt\/wp-content\/uploads\/2026\/01\/Untitled-256-x-256-px-4.png\" alt=\"\"\/><\/figure>\n\n\n\n<p class=\"has-contrast-3-color has-text-color has-link-color has-medium-font-size wp-elements-8c397a34f26a5f56b160d97825aea5f4\"><strong><a href=\"https:\/\/www.koelnerliste.com\/en\/product-database?suche=NORSAN\">K\u00f6lner Liste\u00ae<\/a><\/strong><br><strong><br> <\/strong>\u201eK\u00f6lner Liste\u00ae&#8221; s\u0105ra\u0161e i\u0161vardyti maisto papildai, kurie n\u0117ra dopingo sud\u0117tyje ir nekelia dopingo rizikos. Mes taip pat esame Kelno s\u0105ra\u0161e.<\/p>\n\n\n\n<figure class=\"gb-block-image gb-block-image-8bff6a67\"><img loading=\"lazy\" decoding=\"async\" width=\"128\" height=\"128\" class=\"gb-image gb-image-8bff6a67\" src=\"https:\/\/norsan.lt\/wp-content\/uploads\/2026\/01\/Untitled-256-x-256-px-9.png\" alt=\"\" title=\"Untitled (256 x 256 px) (9)\" srcset=\"https:\/\/norsan.lt\/wp-content\/uploads\/2026\/01\/Untitled-256-x-256-px-9.png 128w, https:\/\/norsan.lt\/wp-content\/uploads\/2026\/01\/Untitled-256-x-256-px-9-12x12.png 12w, https:\/\/norsan.lt\/wp-content\/uploads\/2026\/01\/Untitled-256-x-256-px-9-100x100.png 100w\" sizes=\"auto, (max-width: 128px) 100vw, 128px\" \/><\/figure>\n\n\n\n<p class=\"has-contrast-3-color has-text-color has-link-color has-medium-font-size wp-elements-3f023eddc2b93b886b1e7cbd094506a1\"><strong>\u017daliosios aplinkos sertifikatas<\/strong><br><br>Kiekvienas gamybos procesas ir paslauga daro poveik\u012f aplinkai: naudojama energija, i\u0161tekliai ir vanduo, o kaip nepageidaujami \u0161alutiniai produktai susidaro CO\u2082 ir kitos dujos, taip pat atliekos. \u201eDer Gr\u00fcne Punkt\u201c \u012fvertina aplinkos pusiausvyr\u0105 analizuodama energijos suvartojim\u0105, i\u0161tekli\u0173 naudojim\u0105 ir perdirbimo procesuose susidaran\u010di\u0173 i\u0161metam\u0173j\u0173 ter\u0161al\u0173 kiek\u012f.<\/p>\n\n\n\n<figure class=\"gb-block-image gb-block-image-2eba6d5e\"><img loading=\"lazy\" decoding=\"async\" width=\"128\" height=\"128\" class=\"gb-image gb-image-2eba6d5e\" src=\"https:\/\/norsan.lt\/wp-content\/uploads\/2026\/01\/Untitled-256-x-256-px-10.png\" alt=\"\" title=\"Untitled (256 x 256 px) (10)\" srcset=\"https:\/\/norsan.lt\/wp-content\/uploads\/2026\/01\/Untitled-256-x-256-px-10.png 128w, https:\/\/norsan.lt\/wp-content\/uploads\/2026\/01\/Untitled-256-x-256-px-10-12x12.png 12w, https:\/\/norsan.lt\/wp-content\/uploads\/2026\/01\/Untitled-256-x-256-px-10-100x100.png 100w\" sizes=\"auto, (max-width: 128px) 100vw, 128px\" \/><\/figure>\n\n\n\n<p class=\"has-contrast-3-color has-text-color has-link-color has-medium-font-size wp-elements-e8666cf391367e8ad2266f742000bcc3\"><strong><a href=\"https:\/\/www.taste-institute.com\/en\/awarded-products\/superior-taste-awards\">Puikaus skonio apdovanojimas<\/a><\/strong><br><br>NORSAN aliejai peln\u0117 puiki\u0173 rezultat\u0173 \u201eSuperior Taste Award\u201c apdovanojimuose, kurie yra pripa\u017einti u\u017e i\u0161skirtin\u012f skon\u012f. Tai patvirtina m\u016bs\u0173 atsidavim\u0105 auk\u0161tai kokybei ir puikiems skonio potyriams.<\/p>","protected":false},"excerpt":{"rendered":"<p>Sertifikatai J\u016bros draugo (FOS) sertifikatas NORSAN \u017euv\u0173 taukai ir menki\u0173 taukai turi FOS sertifikat\u0105 ir yra pagaminti i\u0161 \u017euv\u0173, kurios visos atkeliauja &#8230; <a title=\"Certificates\" class=\"read-more\" href=\"https:\/\/norsan.lt\/en\/sertifikatai\/\" aria-label=\"Read more about Sertifikatai\">Read more<\/a><\/p>","protected":false},"author":2,"featured_media":0,"parent":0,"menu_order":0,"comment_status":"closed","ping_status":"closed","template":"","meta":{"_wpo_ez_expert_only":false,"footnotes":""},"class_list":["post-556614","page","type-page","status-publish"],"_links":{"self":[{"href":"https:\/\/norsan.lt\/en\/wp-json\/wp\/v2\/pages\/556614","targetHints":{"allow":["GET"]}}],"collection":[{"href":"https:\/\/norsan.lt\/en\/wp-json\/wp\/v2\/pages"}],"about":[{"href":"https:\/\/norsan.lt\/en\/wp-json\/wp\/v2\/types\/page"}],"author":[{"embeddable":true,"href":"https:\/\/norsan.lt\/en\/wp-json\/wp\/v2\/users\/2"}],"replies":[{"embeddable":true,"href":"https:\/\/norsan.lt\/en\/wp-json\/wp\/v2\/comments?post=556614"}],"version-history":[{"count":15,"href":"https:\/\/norsan.lt\/en\/wp-json\/wp\/v2\/pages\/556614\/revisions"}],"predecessor-version":[{"id":569312,"href":"https:\/\/norsan.lt\/en\/wp-json\/wp\/v2\/pages\/556614\/revisions\/569312"}],"wp:attachment":[{"href":"https:\/\/norsan.lt\/en\/wp-json\/wp\/v2\/media?parent=556614"}],"curies":[{"name":"wp","href":"https:\/\/api.w.org\/{rel}","templated":true}]}}