{"id":556606,"date":"2024-02-29T14:15:33","date_gmt":"2024-02-29T14:15:33","guid":{"rendered":"https:\/\/norsan.lt\/?page_id=556606"},"modified":"2024-06-10T14:09:13","modified_gmt":"2024-06-10T14:09:13","slug":"omega-3-vartojimas","status":"publish","type":"page","link":"https:\/\/norsan.lt\/en\/omega-3-vartojimas\/","title":{"rendered":"Consumption of Omega-3"},"content":{"rendered":"<div class=\"gb-container gb-container-d5a72f06\">\n\n<div class=\"wp-block-group\"><div class=\"wp-block-group__inner-container is-layout-constrained wp-block-group-is-layout-constrained\">\n<div class=\"wp-block-cover is-light\" style=\"min-height:373px;aspect-ratio:unset;\"><span aria-hidden=\"true\" class=\"wp-block-cover__background has-background-dim\"><\/span><img decoding=\"async\" class=\"wp-block-cover__image-background wp-image-276071\" alt=\"\" src=\"https:\/\/norsan.ch\/wp-content\/uploads\/2021\/10\/20180731-header-moodbild-1534x411px-vegan_2-1024x275-1.png\" data-object-fit=\"cover\"\/><div class=\"wp-block-cover__inner-container is-layout-flow wp-block-cover-is-layout-flow\">\n<h1 class=\"wp-block-heading has-white-color has-text-color\" style=\"font-size:45px\"><strong>Consumption of Omega-3<\/strong><\/h1>\n<\/div><\/div>\n\n\n\n<div style=\"height:20px\" aria-hidden=\"true\" class=\"wp-block-spacer\"><\/div>\n\n\n\n<p class=\"has-text-align-center has-very-dark-gray-color has-text-color\">Many people take NORSAN oil neat, measuring the daily dose with a spoon or measuring cup. However, the oil can also be used as a \"regular\" ingredient in the kitchen and added to a variety of dishes. For example, you can easily add the oil to juices, smoothies or sauces, yoghurt, cottage cheese or porridge. Even in soup or main dishes, as long as they are not too hot.<\/p>\n\n\n\n<p class=\"has-text-align-center has-very-dark-gray-color has-text-color\">The possibilities are many and varied - get inspired by our <a href=\"https:\/\/norsan.lt\/en\/receptai\/\" data-type=\"page\" data-id=\"556477\">recipes.<\/a><\/p>\n\n\n\n<p class=\"has-text-align-center has-very-dark-gray-color has-text-color\">Capsules are also a practical alternative, especially for people who travel a lot. <\/p>\n\n\n\n<p class=\"has-text-align-center has-very-dark-gray-color has-text-color\">Find out what you should pay attention to when taking NORSAN Omega-3 fatty acids and how to optimally integrate them into your daily life.<\/p>\n\n\n\n<div class=\"wp-block-columns is-layout-flex wp-container-core-columns-is-layout-9d6595d7 wp-block-columns-is-layout-flex\">\n<div class=\"wp-block-column is-layout-flow wp-block-column-is-layout-flow\" style=\"flex-basis:25%\"><\/div>\n\n\n\n<div class=\"wp-block-column is-layout-flow wp-block-column-is-layout-flow\" style=\"flex-basis:50%\">\n<hr class=\"wp-block-separator has-text-color has-very-dark-gray-color has-css-opacity has-very-dark-gray-background-color has-background is-style-wide\"\/>\n<\/div>\n\n\n\n<div class=\"wp-block-column is-layout-flow wp-block-column-is-layout-flow\" style=\"flex-basis:25%\"><\/div>\n<\/div>\n\n\n\n<div class=\"wp-block-columns is-layout-flex wp-container-core-columns-is-layout-9d6595d7 wp-block-columns-is-layout-flex\">\n<div class=\"wp-block-column is-layout-flow wp-block-column-is-layout-flow\" style=\"flex-basis:33.33%\"><div class=\"wp-block-image\">\n<figure class=\"aligncenter size-full is-resized\"><img decoding=\"async\" src=\"https:\/\/norsan.ch\/wp-content\/uploads\/2021\/10\/Total_Vegan-_Oel-min-1024x1024-1.png\" alt=\"\" class=\"wp-image-276067\" style=\"width:324px;height:324px\"\/><\/figure>\n<\/div><\/div>\n\n\n\n<div class=\"wp-block-column is-layout-flow wp-block-column-is-layout-flow\" style=\"flex-basis:66.66%\"><div class=\"wp-block-image\">\n<figure class=\"aligncenter size-full is-resized\"><img decoding=\"async\" src=\"https:\/\/norsan.ch\/wp-content\/uploads\/2021\/10\/Unterstrich_gelb-min.png\" alt=\"\" class=\"wp-image-276057\" style=\"width:458px;height:63px\"\/><\/figure>\n<\/div>\n\n\n<h2 class=\"wp-block-heading has-text-align-center has-very-dark-gray-color has-text-color\"><strong>1 tablespoon or teaspoon of Omega-3 oil per day<\/strong><\/h2>\n\n\n\n<p class=\"has-text-align-center has-very-dark-gray-color has-text-color\">The total recommended dose is 2000 mg of Omega-3 per day. This is based on scientific studies and more than 30 000 individual fatty acid analyses we have carried out. This is equivalent to approximately 1 tablespoon <a href=\"https:\/\/norsan.lt\/en\/product\/omega-3-total-aliejus\/\" data-type=\"link\" data-id=\"https:\/\/norsan.lt\/product\/omega-3-total-aliejus\/\">\"Omega-3 Total\"<\/a> and <a href=\"https:\/\/norsan.lt\/en\/product-category\/omega-3-is-menkiu-kepenu\/\" data-type=\"link\" data-id=\"https:\/\/norsan.lt\/product-category\/arktis\/\">\"Omega-3 Arctic\"<\/a> or 1 teaspoon <a href=\"https:\/\/norsan.lt\/en\/product-category\/omega-3-is-juros-dumbliu\/\">\"Omega-3 Vegan\"<\/a> per day.<\/p>\n<\/div>\n<\/div>\n\n\n\n<div class=\"wp-block-columns hideOnPc hideOnPad is-layout-flex wp-container-core-columns-is-layout-9d6595d7 wp-block-columns-is-layout-flex\">\n<div class=\"wp-block-column is-layout-flow wp-block-column-is-layout-flow\" style=\"flex-basis:33.33%\"><div class=\"wp-block-image\">\n<figure class=\"aligncenter size-full is-resized\"><img decoding=\"async\" src=\"https:\/\/norsan.ch\/wp-content\/uploads\/2021\/10\/Kalender-2-min-1024x1024-1.png\" alt=\"\" class=\"wp-image-276068\" style=\"width:288px;height:288px\"\/><\/figure>\n<\/div><\/div>\n\n\n\n<div class=\"wp-block-column is-layout-flow wp-block-column-is-layout-flow\" style=\"flex-basis:66.66%\"><div class=\"wp-block-image\">\n<figure class=\"aligncenter size-full is-resized\"><img decoding=\"async\" src=\"https:\/\/norsan.ch\/wp-content\/uploads\/2021\/10\/Unterstrich_gelb-min.png\" alt=\"\" class=\"wp-image-276057\" style=\"width:458px;height:63px\"\/><\/figure>\n<\/div>\n\n\n<h2 class=\"wp-block-heading has-text-align-center has-very-dark-gray-color has-text-color\"><strong>Regular use<\/strong><\/h2>\n\n\n\n<p class=\"has-text-align-center has-very-dark-gray-color has-text-color\">Regular use is the key to success. A daily serving of Omega-3s is the key to achieving therapeutic and preventive effects only with regular use.<\/p>\n<\/div>\n<\/div>\n\n\n\n<div class=\"wp-block-columns is-layout-flex wp-container-core-columns-is-layout-9d6595d7 wp-block-columns-is-layout-flex\">\n<div class=\"wp-block-column is-layout-flow wp-block-column-is-layout-flow\" style=\"flex-basis:33.33%\"><div class=\"wp-block-image\">\n<figure class=\"aligncenter size-large is-resized\"><img decoding=\"async\" src=\"https:\/\/norsan.ch\/wp-content\/uploads\/2021\/11\/Joghurt-min-2048x2048-1-1063x1063.png\" alt=\"\" class=\"wp-image-276076\" style=\"width:314px;height:314px\"\/><\/figure>\n<\/div><\/div>\n\n\n\n<div class=\"wp-block-column is-layout-flow wp-block-column-is-layout-flow\" style=\"flex-basis:66.66%\"><div class=\"wp-block-image\">\n<figure class=\"aligncenter size-full is-resized\"><img decoding=\"async\" src=\"https:\/\/norsan.ch\/wp-content\/uploads\/2021\/10\/Unterstrich_gelb-min.png\" alt=\"\" class=\"wp-image-276057\" style=\"width:458px;height:63px\"\/><\/figure>\n<\/div>\n\n\n<h2 class=\"wp-block-heading has-text-align-center has-very-dark-gray-color has-text-color\"><strong>To be taken with or after meals<\/strong><\/h2>\n\n\n\n<p class=\"has-text-align-center has-very-dark-gray-color has-text-color\">We recommend that you take Omega-3 with food. This is because the fatty acids are better absorbed when taken with food. An empty stomach makes it harder to digest fats, so there is a risk that the body will absorb only a small proportion of the valuable oils. Another important point is that oils should not be heated. Exposure to heat causes the Omega-3 fatty acids to oxidise.<\/p>\n\n\n\n<p class=\"has-text-align-center has-very-dark-gray-color has-text-color\">Whether you take Omega-3 in the morning, at lunch or in the evening, it is important to take it with food.<\/p>\n<\/div>\n<\/div>\n\n\n\n<div class=\"wp-block-group has-background\" style=\"background-color:#f7f7f7\"><div class=\"wp-block-group__inner-container is-layout-flow wp-block-group-is-layout-flow\">\n<div class=\"wp-block-columns is-layout-flex wp-container-core-columns-is-layout-9d6595d7 wp-block-columns-is-layout-flex\">\n<div class=\"wp-block-column is-layout-flow wp-block-column-is-layout-flow\">\n<figure class=\"wp-block-image size-full\"><img decoding=\"async\" src=\"https:\/\/norsan.ch\/wp-content\/uploads\/2021\/10\/Kreislauf_min_grau.gif\" alt=\"\" class=\"wp-image-276061\"\/><\/figure>\n<\/div>\n\n\n\n<div class=\"wp-block-column is-layout-flow wp-block-column-is-layout-flow\">\n<h2 class=\"wp-block-heading has-very-dark-gray-color has-text-color\"><strong>It's so easy to consume Omega-3 oil<\/strong><\/h2>\n\n\n\n<figure class=\"wp-block-table is-style-regular\"><table class=\"has-very-dark-gray-color has-text-color\"><tbody><tr><td class=\"has-text-align-right\" data-align=\"right\">     <img decoding=\"async\" class=\"wp-image-276064\" style=\"width: 69px;\" src=\"https:\/\/norsan.ch\/wp-content\/uploads\/2021\/10\/1-1.png\" alt=\"\"><\/td><td class=\"has-text-align-left\" data-align=\"left\"><br><br>Shake the product before opening.<\/td><\/tr><tr><td class=\"has-text-align-right\" data-align=\"right\"> <img decoding=\"async\" class=\"wp-image-276062\" style=\"width: 71px;\" src=\"https:\/\/norsan.ch\/wp-content\/uploads\/2021\/10\/2.png\" alt=\"\"><\/td><td class=\"has-text-align-left\" data-align=\"left\"><br><br>Take Omega-3 oils with food.<\/td><\/tr><tr><td class=\"has-text-align-right\" data-align=\"right\"> <img decoding=\"async\" class=\"wp-image-276063\" style=\"width: 71px;\" src=\"https:\/\/norsan.ch\/wp-content\/uploads\/2021\/10\/3.png\" alt=\"\"><\/td><td class=\"has-text-align-left\" data-align=\"left\"><br><br>Store opened Omega-3 oil in the fridge.<\/td><\/tr><tr><td class=\"has-text-align-right\" data-align=\"right\"> <img decoding=\"async\" class=\"wp-image-276065\" style=\"width: 73px;\" src=\"https:\/\/norsan.ch\/wp-content\/uploads\/2021\/10\/4-1.png\" alt=\"\"><\/td><td class=\"has-text-align-left\" data-align=\"left\"><br>Repeat steps 1-3 every day and create your own Omega-3 routine.<\/td><\/tr><\/tbody><\/table><\/figure>\n\n\n\n<p><\/p>\n<\/div>\n<\/div>\n<\/div><\/div>\n\n\n\n<div class=\"wp-block-group\"><div class=\"wp-block-group__inner-container is-layout-flow wp-block-group-is-layout-flow\">\n<div class=\"wp-block-columns is-layout-flex wp-container-core-columns-is-layout-9d6595d7 wp-block-columns-is-layout-flex\">\n<div class=\"wp-block-column is-layout-flow wp-block-column-is-layout-flow\"><div class=\"wp-block-image is-resized\">\n<figure class=\"aligncenter size-full\"><img decoding=\"async\" src=\"https:\/\/norsan.ch\/wp-content\/uploads\/2021\/10\/Unterstrich_gelb-min.png\" alt=\"\" class=\"wp-image-276057\"\/><\/figure>\n<\/div>\n\n\n<h2 class=\"wp-block-heading has-very-dark-gray-color has-text-color\">NORSAN Omega-3 oils as part of the daily diet<\/h2>\n\n\n\n<p class=\"has-very-dark-gray-color has-text-color\">If you are deficient in Omega-3s, it is important to replenish your body with Omega-3s so that the Omega-3 index and Omega-6\/3 ratio are at a healthy level. However, if you stop taking these fatty acids again, the values will drop and you will be right back where you started. It is therefore important that we find a way to integrate NORSAN oils into our daily lives and make it part of our regular diet. Watch the video to find out why we consider our Omega-3 oils as food and how the oils can easily become part of your daily life.<\/p>\n<\/div>\n\n\n\n<div class=\"wp-block-column is-layout-flow wp-block-column-is-layout-flow\">\n<figure class=\"wp-block-video\"><video controls src=\"https:\/\/norsan.ch\/wp-content\/uploads\/2023\/12\/CH_NORSAN_2_FINAL_fix_HD_1080px_final.mp4\"><\/video><\/figure>\n<\/div>\n<\/div>\n<\/div><\/div>\n\n\n\n<div class=\"wp-block-columns is-layout-flex wp-container-core-columns-is-layout-9d6595d7 wp-block-columns-is-layout-flex\">\n<div class=\"wp-block-column is-layout-flow wp-block-column-is-layout-flow\"><\/div>\n\n\n\n<div class=\"wp-block-column is-layout-flow wp-block-column-is-layout-flow\">\n<div class=\"wp-block-buttons is-layout-flex wp-block-buttons-is-layout-flex\">\n<div class=\"wp-block-button has-custom-width wp-block-button__width-75\"><a class=\"wp-block-button__link has-white-color has-luminous-vivid-orange-background-color has-text-color has-background wp-element-button\" href=\"https:\/\/norsan.lt\/en\/parduotuve\/\" target=\"_blank\" rel=\"noreferrer noopener\">Into products<\/a><\/div>\n<\/div>\n<\/div>\n\n\n\n<div class=\"wp-block-column is-layout-flow wp-block-column-is-layout-flow\"><\/div>\n<\/div>\n\n\n\n<div class=\"wp-block-group\"><div class=\"wp-block-group__inner-container is-layout-flow wp-block-group-is-layout-flow\">\n<div class=\"wp-block-columns is-layout-flex wp-container-core-columns-is-layout-9d6595d7 wp-block-columns-is-layout-flex\">\n<div class=\"wp-block-column is-layout-flow wp-block-column-is-layout-flow\"><div class=\"wp-block-image\">\n<figure class=\"aligncenter size-full is-resized\"><img decoding=\"async\" src=\"https:\/\/norsan.ch\/wp-content\/uploads\/2021\/10\/Unterstrich_kids.png\" alt=\"\" class=\"wp-image-276070\" style=\"width:495px;height:68px\"\/><\/figure>\n<\/div>\n\n\n<h2 class=\"wp-block-heading has-text-align-center has-very-dark-gray-color has-text-color\"><strong>Recommendation for children<\/strong><\/h2>\n<\/div>\n<\/div>\n<\/div><\/div>\n\n\n\n<div class=\"wp-block-columns is-layout-flex wp-container-core-columns-is-layout-9d6595d7 wp-block-columns-is-layout-flex\">\n<div class=\"wp-block-column is-layout-flow wp-block-column-is-layout-flow\">\n<figure class=\"wp-block-table is-style-stripes\"><table class=\"has-very-dark-gray-color has-text-color\"><thead><tr><th>Age<\/th><th>Dosage<\/th><\/tr><\/thead><tbody><tr><td>9 kg<\/td><td>Every 2 days 2.5 ml per day (approximately 1\/2 teaspoon); contains 257 mg of omega-3 fatty acids per day (or 515 mg per teaspoon)<\/td><\/tr><tr><td>17 kg<\/td><td>2,5 ml\/day (approximately 1\/2 teaspoon); contains 515 mg omega-3 fatty acids<\/td><\/tr><tr><td>35 kg<\/td><td>5 ml\/day (approx. 1 teaspoon); contains 1030 mg omega-3 fatty acids<\/td><\/tr><\/tbody><\/table><\/figure>\n<\/div>\n\n\n\n<div class=\"wp-block-column is-layout-flow wp-block-column-is-layout-flow\">\n<p>For children, we recommend our Omega-3 FISK oil. Depending on the age, we recommend the doses shown in the table.<\/p>\n\n\n\n<p>However, virtually all our products are suitable for children. It is important that the dose is calculated according to age and weight*.<\/p>\n\n\n\n<p>Breastfeeding mothers ensure that they and their baby get the optimal amount of fatty acids by consuming 2000 mg of Omega-3 fatty acids daily.<\/p>\n\n\n\n<p>*NORSAN oil recommendation is based on a 75 kg adult. Therefore, a child weighing 15 kg would need approximately \u2155 of the adult recommendation.<\/p>\n<\/div>\n<\/div>\n\n\n\n<div class=\"wp-block-group has-background\" style=\"background-color:#d8edee\"><div class=\"wp-block-group__inner-container is-layout-flow wp-block-group-is-layout-flow\">\n<div class=\"wp-block-columns is-layout-flex wp-container-core-columns-is-layout-9d6595d7 wp-block-columns-is-layout-flex\">\n<div class=\"wp-block-column is-layout-flow wp-block-column-is-layout-flow\">\n<h2 class=\"wp-block-heading has-text-align-center has-very-dark-gray-color has-text-color\">Useful tips for parents<\/h2>\n\n\n\n<div class=\"wp-block-media-text alignwide has-media-on-the-right is-stacked-on-mobile has-background\" style=\"background-color:#d8edee;grid-template-columns:auto 20%\"><div class=\"wp-block-media-text__content\">\n<h3 class=\"wp-block-heading has-very-dark-gray-color has-text-color\"><strong>Volcano<\/strong><\/h3>\n\n\n\n<figure class=\"wp-block-table\"><table><tbody><tr><td>It can be added to various types of cereal porridge or fruit puree. The taste of FISK oil will not even be noticeable to little ones. Parenting tips - add it secretly.<br><\/td><\/tr><\/tbody><\/table><\/figure>\n<\/div><figure class=\"wp-block-media-text__media\"><img decoding=\"async\" src=\"https:\/\/norsan.ch\/wp-content\/uploads\/2021\/10\/Berrggg.gif\" alt=\"\" class=\"wp-image-276052 size-full\"\/><\/figure><\/div>\n\n\n\n<div style=\"height:50px\" aria-hidden=\"true\" class=\"wp-block-spacer\"><\/div>\n\n\n\n<div class=\"wp-block-media-text alignwide is-stacked-on-mobile has-background\" style=\"background-color:#d8edee;grid-template-columns:20% auto\"><figure class=\"wp-block-media-text__media\"><img decoding=\"async\" src=\"https:\/\/norsan.ch\/wp-content\/uploads\/2021\/10\/Loeffelflugzeug.gif\" alt=\"\" class=\"wp-image-276073 size-full\"\/><\/figure><div class=\"wp-block-media-text__content\">\n<h3 class=\"wp-block-heading has-very-dark-gray-color has-text-color\"><strong>Aeroplane spoon<\/strong><\/h3>\n\n\n\n<figure class=\"wp-block-table\"><table><tbody><tr><td><br>When the spoon turns into an aeroplane and Mum and Dad make funny noises, some children's eyes light up. And when there's lots of fun and games, the plane lands on the tongue. Warning: risk of spillage! Parental skills: authentic flight simulation<br><\/td><\/tr><\/tbody><\/table><\/figure>\n<\/div><\/div>\n\n\n\n<div style=\"height:50px\" aria-hidden=\"true\" class=\"wp-block-spacer\"><\/div>\n\n\n\n<div class=\"wp-block-media-text alignwide has-media-on-the-right is-stacked-on-mobile has-background\" style=\"background-color:#d8edee;grid-template-columns:auto 20%\"><div class=\"wp-block-media-text__content\">\n<h3 class=\"wp-block-heading has-very-dark-gray-color has-text-color\"><strong>The idea of superpowers<\/strong><\/h3>\n\n\n\n<figure class=\"wp-block-table\"><table><tbody><tr><td><br>Children perceive their abilities in terms of faster, higher, further and think that anything that supports these values is great. For example, getting a tablespoon of omega-3 every day makes the football fly a little higher every time. This can be modelled for adults too. Parenting skills: reliable delivery with a little wink.<br><\/td><\/tr><\/tbody><\/table><\/figure>\n<\/div><figure class=\"wp-block-media-text__media\"><img decoding=\"async\" src=\"https:\/\/norsan.ch\/wp-content\/uploads\/2021\/10\/IMG_2025.gif\" alt=\"\" class=\"wp-image-276055 size-full\"\/><\/figure><\/div>\n<\/div>\n<\/div>\n\n\n\n<p><\/p>\n<\/div><\/div>\n<\/div><\/div>\n\n<\/div>","protected":false},"excerpt":{"rendered":"<p>Daugelis \u017emoni\u0173 NORSAN aliej\u0173 vartoja gryn\u0105, paros doz\u0119 matuodami \u0161auk\u0161tu arba matavimo indeliu. Ta\u010diau aliej\u0173 galima naudoti ir kaip &#8220;\u012fprast\u0105&#8221; ingredient\u0105 virtuv\u0117je &#8230; <a title=\"Consumption of Omega-3\" class=\"read-more\" href=\"https:\/\/norsan.lt\/en\/omega-3-vartojimas\/\" aria-label=\"Read more about Omega-3 vartojimas\">Read more<\/a><\/p>","protected":false},"author":2,"featured_media":0,"parent":0,"menu_order":0,"comment_status":"closed","ping_status":"closed","template":"","meta":{"_wpo_ez_expert_only":false,"footnotes":""},"class_list":["post-556606","page","type-page","status-publish"],"_links":{"self":[{"href":"https:\/\/norsan.lt\/en\/wp-json\/wp\/v2\/pages\/556606","targetHints":{"allow":["GET"]}}],"collection":[{"href":"https:\/\/norsan.lt\/en\/wp-json\/wp\/v2\/pages"}],"about":[{"href":"https:\/\/norsan.lt\/en\/wp-json\/wp\/v2\/types\/page"}],"author":[{"embeddable":true,"href":"https:\/\/norsan.lt\/en\/wp-json\/wp\/v2\/users\/2"}],"replies":[{"embeddable":true,"href":"https:\/\/norsan.lt\/en\/wp-json\/wp\/v2\/comments?post=556606"}],"version-history":[{"count":9,"href":"https:\/\/norsan.lt\/en\/wp-json\/wp\/v2\/pages\/556606\/revisions"}],"predecessor-version":[{"id":570230,"href":"https:\/\/norsan.lt\/en\/wp-json\/wp\/v2\/pages\/556606\/revisions\/570230"}],"wp:attachment":[{"href":"https:\/\/norsan.lt\/en\/wp-json\/wp\/v2\/media?parent=556606"}],"curies":[{"name":"wp","href":"https:\/\/api.w.org\/{rel}","templated":true}]}}