{"id":556587,"date":"2024-02-20T15:21:27","date_gmt":"2024-02-20T15:21:27","guid":{"rendered":"https:\/\/norsan.lt\/?page_id=556587"},"modified":"2024-06-13T08:14:37","modified_gmt":"2024-06-13T08:14:37","slug":"renginiai","status":"publish","type":"page","link":"https:\/\/norsan.lt\/en\/renginiai\/","title":{"rendered":"Events"},"content":{"rendered":"<p>One of NORSAN Baltic's aims is to encourage people to take care of their health, educate and inform them about ways and means to do so. <\/p>\n\n\n\n<p>We do this in a variety of ways, including making health information as useful as possible on our website and social media accounts (<a href=\"https:\/\/www.instagram.com\/norsan.lietuva\/\">IG<\/a>, <a href=\"https:\/\/www.facebook.com\/norsan.lt\/\">FB<\/a>, TOK ONLY), participate in conferences and exhibitions, publish articles based on scientific research, and provide personal consultations. We pay particular attention to lectures, either by ourselves or by experts in their field who are willing to share their knowledge and experience. Lectures are free of charge. <\/p>\n\n\n\n<p>You can listen to the lectures online, and we will be happy to come to you if there is a group of 10-15 people who not only want to hear about the benefits of Omega-3s, but also have the opportunity to try NORSAN products, get personal advice, ask questions and get answers.<\/p>\n\n\n\n<p>If you have a group of like-minded people who are passionate about their health, please email us at info@norsan.lt or call +37069988150 to arrange a meeting.<\/p>\n\n\n\n<p><\/p>\n\n\n\n<p><\/p>","protected":false},"excerpt":{"rendered":"<p>Vienas i\u0161 NORSAN Baltic \u012fmon\u0117s tiksl\u0173 &#8211; yra skatinti \u017emones r\u016bpintis savo sveikata, \u0161viesti bei informuoti juos apie b\u016bdus ir priemones kaip &#8230; <a title=\"Events\" class=\"read-more\" href=\"https:\/\/norsan.lt\/en\/renginiai\/\" aria-label=\"Read more about Renginiai\">Read more<\/a><\/p>","protected":false},"author":2,"featured_media":0,"parent":0,"menu_order":0,"comment_status":"closed","ping_status":"closed","template":"","meta":{"_wpo_ez_expert_only":false,"footnotes":""},"class_list":["post-556587","page","type-page","status-publish"],"_links":{"self":[{"href":"https:\/\/norsan.lt\/en\/wp-json\/wp\/v2\/pages\/556587","targetHints":{"allow":["GET"]}}],"collection":[{"href":"https:\/\/norsan.lt\/en\/wp-json\/wp\/v2\/pages"}],"about":[{"href":"https:\/\/norsan.lt\/en\/wp-json\/wp\/v2\/types\/page"}],"author":[{"embeddable":true,"href":"https:\/\/norsan.lt\/en\/wp-json\/wp\/v2\/users\/2"}],"replies":[{"embeddable":true,"href":"https:\/\/norsan.lt\/en\/wp-json\/wp\/v2\/comments?post=556587"}],"version-history":[{"count":8,"href":"https:\/\/norsan.lt\/en\/wp-json\/wp\/v2\/pages\/556587\/revisions"}],"predecessor-version":[{"id":562920,"href":"https:\/\/norsan.lt\/en\/wp-json\/wp\/v2\/pages\/556587\/revisions\/562920"}],"wp:attachment":[{"href":"https:\/\/norsan.lt\/en\/wp-json\/wp\/v2\/media?parent=556587"}],"curies":[{"name":"wp","href":"https:\/\/api.w.org\/{rel}","templated":true}]}}