{"id":556477,"date":"2024-01-19T09:37:41","date_gmt":"2024-01-19T09:37:41","guid":{"rendered":"https:\/\/norsan.lt\/?page_id=556477"},"modified":"2024-06-05T09:44:40","modified_gmt":"2024-06-05T09:44:40","slug":"receptai","status":"publish","type":"page","link":"https:\/\/norsan.lt\/en\/receptai\/","title":{"rendered":"Recipes"},"content":{"rendered":"<div class=\"gb-grid-wrapper gb-grid-wrapper-c6c56ae0 gb-query-loop-wrapper\">\n<div class=\"gb-grid-column gb-grid-column-e72421c1 gb-query-loop-item post-5634 post type-post status-publish format-standard has-post-thumbnail hentry category-receptai\"><div class=\"gb-container gb-container-e72421c1\">\n<figure class=\"gb-block-image gb-block-image-2b13c15a\"><img loading=\"lazy\" decoding=\"async\" width=\"600\" height=\"400\" src=\"https:\/\/norsan.lt\/wp-content\/uploads\/2024\/01\/Gurke-Lachs-Haeppchen-mit-Omega-3_NORSAN.jpg\" class=\"gb-image-2b13c15a\" alt=\"Sveiki receptai, u\u017ekand\u0117l\u0117s su la\u0161i\u0161a\" srcset=\"https:\/\/norsan.lt\/wp-content\/uploads\/2024\/01\/Gurke-Lachs-Haeppchen-mit-Omega-3_NORSAN.jpg 600w, https:\/\/norsan.lt\/wp-content\/uploads\/2024\/01\/Gurke-Lachs-Haeppchen-mit-Omega-3_NORSAN-300x200.jpg 300w, https:\/\/norsan.lt\/wp-content\/uploads\/2024\/01\/Gurke-Lachs-Haeppchen-mit-Omega-3_NORSAN-18x12.jpg 18w, https:\/\/norsan.lt\/wp-content\/uploads\/2024\/01\/Gurke-Lachs-Haeppchen-mit-Omega-3_NORSAN-333x222.jpg 333w, https:\/\/norsan.lt\/wp-content\/uploads\/2024\/01\/Gurke-Lachs-Haeppchen-mit-Omega-3_NORSAN-500x333.jpg 500w\" sizes=\"auto, (max-width: 600px) 100vw, 600px\" \/><\/figure>\n\n<h2 class=\"gb-headline gb-headline-3c72a944 gb-headline-text\"><a href=\"https:\/\/norsan.lt\/en\/agurku-ir-lasisos-uzkandeles-su-omega-3\/\">Cucumber and salmon snacks with Omega-3<\/a><\/h2>\n\n<p class=\"gb-headline gb-headline-ee9af9f5 gb-headline-text\"><time class=\"entry-date published\" datetime=\"2024-01-05T07:56:51+02:00\">2024-01-05<\/time><\/p>\n\n<div class=\"gb-headline gb-headline-23d44286 gb-headline-text\">Stir the lemon juice, mustard, honey and horseradish into the cream cheese.\n\nFinely chop 4 sprigs of fresh dill and add to the cream.\n\nSeason to taste with pepper and a little salt. <a href=\"https:\/\/norsan.lt\/en\/agurku-ir-lasisos-uzkandeles-su-omega-3\/\">&#8230;Skaityti daugiau<\/a><\/div>\n<\/div><\/div>\n\n<div class=\"gb-grid-column gb-grid-column-e72421c1 gb-query-loop-item post-5635 post type-post status-publish format-standard has-post-thumbnail hentry category-receptai tag-kaip-vartoti-omega-3 tag-kaip-vartoti-zuvies-taukus tag-sveiki-kokteiliai tag-vaisiu-kokteilis\"><div class=\"gb-container gb-container-e72421c1\">\n<figure class=\"gb-block-image gb-block-image-2b13c15a\"><img loading=\"lazy\" decoding=\"async\" width=\"600\" height=\"400\" src=\"https:\/\/norsan.lt\/wp-content\/uploads\/2024\/01\/Rezeptvideo_Brombeer-Limetten-Smoothie-mit-Omega-3_NORSAN-1.jpg\" class=\"gb-image-2b13c15a\" alt=\"Sveikas kokteilis, vasari\u0161kas kokteilis, Vaisiu kokteilis\" srcset=\"https:\/\/norsan.lt\/wp-content\/uploads\/2024\/01\/Rezeptvideo_Brombeer-Limetten-Smoothie-mit-Omega-3_NORSAN-1.jpg 600w, https:\/\/norsan.lt\/wp-content\/uploads\/2024\/01\/Rezeptvideo_Brombeer-Limetten-Smoothie-mit-Omega-3_NORSAN-1-300x200.jpg 300w, https:\/\/norsan.lt\/wp-content\/uploads\/2024\/01\/Rezeptvideo_Brombeer-Limetten-Smoothie-mit-Omega-3_NORSAN-1-18x12.jpg 18w, https:\/\/norsan.lt\/wp-content\/uploads\/2024\/01\/Rezeptvideo_Brombeer-Limetten-Smoothie-mit-Omega-3_NORSAN-1-333x222.jpg 333w, https:\/\/norsan.lt\/wp-content\/uploads\/2024\/01\/Rezeptvideo_Brombeer-Limetten-Smoothie-mit-Omega-3_NORSAN-1-500x333.jpg 500w\" sizes=\"auto, (max-width: 600px) 100vw, 600px\" \/><\/figure>\n\n<h2 class=\"gb-headline gb-headline-3c72a944 gb-headline-text\"><a href=\"https:\/\/norsan.lt\/en\/gervuogiu-kokteilis-su-omega-3\/\">Blackberry cocktail with Omega-3<\/a><\/h2>\n\n<p class=\"gb-headline gb-headline-ee9af9f5 gb-headline-text\"><time class=\"entry-date published\" datetime=\"2024-01-05T07:56:51+02:00\">2024-01-05<\/time><\/p>\n\n<div class=\"gb-headline gb-headline-23d44286 gb-headline-text\">Wash the blackberries thoroughly and put them in a blender.\n\nPeel the banana, cut it into coarse slices and add it to the blender as well. Rinse the lime under warm water, cut it in half and squeeze the juice from one of the halves by hand into the blender... <a href=\"https:\/\/norsan.lt\/en\/gervuogiu-kokteilis-su-omega-3\/\">&#8230;Skaityti daugiau<\/a><\/div>\n<\/div><\/div>\n\n<div class=\"gb-grid-column gb-grid-column-e72421c1 gb-query-loop-item post-5638 post type-post status-publish format-standard has-post-thumbnail hentry category-receptai\"><div class=\"gb-container gb-container-e72421c1\">\n<figure class=\"gb-block-image gb-block-image-2b13c15a\"><img loading=\"lazy\" decoding=\"async\" width=\"600\" height=\"400\" src=\"https:\/\/norsan.lt\/wp-content\/uploads\/2024\/01\/Herbstliche-Kuerbis-Pasta-mit-Omega-3.jpg.webp\" class=\"gb-image-2b13c15a\" alt=\"Makaron\u0173 receptas, kaip sveikai maitintis\" srcset=\"https:\/\/norsan.lt\/wp-content\/uploads\/2024\/01\/Herbstliche-Kuerbis-Pasta-mit-Omega-3.jpg.webp 600w, https:\/\/norsan.lt\/wp-content\/uploads\/2024\/01\/Herbstliche-Kuerbis-Pasta-mit-Omega-3.jpg-300x200.webp 300w, https:\/\/norsan.lt\/wp-content\/uploads\/2024\/01\/Herbstliche-Kuerbis-Pasta-mit-Omega-3.jpg-18x12.webp 18w, https:\/\/norsan.lt\/wp-content\/uploads\/2024\/01\/Herbstliche-Kuerbis-Pasta-mit-Omega-3.jpg-333x222.webp 333w, https:\/\/norsan.lt\/wp-content\/uploads\/2024\/01\/Herbstliche-Kuerbis-Pasta-mit-Omega-3.jpg-500x333.webp 500w\" sizes=\"auto, (max-width: 600px) 100vw, 600px\" \/><\/figure>\n\n<h2 class=\"gb-headline gb-headline-3c72a944 gb-headline-text\"><a href=\"https:\/\/norsan.lt\/en\/kurbis-pasta-mit-omega-3\/\">Pumpkin pasta with omega-3<\/a><\/h2>\n\n<p class=\"gb-headline gb-headline-ee9af9f5 gb-headline-text\"><time class=\"entry-date published\" datetime=\"2024-01-05T07:56:51+02:00\">2024-01-05<\/time><\/p>\n\n<div class=\"gb-headline gb-headline-23d44286 gb-headline-text\">Place the whole-wheat pasta in boiling salted water and cook for the time indicated on the packaging.\n\nRemove the seeds from the pumpkin and cut into large pieces. The thin skin of the Hokkaido pumpkin softens quickly during cooking and does not need to be removed.\n\nWash the tomatoes and cut them in half. <a href=\"https:\/\/norsan.lt\/en\/kurbis-pasta-mit-omega-3\/\">&#8230;Skaityti daugiau<\/a><\/div>\n<\/div><\/div>\n\n<div class=\"gb-grid-column gb-grid-column-e72421c1 gb-query-loop-item post-5628 post type-post status-publish format-standard has-post-thumbnail hentry category-receptai\"><div class=\"gb-container gb-container-e72421c1\">\n<figure class=\"gb-block-image gb-block-image-2b13c15a\"><img loading=\"lazy\" decoding=\"async\" width=\"600\" height=\"400\" src=\"https:\/\/norsan.lt\/wp-content\/uploads\/2024\/01\/Gurke-Lachs-Haeppchen-mit-Omega-3_NORSAN-1.jpg\" class=\"gb-image-2b13c15a\" alt=\"\" srcset=\"https:\/\/norsan.lt\/wp-content\/uploads\/2024\/01\/Gurke-Lachs-Haeppchen-mit-Omega-3_NORSAN-1.jpg 600w, https:\/\/norsan.lt\/wp-content\/uploads\/2024\/01\/Gurke-Lachs-Haeppchen-mit-Omega-3_NORSAN-1-300x200.jpg 300w, https:\/\/norsan.lt\/wp-content\/uploads\/2024\/01\/Gurke-Lachs-Haeppchen-mit-Omega-3_NORSAN-1-18x12.jpg 18w, https:\/\/norsan.lt\/wp-content\/uploads\/2024\/01\/Gurke-Lachs-Haeppchen-mit-Omega-3_NORSAN-1-333x222.jpg 333w, https:\/\/norsan.lt\/wp-content\/uploads\/2024\/01\/Gurke-Lachs-Haeppchen-mit-Omega-3_NORSAN-1-500x333.jpg 500w\" sizes=\"auto, (max-width: 600px) 100vw, 600px\" \/><\/figure>\n\n<h2 class=\"gb-headline gb-headline-3c72a944 gb-headline-text\"><a href=\"https:\/\/norsan.lt\/en\/pavasarine-varske-su-omega-3\/\">Spring curd with Omega-3<\/a><\/h2>\n\n<p class=\"gb-headline gb-headline-ee9af9f5 gb-headline-text\"><time class=\"entry-date published\" datetime=\"2024-01-05T07:56:50+02:00\">2024-01-05<\/time><\/p>\n\n<div class=\"gb-headline gb-headline-23d44286 gb-headline-text\">Wash, clean and finely chop the radishes.\n\nWash, drain and finely chop the onions, chives and parsley.\n\nPlace the cottage cheese, radish pieces and herbs in a bowl. <a href=\"https:\/\/norsan.lt\/en\/pavasarine-varske-su-omega-3\/\">&#8230;Skaityti daugiau<\/a><\/div>\n<\/div><\/div>\n\n<div class=\"gb-grid-column gb-grid-column-e72421c1 gb-query-loop-item post-5630 post type-post status-publish format-standard has-post-thumbnail hentry category-receptai\"><div class=\"gb-container gb-container-e72421c1\">\n<figure class=\"gb-block-image gb-block-image-2b13c15a\"><img loading=\"lazy\" decoding=\"async\" width=\"848\" height=\"527\" src=\"https:\/\/norsan.lt\/wp-content\/uploads\/2024\/01\/Sparagu.png\" class=\"gb-image-2b13c15a\" alt=\"\u0160paragai, labai sveika, receptas, skanus\" srcset=\"https:\/\/norsan.lt\/wp-content\/uploads\/2024\/01\/Sparagu.png 848w, https:\/\/norsan.lt\/wp-content\/uploads\/2024\/01\/Sparagu-300x186.png 300w, https:\/\/norsan.lt\/wp-content\/uploads\/2024\/01\/Sparagu-768x477.png 768w, https:\/\/norsan.lt\/wp-content\/uploads\/2024\/01\/Sparagu-18x12.png 18w, https:\/\/norsan.lt\/wp-content\/uploads\/2024\/01\/Sparagu-333x207.png 333w, https:\/\/norsan.lt\/wp-content\/uploads\/2024\/01\/Sparagu-500x311.png 500w\" sizes=\"auto, (max-width: 848px) 100vw, 848px\" \/><\/figure>\n\n<h2 class=\"gb-headline gb-headline-3c72a944 gb-headline-text\"><a href=\"https:\/\/norsan.lt\/en\/egzotisku-sparagu-salotos-su-omega-3\/\">Asparagus salad with Omega-3<\/a><\/h2>\n\n<p class=\"gb-headline gb-headline-ee9af9f5 gb-headline-text\"><time class=\"entry-date published\" datetime=\"2024-01-05T07:56:50+02:00\">2024-01-05<\/time><\/p>\n\n<div class=\"gb-headline gb-headline-23d44286 gb-headline-text\">Wash the asparagus, cut off the lower ends, cut into pieces about 4 cm long and fry with rapeseed oil for 5-8 minutes.\n\nWash the lettuce, radish, mango and avocado.\nClean the radishes and cut them into chunks. <a href=\"https:\/\/norsan.lt\/en\/egzotisku-sparagu-salotos-su-omega-3\/\">&#8230;Skaityti daugiau<\/a><\/div>\n<\/div><\/div>\n\n<div class=\"gb-grid-column gb-grid-column-e72421c1 gb-query-loop-item post-5632 post type-post status-publish format-standard has-post-thumbnail hentry category-receptai\"><div class=\"gb-container gb-container-e72421c1\">\n<figure class=\"gb-block-image gb-block-image-2b13c15a\"><img loading=\"lazy\" decoding=\"async\" width=\"600\" height=\"400\" src=\"https:\/\/norsan.lt\/wp-content\/uploads\/2024\/01\/melonen-pizza-omega-3.jpg\" class=\"gb-image-2b13c15a\" alt=\"Pica, sveika, skanu, arb\u016bzas\" srcset=\"https:\/\/norsan.lt\/wp-content\/uploads\/2024\/01\/melonen-pizza-omega-3.jpg 600w, https:\/\/norsan.lt\/wp-content\/uploads\/2024\/01\/melonen-pizza-omega-3-300x200.jpg 300w, https:\/\/norsan.lt\/wp-content\/uploads\/2024\/01\/melonen-pizza-omega-3-18x12.jpg 18w, https:\/\/norsan.lt\/wp-content\/uploads\/2024\/01\/melonen-pizza-omega-3-333x222.jpg 333w, https:\/\/norsan.lt\/wp-content\/uploads\/2024\/01\/melonen-pizza-omega-3-500x333.jpg 500w\" sizes=\"auto, (max-width: 600px) 100vw, 600px\" \/><\/figure>\n\n<h2 class=\"gb-headline gb-headline-3c72a944 gb-headline-text\"><a href=\"https:\/\/norsan.lt\/en\/arbuzo-pica-su-omega-3\/\">Watermelon pizza with Omega-3<\/a><\/h2>\n\n<p class=\"gb-headline gb-headline-ee9af9f5 gb-headline-text\"><time class=\"entry-date published\" datetime=\"2024-01-05T07:56:50+02:00\">2024-01-05<\/time><\/p>\n\n<div class=\"gb-headline gb-headline-23d44286 gb-headline-text\">Wash the melon and slice it into 2-3 cm thick slices.\n\nWash the blueberries, raspberries and strawberries as well. Remove the stem from the strawberries and cut the flesh into small pieces.\n\nPick the mint leaves off the stems.\n\nPour the yoghurt into a bowl and stir in the liquid honey or agave syrup. <a href=\"https:\/\/norsan.lt\/en\/arbuzo-pica-su-omega-3\/\">&#8230;Skaityti daugiau<\/a><\/div>\n<\/div><\/div>\n\n<div class=\"gb-grid-column gb-grid-column-e72421c1 gb-query-loop-item post-5548 post type-post status-publish format-standard has-post-thumbnail hentry category-receptai\"><div class=\"gb-container gb-container-e72421c1\">\n<figure class=\"gb-block-image gb-block-image-2b13c15a\"><img loading=\"lazy\" decoding=\"async\" width=\"600\" height=\"400\" src=\"https:\/\/norsan.lt\/wp-content\/uploads\/2024\/01\/Gurke-Lachs-Haeppchen-mit-Omega-3_NORSAN-2.jpg\" class=\"gb-image-2b13c15a\" alt=\"Receptas su \u0161paragais, sveiki receptai, sveikas maistas\" srcset=\"https:\/\/norsan.lt\/wp-content\/uploads\/2024\/01\/Gurke-Lachs-Haeppchen-mit-Omega-3_NORSAN-2.jpg 600w, https:\/\/norsan.lt\/wp-content\/uploads\/2024\/01\/Gurke-Lachs-Haeppchen-mit-Omega-3_NORSAN-2-300x200.jpg 300w, https:\/\/norsan.lt\/wp-content\/uploads\/2024\/01\/Gurke-Lachs-Haeppchen-mit-Omega-3_NORSAN-2-18x12.jpg 18w, https:\/\/norsan.lt\/wp-content\/uploads\/2024\/01\/Gurke-Lachs-Haeppchen-mit-Omega-3_NORSAN-2-333x222.jpg 333w, https:\/\/norsan.lt\/wp-content\/uploads\/2024\/01\/Gurke-Lachs-Haeppchen-mit-Omega-3_NORSAN-2-500x333.jpg 500w\" sizes=\"auto, (max-width: 600px) 100vw, 600px\" \/><\/figure>\n\n<h2 class=\"gb-headline gb-headline-3c72a944 gb-headline-text\"><a href=\"https:\/\/norsan.lt\/en\/sparagai-su-lasisa\/\">Asparagus with salmon<\/a><\/h2>\n\n<p class=\"gb-headline gb-headline-ee9af9f5 gb-headline-text\"><time class=\"entry-date published\" datetime=\"2024-01-05T07:56:43+02:00\">2024-01-05<\/time><\/p>\n\n<div class=\"gb-headline gb-headline-23d44286 gb-headline-text\">Cut off only the ends of the asparagus, if it is very woody, peel the ends. Then cook the raw asparagus in a little water for about 12 minutes.\nRinse the salmon, sprinkle with lemon juice and salt. <a href=\"https:\/\/norsan.lt\/en\/sparagai-su-lasisa\/\">&#8230;Skaityti daugiau<\/a><\/div>\n<\/div><\/div>\n<\/div>","protected":false},"excerpt":{"rendered":"","protected":false},"author":2,"featured_media":0,"parent":0,"menu_order":0,"comment_status":"closed","ping_status":"closed","template":"","meta":{"_wpo_ez_expert_only":false,"footnotes":""},"class_list":["post-556477","page","type-page","status-publish"],"_links":{"self":[{"href":"https:\/\/norsan.lt\/en\/wp-json\/wp\/v2\/pages\/556477","targetHints":{"allow":["GET"]}}],"collection":[{"href":"https:\/\/norsan.lt\/en\/wp-json\/wp\/v2\/pages"}],"about":[{"href":"https:\/\/norsan.lt\/en\/wp-json\/wp\/v2\/types\/page"}],"author":[{"embeddable":true,"href":"https:\/\/norsan.lt\/en\/wp-json\/wp\/v2\/users\/2"}],"replies":[{"embeddable":true,"href":"https:\/\/norsan.lt\/en\/wp-json\/wp\/v2\/comments?post=556477"}],"version-history":[{"count":3,"href":"https:\/\/norsan.lt\/en\/wp-json\/wp\/v2\/pages\/556477\/revisions"}],"predecessor-version":[{"id":562602,"href":"https:\/\/norsan.lt\/en\/wp-json\/wp\/v2\/pages\/556477\/revisions\/562602"}],"wp:attachment":[{"href":"https:\/\/norsan.lt\/en\/wp-json\/wp\/v2\/media?parent=556477"}],"curies":[{"name":"wp","href":"https:\/\/api.w.org\/{rel}","templated":true}]}}